{"id":20219,"date":"2024-01-17T20:36:07","date_gmt":"2024-01-17T19:36:07","guid":{"rendered":"https:\/\/industriemaroc.com\/?post_type=product&#038;p=20219"},"modified":"2024-09-20T10:31:26","modified_gmt":"2024-09-20T08:31:26","slug":"manchette-jetable-tyvek-500-tyvek-dupont","status":"publish","type":"product","link":"https:\/\/industriemaroc.com\/en\/product\/manchette-jetable-tyvek-500-tyvek-dupont\/","title":{"rendered":"Manchette jetable Tyvek\u00ae 500 &#8211; DuPont\u2122"},"content":{"rendered":"<ul>\n<li>Manchette DuPont\u2122 Tyvek\u00ae 500 mod\u00e8le PS32LA 50 cm.<\/li>\n<li>Disponible en blanc, taille unique.<\/li>\n<li>Ouverture ajustable en haut du bras, fil bleu pour identification.<\/li>\n<li>Coutures internes cousues.<\/li>\n<li>Renforcer la protection des parties du corps qui sont davantage expos\u00e9es \u00e0 des substances dangereuses.<\/li>\n<li>Traitement antistatique.<\/li>\n<li>Certified according to Regulation (EU) 2016\/425.<\/li>\n<li>V\u00eatement de protection chimique couvrant partiellement le corps.<\/li>\n<li>Cat\u00e9gorie III, Type PB [6-B].<\/li>\n<li>Constitu\u00e9s de poly\u00e9thyl\u00e8ne haute densit\u00e9 obtenu par filage \u00e9clair.<\/li>\n<li>Offrant un \u00e9quilibre id\u00e9al entre protection, durabilit\u00e9 et confort.<\/li>\n<li>Tyvek\u00ae est perm\u00e9able \u00e0 la fois \u00e0 l\u2019air et \u00e0 la vapeur d\u2019eau.<\/li>\n<li>Repoussant les a\u00e9rosols et les liquides aqueux.<\/li>\n<li>Offre une excellente barri\u00e8re contre les fibres et particules fines (jusqu\u2019\u00e0 1 micron).<\/li>\n<li>Relargage particulaire extr\u00eamement faible et est trait\u00e9 antistatique.<\/li>\n<li>Aucun ajout de silicone.<\/li>\n<li>Ses applications comprennent :<\/li>\n<li>Manipulation de produits chimiques.<\/li>\n<li>Protection chimique.<\/li>\n<li>D\u00e9contamination et l\u2019\u00e9limination du plomb et de l\u2019amiante.<\/li>\n<li>Op\u00e9rations industrielles g\u00e9n\u00e9rales et d\u2019entretien.<\/li>\n<li>Pulv\u00e9risation de peinture.<\/li>\n<li>Op\u00e9rations g\u00e9n\u00e9rales de nettoyage.<\/li>\n<\/ul>","protected":false},"excerpt":{"rendered":"<ul>\n<li>Manchette DuPont\u2122 Tyvek\u00ae 500 mod\u00e8le PS32LA 50 cm.<\/li>\n<li>Disponible en blanc, taille unique.<\/li>\n<li>Ouverture ajustable en haut du bras, fil bleu pour identification.<\/li>\n<\/ul>","protected":false},"featured_media":20220,"comment_status":"open","ping_status":"closed","template":"","meta":{"om_disable_all_campaigns":false,"_monsterinsights_skip_tracking":false,"_monsterinsights_sitenote_active":false,"_monsterinsights_sitenote_note":"","_monsterinsights_sitenote_category":0,"_uf_show_specific_survey":0,"_uf_disable_surveys":false,"_joinchat":[]},"product_brand":[],"product_cat":[678,1195,670],"product_tag":[],"class_list":{"0":"post-20219","1":"product","2":"type-product","3":"status-publish","4":"has-post-thumbnail","6":"product_cat-equipements-de-protection-individuelle-epi","7":"product_cat-tyvek-dupont-epi-maroc","8":"product_cat-securite-sante","10":"first","11":"instock","12":"taxable","13":"shipping-taxable","14":"product-type-simple"},"yoast_head":"<!-- This site is optimized with the Yoast SEO plugin v27.4 - https:\/\/yoast.com\/product\/yoast-seo-wordpress\/ -->\n<title>Manchette jetable Tyvek\u00ae 500 - DuPont\u2122 - Industrie Maroc Online<\/title>\n<meta name=\"description\" content=\"Manchette DuPont\u2122 Tyvek\u00ae 500 mod\u00e8le PS32LA 50 cm.  Disponible en blanc, taille unique.  Ouverture ajustable en haut du bras, fil bleu pour identification.\" \/>\n<meta name=\"robots\" content=\"index, follow, max-snippet:-1, max-image-preview:large, max-video-preview:-1\" \/>\n<link rel=\"canonical\" href=\"https:\/\/industriemaroc.com\/en\/product\/manchette-jetable-tyvek-500-tyvek-dupont\/\" \/>\n<meta property=\"og:locale\" content=\"en_US\" \/>\n<meta property=\"og:type\" content=\"article\" \/>\n<meta property=\"og:title\" content=\"Manchette jetable Tyvek\u00ae 500 - DuPont\u2122 - Industrie Maroc Online\" \/>\n<meta property=\"og:description\" content=\"Manchette DuPont\u2122 Tyvek\u00ae 500 mod\u00e8le PS32LA 50 cm.  Disponible en blanc, taille unique.  Ouverture ajustable en haut du bras, fil bleu pour identification.\" \/>\n<meta property=\"og:url\" content=\"https:\/\/industriemaroc.com\/en\/product\/manchette-jetable-tyvek-500-tyvek-dupont\/\" \/>\n<meta property=\"og:site_name\" content=\"Industrie Maroc Online\" \/>\n<meta property=\"article:modified_time\" content=\"2024-09-20T08:31:26+00:00\" \/>\n<meta property=\"og:image\" content=\"https:\/\/industriemaroc.com\/wp-content\/uploads\/2024\/01\/1N-23.jpg\" \/>\n\t<meta property=\"og:image:width\" content=\"700\" \/>\n\t<meta property=\"og:image:height\" content=\"700\" \/>\n\t<meta property=\"og:image:type\" content=\"image\/jpeg\" \/>\n<meta name=\"twitter:card\" content=\"summary_large_image\" \/>\n<meta name=\"twitter:label1\" content=\"Est. reading time\" \/>\n\t<meta name=\"twitter:data1\" content=\"1 minute\" \/>\n<script type=\"application\/ld+json\" class=\"yoast-schema-graph\">{\"@context\":\"https:\\\/\\\/schema.org\",\"@graph\":[{\"@type\":\"WebPage\",\"@id\":\"https:\\\/\\\/industriemaroc.com\\\/produit\\\/manchette-jetable-tyvek-500-tyvek-dupont\\\/\",\"url\":\"https:\\\/\\\/industriemaroc.com\\\/produit\\\/manchette-jetable-tyvek-500-tyvek-dupont\\\/\",\"name\":\"Manchette jetable Tyvek\u00ae 500 - DuPont\u2122 - Industrie Maroc Online\",\"isPartOf\":{\"@id\":\"https:\\\/\\\/industriemaroc.com\\\/#website\"},\"primaryImageOfPage\":{\"@id\":\"https:\\\/\\\/industriemaroc.com\\\/produit\\\/manchette-jetable-tyvek-500-tyvek-dupont\\\/#primaryimage\"},\"image\":{\"@id\":\"https:\\\/\\\/industriemaroc.com\\\/produit\\\/manchette-jetable-tyvek-500-tyvek-dupont\\\/#primaryimage\"},\"thumbnailUrl\":\"https:\\\/\\\/industriemaroc.com\\\/wp-content\\\/uploads\\\/2024\\\/01\\\/1N-23.jpg\",\"datePublished\":\"2024-01-17T19:36:07+00:00\",\"dateModified\":\"2024-09-20T08:31:26+00:00\",\"description\":\"Manchette DuPont\u2122 Tyvek\u00ae 500 mod\u00e8le PS32LA 50 cm. Disponible en blanc, taille unique. Ouverture ajustable en haut du bras, fil bleu pour identification.\",\"breadcrumb\":{\"@id\":\"https:\\\/\\\/industriemaroc.com\\\/produit\\\/manchette-jetable-tyvek-500-tyvek-dupont\\\/#breadcrumb\"},\"inLanguage\":\"en-US\",\"potentialAction\":[{\"@type\":\"ReadAction\",\"target\":[\"https:\\\/\\\/industriemaroc.com\\\/produit\\\/manchette-jetable-tyvek-500-tyvek-dupont\\\/\"]}]},{\"@type\":\"ImageObject\",\"inLanguage\":\"en-US\",\"@id\":\"https:\\\/\\\/industriemaroc.com\\\/produit\\\/manchette-jetable-tyvek-500-tyvek-dupont\\\/#primaryimage\",\"url\":\"https:\\\/\\\/industriemaroc.com\\\/wp-content\\\/uploads\\\/2024\\\/01\\\/1N-23.jpg\",\"contentUrl\":\"https:\\\/\\\/industriemaroc.com\\\/wp-content\\\/uploads\\\/2024\\\/01\\\/1N-23.jpg\",\"width\":700,\"height\":700},{\"@type\":\"BreadcrumbList\",\"@id\":\"https:\\\/\\\/industriemaroc.com\\\/produit\\\/manchette-jetable-tyvek-500-tyvek-dupont\\\/#breadcrumb\",\"itemListElement\":[{\"@type\":\"ListItem\",\"position\":1,\"name\":\"Home\",\"item\":\"https:\\\/\\\/industriemaroc.com\\\/\"},{\"@type\":\"ListItem\",\"position\":2,\"name\":\"Shop\",\"item\":\"https:\\\/\\\/industriemaroc.com\\\/shop\\\/\"},{\"@type\":\"ListItem\",\"position\":3,\"name\":\"Manchette jetable Tyvek\u00ae 500 &#8211; DuPont\u2122\"}]},{\"@type\":\"WebSite\",\"@id\":\"https:\\\/\\\/industriemaroc.com\\\/#website\",\"url\":\"https:\\\/\\\/industriemaroc.com\\\/\",\"name\":\"Industrie Maroc Online\",\"description\":\"Plateforme B2B de mat\u00e9riel professionnel au Maroc\",\"publisher\":{\"@id\":\"https:\\\/\\\/industriemaroc.com\\\/#organization\"},\"potentialAction\":[{\"@type\":\"SearchAction\",\"target\":{\"@type\":\"EntryPoint\",\"urlTemplate\":\"https:\\\/\\\/industriemaroc.com\\\/?s={search_term_string}\"},\"query-input\":{\"@type\":\"PropertyValueSpecification\",\"valueRequired\":true,\"valueName\":\"search_term_string\"}}],\"inLanguage\":\"en-US\"},{\"@type\":\"Organization\",\"@id\":\"https:\\\/\\\/industriemaroc.com\\\/#organization\",\"name\":\"industriemaroc.com\",\"url\":\"https:\\\/\\\/industriemaroc.com\\\/\",\"logo\":{\"@type\":\"ImageObject\",\"inLanguage\":\"en-US\",\"@id\":\"https:\\\/\\\/industriemaroc.com\\\/#\\\/schema\\\/logo\\\/image\\\/\",\"url\":\"https:\\\/\\\/industriemaroc.com\\\/wp-content\\\/uploads\\\/2024\\\/04\\\/IM.jpg\",\"contentUrl\":\"https:\\\/\\\/industriemaroc.com\\\/wp-content\\\/uploads\\\/2024\\\/04\\\/IM.jpg\",\"width\":2500,\"height\":2500,\"caption\":\"industriemaroc.com\"},\"image\":{\"@id\":\"https:\\\/\\\/industriemaroc.com\\\/#\\\/schema\\\/logo\\\/image\\\/\"}}]}<\/script>\n<!-- \/ Yoast SEO plugin. -->","yoast_head_json":{"title":"Manchette jetable Tyvek\u00ae 500 - DuPont\u2122 - Industrie Maroc Online","description":"Manchette DuPont\u2122 Tyvek\u00ae 500 mod\u00e8le PS32LA 50 cm.  Disponible en blanc, taille unique.  Ouverture ajustable en haut du bras, fil bleu pour identification.","robots":{"index":"index","follow":"follow","max-snippet":"max-snippet:-1","max-image-preview":"max-image-preview:large","max-video-preview":"max-video-preview:-1"},"canonical":"https:\/\/industriemaroc.com\/en\/product\/manchette-jetable-tyvek-500-tyvek-dupont\/","og_locale":"en_US","og_type":"article","og_title":"Manchette jetable Tyvek\u00ae 500 - DuPont\u2122 - Industrie Maroc Online","og_description":"Manchette DuPont\u2122 Tyvek\u00ae 500 mod\u00e8le PS32LA 50 cm.  Disponible en blanc, taille unique.  Ouverture ajustable en haut du bras, fil bleu pour identification.","og_url":"https:\/\/industriemaroc.com\/en\/product\/manchette-jetable-tyvek-500-tyvek-dupont\/","og_site_name":"Industrie Maroc Online","article_modified_time":"2024-09-20T08:31:26+00:00","og_image":[{"width":700,"height":700,"url":"https:\/\/industriemaroc.com\/wp-content\/uploads\/2024\/01\/1N-23.jpg","type":"image\/jpeg"}],"twitter_card":"summary_large_image","twitter_misc":{"Est. reading time":"1 minute"},"schema":{"@context":"https:\/\/schema.org","@graph":[{"@type":"WebPage","@id":"https:\/\/industriemaroc.com\/produit\/manchette-jetable-tyvek-500-tyvek-dupont\/","url":"https:\/\/industriemaroc.com\/produit\/manchette-jetable-tyvek-500-tyvek-dupont\/","name":"Manchette jetable Tyvek\u00ae 500 - DuPont\u2122 - Industrie Maroc Online","isPartOf":{"@id":"https:\/\/industriemaroc.com\/#website"},"primaryImageOfPage":{"@id":"https:\/\/industriemaroc.com\/produit\/manchette-jetable-tyvek-500-tyvek-dupont\/#primaryimage"},"image":{"@id":"https:\/\/industriemaroc.com\/produit\/manchette-jetable-tyvek-500-tyvek-dupont\/#primaryimage"},"thumbnailUrl":"https:\/\/industriemaroc.com\/wp-content\/uploads\/2024\/01\/1N-23.jpg","datePublished":"2024-01-17T19:36:07+00:00","dateModified":"2024-09-20T08:31:26+00:00","description":"Manchette DuPont\u2122 Tyvek\u00ae 500 mod\u00e8le PS32LA 50 cm. Disponible en blanc, taille unique. Ouverture ajustable en haut du bras, fil bleu pour identification.","breadcrumb":{"@id":"https:\/\/industriemaroc.com\/produit\/manchette-jetable-tyvek-500-tyvek-dupont\/#breadcrumb"},"inLanguage":"en-US","potentialAction":[{"@type":"ReadAction","target":["https:\/\/industriemaroc.com\/produit\/manchette-jetable-tyvek-500-tyvek-dupont\/"]}]},{"@type":"ImageObject","inLanguage":"en-US","@id":"https:\/\/industriemaroc.com\/produit\/manchette-jetable-tyvek-500-tyvek-dupont\/#primaryimage","url":"https:\/\/industriemaroc.com\/wp-content\/uploads\/2024\/01\/1N-23.jpg","contentUrl":"https:\/\/industriemaroc.com\/wp-content\/uploads\/2024\/01\/1N-23.jpg","width":700,"height":700},{"@type":"BreadcrumbList","@id":"https:\/\/industriemaroc.com\/produit\/manchette-jetable-tyvek-500-tyvek-dupont\/#breadcrumb","itemListElement":[{"@type":"ListItem","position":1,"name":"Home","item":"https:\/\/industriemaroc.com\/"},{"@type":"ListItem","position":2,"name":"Shop","item":"https:\/\/industriemaroc.com\/shop\/"},{"@type":"ListItem","position":3,"name":"Manchette jetable Tyvek\u00ae 500 &#8211; DuPont\u2122"}]},{"@type":"WebSite","@id":"https:\/\/industriemaroc.com\/#website","url":"https:\/\/industriemaroc.com\/","name":"Industrie Maroc Online","description":"Plateforme B2B de mat\u00e9riel professionnel au Maroc","publisher":{"@id":"https:\/\/industriemaroc.com\/#organization"},"potentialAction":[{"@type":"SearchAction","target":{"@type":"EntryPoint","urlTemplate":"https:\/\/industriemaroc.com\/?s={search_term_string}"},"query-input":{"@type":"PropertyValueSpecification","valueRequired":true,"valueName":"search_term_string"}}],"inLanguage":"en-US"},{"@type":"Organization","@id":"https:\/\/industriemaroc.com\/#organization","name":"industriemaroc.com","url":"https:\/\/industriemaroc.com\/","logo":{"@type":"ImageObject","inLanguage":"en-US","@id":"https:\/\/industriemaroc.com\/#\/schema\/logo\/image\/","url":"https:\/\/industriemaroc.com\/wp-content\/uploads\/2024\/04\/IM.jpg","contentUrl":"https:\/\/industriemaroc.com\/wp-content\/uploads\/2024\/04\/IM.jpg","width":2500,"height":2500,"caption":"industriemaroc.com"},"image":{"@id":"https:\/\/industriemaroc.com\/#\/schema\/logo\/image\/"}}]}},"_links":{"self":[{"href":"https:\/\/industriemaroc.com\/en\/wp-json\/wp\/v2\/product\/20219","targetHints":{"allow":["GET"]}}],"collection":[{"href":"https:\/\/industriemaroc.com\/en\/wp-json\/wp\/v2\/product"}],"about":[{"href":"https:\/\/industriemaroc.com\/en\/wp-json\/wp\/v2\/types\/product"}],"replies":[{"embeddable":true,"href":"https:\/\/industriemaroc.com\/en\/wp-json\/wp\/v2\/comments?post=20219"}],"version-history":[{"count":5,"href":"https:\/\/industriemaroc.com\/en\/wp-json\/wp\/v2\/product\/20219\/revisions"}],"predecessor-version":[{"id":23579,"href":"https:\/\/industriemaroc.com\/en\/wp-json\/wp\/v2\/product\/20219\/revisions\/23579"}],"wp:featuredmedia":[{"embeddable":true,"href":"https:\/\/industriemaroc.com\/en\/wp-json\/wp\/v2\/media\/20220"}],"wp:attachment":[{"href":"https:\/\/industriemaroc.com\/en\/wp-json\/wp\/v2\/media?parent=20219"}],"wp:term":[{"taxonomy":"product_brand","embeddable":true,"href":"https:\/\/industriemaroc.com\/en\/wp-json\/wp\/v2\/product_brand?post=20219"},{"taxonomy":"product_cat","embeddable":true,"href":"https:\/\/industriemaroc.com\/en\/wp-json\/wp\/v2\/product_cat?post=20219"},{"taxonomy":"product_tag","embeddable":true,"href":"https:\/\/industriemaroc.com\/en\/wp-json\/wp\/v2\/product_tag?post=20219"}],"curies":[{"name":"wp","href":"https:\/\/api.w.org\/{rel}","templated":true}]}}