{"id":20224,"date":"2024-01-17T20:40:10","date_gmt":"2024-01-17T19:40:10","guid":{"rendered":"https:\/\/industriemaroc.com\/?post_type=product&#038;p=20224"},"modified":"2024-10-10T20:52:29","modified_gmt":"2024-10-10T18:52:29","slug":"combinaison-jetable-tyvek-500-xpert-bleu","status":"publish","type":"product","link":"https:\/\/industriemaroc.com\/en\/product\/combinaison-jetable-tyvek-500-xpert-bleu\/","title":{"rendered":"Tyvek\u00ae 500 Xpert Disposable Coverall \u2013 Blue"},"content":{"rendered":"<ul>\n<li>Design innovant et ergonomique.<\/li>\n<li>Pleine libert\u00e9 de mouvement et d&rsquo;ajustement.<\/li>\n<li>Languette fermeture \u00e9clair pens\u00e9e pour un usage avec des gants.<\/li>\n<li>Capuche ajustable aux contours du visage et au masque.<\/li>\n<li>Combinaison l\u00e9g\u00e8re et r\u00e9sistante.<\/li>\n<li>Perm\u00e9able \u00e0 l\u2019air et \u00e0 la vapeur d&rsquo;eau.<\/li>\n<\/ul>","protected":false},"excerpt":{"rendered":"<ul>\n<li>Capuche ajustable aux contours du visage et au masque.<\/li>\n<li>Combinaison l\u00e9g\u00e8re et r\u00e9sistante.<\/li>\n<li>Perm\u00e9able \u00e0 l\u2019air et \u00e0 la vapeur d&rsquo;eau.<\/li>\n<\/ul>\n<p>&nbsp;<\/p>","protected":false},"featured_media":20228,"comment_status":"open","ping_status":"closed","template":"","meta":{"om_disable_all_campaigns":false,"_monsterinsights_skip_tracking":false,"_monsterinsights_sitenote_active":false,"_monsterinsights_sitenote_note":"","_monsterinsights_sitenote_category":0,"_uf_show_specific_survey":0,"_uf_disable_surveys":false,"_joinchat":[]},"product_brand":[],"product_cat":[678,1195,670],"product_tag":[],"class_list":{"0":"post-20224","1":"product","2":"type-product","3":"status-publish","4":"has-post-thumbnail","6":"product_cat-equipements-de-protection-individuelle-epi","7":"product_cat-tyvek-dupont-epi-maroc","8":"product_cat-securite-sante","10":"first","11":"instock","12":"taxable","13":"shipping-taxable","14":"product-type-simple"},"yoast_head":"<!-- This site is optimized with the Yoast SEO plugin v27.4 - https:\/\/yoast.com\/product\/yoast-seo-wordpress\/ -->\n<title>Combinaison jetable Tyvek\u00ae 500 Xpert - Bleu - Industrie Maroc Online<\/title>\n<meta name=\"description\" content=\"Capuche ajustable aux contours du visage et au masque.  Combinaison l\u00e9g\u00e8re et r\u00e9sistante.  Perm\u00e9able \u00e0 l\u2019air et \u00e0 la vapeur d&#039;eau.  &nbsp;\" \/>\n<meta name=\"robots\" content=\"index, follow, max-snippet:-1, max-image-preview:large, max-video-preview:-1\" \/>\n<link rel=\"canonical\" href=\"https:\/\/industriemaroc.com\/en\/product\/combinaison-jetable-tyvek-500-xpert-bleu\/\" \/>\n<meta property=\"og:locale\" content=\"en_US\" \/>\n<meta property=\"og:type\" content=\"article\" \/>\n<meta property=\"og:title\" content=\"Combinaison jetable Tyvek\u00ae 500 Xpert - Bleu - Industrie Maroc Online\" \/>\n<meta property=\"og:description\" content=\"Capuche ajustable aux contours du visage et au masque.  Combinaison l\u00e9g\u00e8re et r\u00e9sistante.  Perm\u00e9able \u00e0 l\u2019air et \u00e0 la vapeur d&#039;eau.  &nbsp;\" \/>\n<meta property=\"og:url\" content=\"https:\/\/industriemaroc.com\/en\/product\/combinaison-jetable-tyvek-500-xpert-bleu\/\" \/>\n<meta property=\"og:site_name\" content=\"Industrie Maroc Online\" \/>\n<meta property=\"article:modified_time\" content=\"2024-10-10T18:52:29+00:00\" \/>\n<meta property=\"og:image\" content=\"https:\/\/industriemaroc.com\/wp-content\/uploads\/2024\/01\/1-5.jpg\" \/>\n\t<meta property=\"og:image:width\" content=\"805\" \/>\n\t<meta property=\"og:image:height\" content=\"1504\" \/>\n\t<meta property=\"og:image:type\" content=\"image\/jpeg\" \/>\n<meta name=\"twitter:card\" content=\"summary_large_image\" \/>\n<script type=\"application\/ld+json\" class=\"yoast-schema-graph\">{\"@context\":\"https:\\\/\\\/schema.org\",\"@graph\":[{\"@type\":\"WebPage\",\"@id\":\"https:\\\/\\\/industriemaroc.com\\\/produit\\\/combinaison-jetable-tyvek-500-xpert-bleu\\\/\",\"url\":\"https:\\\/\\\/industriemaroc.com\\\/produit\\\/combinaison-jetable-tyvek-500-xpert-bleu\\\/\",\"name\":\"Combinaison jetable Tyvek\u00ae 500 Xpert - Bleu - Industrie Maroc Online\",\"isPartOf\":{\"@id\":\"https:\\\/\\\/industriemaroc.com\\\/#website\"},\"primaryImageOfPage\":{\"@id\":\"https:\\\/\\\/industriemaroc.com\\\/produit\\\/combinaison-jetable-tyvek-500-xpert-bleu\\\/#primaryimage\"},\"image\":{\"@id\":\"https:\\\/\\\/industriemaroc.com\\\/produit\\\/combinaison-jetable-tyvek-500-xpert-bleu\\\/#primaryimage\"},\"thumbnailUrl\":\"https:\\\/\\\/industriemaroc.com\\\/wp-content\\\/uploads\\\/2024\\\/01\\\/1-5.jpg\",\"datePublished\":\"2024-01-17T19:40:10+00:00\",\"dateModified\":\"2024-10-10T18:52:29+00:00\",\"description\":\"Capuche ajustable aux contours du visage et au masque. Combinaison l\u00e9g\u00e8re et r\u00e9sistante. Perm\u00e9able \u00e0 l\u2019air et \u00e0 la vapeur d'eau. &nbsp;\",\"breadcrumb\":{\"@id\":\"https:\\\/\\\/industriemaroc.com\\\/produit\\\/combinaison-jetable-tyvek-500-xpert-bleu\\\/#breadcrumb\"},\"inLanguage\":\"en-US\",\"potentialAction\":[{\"@type\":\"ReadAction\",\"target\":[\"https:\\\/\\\/industriemaroc.com\\\/produit\\\/combinaison-jetable-tyvek-500-xpert-bleu\\\/\"]}]},{\"@type\":\"ImageObject\",\"inLanguage\":\"en-US\",\"@id\":\"https:\\\/\\\/industriemaroc.com\\\/produit\\\/combinaison-jetable-tyvek-500-xpert-bleu\\\/#primaryimage\",\"url\":\"https:\\\/\\\/industriemaroc.com\\\/wp-content\\\/uploads\\\/2024\\\/01\\\/1-5.jpg\",\"contentUrl\":\"https:\\\/\\\/industriemaroc.com\\\/wp-content\\\/uploads\\\/2024\\\/01\\\/1-5.jpg\",\"width\":805,\"height\":1504},{\"@type\":\"BreadcrumbList\",\"@id\":\"https:\\\/\\\/industriemaroc.com\\\/produit\\\/combinaison-jetable-tyvek-500-xpert-bleu\\\/#breadcrumb\",\"itemListElement\":[{\"@type\":\"ListItem\",\"position\":1,\"name\":\"Home\",\"item\":\"https:\\\/\\\/industriemaroc.com\\\/\"},{\"@type\":\"ListItem\",\"position\":2,\"name\":\"Shop\",\"item\":\"https:\\\/\\\/industriemaroc.com\\\/shop\\\/\"},{\"@type\":\"ListItem\",\"position\":3,\"name\":\"Combinaison jetable Tyvek\u00ae 500 Xpert &#8211; Bleu\"}]},{\"@type\":\"WebSite\",\"@id\":\"https:\\\/\\\/industriemaroc.com\\\/#website\",\"url\":\"https:\\\/\\\/industriemaroc.com\\\/\",\"name\":\"Industrie Maroc Online\",\"description\":\"Plateforme B2B de mat\u00e9riel professionnel au Maroc\",\"publisher\":{\"@id\":\"https:\\\/\\\/industriemaroc.com\\\/#organization\"},\"potentialAction\":[{\"@type\":\"SearchAction\",\"target\":{\"@type\":\"EntryPoint\",\"urlTemplate\":\"https:\\\/\\\/industriemaroc.com\\\/?s={search_term_string}\"},\"query-input\":{\"@type\":\"PropertyValueSpecification\",\"valueRequired\":true,\"valueName\":\"search_term_string\"}}],\"inLanguage\":\"en-US\"},{\"@type\":\"Organization\",\"@id\":\"https:\\\/\\\/industriemaroc.com\\\/#organization\",\"name\":\"industriemaroc.com\",\"url\":\"https:\\\/\\\/industriemaroc.com\\\/\",\"logo\":{\"@type\":\"ImageObject\",\"inLanguage\":\"en-US\",\"@id\":\"https:\\\/\\\/industriemaroc.com\\\/#\\\/schema\\\/logo\\\/image\\\/\",\"url\":\"https:\\\/\\\/industriemaroc.com\\\/wp-content\\\/uploads\\\/2024\\\/04\\\/IM.jpg\",\"contentUrl\":\"https:\\\/\\\/industriemaroc.com\\\/wp-content\\\/uploads\\\/2024\\\/04\\\/IM.jpg\",\"width\":2500,\"height\":2500,\"caption\":\"industriemaroc.com\"},\"image\":{\"@id\":\"https:\\\/\\\/industriemaroc.com\\\/#\\\/schema\\\/logo\\\/image\\\/\"}}]}<\/script>\n<!-- \/ Yoast SEO plugin. -->","yoast_head_json":{"title":"Combinaison jetable Tyvek\u00ae 500 Xpert - Bleu - Industrie Maroc Online","description":"Capuche ajustable aux contours du visage et au masque.  Combinaison l\u00e9g\u00e8re et r\u00e9sistante.  Perm\u00e9able \u00e0 l\u2019air et \u00e0 la vapeur d'eau.  &nbsp;","robots":{"index":"index","follow":"follow","max-snippet":"max-snippet:-1","max-image-preview":"max-image-preview:large","max-video-preview":"max-video-preview:-1"},"canonical":"https:\/\/industriemaroc.com\/en\/product\/combinaison-jetable-tyvek-500-xpert-bleu\/","og_locale":"en_US","og_type":"article","og_title":"Combinaison jetable Tyvek\u00ae 500 Xpert - Bleu - Industrie Maroc Online","og_description":"Capuche ajustable aux contours du visage et au masque.  Combinaison l\u00e9g\u00e8re et r\u00e9sistante.  Perm\u00e9able \u00e0 l\u2019air et \u00e0 la vapeur d'eau.  &nbsp;","og_url":"https:\/\/industriemaroc.com\/en\/product\/combinaison-jetable-tyvek-500-xpert-bleu\/","og_site_name":"Industrie Maroc Online","article_modified_time":"2024-10-10T18:52:29+00:00","og_image":[{"width":805,"height":1504,"url":"https:\/\/industriemaroc.com\/wp-content\/uploads\/2024\/01\/1-5.jpg","type":"image\/jpeg"}],"twitter_card":"summary_large_image","schema":{"@context":"https:\/\/schema.org","@graph":[{"@type":"WebPage","@id":"https:\/\/industriemaroc.com\/produit\/combinaison-jetable-tyvek-500-xpert-bleu\/","url":"https:\/\/industriemaroc.com\/produit\/combinaison-jetable-tyvek-500-xpert-bleu\/","name":"Combinaison jetable Tyvek\u00ae 500 Xpert - Bleu - Industrie Maroc Online","isPartOf":{"@id":"https:\/\/industriemaroc.com\/#website"},"primaryImageOfPage":{"@id":"https:\/\/industriemaroc.com\/produit\/combinaison-jetable-tyvek-500-xpert-bleu\/#primaryimage"},"image":{"@id":"https:\/\/industriemaroc.com\/produit\/combinaison-jetable-tyvek-500-xpert-bleu\/#primaryimage"},"thumbnailUrl":"https:\/\/industriemaroc.com\/wp-content\/uploads\/2024\/01\/1-5.jpg","datePublished":"2024-01-17T19:40:10+00:00","dateModified":"2024-10-10T18:52:29+00:00","description":"Capuche ajustable aux contours du visage et au masque. Combinaison l\u00e9g\u00e8re et r\u00e9sistante. Perm\u00e9able \u00e0 l\u2019air et \u00e0 la vapeur d'eau. &nbsp;","breadcrumb":{"@id":"https:\/\/industriemaroc.com\/produit\/combinaison-jetable-tyvek-500-xpert-bleu\/#breadcrumb"},"inLanguage":"en-US","potentialAction":[{"@type":"ReadAction","target":["https:\/\/industriemaroc.com\/produit\/combinaison-jetable-tyvek-500-xpert-bleu\/"]}]},{"@type":"ImageObject","inLanguage":"en-US","@id":"https:\/\/industriemaroc.com\/produit\/combinaison-jetable-tyvek-500-xpert-bleu\/#primaryimage","url":"https:\/\/industriemaroc.com\/wp-content\/uploads\/2024\/01\/1-5.jpg","contentUrl":"https:\/\/industriemaroc.com\/wp-content\/uploads\/2024\/01\/1-5.jpg","width":805,"height":1504},{"@type":"BreadcrumbList","@id":"https:\/\/industriemaroc.com\/produit\/combinaison-jetable-tyvek-500-xpert-bleu\/#breadcrumb","itemListElement":[{"@type":"ListItem","position":1,"name":"Home","item":"https:\/\/industriemaroc.com\/"},{"@type":"ListItem","position":2,"name":"Shop","item":"https:\/\/industriemaroc.com\/shop\/"},{"@type":"ListItem","position":3,"name":"Combinaison jetable Tyvek\u00ae 500 Xpert &#8211; Bleu"}]},{"@type":"WebSite","@id":"https:\/\/industriemaroc.com\/#website","url":"https:\/\/industriemaroc.com\/","name":"Industrie Maroc Online","description":"Plateforme B2B de mat\u00e9riel professionnel au Maroc","publisher":{"@id":"https:\/\/industriemaroc.com\/#organization"},"potentialAction":[{"@type":"SearchAction","target":{"@type":"EntryPoint","urlTemplate":"https:\/\/industriemaroc.com\/?s={search_term_string}"},"query-input":{"@type":"PropertyValueSpecification","valueRequired":true,"valueName":"search_term_string"}}],"inLanguage":"en-US"},{"@type":"Organization","@id":"https:\/\/industriemaroc.com\/#organization","name":"industriemaroc.com","url":"https:\/\/industriemaroc.com\/","logo":{"@type":"ImageObject","inLanguage":"en-US","@id":"https:\/\/industriemaroc.com\/#\/schema\/logo\/image\/","url":"https:\/\/industriemaroc.com\/wp-content\/uploads\/2024\/04\/IM.jpg","contentUrl":"https:\/\/industriemaroc.com\/wp-content\/uploads\/2024\/04\/IM.jpg","width":2500,"height":2500,"caption":"industriemaroc.com"},"image":{"@id":"https:\/\/industriemaroc.com\/#\/schema\/logo\/image\/"}}]}},"_links":{"self":[{"href":"https:\/\/industriemaroc.com\/en\/wp-json\/wp\/v2\/product\/20224","targetHints":{"allow":["GET"]}}],"collection":[{"href":"https:\/\/industriemaroc.com\/en\/wp-json\/wp\/v2\/product"}],"about":[{"href":"https:\/\/industriemaroc.com\/en\/wp-json\/wp\/v2\/types\/product"}],"replies":[{"embeddable":true,"href":"https:\/\/industriemaroc.com\/en\/wp-json\/wp\/v2\/comments?post=20224"}],"version-history":[{"count":4,"href":"https:\/\/industriemaroc.com\/en\/wp-json\/wp\/v2\/product\/20224\/revisions"}],"predecessor-version":[{"id":22001,"href":"https:\/\/industriemaroc.com\/en\/wp-json\/wp\/v2\/product\/20224\/revisions\/22001"}],"wp:featuredmedia":[{"embeddable":true,"href":"https:\/\/industriemaroc.com\/en\/wp-json\/wp\/v2\/media\/20228"}],"wp:attachment":[{"href":"https:\/\/industriemaroc.com\/en\/wp-json\/wp\/v2\/media?parent=20224"}],"wp:term":[{"taxonomy":"product_brand","embeddable":true,"href":"https:\/\/industriemaroc.com\/en\/wp-json\/wp\/v2\/product_brand?post=20224"},{"taxonomy":"product_cat","embeddable":true,"href":"https:\/\/industriemaroc.com\/en\/wp-json\/wp\/v2\/product_cat?post=20224"},{"taxonomy":"product_tag","embeddable":true,"href":"https:\/\/industriemaroc.com\/en\/wp-json\/wp\/v2\/product_tag?post=20224"}],"curies":[{"name":"wp","href":"https:\/\/api.w.org\/{rel}","templated":true}]}}