{"id":20231,"date":"2024-01-17T20:42:59","date_gmt":"2024-01-17T19:42:59","guid":{"rendered":"https:\/\/industriemaroc.com\/?post_type=product&#038;p=20231"},"modified":"2024-09-30T22:08:23","modified_gmt":"2024-09-30T20:08:23","slug":"tablier-tychem-2000-c-tyvek-dupont","status":"publish","type":"product","link":"https:\/\/industriemaroc.com\/en\/product\/tablier-tychem-2000-c-tyvek-dupont\/","title":{"rendered":"Tychem\u00ae 2000 C Apron \u2013 Tyvek\u00ae DuPont\u2122"},"content":{"rendered":"<ul>\n<li>Tablier DuPont\u2122 Tychem\u00ae 2000 C mod\u00e8le PA30L0 couvrant les jambes jusqu\u2019aux mollets.<\/li>\n<li>Tablier avec liens au niveau du cou et de la taille.<\/li>\n<li>Yellow color, one size.<\/li>\n<li>Tychem\u00ae 2000 C s\u2019utilise pour prot\u00e9ger des \u00e9claboussures, pressuris\u00e9es ou non, dans une grande vari\u00e9t\u00e9 d\u2019environnements industriels: fabrication de p\u00e2te \u00e0 papier et papier transformation alimentaire, industries chimique et pharmaceutique.<\/li>\n<li>Certified according to Regulation (EU) 2016\/425.<\/li>\n<li>Chemical protective clothing partially covering the body, Category III, Type PB [3-B].<\/li>\n<li>Tychem\u00ae accessories can help better protect parts of the body that are more exposed to hazardous substances.<\/li>\n<li>Tychem\u00ae 2000 C clothing and accessories rely on the strength of Tyvek\u00ae coated with a polymeric barrier material to provide good protection against chemical permeation to a wide range of inorganic chemicals and biohazards (even pressurized).<\/li>\n<\/ul>","protected":false},"excerpt":{"rendered":"<ul>\n<li>Tablier DuPont\u2122 Tychem\u00ae 2000 C mod\u00e8le PA30L0 couvrant les jambes jusqu\u2019aux mollets.<\/li>\n<li>Tablier avec liens au niveau du cou et de la taille.<\/li>\n<\/ul>","protected":false},"featured_media":20232,"comment_status":"open","ping_status":"closed","template":"","meta":{"om_disable_all_campaigns":false,"_monsterinsights_skip_tracking":false,"_monsterinsights_sitenote_active":false,"_monsterinsights_sitenote_note":"","_monsterinsights_sitenote_category":0,"_uf_show_specific_survey":0,"_uf_disable_surveys":false,"_joinchat":[]},"product_brand":[],"product_cat":[678,1195,670,690,681],"product_tag":[],"class_list":{"0":"post-20231","1":"product","2":"type-product","3":"status-publish","4":"has-post-thumbnail","6":"product_cat-equipements-de-protection-individuelle-epi","7":"product_cat-tyvek-dupont-epi-maroc","8":"product_cat-securite-sante","9":"product_cat-vetement-de-protection","10":"product_cat-vetement-de-travail","12":"first","13":"instock","14":"taxable","15":"shipping-taxable","16":"product-type-simple"},"yoast_head":"<!-- This site is optimized with the Yoast SEO plugin v27.4 - https:\/\/yoast.com\/product\/yoast-seo-wordpress\/ -->\n<title>Tablier Tychem\u00ae 2000 C - Tyvek\u00ae DuPont\u2122 - Industrie Maroc Online<\/title>\n<meta name=\"description\" content=\"Tablier DuPont\u2122 Tychem\u00ae 2000 C mod\u00e8le PA30L0 couvrant les jambes jusqu\u2019aux mollets.  Tablier avec liens au niveau du cou et de la taille.\" \/>\n<meta name=\"robots\" content=\"index, follow, max-snippet:-1, max-image-preview:large, max-video-preview:-1\" \/>\n<link rel=\"canonical\" href=\"https:\/\/industriemaroc.com\/en\/product\/tablier-tychem-2000-c-tyvek-dupont\/\" \/>\n<meta property=\"og:locale\" content=\"en_US\" \/>\n<meta property=\"og:type\" content=\"article\" \/>\n<meta property=\"og:title\" content=\"Tablier Tychem\u00ae 2000 C - Tyvek\u00ae DuPont\u2122 - Industrie Maroc Online\" \/>\n<meta property=\"og:description\" content=\"Tablier DuPont\u2122 Tychem\u00ae 2000 C mod\u00e8le PA30L0 couvrant les jambes jusqu\u2019aux mollets.  Tablier avec liens au niveau du cou et de la taille.\" \/>\n<meta property=\"og:url\" content=\"https:\/\/industriemaroc.com\/en\/product\/tablier-tychem-2000-c-tyvek-dupont\/\" \/>\n<meta property=\"og:site_name\" content=\"Industrie Maroc Online\" \/>\n<meta property=\"article:modified_time\" content=\"2024-09-30T20:08:23+00:00\" \/>\n<meta property=\"og:image\" content=\"https:\/\/industriemaroc.com\/wp-content\/uploads\/2024\/01\/1-6.jpg\" \/>\n\t<meta property=\"og:image:width\" content=\"600\" \/>\n\t<meta property=\"og:image:height\" content=\"1121\" \/>\n\t<meta property=\"og:image:type\" content=\"image\/jpeg\" \/>\n<meta name=\"twitter:card\" content=\"summary_large_image\" \/>\n<meta name=\"twitter:label1\" content=\"Est. reading time\" \/>\n\t<meta name=\"twitter:data1\" content=\"1 minute\" \/>\n<script type=\"application\/ld+json\" class=\"yoast-schema-graph\">{\"@context\":\"https:\\\/\\\/schema.org\",\"@graph\":[{\"@type\":\"WebPage\",\"@id\":\"https:\\\/\\\/industriemaroc.com\\\/produit\\\/tablier-tychem-2000-c-tyvek-dupont\\\/\",\"url\":\"https:\\\/\\\/industriemaroc.com\\\/produit\\\/tablier-tychem-2000-c-tyvek-dupont\\\/\",\"name\":\"Tablier Tychem\u00ae 2000 C - Tyvek\u00ae DuPont\u2122 - Industrie Maroc Online\",\"isPartOf\":{\"@id\":\"https:\\\/\\\/industriemaroc.com\\\/#website\"},\"primaryImageOfPage\":{\"@id\":\"https:\\\/\\\/industriemaroc.com\\\/produit\\\/tablier-tychem-2000-c-tyvek-dupont\\\/#primaryimage\"},\"image\":{\"@id\":\"https:\\\/\\\/industriemaroc.com\\\/produit\\\/tablier-tychem-2000-c-tyvek-dupont\\\/#primaryimage\"},\"thumbnailUrl\":\"https:\\\/\\\/industriemaroc.com\\\/wp-content\\\/uploads\\\/2024\\\/01\\\/1-6.jpg\",\"datePublished\":\"2024-01-17T19:42:59+00:00\",\"dateModified\":\"2024-09-30T20:08:23+00:00\",\"description\":\"Tablier DuPont\u2122 Tychem\u00ae 2000 C mod\u00e8le PA30L0 couvrant les jambes jusqu\u2019aux mollets. Tablier avec liens au niveau du cou et de la taille.\",\"breadcrumb\":{\"@id\":\"https:\\\/\\\/industriemaroc.com\\\/produit\\\/tablier-tychem-2000-c-tyvek-dupont\\\/#breadcrumb\"},\"inLanguage\":\"en-US\",\"potentialAction\":[{\"@type\":\"ReadAction\",\"target\":[\"https:\\\/\\\/industriemaroc.com\\\/produit\\\/tablier-tychem-2000-c-tyvek-dupont\\\/\"]}]},{\"@type\":\"ImageObject\",\"inLanguage\":\"en-US\",\"@id\":\"https:\\\/\\\/industriemaroc.com\\\/produit\\\/tablier-tychem-2000-c-tyvek-dupont\\\/#primaryimage\",\"url\":\"https:\\\/\\\/industriemaroc.com\\\/wp-content\\\/uploads\\\/2024\\\/01\\\/1-6.jpg\",\"contentUrl\":\"https:\\\/\\\/industriemaroc.com\\\/wp-content\\\/uploads\\\/2024\\\/01\\\/1-6.jpg\",\"width\":600,\"height\":1121},{\"@type\":\"BreadcrumbList\",\"@id\":\"https:\\\/\\\/industriemaroc.com\\\/produit\\\/tablier-tychem-2000-c-tyvek-dupont\\\/#breadcrumb\",\"itemListElement\":[{\"@type\":\"ListItem\",\"position\":1,\"name\":\"Home\",\"item\":\"https:\\\/\\\/industriemaroc.com\\\/\"},{\"@type\":\"ListItem\",\"position\":2,\"name\":\"Shop\",\"item\":\"https:\\\/\\\/industriemaroc.com\\\/shop\\\/\"},{\"@type\":\"ListItem\",\"position\":3,\"name\":\"Tablier Tychem\u00ae 2000 C &#8211; Tyvek\u00ae DuPont\u2122\"}]},{\"@type\":\"WebSite\",\"@id\":\"https:\\\/\\\/industriemaroc.com\\\/#website\",\"url\":\"https:\\\/\\\/industriemaroc.com\\\/\",\"name\":\"Industrie Maroc Online\",\"description\":\"Plateforme B2B de mat\u00e9riel professionnel au Maroc\",\"publisher\":{\"@id\":\"https:\\\/\\\/industriemaroc.com\\\/#organization\"},\"potentialAction\":[{\"@type\":\"SearchAction\",\"target\":{\"@type\":\"EntryPoint\",\"urlTemplate\":\"https:\\\/\\\/industriemaroc.com\\\/?s={search_term_string}\"},\"query-input\":{\"@type\":\"PropertyValueSpecification\",\"valueRequired\":true,\"valueName\":\"search_term_string\"}}],\"inLanguage\":\"en-US\"},{\"@type\":\"Organization\",\"@id\":\"https:\\\/\\\/industriemaroc.com\\\/#organization\",\"name\":\"industriemaroc.com\",\"url\":\"https:\\\/\\\/industriemaroc.com\\\/\",\"logo\":{\"@type\":\"ImageObject\",\"inLanguage\":\"en-US\",\"@id\":\"https:\\\/\\\/industriemaroc.com\\\/#\\\/schema\\\/logo\\\/image\\\/\",\"url\":\"https:\\\/\\\/industriemaroc.com\\\/wp-content\\\/uploads\\\/2024\\\/04\\\/IM.jpg\",\"contentUrl\":\"https:\\\/\\\/industriemaroc.com\\\/wp-content\\\/uploads\\\/2024\\\/04\\\/IM.jpg\",\"width\":2500,\"height\":2500,\"caption\":\"industriemaroc.com\"},\"image\":{\"@id\":\"https:\\\/\\\/industriemaroc.com\\\/#\\\/schema\\\/logo\\\/image\\\/\"}}]}<\/script>\n<!-- \/ Yoast SEO plugin. -->","yoast_head_json":{"title":"Tablier Tychem\u00ae 2000 C - Tyvek\u00ae DuPont\u2122 - Industrie Maroc Online","description":"Tablier DuPont\u2122 Tychem\u00ae 2000 C mod\u00e8le PA30L0 couvrant les jambes jusqu\u2019aux mollets.  Tablier avec liens au niveau du cou et de la taille.","robots":{"index":"index","follow":"follow","max-snippet":"max-snippet:-1","max-image-preview":"max-image-preview:large","max-video-preview":"max-video-preview:-1"},"canonical":"https:\/\/industriemaroc.com\/en\/product\/tablier-tychem-2000-c-tyvek-dupont\/","og_locale":"en_US","og_type":"article","og_title":"Tablier Tychem\u00ae 2000 C - Tyvek\u00ae DuPont\u2122 - Industrie Maroc Online","og_description":"Tablier DuPont\u2122 Tychem\u00ae 2000 C mod\u00e8le PA30L0 couvrant les jambes jusqu\u2019aux mollets.  Tablier avec liens au niveau du cou et de la taille.","og_url":"https:\/\/industriemaroc.com\/en\/product\/tablier-tychem-2000-c-tyvek-dupont\/","og_site_name":"Industrie Maroc Online","article_modified_time":"2024-09-30T20:08:23+00:00","og_image":[{"width":600,"height":1121,"url":"https:\/\/industriemaroc.com\/wp-content\/uploads\/2024\/01\/1-6.jpg","type":"image\/jpeg"}],"twitter_card":"summary_large_image","twitter_misc":{"Est. reading time":"1 minute"},"schema":{"@context":"https:\/\/schema.org","@graph":[{"@type":"WebPage","@id":"https:\/\/industriemaroc.com\/produit\/tablier-tychem-2000-c-tyvek-dupont\/","url":"https:\/\/industriemaroc.com\/produit\/tablier-tychem-2000-c-tyvek-dupont\/","name":"Tablier Tychem\u00ae 2000 C - Tyvek\u00ae DuPont\u2122 - Industrie Maroc Online","isPartOf":{"@id":"https:\/\/industriemaroc.com\/#website"},"primaryImageOfPage":{"@id":"https:\/\/industriemaroc.com\/produit\/tablier-tychem-2000-c-tyvek-dupont\/#primaryimage"},"image":{"@id":"https:\/\/industriemaroc.com\/produit\/tablier-tychem-2000-c-tyvek-dupont\/#primaryimage"},"thumbnailUrl":"https:\/\/industriemaroc.com\/wp-content\/uploads\/2024\/01\/1-6.jpg","datePublished":"2024-01-17T19:42:59+00:00","dateModified":"2024-09-30T20:08:23+00:00","description":"Tablier DuPont\u2122 Tychem\u00ae 2000 C mod\u00e8le PA30L0 couvrant les jambes jusqu\u2019aux mollets. Tablier avec liens au niveau du cou et de la taille.","breadcrumb":{"@id":"https:\/\/industriemaroc.com\/produit\/tablier-tychem-2000-c-tyvek-dupont\/#breadcrumb"},"inLanguage":"en-US","potentialAction":[{"@type":"ReadAction","target":["https:\/\/industriemaroc.com\/produit\/tablier-tychem-2000-c-tyvek-dupont\/"]}]},{"@type":"ImageObject","inLanguage":"en-US","@id":"https:\/\/industriemaroc.com\/produit\/tablier-tychem-2000-c-tyvek-dupont\/#primaryimage","url":"https:\/\/industriemaroc.com\/wp-content\/uploads\/2024\/01\/1-6.jpg","contentUrl":"https:\/\/industriemaroc.com\/wp-content\/uploads\/2024\/01\/1-6.jpg","width":600,"height":1121},{"@type":"BreadcrumbList","@id":"https:\/\/industriemaroc.com\/produit\/tablier-tychem-2000-c-tyvek-dupont\/#breadcrumb","itemListElement":[{"@type":"ListItem","position":1,"name":"Home","item":"https:\/\/industriemaroc.com\/"},{"@type":"ListItem","position":2,"name":"Shop","item":"https:\/\/industriemaroc.com\/shop\/"},{"@type":"ListItem","position":3,"name":"Tablier Tychem\u00ae 2000 C &#8211; Tyvek\u00ae DuPont\u2122"}]},{"@type":"WebSite","@id":"https:\/\/industriemaroc.com\/#website","url":"https:\/\/industriemaroc.com\/","name":"Industrie Maroc Online","description":"Plateforme B2B de mat\u00e9riel professionnel au Maroc","publisher":{"@id":"https:\/\/industriemaroc.com\/#organization"},"potentialAction":[{"@type":"SearchAction","target":{"@type":"EntryPoint","urlTemplate":"https:\/\/industriemaroc.com\/?s={search_term_string}"},"query-input":{"@type":"PropertyValueSpecification","valueRequired":true,"valueName":"search_term_string"}}],"inLanguage":"en-US"},{"@type":"Organization","@id":"https:\/\/industriemaroc.com\/#organization","name":"industriemaroc.com","url":"https:\/\/industriemaroc.com\/","logo":{"@type":"ImageObject","inLanguage":"en-US","@id":"https:\/\/industriemaroc.com\/#\/schema\/logo\/image\/","url":"https:\/\/industriemaroc.com\/wp-content\/uploads\/2024\/04\/IM.jpg","contentUrl":"https:\/\/industriemaroc.com\/wp-content\/uploads\/2024\/04\/IM.jpg","width":2500,"height":2500,"caption":"industriemaroc.com"},"image":{"@id":"https:\/\/industriemaroc.com\/#\/schema\/logo\/image\/"}}]}},"_links":{"self":[{"href":"https:\/\/industriemaroc.com\/en\/wp-json\/wp\/v2\/product\/20231","targetHints":{"allow":["GET"]}}],"collection":[{"href":"https:\/\/industriemaroc.com\/en\/wp-json\/wp\/v2\/product"}],"about":[{"href":"https:\/\/industriemaroc.com\/en\/wp-json\/wp\/v2\/types\/product"}],"replies":[{"embeddable":true,"href":"https:\/\/industriemaroc.com\/en\/wp-json\/wp\/v2\/comments?post=20231"}],"version-history":[{"count":2,"href":"https:\/\/industriemaroc.com\/en\/wp-json\/wp\/v2\/product\/20231\/revisions"}],"predecessor-version":[{"id":22340,"href":"https:\/\/industriemaroc.com\/en\/wp-json\/wp\/v2\/product\/20231\/revisions\/22340"}],"wp:featuredmedia":[{"embeddable":true,"href":"https:\/\/industriemaroc.com\/en\/wp-json\/wp\/v2\/media\/20232"}],"wp:attachment":[{"href":"https:\/\/industriemaroc.com\/en\/wp-json\/wp\/v2\/media?parent=20231"}],"wp:term":[{"taxonomy":"product_brand","embeddable":true,"href":"https:\/\/industriemaroc.com\/en\/wp-json\/wp\/v2\/product_brand?post=20231"},{"taxonomy":"product_cat","embeddable":true,"href":"https:\/\/industriemaroc.com\/en\/wp-json\/wp\/v2\/product_cat?post=20231"},{"taxonomy":"product_tag","embeddable":true,"href":"https:\/\/industriemaroc.com\/en\/wp-json\/wp\/v2\/product_tag?post=20231"}],"curies":[{"name":"wp","href":"https:\/\/api.w.org\/{rel}","templated":true}]}}