{"id":20238,"date":"2024-01-17T20:49:33","date_gmt":"2024-01-17T19:49:33","guid":{"rendered":"https:\/\/industriemaroc.com\/?post_type=product&#038;p=20238"},"modified":"2025-02-06T15:57:33","modified_gmt":"2025-02-06T14:57:33","slug":"couvre-bottes-tychem-2000-c-dupont-maroc","status":"publish","type":"product","link":"https:\/\/industriemaroc.com\/en\/product\/couvre-bottes-tychem-2000-c-dupont-maroc\/","title":{"rendered":"Couvre-bottes Tychem 2000 C &#8211; DuPont\u2122"},"content":{"rendered":"<ul>\n<li>Couvre-bottes Tychem DuPont 2000 C mod\u00e8le POBA pour les professionnels.<\/li>\n<li>La semelle est partiellement cousue: prot\u00e8ge des \u00e9claboussures, mais n&rsquo;est pas \u00e9tanche aux liquides en immersion.<\/li>\n<li>Yellow color, one size.<\/li>\n<li>Tychem\u00ae 2000 C is used to protect against splashes, pressurized or not, in a wide variety of industrial environments: industrial pulp and paper manufacturing, food processing, chemical and pharmaceutical industries.<\/li>\n<li>Couvre-bottes Tychem Dupont \u00a0montant jusqu\u2019au genou avec semelle antid\u00e9rapante.<\/li>\n<li>Certified according to Regulation (EU) 2016\/425.<\/li>\n<li>Chemical protective clothing partially covering the body, Category III, Type PB [3-B].<\/li>\n<li>Tychem\u00ae accessories can help better protect parts of the body that are more exposed to hazardous substances.<\/li>\n<li>Tychem\u00ae 2000 C clothing and accessories rely on the strength of Tyvek\u00ae coated with a polymeric barrier material to provide good protection against chemical permeation to a wide range of inorganic chemicals and biohazards (even pressurized).<\/li>\n<li>D\u00e9couvrez notre catalogue de gamme Tyvek Dupont\u00a0<a href=\"https:\/\/industriemaroc.com\/en\/product-category\/securite-sante\/equipements-de-protection-individuelle-epi\/tyvek-dupont-epi-maroc\/\" target=\"_blank\" rel=\"noopener\">https:\/\/industriemaroc.com\/product-category\/securite-sante\/equipements-de-protection-individuelle-epi\/tyvek-dupont-epi-maroc\/<\/a><\/li>\n<\/ul>","protected":false},"excerpt":{"rendered":"<ul>\n<li>Couvre-bottes Tychem DuPont \u00a02000 C mod\u00e8le POBA.<\/li>\n<li>Couvre-botte montant jusqu\u2019au genou avec semelle antid\u00e9rapante.<\/li>\n<li>Yellow color, one size.<\/li>\n<\/ul>","protected":false},"featured_media":20239,"comment_status":"open","ping_status":"closed","template":"","meta":{"om_disable_all_campaigns":false,"_monsterinsights_skip_tracking":false,"_monsterinsights_sitenote_active":false,"_monsterinsights_sitenote_note":"","_monsterinsights_sitenote_category":0,"_uf_show_specific_survey":0,"_uf_disable_surveys":false,"_joinchat":[]},"product_brand":[],"product_cat":[678,1195,670],"product_tag":[],"class_list":{"0":"post-20238","1":"product","2":"type-product","3":"status-publish","4":"has-post-thumbnail","6":"product_cat-equipements-de-protection-individuelle-epi","7":"product_cat-tyvek-dupont-epi-maroc","8":"product_cat-securite-sante","10":"first","11":"instock","12":"taxable","13":"shipping-taxable","14":"product-type-simple"},"yoast_head":"<!-- This site is optimized with the Yoast SEO plugin v27.4 - https:\/\/yoast.com\/product\/yoast-seo-wordpress\/ -->\n<title>Couvre-bottes Tychem DuPont 2000 C au Maroc<\/title>\n<meta name=\"description\" content=\"D\u00e9couvrez les couvre-bottes Tychem DuPont au Maroc : protection contre les produits chimiques pour les professionnels. Commandez sur industriemaroc.com !\" \/>\n<meta name=\"robots\" content=\"index, follow, max-snippet:-1, max-image-preview:large, max-video-preview:-1\" \/>\n<link rel=\"canonical\" href=\"https:\/\/industriemaroc.com\/en\/product\/couvre-bottes-tychem-2000-c-dupont-maroc\/\" \/>\n<meta property=\"og:locale\" content=\"en_US\" \/>\n<meta property=\"og:type\" content=\"article\" \/>\n<meta property=\"og:title\" content=\"Couvre-bottes Tychem DuPont 2000 C au Maroc\" \/>\n<meta property=\"og:description\" content=\"D\u00e9couvrez les couvre-bottes Tychem DuPont au Maroc : protection contre les produits chimiques pour les professionnels. Commandez sur industriemaroc.com !\" \/>\n<meta property=\"og:url\" content=\"https:\/\/industriemaroc.com\/en\/product\/couvre-bottes-tychem-2000-c-dupont-maroc\/\" \/>\n<meta property=\"og:site_name\" content=\"Industrie Maroc Online\" \/>\n<meta property=\"article:modified_time\" content=\"2025-02-06T14:57:33+00:00\" \/>\n<meta property=\"og:image\" content=\"https:\/\/industriemaroc.com\/wp-content\/uploads\/2024\/01\/1-8.jpg\" \/>\n\t<meta property=\"og:image:width\" content=\"458\" \/>\n\t<meta property=\"og:image:height\" content=\"458\" \/>\n\t<meta property=\"og:image:type\" content=\"image\/jpeg\" \/>\n<meta name=\"twitter:card\" content=\"summary_large_image\" \/>\n<meta name=\"twitter:label1\" content=\"Est. reading time\" \/>\n\t<meta name=\"twitter:data1\" content=\"1 minute\" \/>\n<script type=\"application\/ld+json\" class=\"yoast-schema-graph\">{\"@context\":\"https:\\\/\\\/schema.org\",\"@graph\":[{\"@type\":\"WebPage\",\"@id\":\"https:\\\/\\\/industriemaroc.com\\\/produit\\\/couvre-bottes-tychem-2000-c-dupont-maroc\\\/\",\"url\":\"https:\\\/\\\/industriemaroc.com\\\/produit\\\/couvre-bottes-tychem-2000-c-dupont-maroc\\\/\",\"name\":\"Couvre-bottes Tychem DuPont 2000 C au Maroc\",\"isPartOf\":{\"@id\":\"https:\\\/\\\/industriemaroc.com\\\/#website\"},\"primaryImageOfPage\":{\"@id\":\"https:\\\/\\\/industriemaroc.com\\\/produit\\\/couvre-bottes-tychem-2000-c-dupont-maroc\\\/#primaryimage\"},\"image\":{\"@id\":\"https:\\\/\\\/industriemaroc.com\\\/produit\\\/couvre-bottes-tychem-2000-c-dupont-maroc\\\/#primaryimage\"},\"thumbnailUrl\":\"https:\\\/\\\/industriemaroc.com\\\/wp-content\\\/uploads\\\/2024\\\/01\\\/1-8.jpg\",\"datePublished\":\"2024-01-17T19:49:33+00:00\",\"dateModified\":\"2025-02-06T14:57:33+00:00\",\"description\":\"D\u00e9couvrez les couvre-bottes Tychem DuPont au Maroc : protection contre les produits chimiques pour les professionnels. Commandez sur industriemaroc.com !\",\"breadcrumb\":{\"@id\":\"https:\\\/\\\/industriemaroc.com\\\/produit\\\/couvre-bottes-tychem-2000-c-dupont-maroc\\\/#breadcrumb\"},\"inLanguage\":\"en-US\",\"potentialAction\":[{\"@type\":\"ReadAction\",\"target\":[\"https:\\\/\\\/industriemaroc.com\\\/produit\\\/couvre-bottes-tychem-2000-c-dupont-maroc\\\/\"]}]},{\"@type\":\"ImageObject\",\"inLanguage\":\"en-US\",\"@id\":\"https:\\\/\\\/industriemaroc.com\\\/produit\\\/couvre-bottes-tychem-2000-c-dupont-maroc\\\/#primaryimage\",\"url\":\"https:\\\/\\\/industriemaroc.com\\\/wp-content\\\/uploads\\\/2024\\\/01\\\/1-8.jpg\",\"contentUrl\":\"https:\\\/\\\/industriemaroc.com\\\/wp-content\\\/uploads\\\/2024\\\/01\\\/1-8.jpg\",\"width\":458,\"height\":458},{\"@type\":\"BreadcrumbList\",\"@id\":\"https:\\\/\\\/industriemaroc.com\\\/produit\\\/couvre-bottes-tychem-2000-c-dupont-maroc\\\/#breadcrumb\",\"itemListElement\":[{\"@type\":\"ListItem\",\"position\":1,\"name\":\"Home\",\"item\":\"https:\\\/\\\/industriemaroc.com\\\/\"},{\"@type\":\"ListItem\",\"position\":2,\"name\":\"Shop\",\"item\":\"https:\\\/\\\/industriemaroc.com\\\/shop\\\/\"},{\"@type\":\"ListItem\",\"position\":3,\"name\":\"Couvre-bottes Tychem 2000 C &#8211; DuPont\u2122\"}]},{\"@type\":\"WebSite\",\"@id\":\"https:\\\/\\\/industriemaroc.com\\\/#website\",\"url\":\"https:\\\/\\\/industriemaroc.com\\\/\",\"name\":\"Industrie Maroc Online\",\"description\":\"Plateforme B2B de mat\u00e9riel professionnel au Maroc\",\"publisher\":{\"@id\":\"https:\\\/\\\/industriemaroc.com\\\/#organization\"},\"potentialAction\":[{\"@type\":\"SearchAction\",\"target\":{\"@type\":\"EntryPoint\",\"urlTemplate\":\"https:\\\/\\\/industriemaroc.com\\\/?s={search_term_string}\"},\"query-input\":{\"@type\":\"PropertyValueSpecification\",\"valueRequired\":true,\"valueName\":\"search_term_string\"}}],\"inLanguage\":\"en-US\"},{\"@type\":\"Organization\",\"@id\":\"https:\\\/\\\/industriemaroc.com\\\/#organization\",\"name\":\"industriemaroc.com\",\"url\":\"https:\\\/\\\/industriemaroc.com\\\/\",\"logo\":{\"@type\":\"ImageObject\",\"inLanguage\":\"en-US\",\"@id\":\"https:\\\/\\\/industriemaroc.com\\\/#\\\/schema\\\/logo\\\/image\\\/\",\"url\":\"https:\\\/\\\/industriemaroc.com\\\/wp-content\\\/uploads\\\/2024\\\/04\\\/IM.jpg\",\"contentUrl\":\"https:\\\/\\\/industriemaroc.com\\\/wp-content\\\/uploads\\\/2024\\\/04\\\/IM.jpg\",\"width\":2500,\"height\":2500,\"caption\":\"industriemaroc.com\"},\"image\":{\"@id\":\"https:\\\/\\\/industriemaroc.com\\\/#\\\/schema\\\/logo\\\/image\\\/\"}}]}<\/script>\n<!-- \/ Yoast SEO plugin. -->","yoast_head_json":{"title":"Couvre-bottes Tychem DuPont 2000 C au Maroc","description":"D\u00e9couvrez les couvre-bottes Tychem DuPont au Maroc : protection contre les produits chimiques pour les professionnels. Commandez sur industriemaroc.com !","robots":{"index":"index","follow":"follow","max-snippet":"max-snippet:-1","max-image-preview":"max-image-preview:large","max-video-preview":"max-video-preview:-1"},"canonical":"https:\/\/industriemaroc.com\/en\/product\/couvre-bottes-tychem-2000-c-dupont-maroc\/","og_locale":"en_US","og_type":"article","og_title":"Couvre-bottes Tychem DuPont 2000 C au Maroc","og_description":"D\u00e9couvrez les couvre-bottes Tychem DuPont au Maroc : protection contre les produits chimiques pour les professionnels. Commandez sur industriemaroc.com !","og_url":"https:\/\/industriemaroc.com\/en\/product\/couvre-bottes-tychem-2000-c-dupont-maroc\/","og_site_name":"Industrie Maroc Online","article_modified_time":"2025-02-06T14:57:33+00:00","og_image":[{"width":458,"height":458,"url":"https:\/\/industriemaroc.com\/wp-content\/uploads\/2024\/01\/1-8.jpg","type":"image\/jpeg"}],"twitter_card":"summary_large_image","twitter_misc":{"Est. reading time":"1 minute"},"schema":{"@context":"https:\/\/schema.org","@graph":[{"@type":"WebPage","@id":"https:\/\/industriemaroc.com\/produit\/couvre-bottes-tychem-2000-c-dupont-maroc\/","url":"https:\/\/industriemaroc.com\/produit\/couvre-bottes-tychem-2000-c-dupont-maroc\/","name":"Couvre-bottes Tychem DuPont 2000 C au Maroc","isPartOf":{"@id":"https:\/\/industriemaroc.com\/#website"},"primaryImageOfPage":{"@id":"https:\/\/industriemaroc.com\/produit\/couvre-bottes-tychem-2000-c-dupont-maroc\/#primaryimage"},"image":{"@id":"https:\/\/industriemaroc.com\/produit\/couvre-bottes-tychem-2000-c-dupont-maroc\/#primaryimage"},"thumbnailUrl":"https:\/\/industriemaroc.com\/wp-content\/uploads\/2024\/01\/1-8.jpg","datePublished":"2024-01-17T19:49:33+00:00","dateModified":"2025-02-06T14:57:33+00:00","description":"D\u00e9couvrez les couvre-bottes Tychem DuPont au Maroc : protection contre les produits chimiques pour les professionnels. Commandez sur industriemaroc.com !","breadcrumb":{"@id":"https:\/\/industriemaroc.com\/produit\/couvre-bottes-tychem-2000-c-dupont-maroc\/#breadcrumb"},"inLanguage":"en-US","potentialAction":[{"@type":"ReadAction","target":["https:\/\/industriemaroc.com\/produit\/couvre-bottes-tychem-2000-c-dupont-maroc\/"]}]},{"@type":"ImageObject","inLanguage":"en-US","@id":"https:\/\/industriemaroc.com\/produit\/couvre-bottes-tychem-2000-c-dupont-maroc\/#primaryimage","url":"https:\/\/industriemaroc.com\/wp-content\/uploads\/2024\/01\/1-8.jpg","contentUrl":"https:\/\/industriemaroc.com\/wp-content\/uploads\/2024\/01\/1-8.jpg","width":458,"height":458},{"@type":"BreadcrumbList","@id":"https:\/\/industriemaroc.com\/produit\/couvre-bottes-tychem-2000-c-dupont-maroc\/#breadcrumb","itemListElement":[{"@type":"ListItem","position":1,"name":"Home","item":"https:\/\/industriemaroc.com\/"},{"@type":"ListItem","position":2,"name":"Shop","item":"https:\/\/industriemaroc.com\/shop\/"},{"@type":"ListItem","position":3,"name":"Couvre-bottes Tychem 2000 C &#8211; DuPont\u2122"}]},{"@type":"WebSite","@id":"https:\/\/industriemaroc.com\/#website","url":"https:\/\/industriemaroc.com\/","name":"Industrie Maroc Online","description":"Plateforme B2B de mat\u00e9riel professionnel au Maroc","publisher":{"@id":"https:\/\/industriemaroc.com\/#organization"},"potentialAction":[{"@type":"SearchAction","target":{"@type":"EntryPoint","urlTemplate":"https:\/\/industriemaroc.com\/?s={search_term_string}"},"query-input":{"@type":"PropertyValueSpecification","valueRequired":true,"valueName":"search_term_string"}}],"inLanguage":"en-US"},{"@type":"Organization","@id":"https:\/\/industriemaroc.com\/#organization","name":"industriemaroc.com","url":"https:\/\/industriemaroc.com\/","logo":{"@type":"ImageObject","inLanguage":"en-US","@id":"https:\/\/industriemaroc.com\/#\/schema\/logo\/image\/","url":"https:\/\/industriemaroc.com\/wp-content\/uploads\/2024\/04\/IM.jpg","contentUrl":"https:\/\/industriemaroc.com\/wp-content\/uploads\/2024\/04\/IM.jpg","width":2500,"height":2500,"caption":"industriemaroc.com"},"image":{"@id":"https:\/\/industriemaroc.com\/#\/schema\/logo\/image\/"}}]}},"_links":{"self":[{"href":"https:\/\/industriemaroc.com\/en\/wp-json\/wp\/v2\/product\/20238","targetHints":{"allow":["GET"]}}],"collection":[{"href":"https:\/\/industriemaroc.com\/en\/wp-json\/wp\/v2\/product"}],"about":[{"href":"https:\/\/industriemaroc.com\/en\/wp-json\/wp\/v2\/types\/product"}],"replies":[{"embeddable":true,"href":"https:\/\/industriemaroc.com\/en\/wp-json\/wp\/v2\/comments?post=20238"}],"version-history":[{"count":5,"href":"https:\/\/industriemaroc.com\/en\/wp-json\/wp\/v2\/product\/20238\/revisions"}],"predecessor-version":[{"id":23830,"href":"https:\/\/industriemaroc.com\/en\/wp-json\/wp\/v2\/product\/20238\/revisions\/23830"}],"wp:featuredmedia":[{"embeddable":true,"href":"https:\/\/industriemaroc.com\/en\/wp-json\/wp\/v2\/media\/20239"}],"wp:attachment":[{"href":"https:\/\/industriemaroc.com\/en\/wp-json\/wp\/v2\/media?parent=20238"}],"wp:term":[{"taxonomy":"product_brand","embeddable":true,"href":"https:\/\/industriemaroc.com\/en\/wp-json\/wp\/v2\/product_brand?post=20238"},{"taxonomy":"product_cat","embeddable":true,"href":"https:\/\/industriemaroc.com\/en\/wp-json\/wp\/v2\/product_cat?post=20238"},{"taxonomy":"product_tag","embeddable":true,"href":"https:\/\/industriemaroc.com\/en\/wp-json\/wp\/v2\/product_tag?post=20238"}],"curies":[{"name":"wp","href":"https:\/\/api.w.org\/{rel}","templated":true}]}}