{"id":20698,"date":"2024-04-24T11:51:52","date_gmt":"2024-04-24T09:51:52","guid":{"rendered":"https:\/\/industriemaroc.com\/?post_type=product&#038;p=20698"},"modified":"2024-09-09T19:42:19","modified_gmt":"2024-09-09T17:42:19","slug":"balais-vert","status":"publish","type":"product","link":"https:\/\/industriemaroc.com\/en\/product\/balais-vert\/","title":{"rendered":"Balai Vert &#8211; Couleur Vert"},"content":{"rendered":"<ul>\n<li>Balai Couleur Vert.<\/li>\n<li>Disponible en plusieurs couleurs.<\/li>\n<li>Con\u00e7u pour balayer efficacement les sols et \u00e9liminer la poussi\u00e8re.<\/li>\n<li>Parfait pour un nettoyage quotidien rapide et pratique.<\/li>\n<\/ul>","protected":false},"excerpt":{"rendered":"<ul>\n<li>Balai Couleur Vert.<\/li>\n<li>Con\u00e7u pour balayer efficacement les sols et \u00e9liminer la poussi\u00e8re.<\/li>\n<li>Parfait pour un nettoyage quotidien rapide et pratique.<\/li>\n<\/ul>","protected":false},"featured_media":20699,"comment_status":"open","ping_status":"closed","template":"","meta":{"om_disable_all_campaigns":false,"_monsterinsights_skip_tracking":false,"_monsterinsights_sitenote_active":false,"_monsterinsights_sitenote_note":"","_monsterinsights_sitenote_category":0,"_uf_show_specific_survey":0,"_uf_disable_surveys":false,"_joinchat":[]},"product_brand":[],"product_cat":[1204,782,674],"product_tag":[],"class_list":{"0":"post-20698","1":"product","2":"type-product","3":"status-publish","4":"has-post-thumbnail","6":"product_cat-balai","7":"product_cat-equipement-nettoyage","8":"product_cat-hygiene","10":"first","11":"instock","12":"taxable","13":"shipping-taxable","14":"product-type-simple"},"yoast_head":"<!-- This site is optimized with the Yoast SEO plugin v27.4 - https:\/\/yoast.com\/product\/yoast-seo-wordpress\/ -->\n<title>Balai Vert - Couleur Vert - Industrie Maroc Online<\/title>\n<meta name=\"description\" content=\"Balai Couleur Vert.  Con\u00e7u pour balayer efficacement les sols et \u00e9liminer la poussi\u00e8re.  Parfait pour un nettoyage quotidien rapide et pratique.\" \/>\n<meta name=\"robots\" content=\"index, follow, max-snippet:-1, max-image-preview:large, max-video-preview:-1\" \/>\n<link rel=\"canonical\" href=\"https:\/\/industriemaroc.com\/en\/product\/balais-vert\/\" \/>\n<meta property=\"og:locale\" content=\"en_US\" \/>\n<meta property=\"og:type\" content=\"article\" \/>\n<meta property=\"og:title\" content=\"Balai Vert - Couleur Vert - Industrie Maroc Online\" \/>\n<meta property=\"og:description\" content=\"Balai Couleur Vert.  Con\u00e7u pour balayer efficacement les sols et \u00e9liminer la poussi\u00e8re.  Parfait pour un nettoyage quotidien rapide et pratique.\" \/>\n<meta property=\"og:url\" content=\"https:\/\/industriemaroc.com\/en\/product\/balais-vert\/\" \/>\n<meta property=\"og:site_name\" content=\"Industrie Maroc Online\" \/>\n<meta property=\"article:modified_time\" content=\"2024-09-09T17:42:19+00:00\" \/>\n<meta property=\"og:image\" content=\"https:\/\/industriemaroc.com\/wp-content\/uploads\/2024\/04\/BALAIS-VERT-N.png\" \/>\n\t<meta property=\"og:image:width\" content=\"700\" \/>\n\t<meta property=\"og:image:height\" content=\"700\" \/>\n\t<meta property=\"og:image:type\" content=\"image\/png\" \/>\n<meta name=\"twitter:card\" content=\"summary_large_image\" \/>\n<script type=\"application\/ld+json\" class=\"yoast-schema-graph\">{\"@context\":\"https:\\\/\\\/schema.org\",\"@graph\":[{\"@type\":\"WebPage\",\"@id\":\"https:\\\/\\\/industriemaroc.com\\\/produit\\\/balais-vert\\\/\",\"url\":\"https:\\\/\\\/industriemaroc.com\\\/produit\\\/balais-vert\\\/\",\"name\":\"Balai Vert - Couleur Vert - Industrie Maroc Online\",\"isPartOf\":{\"@id\":\"https:\\\/\\\/industriemaroc.com\\\/#website\"},\"primaryImageOfPage\":{\"@id\":\"https:\\\/\\\/industriemaroc.com\\\/produit\\\/balais-vert\\\/#primaryimage\"},\"image\":{\"@id\":\"https:\\\/\\\/industriemaroc.com\\\/produit\\\/balais-vert\\\/#primaryimage\"},\"thumbnailUrl\":\"https:\\\/\\\/industriemaroc.com\\\/wp-content\\\/uploads\\\/2024\\\/04\\\/BALAIS-VERT-N.png\",\"datePublished\":\"2024-04-24T09:51:52+00:00\",\"dateModified\":\"2024-09-09T17:42:19+00:00\",\"description\":\"Balai Couleur Vert. Con\u00e7u pour balayer efficacement les sols et \u00e9liminer la poussi\u00e8re. Parfait pour un nettoyage quotidien rapide et pratique.\",\"breadcrumb\":{\"@id\":\"https:\\\/\\\/industriemaroc.com\\\/produit\\\/balais-vert\\\/#breadcrumb\"},\"inLanguage\":\"en-US\",\"potentialAction\":[{\"@type\":\"ReadAction\",\"target\":[\"https:\\\/\\\/industriemaroc.com\\\/produit\\\/balais-vert\\\/\"]}]},{\"@type\":\"ImageObject\",\"inLanguage\":\"en-US\",\"@id\":\"https:\\\/\\\/industriemaroc.com\\\/produit\\\/balais-vert\\\/#primaryimage\",\"url\":\"https:\\\/\\\/industriemaroc.com\\\/wp-content\\\/uploads\\\/2024\\\/04\\\/BALAIS-VERT-N.png\",\"contentUrl\":\"https:\\\/\\\/industriemaroc.com\\\/wp-content\\\/uploads\\\/2024\\\/04\\\/BALAIS-VERT-N.png\",\"width\":700,\"height\":700},{\"@type\":\"BreadcrumbList\",\"@id\":\"https:\\\/\\\/industriemaroc.com\\\/produit\\\/balais-vert\\\/#breadcrumb\",\"itemListElement\":[{\"@type\":\"ListItem\",\"position\":1,\"name\":\"Home\",\"item\":\"https:\\\/\\\/industriemaroc.com\\\/\"},{\"@type\":\"ListItem\",\"position\":2,\"name\":\"Shop\",\"item\":\"https:\\\/\\\/industriemaroc.com\\\/shop\\\/\"},{\"@type\":\"ListItem\",\"position\":3,\"name\":\"Balai Vert &#8211; Couleur Vert\"}]},{\"@type\":\"WebSite\",\"@id\":\"https:\\\/\\\/industriemaroc.com\\\/#website\",\"url\":\"https:\\\/\\\/industriemaroc.com\\\/\",\"name\":\"Industrie Maroc Online\",\"description\":\"Plateforme B2B de mat\u00e9riel professionnel au Maroc\",\"publisher\":{\"@id\":\"https:\\\/\\\/industriemaroc.com\\\/#organization\"},\"potentialAction\":[{\"@type\":\"SearchAction\",\"target\":{\"@type\":\"EntryPoint\",\"urlTemplate\":\"https:\\\/\\\/industriemaroc.com\\\/?s={search_term_string}\"},\"query-input\":{\"@type\":\"PropertyValueSpecification\",\"valueRequired\":true,\"valueName\":\"search_term_string\"}}],\"inLanguage\":\"en-US\"},{\"@type\":\"Organization\",\"@id\":\"https:\\\/\\\/industriemaroc.com\\\/#organization\",\"name\":\"industriemaroc.com\",\"url\":\"https:\\\/\\\/industriemaroc.com\\\/\",\"logo\":{\"@type\":\"ImageObject\",\"inLanguage\":\"en-US\",\"@id\":\"https:\\\/\\\/industriemaroc.com\\\/#\\\/schema\\\/logo\\\/image\\\/\",\"url\":\"https:\\\/\\\/industriemaroc.com\\\/wp-content\\\/uploads\\\/2024\\\/04\\\/IM.jpg\",\"contentUrl\":\"https:\\\/\\\/industriemaroc.com\\\/wp-content\\\/uploads\\\/2024\\\/04\\\/IM.jpg\",\"width\":2500,\"height\":2500,\"caption\":\"industriemaroc.com\"},\"image\":{\"@id\":\"https:\\\/\\\/industriemaroc.com\\\/#\\\/schema\\\/logo\\\/image\\\/\"}}]}<\/script>\n<!-- \/ Yoast SEO plugin. -->","yoast_head_json":{"title":"Balai Vert - Couleur Vert - Industrie Maroc Online","description":"Balai Couleur Vert.  Con\u00e7u pour balayer efficacement les sols et \u00e9liminer la poussi\u00e8re.  Parfait pour un nettoyage quotidien rapide et pratique.","robots":{"index":"index","follow":"follow","max-snippet":"max-snippet:-1","max-image-preview":"max-image-preview:large","max-video-preview":"max-video-preview:-1"},"canonical":"https:\/\/industriemaroc.com\/en\/product\/balais-vert\/","og_locale":"en_US","og_type":"article","og_title":"Balai Vert - Couleur Vert - Industrie Maroc Online","og_description":"Balai Couleur Vert.  Con\u00e7u pour balayer efficacement les sols et \u00e9liminer la poussi\u00e8re.  Parfait pour un nettoyage quotidien rapide et pratique.","og_url":"https:\/\/industriemaroc.com\/en\/product\/balais-vert\/","og_site_name":"Industrie Maroc Online","article_modified_time":"2024-09-09T17:42:19+00:00","og_image":[{"width":700,"height":700,"url":"https:\/\/industriemaroc.com\/wp-content\/uploads\/2024\/04\/BALAIS-VERT-N.png","type":"image\/png"}],"twitter_card":"summary_large_image","schema":{"@context":"https:\/\/schema.org","@graph":[{"@type":"WebPage","@id":"https:\/\/industriemaroc.com\/produit\/balais-vert\/","url":"https:\/\/industriemaroc.com\/produit\/balais-vert\/","name":"Balai Vert - Couleur Vert - Industrie Maroc Online","isPartOf":{"@id":"https:\/\/industriemaroc.com\/#website"},"primaryImageOfPage":{"@id":"https:\/\/industriemaroc.com\/produit\/balais-vert\/#primaryimage"},"image":{"@id":"https:\/\/industriemaroc.com\/produit\/balais-vert\/#primaryimage"},"thumbnailUrl":"https:\/\/industriemaroc.com\/wp-content\/uploads\/2024\/04\/BALAIS-VERT-N.png","datePublished":"2024-04-24T09:51:52+00:00","dateModified":"2024-09-09T17:42:19+00:00","description":"Balai Couleur Vert. Con\u00e7u pour balayer efficacement les sols et \u00e9liminer la poussi\u00e8re. Parfait pour un nettoyage quotidien rapide et pratique.","breadcrumb":{"@id":"https:\/\/industriemaroc.com\/produit\/balais-vert\/#breadcrumb"},"inLanguage":"en-US","potentialAction":[{"@type":"ReadAction","target":["https:\/\/industriemaroc.com\/produit\/balais-vert\/"]}]},{"@type":"ImageObject","inLanguage":"en-US","@id":"https:\/\/industriemaroc.com\/produit\/balais-vert\/#primaryimage","url":"https:\/\/industriemaroc.com\/wp-content\/uploads\/2024\/04\/BALAIS-VERT-N.png","contentUrl":"https:\/\/industriemaroc.com\/wp-content\/uploads\/2024\/04\/BALAIS-VERT-N.png","width":700,"height":700},{"@type":"BreadcrumbList","@id":"https:\/\/industriemaroc.com\/produit\/balais-vert\/#breadcrumb","itemListElement":[{"@type":"ListItem","position":1,"name":"Home","item":"https:\/\/industriemaroc.com\/"},{"@type":"ListItem","position":2,"name":"Shop","item":"https:\/\/industriemaroc.com\/shop\/"},{"@type":"ListItem","position":3,"name":"Balai Vert &#8211; Couleur Vert"}]},{"@type":"WebSite","@id":"https:\/\/industriemaroc.com\/#website","url":"https:\/\/industriemaroc.com\/","name":"Industrie Maroc Online","description":"Plateforme B2B de mat\u00e9riel professionnel au Maroc","publisher":{"@id":"https:\/\/industriemaroc.com\/#organization"},"potentialAction":[{"@type":"SearchAction","target":{"@type":"EntryPoint","urlTemplate":"https:\/\/industriemaroc.com\/?s={search_term_string}"},"query-input":{"@type":"PropertyValueSpecification","valueRequired":true,"valueName":"search_term_string"}}],"inLanguage":"en-US"},{"@type":"Organization","@id":"https:\/\/industriemaroc.com\/#organization","name":"industriemaroc.com","url":"https:\/\/industriemaroc.com\/","logo":{"@type":"ImageObject","inLanguage":"en-US","@id":"https:\/\/industriemaroc.com\/#\/schema\/logo\/image\/","url":"https:\/\/industriemaroc.com\/wp-content\/uploads\/2024\/04\/IM.jpg","contentUrl":"https:\/\/industriemaroc.com\/wp-content\/uploads\/2024\/04\/IM.jpg","width":2500,"height":2500,"caption":"industriemaroc.com"},"image":{"@id":"https:\/\/industriemaroc.com\/#\/schema\/logo\/image\/"}}]}},"_links":{"self":[{"href":"https:\/\/industriemaroc.com\/en\/wp-json\/wp\/v2\/product\/20698","targetHints":{"allow":["GET"]}}],"collection":[{"href":"https:\/\/industriemaroc.com\/en\/wp-json\/wp\/v2\/product"}],"about":[{"href":"https:\/\/industriemaroc.com\/en\/wp-json\/wp\/v2\/types\/product"}],"replies":[{"embeddable":true,"href":"https:\/\/industriemaroc.com\/en\/wp-json\/wp\/v2\/comments?post=20698"}],"version-history":[{"count":4,"href":"https:\/\/industriemaroc.com\/en\/wp-json\/wp\/v2\/product\/20698\/revisions"}],"predecessor-version":[{"id":22749,"href":"https:\/\/industriemaroc.com\/en\/wp-json\/wp\/v2\/product\/20698\/revisions\/22749"}],"wp:featuredmedia":[{"embeddable":true,"href":"https:\/\/industriemaroc.com\/en\/wp-json\/wp\/v2\/media\/20699"}],"wp:attachment":[{"href":"https:\/\/industriemaroc.com\/en\/wp-json\/wp\/v2\/media?parent=20698"}],"wp:term":[{"taxonomy":"product_brand","embeddable":true,"href":"https:\/\/industriemaroc.com\/en\/wp-json\/wp\/v2\/product_brand?post=20698"},{"taxonomy":"product_cat","embeddable":true,"href":"https:\/\/industriemaroc.com\/en\/wp-json\/wp\/v2\/product_cat?post=20698"},{"taxonomy":"product_tag","embeddable":true,"href":"https:\/\/industriemaroc.com\/en\/wp-json\/wp\/v2\/product_tag?post=20698"}],"curies":[{"name":"wp","href":"https:\/\/api.w.org\/{rel}","templated":true}]}}