{"id":20914,"date":"2024-05-16T22:55:04","date_gmt":"2024-05-16T20:55:04","guid":{"rendered":"https:\/\/industriemaroc.com\/?post_type=product&#038;p=20914"},"modified":"2024-09-19T20:42:15","modified_gmt":"2024-09-19T18:42:15","slug":"trombones-chromes","status":"publish","type":"product","link":"https:\/\/industriemaroc.com\/en\/product\/trombones-chromes\/","title":{"rendered":"Trombones chrom\u00e9s &#8211; Fourniture Bureau"},"content":{"rendered":"<ul>\n<li>Conf\u00e8re un aspect \u00e9l\u00e9gant et professionnel.<\/li>\n<li>Maintenir ensemble plusieurs feuilles de papier sans perforation.<\/li>\n<\/ul>","protected":false},"excerpt":{"rendered":"<ul>\n<li>Attaches en m\u00e9tal avec une finition brillante.<\/li>\n<li>offrant une solution pratique et esth\u00e9tique pour l&rsquo;organisation des documents.<\/li>\n<\/ul>","protected":false},"featured_media":20919,"comment_status":"open","ping_status":"closed","template":"","meta":{"om_disable_all_campaigns":false,"_monsterinsights_skip_tracking":false,"_monsterinsights_sitenote_active":false,"_monsterinsights_sitenote_note":"","_monsterinsights_sitenote_category":0,"_uf_show_specific_survey":0,"_uf_disable_surveys":false,"_joinchat":[]},"product_brand":[],"product_cat":[675,813,917],"product_tag":[],"class_list":{"0":"post-20914","1":"product","2":"type-product","3":"status-publish","4":"has-post-thumbnail","6":"product_cat-fournitures-de-bureau","7":"product_cat-fourniture-de-bureau","8":"product_cat-trombones-chromes","10":"first","11":"instock","12":"taxable","13":"shipping-taxable","14":"product-type-simple"},"yoast_head":"<!-- This site is optimized with the Yoast SEO plugin v27.4 - https:\/\/yoast.com\/product\/yoast-seo-wordpress\/ -->\n<title>Trombones chrom\u00e9s - Fourniture Bureau - Industrie Maroc Online<\/title>\n<meta name=\"description\" content=\"Attaches en m\u00e9tal avec une finition brillante.  offrant une solution pratique et esth\u00e9tique pour l&#039;organisation des documents.\" \/>\n<meta name=\"robots\" content=\"index, follow, max-snippet:-1, max-image-preview:large, max-video-preview:-1\" \/>\n<link rel=\"canonical\" href=\"https:\/\/industriemaroc.com\/en\/product\/trombones-chromes\/\" \/>\n<meta property=\"og:locale\" content=\"en_US\" \/>\n<meta property=\"og:type\" content=\"article\" \/>\n<meta property=\"og:title\" content=\"Trombones chrom\u00e9s - Fourniture Bureau - Industrie Maroc Online\" \/>\n<meta property=\"og:description\" content=\"Attaches en m\u00e9tal avec une finition brillante.  offrant une solution pratique et esth\u00e9tique pour l&#039;organisation des documents.\" \/>\n<meta property=\"og:url\" content=\"https:\/\/industriemaroc.com\/en\/product\/trombones-chromes\/\" \/>\n<meta property=\"og:site_name\" content=\"Industrie Maroc Online\" \/>\n<meta property=\"article:modified_time\" content=\"2024-09-19T18:42:15+00:00\" \/>\n<meta property=\"og:image\" content=\"https:\/\/industriemaroc.com\/wp-content\/uploads\/2024\/05\/1N-21.png\" \/>\n\t<meta property=\"og:image:width\" content=\"700\" \/>\n\t<meta property=\"og:image:height\" content=\"700\" \/>\n\t<meta property=\"og:image:type\" content=\"image\/png\" \/>\n<meta name=\"twitter:card\" content=\"summary_large_image\" \/>\n<script type=\"application\/ld+json\" class=\"yoast-schema-graph\">{\"@context\":\"https:\\\/\\\/schema.org\",\"@graph\":[{\"@type\":\"WebPage\",\"@id\":\"https:\\\/\\\/industriemaroc.com\\\/en\\\/product\\\/trombones-chromes\\\/\",\"url\":\"https:\\\/\\\/industriemaroc.com\\\/en\\\/product\\\/trombones-chromes\\\/\",\"name\":\"Trombones chrom\u00e9s - Fourniture Bureau - Industrie Maroc Online\",\"isPartOf\":{\"@id\":\"https:\\\/\\\/industriemaroc.com\\\/#website\"},\"primaryImageOfPage\":{\"@id\":\"https:\\\/\\\/industriemaroc.com\\\/en\\\/product\\\/trombones-chromes\\\/#primaryimage\"},\"image\":{\"@id\":\"https:\\\/\\\/industriemaroc.com\\\/en\\\/product\\\/trombones-chromes\\\/#primaryimage\"},\"thumbnailUrl\":\"https:\\\/\\\/industriemaroc.com\\\/wp-content\\\/uploads\\\/2024\\\/05\\\/1N-21.png\",\"datePublished\":\"2024-05-16T20:55:04+00:00\",\"dateModified\":\"2024-09-19T18:42:15+00:00\",\"description\":\"Attaches en m\u00e9tal avec une finition brillante. offrant une solution pratique et esth\u00e9tique pour l'organisation des documents.\",\"breadcrumb\":{\"@id\":\"https:\\\/\\\/industriemaroc.com\\\/en\\\/product\\\/trombones-chromes\\\/#breadcrumb\"},\"inLanguage\":\"en-US\",\"potentialAction\":[{\"@type\":\"ReadAction\",\"target\":[\"https:\\\/\\\/industriemaroc.com\\\/en\\\/product\\\/trombones-chromes\\\/\"]}]},{\"@type\":\"ImageObject\",\"inLanguage\":\"en-US\",\"@id\":\"https:\\\/\\\/industriemaroc.com\\\/en\\\/product\\\/trombones-chromes\\\/#primaryimage\",\"url\":\"https:\\\/\\\/industriemaroc.com\\\/wp-content\\\/uploads\\\/2024\\\/05\\\/1N-21.png\",\"contentUrl\":\"https:\\\/\\\/industriemaroc.com\\\/wp-content\\\/uploads\\\/2024\\\/05\\\/1N-21.png\",\"width\":700,\"height\":700},{\"@type\":\"BreadcrumbList\",\"@id\":\"https:\\\/\\\/industriemaroc.com\\\/en\\\/product\\\/trombones-chromes\\\/#breadcrumb\",\"itemListElement\":[{\"@type\":\"ListItem\",\"position\":1,\"name\":\"Home\",\"item\":\"https:\\\/\\\/industriemaroc.com\\\/\"},{\"@type\":\"ListItem\",\"position\":2,\"name\":\"Shop\",\"item\":\"https:\\\/\\\/industriemaroc.com\\\/shop\\\/\"},{\"@type\":\"ListItem\",\"position\":3,\"name\":\"Trombones chrom\u00e9s &#8211; Fourniture Bureau\"}]},{\"@type\":\"WebSite\",\"@id\":\"https:\\\/\\\/industriemaroc.com\\\/#website\",\"url\":\"https:\\\/\\\/industriemaroc.com\\\/\",\"name\":\"Industrie Maroc Online\",\"description\":\"Plateforme B2B de mat\u00e9riel professionnel au Maroc\",\"publisher\":{\"@id\":\"https:\\\/\\\/industriemaroc.com\\\/#organization\"},\"potentialAction\":[{\"@type\":\"SearchAction\",\"target\":{\"@type\":\"EntryPoint\",\"urlTemplate\":\"https:\\\/\\\/industriemaroc.com\\\/?s={search_term_string}\"},\"query-input\":{\"@type\":\"PropertyValueSpecification\",\"valueRequired\":true,\"valueName\":\"search_term_string\"}}],\"inLanguage\":\"en-US\"},{\"@type\":\"Organization\",\"@id\":\"https:\\\/\\\/industriemaroc.com\\\/#organization\",\"name\":\"industriemaroc.com\",\"url\":\"https:\\\/\\\/industriemaroc.com\\\/\",\"logo\":{\"@type\":\"ImageObject\",\"inLanguage\":\"en-US\",\"@id\":\"https:\\\/\\\/industriemaroc.com\\\/#\\\/schema\\\/logo\\\/image\\\/\",\"url\":\"https:\\\/\\\/industriemaroc.com\\\/wp-content\\\/uploads\\\/2024\\\/04\\\/IM.jpg\",\"contentUrl\":\"https:\\\/\\\/industriemaroc.com\\\/wp-content\\\/uploads\\\/2024\\\/04\\\/IM.jpg\",\"width\":2500,\"height\":2500,\"caption\":\"industriemaroc.com\"},\"image\":{\"@id\":\"https:\\\/\\\/industriemaroc.com\\\/#\\\/schema\\\/logo\\\/image\\\/\"}}]}<\/script>\n<!-- \/ Yoast SEO plugin. -->","yoast_head_json":{"title":"Trombones chrom\u00e9s - Fourniture Bureau - Industrie Maroc Online","description":"Attaches en m\u00e9tal avec une finition brillante.  offrant une solution pratique et esth\u00e9tique pour l'organisation des documents.","robots":{"index":"index","follow":"follow","max-snippet":"max-snippet:-1","max-image-preview":"max-image-preview:large","max-video-preview":"max-video-preview:-1"},"canonical":"https:\/\/industriemaroc.com\/en\/product\/trombones-chromes\/","og_locale":"en_US","og_type":"article","og_title":"Trombones chrom\u00e9s - Fourniture Bureau - Industrie Maroc Online","og_description":"Attaches en m\u00e9tal avec une finition brillante.  offrant une solution pratique et esth\u00e9tique pour l'organisation des documents.","og_url":"https:\/\/industriemaroc.com\/en\/product\/trombones-chromes\/","og_site_name":"Industrie Maroc Online","article_modified_time":"2024-09-19T18:42:15+00:00","og_image":[{"width":700,"height":700,"url":"https:\/\/industriemaroc.com\/wp-content\/uploads\/2024\/05\/1N-21.png","type":"image\/png"}],"twitter_card":"summary_large_image","schema":{"@context":"https:\/\/schema.org","@graph":[{"@type":"WebPage","@id":"https:\/\/industriemaroc.com\/en\/product\/trombones-chromes\/","url":"https:\/\/industriemaroc.com\/en\/product\/trombones-chromes\/","name":"Trombones chrom\u00e9s - Fourniture Bureau - Industrie Maroc Online","isPartOf":{"@id":"https:\/\/industriemaroc.com\/#website"},"primaryImageOfPage":{"@id":"https:\/\/industriemaroc.com\/en\/product\/trombones-chromes\/#primaryimage"},"image":{"@id":"https:\/\/industriemaroc.com\/en\/product\/trombones-chromes\/#primaryimage"},"thumbnailUrl":"https:\/\/industriemaroc.com\/wp-content\/uploads\/2024\/05\/1N-21.png","datePublished":"2024-05-16T20:55:04+00:00","dateModified":"2024-09-19T18:42:15+00:00","description":"Attaches en m\u00e9tal avec une finition brillante. offrant une solution pratique et esth\u00e9tique pour l'organisation des documents.","breadcrumb":{"@id":"https:\/\/industriemaroc.com\/en\/product\/trombones-chromes\/#breadcrumb"},"inLanguage":"en-US","potentialAction":[{"@type":"ReadAction","target":["https:\/\/industriemaroc.com\/en\/product\/trombones-chromes\/"]}]},{"@type":"ImageObject","inLanguage":"en-US","@id":"https:\/\/industriemaroc.com\/en\/product\/trombones-chromes\/#primaryimage","url":"https:\/\/industriemaroc.com\/wp-content\/uploads\/2024\/05\/1N-21.png","contentUrl":"https:\/\/industriemaroc.com\/wp-content\/uploads\/2024\/05\/1N-21.png","width":700,"height":700},{"@type":"BreadcrumbList","@id":"https:\/\/industriemaroc.com\/en\/product\/trombones-chromes\/#breadcrumb","itemListElement":[{"@type":"ListItem","position":1,"name":"Home","item":"https:\/\/industriemaroc.com\/"},{"@type":"ListItem","position":2,"name":"Shop","item":"https:\/\/industriemaroc.com\/shop\/"},{"@type":"ListItem","position":3,"name":"Trombones chrom\u00e9s &#8211; Fourniture Bureau"}]},{"@type":"WebSite","@id":"https:\/\/industriemaroc.com\/#website","url":"https:\/\/industriemaroc.com\/","name":"Industrie Maroc Online","description":"Plateforme B2B de mat\u00e9riel professionnel au Maroc","publisher":{"@id":"https:\/\/industriemaroc.com\/#organization"},"potentialAction":[{"@type":"SearchAction","target":{"@type":"EntryPoint","urlTemplate":"https:\/\/industriemaroc.com\/?s={search_term_string}"},"query-input":{"@type":"PropertyValueSpecification","valueRequired":true,"valueName":"search_term_string"}}],"inLanguage":"en-US"},{"@type":"Organization","@id":"https:\/\/industriemaroc.com\/#organization","name":"industriemaroc.com","url":"https:\/\/industriemaroc.com\/","logo":{"@type":"ImageObject","inLanguage":"en-US","@id":"https:\/\/industriemaroc.com\/#\/schema\/logo\/image\/","url":"https:\/\/industriemaroc.com\/wp-content\/uploads\/2024\/04\/IM.jpg","contentUrl":"https:\/\/industriemaroc.com\/wp-content\/uploads\/2024\/04\/IM.jpg","width":2500,"height":2500,"caption":"industriemaroc.com"},"image":{"@id":"https:\/\/industriemaroc.com\/#\/schema\/logo\/image\/"}}]}},"_links":{"self":[{"href":"https:\/\/industriemaroc.com\/en\/wp-json\/wp\/v2\/product\/20914","targetHints":{"allow":["GET"]}}],"collection":[{"href":"https:\/\/industriemaroc.com\/en\/wp-json\/wp\/v2\/product"}],"about":[{"href":"https:\/\/industriemaroc.com\/en\/wp-json\/wp\/v2\/types\/product"}],"replies":[{"embeddable":true,"href":"https:\/\/industriemaroc.com\/en\/wp-json\/wp\/v2\/comments?post=20914"}],"version-history":[{"count":3,"href":"https:\/\/industriemaroc.com\/en\/wp-json\/wp\/v2\/product\/20914\/revisions"}],"predecessor-version":[{"id":23512,"href":"https:\/\/industriemaroc.com\/en\/wp-json\/wp\/v2\/product\/20914\/revisions\/23512"}],"wp:featuredmedia":[{"embeddable":true,"href":"https:\/\/industriemaroc.com\/en\/wp-json\/wp\/v2\/media\/20919"}],"wp:attachment":[{"href":"https:\/\/industriemaroc.com\/en\/wp-json\/wp\/v2\/media?parent=20914"}],"wp:term":[{"taxonomy":"product_brand","embeddable":true,"href":"https:\/\/industriemaroc.com\/en\/wp-json\/wp\/v2\/product_brand?post=20914"},{"taxonomy":"product_cat","embeddable":true,"href":"https:\/\/industriemaroc.com\/en\/wp-json\/wp\/v2\/product_cat?post=20914"},{"taxonomy":"product_tag","embeddable":true,"href":"https:\/\/industriemaroc.com\/en\/wp-json\/wp\/v2\/product_tag?post=20914"}],"curies":[{"name":"wp","href":"https:\/\/api.w.org\/{rel}","templated":true}]}}