{"id":21069,"date":"2024-05-20T17:18:27","date_gmt":"2024-05-20T15:18:27","guid":{"rendered":"https:\/\/industriemaroc.com\/?post_type=product&#038;p=21069"},"modified":"2024-09-19T18:21:23","modified_gmt":"2024-09-19T16:21:23","slug":"corbeille-metallique-a-papier","status":"publish","type":"product","link":"https:\/\/industriemaroc.com\/en\/product\/corbeille-metallique-a-papier\/","title":{"rendered":"Corbeille m\u00e9tallique \u00e0 papier"},"content":{"rendered":"<ul>\n<li>Pratique pour les bureaux ou les espaces de travail.<\/li>\n<li>Facilite le recyclage et l&rsquo;organisation des d\u00e9chets.<\/li>\n<\/ul>","protected":false},"excerpt":{"rendered":"<ul>\n<li>Conteneur ouvert con\u00e7u pour collecter les d\u00e9chets en papier.<\/li>\n<li>Offrant une bonne a\u00e9ration et une esth\u00e9tique minimaliste.<\/li>\n<\/ul>","protected":false},"featured_media":21082,"comment_status":"open","ping_status":"closed","template":"","meta":{"om_disable_all_campaigns":false,"_monsterinsights_skip_tracking":false,"_monsterinsights_sitenote_active":false,"_monsterinsights_sitenote_note":"","_monsterinsights_sitenote_category":0,"_uf_show_specific_survey":0,"_uf_disable_surveys":false,"_joinchat":[]},"product_brand":[],"product_cat":[809,823,675],"product_tag":[],"class_list":{"0":"post-21069","1":"product","2":"type-product","3":"status-publish","4":"has-post-thumbnail","6":"product_cat-amenagement-de-bureau","7":"product_cat-corbeille-a-papier","8":"product_cat-fournitures-de-bureau","10":"first","11":"instock","12":"taxable","13":"shipping-taxable","14":"product-type-simple"},"yoast_head":"<!-- This site is optimized with the Yoast SEO plugin v27.4 - https:\/\/yoast.com\/product\/yoast-seo-wordpress\/ -->\n<title>Corbeille m\u00e9tallique \u00e0 papier - Industrie Maroc Online<\/title>\n<meta name=\"description\" content=\"Conteneur ouvert con\u00e7u pour collecter les d\u00e9chets en papier.  Offrant une bonne a\u00e9ration et une esth\u00e9tique minimaliste.\" \/>\n<meta name=\"robots\" content=\"index, follow, max-snippet:-1, max-image-preview:large, max-video-preview:-1\" \/>\n<link rel=\"canonical\" href=\"https:\/\/industriemaroc.com\/en\/product\/corbeille-metallique-a-papier\/\" \/>\n<meta property=\"og:locale\" content=\"en_US\" \/>\n<meta property=\"og:type\" content=\"article\" \/>\n<meta property=\"og:title\" content=\"Corbeille m\u00e9tallique \u00e0 papier - Industrie Maroc Online\" \/>\n<meta property=\"og:description\" content=\"Conteneur ouvert con\u00e7u pour collecter les d\u00e9chets en papier.  Offrant une bonne a\u00e9ration et une esth\u00e9tique minimaliste.\" \/>\n<meta property=\"og:url\" content=\"https:\/\/industriemaroc.com\/en\/product\/corbeille-metallique-a-papier\/\" \/>\n<meta property=\"og:site_name\" content=\"Industrie Maroc Online\" \/>\n<meta property=\"article:modified_time\" content=\"2024-09-19T16:21:23+00:00\" \/>\n<meta property=\"og:image\" content=\"https:\/\/industriemaroc.com\/wp-content\/uploads\/2024\/05\/2N.png\" \/>\n\t<meta property=\"og:image:width\" content=\"700\" \/>\n\t<meta property=\"og:image:height\" content=\"700\" \/>\n\t<meta property=\"og:image:type\" content=\"image\/png\" \/>\n<meta name=\"twitter:card\" content=\"summary_large_image\" \/>\n<script type=\"application\/ld+json\" class=\"yoast-schema-graph\">{\"@context\":\"https:\\\/\\\/schema.org\",\"@graph\":[{\"@type\":\"WebPage\",\"@id\":\"https:\\\/\\\/industriemaroc.com\\\/produit\\\/corbeille-metallique-a-papier\\\/\",\"url\":\"https:\\\/\\\/industriemaroc.com\\\/produit\\\/corbeille-metallique-a-papier\\\/\",\"name\":\"Corbeille m\u00e9tallique \u00e0 papier - Industrie Maroc Online\",\"isPartOf\":{\"@id\":\"https:\\\/\\\/industriemaroc.com\\\/#website\"},\"primaryImageOfPage\":{\"@id\":\"https:\\\/\\\/industriemaroc.com\\\/produit\\\/corbeille-metallique-a-papier\\\/#primaryimage\"},\"image\":{\"@id\":\"https:\\\/\\\/industriemaroc.com\\\/produit\\\/corbeille-metallique-a-papier\\\/#primaryimage\"},\"thumbnailUrl\":\"https:\\\/\\\/industriemaroc.com\\\/wp-content\\\/uploads\\\/2024\\\/05\\\/2N.png\",\"datePublished\":\"2024-05-20T15:18:27+00:00\",\"dateModified\":\"2024-09-19T16:21:23+00:00\",\"description\":\"Conteneur ouvert con\u00e7u pour collecter les d\u00e9chets en papier. Offrant une bonne a\u00e9ration et une esth\u00e9tique minimaliste.\",\"breadcrumb\":{\"@id\":\"https:\\\/\\\/industriemaroc.com\\\/produit\\\/corbeille-metallique-a-papier\\\/#breadcrumb\"},\"inLanguage\":\"en-US\",\"potentialAction\":[{\"@type\":\"ReadAction\",\"target\":[\"https:\\\/\\\/industriemaroc.com\\\/produit\\\/corbeille-metallique-a-papier\\\/\"]}]},{\"@type\":\"ImageObject\",\"inLanguage\":\"en-US\",\"@id\":\"https:\\\/\\\/industriemaroc.com\\\/produit\\\/corbeille-metallique-a-papier\\\/#primaryimage\",\"url\":\"https:\\\/\\\/industriemaroc.com\\\/wp-content\\\/uploads\\\/2024\\\/05\\\/2N.png\",\"contentUrl\":\"https:\\\/\\\/industriemaroc.com\\\/wp-content\\\/uploads\\\/2024\\\/05\\\/2N.png\",\"width\":700,\"height\":700},{\"@type\":\"BreadcrumbList\",\"@id\":\"https:\\\/\\\/industriemaroc.com\\\/produit\\\/corbeille-metallique-a-papier\\\/#breadcrumb\",\"itemListElement\":[{\"@type\":\"ListItem\",\"position\":1,\"name\":\"Home\",\"item\":\"https:\\\/\\\/industriemaroc.com\\\/\"},{\"@type\":\"ListItem\",\"position\":2,\"name\":\"Shop\",\"item\":\"https:\\\/\\\/industriemaroc.com\\\/shop\\\/\"},{\"@type\":\"ListItem\",\"position\":3,\"name\":\"Corbeille m\u00e9tallique \u00e0 papier\"}]},{\"@type\":\"WebSite\",\"@id\":\"https:\\\/\\\/industriemaroc.com\\\/#website\",\"url\":\"https:\\\/\\\/industriemaroc.com\\\/\",\"name\":\"Industrie Maroc Online\",\"description\":\"Plateforme B2B de mat\u00e9riel professionnel au Maroc\",\"publisher\":{\"@id\":\"https:\\\/\\\/industriemaroc.com\\\/#organization\"},\"potentialAction\":[{\"@type\":\"SearchAction\",\"target\":{\"@type\":\"EntryPoint\",\"urlTemplate\":\"https:\\\/\\\/industriemaroc.com\\\/?s={search_term_string}\"},\"query-input\":{\"@type\":\"PropertyValueSpecification\",\"valueRequired\":true,\"valueName\":\"search_term_string\"}}],\"inLanguage\":\"en-US\"},{\"@type\":\"Organization\",\"@id\":\"https:\\\/\\\/industriemaroc.com\\\/#organization\",\"name\":\"industriemaroc.com\",\"url\":\"https:\\\/\\\/industriemaroc.com\\\/\",\"logo\":{\"@type\":\"ImageObject\",\"inLanguage\":\"en-US\",\"@id\":\"https:\\\/\\\/industriemaroc.com\\\/#\\\/schema\\\/logo\\\/image\\\/\",\"url\":\"https:\\\/\\\/industriemaroc.com\\\/wp-content\\\/uploads\\\/2024\\\/04\\\/IM.jpg\",\"contentUrl\":\"https:\\\/\\\/industriemaroc.com\\\/wp-content\\\/uploads\\\/2024\\\/04\\\/IM.jpg\",\"width\":2500,\"height\":2500,\"caption\":\"industriemaroc.com\"},\"image\":{\"@id\":\"https:\\\/\\\/industriemaroc.com\\\/#\\\/schema\\\/logo\\\/image\\\/\"}}]}<\/script>\n<!-- \/ Yoast SEO plugin. -->","yoast_head_json":{"title":"Corbeille m\u00e9tallique \u00e0 papier - Industrie Maroc Online","description":"Conteneur ouvert con\u00e7u pour collecter les d\u00e9chets en papier.  Offrant une bonne a\u00e9ration et une esth\u00e9tique minimaliste.","robots":{"index":"index","follow":"follow","max-snippet":"max-snippet:-1","max-image-preview":"max-image-preview:large","max-video-preview":"max-video-preview:-1"},"canonical":"https:\/\/industriemaroc.com\/en\/product\/corbeille-metallique-a-papier\/","og_locale":"en_US","og_type":"article","og_title":"Corbeille m\u00e9tallique \u00e0 papier - Industrie Maroc Online","og_description":"Conteneur ouvert con\u00e7u pour collecter les d\u00e9chets en papier.  Offrant une bonne a\u00e9ration et une esth\u00e9tique minimaliste.","og_url":"https:\/\/industriemaroc.com\/en\/product\/corbeille-metallique-a-papier\/","og_site_name":"Industrie Maroc Online","article_modified_time":"2024-09-19T16:21:23+00:00","og_image":[{"width":700,"height":700,"url":"https:\/\/industriemaroc.com\/wp-content\/uploads\/2024\/05\/2N.png","type":"image\/png"}],"twitter_card":"summary_large_image","schema":{"@context":"https:\/\/schema.org","@graph":[{"@type":"WebPage","@id":"https:\/\/industriemaroc.com\/produit\/corbeille-metallique-a-papier\/","url":"https:\/\/industriemaroc.com\/produit\/corbeille-metallique-a-papier\/","name":"Corbeille m\u00e9tallique \u00e0 papier - Industrie Maroc Online","isPartOf":{"@id":"https:\/\/industriemaroc.com\/#website"},"primaryImageOfPage":{"@id":"https:\/\/industriemaroc.com\/produit\/corbeille-metallique-a-papier\/#primaryimage"},"image":{"@id":"https:\/\/industriemaroc.com\/produit\/corbeille-metallique-a-papier\/#primaryimage"},"thumbnailUrl":"https:\/\/industriemaroc.com\/wp-content\/uploads\/2024\/05\/2N.png","datePublished":"2024-05-20T15:18:27+00:00","dateModified":"2024-09-19T16:21:23+00:00","description":"Conteneur ouvert con\u00e7u pour collecter les d\u00e9chets en papier. Offrant une bonne a\u00e9ration et une esth\u00e9tique minimaliste.","breadcrumb":{"@id":"https:\/\/industriemaroc.com\/produit\/corbeille-metallique-a-papier\/#breadcrumb"},"inLanguage":"en-US","potentialAction":[{"@type":"ReadAction","target":["https:\/\/industriemaroc.com\/produit\/corbeille-metallique-a-papier\/"]}]},{"@type":"ImageObject","inLanguage":"en-US","@id":"https:\/\/industriemaroc.com\/produit\/corbeille-metallique-a-papier\/#primaryimage","url":"https:\/\/industriemaroc.com\/wp-content\/uploads\/2024\/05\/2N.png","contentUrl":"https:\/\/industriemaroc.com\/wp-content\/uploads\/2024\/05\/2N.png","width":700,"height":700},{"@type":"BreadcrumbList","@id":"https:\/\/industriemaroc.com\/produit\/corbeille-metallique-a-papier\/#breadcrumb","itemListElement":[{"@type":"ListItem","position":1,"name":"Home","item":"https:\/\/industriemaroc.com\/"},{"@type":"ListItem","position":2,"name":"Shop","item":"https:\/\/industriemaroc.com\/shop\/"},{"@type":"ListItem","position":3,"name":"Corbeille m\u00e9tallique \u00e0 papier"}]},{"@type":"WebSite","@id":"https:\/\/industriemaroc.com\/#website","url":"https:\/\/industriemaroc.com\/","name":"Industrie Maroc Online","description":"Plateforme B2B de mat\u00e9riel professionnel au Maroc","publisher":{"@id":"https:\/\/industriemaroc.com\/#organization"},"potentialAction":[{"@type":"SearchAction","target":{"@type":"EntryPoint","urlTemplate":"https:\/\/industriemaroc.com\/?s={search_term_string}"},"query-input":{"@type":"PropertyValueSpecification","valueRequired":true,"valueName":"search_term_string"}}],"inLanguage":"en-US"},{"@type":"Organization","@id":"https:\/\/industriemaroc.com\/#organization","name":"industriemaroc.com","url":"https:\/\/industriemaroc.com\/","logo":{"@type":"ImageObject","inLanguage":"en-US","@id":"https:\/\/industriemaroc.com\/#\/schema\/logo\/image\/","url":"https:\/\/industriemaroc.com\/wp-content\/uploads\/2024\/04\/IM.jpg","contentUrl":"https:\/\/industriemaroc.com\/wp-content\/uploads\/2024\/04\/IM.jpg","width":2500,"height":2500,"caption":"industriemaroc.com"},"image":{"@id":"https:\/\/industriemaroc.com\/#\/schema\/logo\/image\/"}}]}},"_links":{"self":[{"href":"https:\/\/industriemaroc.com\/en\/wp-json\/wp\/v2\/product\/21069","targetHints":{"allow":["GET"]}}],"collection":[{"href":"https:\/\/industriemaroc.com\/en\/wp-json\/wp\/v2\/product"}],"about":[{"href":"https:\/\/industriemaroc.com\/en\/wp-json\/wp\/v2\/types\/product"}],"replies":[{"embeddable":true,"href":"https:\/\/industriemaroc.com\/en\/wp-json\/wp\/v2\/comments?post=21069"}],"version-history":[{"count":3,"href":"https:\/\/industriemaroc.com\/en\/wp-json\/wp\/v2\/product\/21069\/revisions"}],"predecessor-version":[{"id":23447,"href":"https:\/\/industriemaroc.com\/en\/wp-json\/wp\/v2\/product\/21069\/revisions\/23447"}],"wp:featuredmedia":[{"embeddable":true,"href":"https:\/\/industriemaroc.com\/en\/wp-json\/wp\/v2\/media\/21082"}],"wp:attachment":[{"href":"https:\/\/industriemaroc.com\/en\/wp-json\/wp\/v2\/media?parent=21069"}],"wp:term":[{"taxonomy":"product_brand","embeddable":true,"href":"https:\/\/industriemaroc.com\/en\/wp-json\/wp\/v2\/product_brand?post=21069"},{"taxonomy":"product_cat","embeddable":true,"href":"https:\/\/industriemaroc.com\/en\/wp-json\/wp\/v2\/product_cat?post=21069"},{"taxonomy":"product_tag","embeddable":true,"href":"https:\/\/industriemaroc.com\/en\/wp-json\/wp\/v2\/product_tag?post=21069"}],"curies":[{"name":"wp","href":"https:\/\/api.w.org\/{rel}","templated":true}]}}