{"id":21075,"date":"2024-05-20T17:27:07","date_gmt":"2024-05-20T15:27:07","guid":{"rendered":"https:\/\/industriemaroc.com\/?post_type=product&#038;p=21075"},"modified":"2024-09-19T18:58:38","modified_gmt":"2024-09-19T16:58:38","slug":"porte-cle-avec-etiquettes","status":"publish","type":"product","link":"https:\/\/industriemaroc.com\/en\/product\/porte-cle-avec-etiquettes\/","title":{"rendered":"Porte cl\u00e9 avec \u00e9tiquettes"},"content":{"rendered":"<ul>\n<li>Porte cl\u00e9 avec \u00e9tiquettes.<\/li>\n<\/ul>","protected":false},"excerpt":{"rendered":"<ul>\n<li>\n<div class=\"flex-shrink-0 flex flex-col relative items-end\">\n<div class=\"pt-0\">\n<div class=\"gizmo-bot-avatar flex h-8 w-8 items-center justify-center overflow-hidden rounded-full\">\n<div class=\"relative p-1 rounded-sm flex items-center justify-center bg-token-main-surface-primary text-token-text-primary h-8 w-8\">Organiser et identifier les cl\u00e9s.<\/div>\n<div class=\"relative p-1 rounded-sm flex items-center justify-center bg-token-main-surface-primary text-token-text-primary h-8 w-8\">Id\u00e9al pour les environnements de travail.<\/div>\n<div class=\"relative p-1 rounded-sm flex items-center justify-center bg-token-main-surface-primary text-token-text-primary h-8 w-8\">Facilite la gestion et la localisation rapide des cl\u00e9s.<\/div>\n<\/div>\n<\/div>\n<\/div>\n<\/li>\n<\/ul>","protected":false},"featured_media":21092,"comment_status":"open","ping_status":"closed","template":"","meta":{"om_disable_all_campaigns":false,"_monsterinsights_skip_tracking":false,"_monsterinsights_sitenote_active":false,"_monsterinsights_sitenote_note":"","_monsterinsights_sitenote_category":0,"_uf_show_specific_survey":0,"_uf_disable_surveys":false,"_joinchat":[]},"product_brand":[],"product_cat":[809,675,828],"product_tag":[],"class_list":{"0":"post-21075","1":"product","2":"type-product","3":"status-publish","4":"has-post-thumbnail","6":"product_cat-amenagement-de-bureau","7":"product_cat-fournitures-de-bureau","8":"product_cat-porte-cle-etiquettes","10":"first","11":"instock","12":"taxable","13":"shipping-taxable","14":"product-type-simple"},"yoast_head":"<!-- This site is optimized with the Yoast SEO plugin v27.4 - https:\/\/yoast.com\/product\/yoast-seo-wordpress\/ -->\n<title>Porte cl\u00e9 avec \u00e9tiquettes - Industrie Maroc Online<\/title>\n<meta name=\"description\" content=\"Organiser et identifier les cl\u00e9s. Id\u00e9al pour les environnements de travail. Facilite la gestion et la localisation rapide des cl\u00e9s.\" \/>\n<meta name=\"robots\" content=\"index, follow, max-snippet:-1, max-image-preview:large, max-video-preview:-1\" \/>\n<link rel=\"canonical\" href=\"https:\/\/industriemaroc.com\/en\/product\/porte-cle-avec-etiquettes\/\" \/>\n<meta property=\"og:locale\" content=\"en_US\" \/>\n<meta property=\"og:type\" content=\"article\" \/>\n<meta property=\"og:title\" content=\"Porte cl\u00e9 avec \u00e9tiquettes - Industrie Maroc Online\" \/>\n<meta property=\"og:description\" content=\"Organiser et identifier les cl\u00e9s. Id\u00e9al pour les environnements de travail. Facilite la gestion et la localisation rapide des cl\u00e9s.\" \/>\n<meta property=\"og:url\" content=\"https:\/\/industriemaroc.com\/en\/product\/porte-cle-avec-etiquettes\/\" \/>\n<meta property=\"og:site_name\" content=\"Industrie Maroc Online\" \/>\n<meta property=\"article:modified_time\" content=\"2024-09-19T16:58:38+00:00\" \/>\n<meta property=\"og:image\" content=\"https:\/\/industriemaroc.com\/wp-content\/uploads\/2024\/05\/1N-71.png\" \/>\n\t<meta property=\"og:image:width\" content=\"700\" \/>\n\t<meta property=\"og:image:height\" content=\"700\" \/>\n\t<meta property=\"og:image:type\" content=\"image\/png\" \/>\n<meta name=\"twitter:card\" content=\"summary_large_image\" \/>\n<script type=\"application\/ld+json\" class=\"yoast-schema-graph\">{\"@context\":\"https:\\\/\\\/schema.org\",\"@graph\":[{\"@type\":\"WebPage\",\"@id\":\"https:\\\/\\\/industriemaroc.com\\\/produit\\\/porte-cle-avec-etiquettes\\\/\",\"url\":\"https:\\\/\\\/industriemaroc.com\\\/produit\\\/porte-cle-avec-etiquettes\\\/\",\"name\":\"Porte cl\u00e9 avec \u00e9tiquettes - Industrie Maroc Online\",\"isPartOf\":{\"@id\":\"https:\\\/\\\/industriemaroc.com\\\/#website\"},\"primaryImageOfPage\":{\"@id\":\"https:\\\/\\\/industriemaroc.com\\\/produit\\\/porte-cle-avec-etiquettes\\\/#primaryimage\"},\"image\":{\"@id\":\"https:\\\/\\\/industriemaroc.com\\\/produit\\\/porte-cle-avec-etiquettes\\\/#primaryimage\"},\"thumbnailUrl\":\"https:\\\/\\\/industriemaroc.com\\\/wp-content\\\/uploads\\\/2024\\\/05\\\/1N-71.png\",\"datePublished\":\"2024-05-20T15:27:07+00:00\",\"dateModified\":\"2024-09-19T16:58:38+00:00\",\"description\":\"Organiser et identifier les cl\u00e9s. Id\u00e9al pour les environnements de travail. Facilite la gestion et la localisation rapide des cl\u00e9s.\",\"breadcrumb\":{\"@id\":\"https:\\\/\\\/industriemaroc.com\\\/produit\\\/porte-cle-avec-etiquettes\\\/#breadcrumb\"},\"inLanguage\":\"en-US\",\"potentialAction\":[{\"@type\":\"ReadAction\",\"target\":[\"https:\\\/\\\/industriemaroc.com\\\/produit\\\/porte-cle-avec-etiquettes\\\/\"]}]},{\"@type\":\"ImageObject\",\"inLanguage\":\"en-US\",\"@id\":\"https:\\\/\\\/industriemaroc.com\\\/produit\\\/porte-cle-avec-etiquettes\\\/#primaryimage\",\"url\":\"https:\\\/\\\/industriemaroc.com\\\/wp-content\\\/uploads\\\/2024\\\/05\\\/1N-71.png\",\"contentUrl\":\"https:\\\/\\\/industriemaroc.com\\\/wp-content\\\/uploads\\\/2024\\\/05\\\/1N-71.png\",\"width\":700,\"height\":700},{\"@type\":\"BreadcrumbList\",\"@id\":\"https:\\\/\\\/industriemaroc.com\\\/produit\\\/porte-cle-avec-etiquettes\\\/#breadcrumb\",\"itemListElement\":[{\"@type\":\"ListItem\",\"position\":1,\"name\":\"Home\",\"item\":\"https:\\\/\\\/industriemaroc.com\\\/\"},{\"@type\":\"ListItem\",\"position\":2,\"name\":\"Shop\",\"item\":\"https:\\\/\\\/industriemaroc.com\\\/shop\\\/\"},{\"@type\":\"ListItem\",\"position\":3,\"name\":\"Porte cl\u00e9 avec \u00e9tiquettes\"}]},{\"@type\":\"WebSite\",\"@id\":\"https:\\\/\\\/industriemaroc.com\\\/#website\",\"url\":\"https:\\\/\\\/industriemaroc.com\\\/\",\"name\":\"Industrie Maroc Online\",\"description\":\"Plateforme B2B de mat\u00e9riel professionnel au Maroc\",\"publisher\":{\"@id\":\"https:\\\/\\\/industriemaroc.com\\\/#organization\"},\"potentialAction\":[{\"@type\":\"SearchAction\",\"target\":{\"@type\":\"EntryPoint\",\"urlTemplate\":\"https:\\\/\\\/industriemaroc.com\\\/?s={search_term_string}\"},\"query-input\":{\"@type\":\"PropertyValueSpecification\",\"valueRequired\":true,\"valueName\":\"search_term_string\"}}],\"inLanguage\":\"en-US\"},{\"@type\":\"Organization\",\"@id\":\"https:\\\/\\\/industriemaroc.com\\\/#organization\",\"name\":\"industriemaroc.com\",\"url\":\"https:\\\/\\\/industriemaroc.com\\\/\",\"logo\":{\"@type\":\"ImageObject\",\"inLanguage\":\"en-US\",\"@id\":\"https:\\\/\\\/industriemaroc.com\\\/#\\\/schema\\\/logo\\\/image\\\/\",\"url\":\"https:\\\/\\\/industriemaroc.com\\\/wp-content\\\/uploads\\\/2024\\\/04\\\/IM.jpg\",\"contentUrl\":\"https:\\\/\\\/industriemaroc.com\\\/wp-content\\\/uploads\\\/2024\\\/04\\\/IM.jpg\",\"width\":2500,\"height\":2500,\"caption\":\"industriemaroc.com\"},\"image\":{\"@id\":\"https:\\\/\\\/industriemaroc.com\\\/#\\\/schema\\\/logo\\\/image\\\/\"}}]}<\/script>\n<!-- \/ Yoast SEO plugin. -->","yoast_head_json":{"title":"Porte cl\u00e9 avec \u00e9tiquettes - Industrie Maroc Online","description":"Organiser et identifier les cl\u00e9s. Id\u00e9al pour les environnements de travail. Facilite la gestion et la localisation rapide des cl\u00e9s.","robots":{"index":"index","follow":"follow","max-snippet":"max-snippet:-1","max-image-preview":"max-image-preview:large","max-video-preview":"max-video-preview:-1"},"canonical":"https:\/\/industriemaroc.com\/en\/product\/porte-cle-avec-etiquettes\/","og_locale":"en_US","og_type":"article","og_title":"Porte cl\u00e9 avec \u00e9tiquettes - Industrie Maroc Online","og_description":"Organiser et identifier les cl\u00e9s. Id\u00e9al pour les environnements de travail. Facilite la gestion et la localisation rapide des cl\u00e9s.","og_url":"https:\/\/industriemaroc.com\/en\/product\/porte-cle-avec-etiquettes\/","og_site_name":"Industrie Maroc Online","article_modified_time":"2024-09-19T16:58:38+00:00","og_image":[{"width":700,"height":700,"url":"https:\/\/industriemaroc.com\/wp-content\/uploads\/2024\/05\/1N-71.png","type":"image\/png"}],"twitter_card":"summary_large_image","schema":{"@context":"https:\/\/schema.org","@graph":[{"@type":"WebPage","@id":"https:\/\/industriemaroc.com\/produit\/porte-cle-avec-etiquettes\/","url":"https:\/\/industriemaroc.com\/produit\/porte-cle-avec-etiquettes\/","name":"Porte cl\u00e9 avec \u00e9tiquettes - Industrie Maroc Online","isPartOf":{"@id":"https:\/\/industriemaroc.com\/#website"},"primaryImageOfPage":{"@id":"https:\/\/industriemaroc.com\/produit\/porte-cle-avec-etiquettes\/#primaryimage"},"image":{"@id":"https:\/\/industriemaroc.com\/produit\/porte-cle-avec-etiquettes\/#primaryimage"},"thumbnailUrl":"https:\/\/industriemaroc.com\/wp-content\/uploads\/2024\/05\/1N-71.png","datePublished":"2024-05-20T15:27:07+00:00","dateModified":"2024-09-19T16:58:38+00:00","description":"Organiser et identifier les cl\u00e9s. Id\u00e9al pour les environnements de travail. Facilite la gestion et la localisation rapide des cl\u00e9s.","breadcrumb":{"@id":"https:\/\/industriemaroc.com\/produit\/porte-cle-avec-etiquettes\/#breadcrumb"},"inLanguage":"en-US","potentialAction":[{"@type":"ReadAction","target":["https:\/\/industriemaroc.com\/produit\/porte-cle-avec-etiquettes\/"]}]},{"@type":"ImageObject","inLanguage":"en-US","@id":"https:\/\/industriemaroc.com\/produit\/porte-cle-avec-etiquettes\/#primaryimage","url":"https:\/\/industriemaroc.com\/wp-content\/uploads\/2024\/05\/1N-71.png","contentUrl":"https:\/\/industriemaroc.com\/wp-content\/uploads\/2024\/05\/1N-71.png","width":700,"height":700},{"@type":"BreadcrumbList","@id":"https:\/\/industriemaroc.com\/produit\/porte-cle-avec-etiquettes\/#breadcrumb","itemListElement":[{"@type":"ListItem","position":1,"name":"Home","item":"https:\/\/industriemaroc.com\/"},{"@type":"ListItem","position":2,"name":"Shop","item":"https:\/\/industriemaroc.com\/shop\/"},{"@type":"ListItem","position":3,"name":"Porte cl\u00e9 avec \u00e9tiquettes"}]},{"@type":"WebSite","@id":"https:\/\/industriemaroc.com\/#website","url":"https:\/\/industriemaroc.com\/","name":"Industrie Maroc Online","description":"Plateforme B2B de mat\u00e9riel professionnel au Maroc","publisher":{"@id":"https:\/\/industriemaroc.com\/#organization"},"potentialAction":[{"@type":"SearchAction","target":{"@type":"EntryPoint","urlTemplate":"https:\/\/industriemaroc.com\/?s={search_term_string}"},"query-input":{"@type":"PropertyValueSpecification","valueRequired":true,"valueName":"search_term_string"}}],"inLanguage":"en-US"},{"@type":"Organization","@id":"https:\/\/industriemaroc.com\/#organization","name":"industriemaroc.com","url":"https:\/\/industriemaroc.com\/","logo":{"@type":"ImageObject","inLanguage":"en-US","@id":"https:\/\/industriemaroc.com\/#\/schema\/logo\/image\/","url":"https:\/\/industriemaroc.com\/wp-content\/uploads\/2024\/04\/IM.jpg","contentUrl":"https:\/\/industriemaroc.com\/wp-content\/uploads\/2024\/04\/IM.jpg","width":2500,"height":2500,"caption":"industriemaroc.com"},"image":{"@id":"https:\/\/industriemaroc.com\/#\/schema\/logo\/image\/"}}]}},"_links":{"self":[{"href":"https:\/\/industriemaroc.com\/en\/wp-json\/wp\/v2\/product\/21075","targetHints":{"allow":["GET"]}}],"collection":[{"href":"https:\/\/industriemaroc.com\/en\/wp-json\/wp\/v2\/product"}],"about":[{"href":"https:\/\/industriemaroc.com\/en\/wp-json\/wp\/v2\/types\/product"}],"replies":[{"embeddable":true,"href":"https:\/\/industriemaroc.com\/en\/wp-json\/wp\/v2\/comments?post=21075"}],"version-history":[{"count":2,"href":"https:\/\/industriemaroc.com\/en\/wp-json\/wp\/v2\/product\/21075\/revisions"}],"predecessor-version":[{"id":23459,"href":"https:\/\/industriemaroc.com\/en\/wp-json\/wp\/v2\/product\/21075\/revisions\/23459"}],"wp:featuredmedia":[{"embeddable":true,"href":"https:\/\/industriemaroc.com\/en\/wp-json\/wp\/v2\/media\/21092"}],"wp:attachment":[{"href":"https:\/\/industriemaroc.com\/en\/wp-json\/wp\/v2\/media?parent=21075"}],"wp:term":[{"taxonomy":"product_brand","embeddable":true,"href":"https:\/\/industriemaroc.com\/en\/wp-json\/wp\/v2\/product_brand?post=21075"},{"taxonomy":"product_cat","embeddable":true,"href":"https:\/\/industriemaroc.com\/en\/wp-json\/wp\/v2\/product_cat?post=21075"},{"taxonomy":"product_tag","embeddable":true,"href":"https:\/\/industriemaroc.com\/en\/wp-json\/wp\/v2\/product_tag?post=21075"}],"curies":[{"name":"wp","href":"https:\/\/api.w.org\/{rel}","templated":true}]}}