{"id":21415,"date":"2024-05-28T18:50:49","date_gmt":"2024-05-28T16:50:49","guid":{"rendered":"https:\/\/industriemaroc.com\/?post_type=product&#038;p=21415"},"modified":"2024-05-28T18:53:49","modified_gmt":"2024-05-28T16:53:49","slug":"savon-main-ocean-breeze","status":"publish","type":"product","link":"https:\/\/industriemaroc.com\/en\/product\/savon-main-ocean-breeze\/","title":{"rendered":"Savon main &#8211; Ocean breeze Bleu"},"content":{"rendered":"<ul>\n<li>Prend soin des mains et assure une hygi\u00e8ne optimale.<\/li>\n<li>Nettoie la peau et \u00e9limine efficacement les bact\u00e9ries.<\/li>\n<li>Savon liquide pour les mains prot\u00e8ge la peau du dess\u00e8chement.<\/li>\n<li>Conf\u00e8re une sensation de peau douce et souple.<\/li>\n<\/ul>","protected":false},"excerpt":{"rendered":"<ul>\n<li>Prend soin des mains et assure une hygi\u00e8ne optimale.<\/li>\n<li>Nettoie la peau et \u00e9limine efficacement les bact\u00e9ries.<\/li>\n<li>Savon liquide pour les mains prot\u00e8ge la peau du dess\u00e8chement.<\/li>\n<li>Conf\u00e8re une sensation de peau douce et souple.<\/li>\n<\/ul>","protected":false},"featured_media":21420,"comment_status":"open","ping_status":"closed","template":"","meta":{"om_disable_all_campaigns":false,"_monsterinsights_skip_tracking":false,"_monsterinsights_sitenote_active":false,"_monsterinsights_sitenote_note":"","_monsterinsights_sitenote_category":0,"_uf_show_specific_survey":0,"_uf_disable_surveys":false,"_joinchat":[]},"product_brand":[],"product_cat":[674,798,784,806],"product_tag":[],"class_list":{"0":"post-21415","1":"product","2":"type-product","3":"status-publish","4":"has-post-thumbnail","6":"product_cat-hygiene","7":"product_cat-produitsliquide","8":"product_cat-produit-nettoyage","9":"product_cat-savon-main","11":"first","12":"instock","13":"taxable","14":"shipping-taxable","15":"product-type-simple"},"yoast_head":"<!-- This site is optimized with the Yoast SEO plugin v27.4 - https:\/\/yoast.com\/product\/yoast-seo-wordpress\/ -->\n<title>Savon main - Ocean breeze Bleu - Industrie Maroc Online<\/title>\n<meta name=\"description\" content=\"Prend soin des mains et assure une hygi\u00e8ne optimale.  Nettoie la peau et \u00e9limine efficacement les bact\u00e9ries.  Savon liquide pour les mains prot\u00e8ge la peau du dess\u00e8chement.  Conf\u00e8re une sensation de peau douce et souple.\" \/>\n<meta name=\"robots\" content=\"index, follow, max-snippet:-1, max-image-preview:large, max-video-preview:-1\" \/>\n<link rel=\"canonical\" href=\"https:\/\/industriemaroc.com\/en\/product\/savon-main-ocean-breeze\/\" \/>\n<meta property=\"og:locale\" content=\"en_US\" \/>\n<meta property=\"og:type\" content=\"article\" \/>\n<meta property=\"og:title\" content=\"Savon main - Ocean breeze Bleu - Industrie Maroc Online\" \/>\n<meta property=\"og:description\" content=\"Prend soin des mains et assure une hygi\u00e8ne optimale.  Nettoie la peau et \u00e9limine efficacement les bact\u00e9ries.  Savon liquide pour les mains prot\u00e8ge la peau du dess\u00e8chement.  Conf\u00e8re une sensation de peau douce et souple.\" \/>\n<meta property=\"og:url\" content=\"https:\/\/industriemaroc.com\/en\/product\/savon-main-ocean-breeze\/\" \/>\n<meta property=\"og:site_name\" content=\"Industrie Maroc Online\" \/>\n<meta property=\"article:modified_time\" content=\"2024-05-28T16:53:49+00:00\" \/>\n<meta property=\"og:image\" content=\"https:\/\/industriemaroc.com\/wp-content\/uploads\/2024\/05\/1-1.jpg\" \/>\n\t<meta property=\"og:image:width\" content=\"700\" \/>\n\t<meta property=\"og:image:height\" content=\"700\" \/>\n\t<meta property=\"og:image:type\" content=\"image\/jpeg\" \/>\n<meta name=\"twitter:card\" content=\"summary_large_image\" \/>\n<script type=\"application\/ld+json\" class=\"yoast-schema-graph\">{\"@context\":\"https:\\\/\\\/schema.org\",\"@graph\":[{\"@type\":\"WebPage\",\"@id\":\"https:\\\/\\\/industriemaroc.com\\\/produit\\\/savon-main-ocean-breeze\\\/\",\"url\":\"https:\\\/\\\/industriemaroc.com\\\/produit\\\/savon-main-ocean-breeze\\\/\",\"name\":\"Savon main - Ocean breeze Bleu - Industrie Maroc Online\",\"isPartOf\":{\"@id\":\"https:\\\/\\\/industriemaroc.com\\\/#website\"},\"primaryImageOfPage\":{\"@id\":\"https:\\\/\\\/industriemaroc.com\\\/produit\\\/savon-main-ocean-breeze\\\/#primaryimage\"},\"image\":{\"@id\":\"https:\\\/\\\/industriemaroc.com\\\/produit\\\/savon-main-ocean-breeze\\\/#primaryimage\"},\"thumbnailUrl\":\"https:\\\/\\\/industriemaroc.com\\\/wp-content\\\/uploads\\\/2024\\\/05\\\/1-1.jpg\",\"datePublished\":\"2024-05-28T16:50:49+00:00\",\"dateModified\":\"2024-05-28T16:53:49+00:00\",\"description\":\"Prend soin des mains et assure une hygi\u00e8ne optimale. Nettoie la peau et \u00e9limine efficacement les bact\u00e9ries. Savon liquide pour les mains prot\u00e8ge la peau du dess\u00e8chement. Conf\u00e8re une sensation de peau douce et souple.\",\"breadcrumb\":{\"@id\":\"https:\\\/\\\/industriemaroc.com\\\/produit\\\/savon-main-ocean-breeze\\\/#breadcrumb\"},\"inLanguage\":\"en-US\",\"potentialAction\":[{\"@type\":\"ReadAction\",\"target\":[\"https:\\\/\\\/industriemaroc.com\\\/produit\\\/savon-main-ocean-breeze\\\/\"]}]},{\"@type\":\"ImageObject\",\"inLanguage\":\"en-US\",\"@id\":\"https:\\\/\\\/industriemaroc.com\\\/produit\\\/savon-main-ocean-breeze\\\/#primaryimage\",\"url\":\"https:\\\/\\\/industriemaroc.com\\\/wp-content\\\/uploads\\\/2024\\\/05\\\/1-1.jpg\",\"contentUrl\":\"https:\\\/\\\/industriemaroc.com\\\/wp-content\\\/uploads\\\/2024\\\/05\\\/1-1.jpg\",\"width\":700,\"height\":700},{\"@type\":\"BreadcrumbList\",\"@id\":\"https:\\\/\\\/industriemaroc.com\\\/produit\\\/savon-main-ocean-breeze\\\/#breadcrumb\",\"itemListElement\":[{\"@type\":\"ListItem\",\"position\":1,\"name\":\"Home\",\"item\":\"https:\\\/\\\/industriemaroc.com\\\/\"},{\"@type\":\"ListItem\",\"position\":2,\"name\":\"Shop\",\"item\":\"https:\\\/\\\/industriemaroc.com\\\/shop\\\/\"},{\"@type\":\"ListItem\",\"position\":3,\"name\":\"Savon main &#8211; Ocean breeze Bleu\"}]},{\"@type\":\"WebSite\",\"@id\":\"https:\\\/\\\/industriemaroc.com\\\/#website\",\"url\":\"https:\\\/\\\/industriemaroc.com\\\/\",\"name\":\"Industrie Maroc Online\",\"description\":\"Plateforme B2B de mat\u00e9riel professionnel au Maroc\",\"publisher\":{\"@id\":\"https:\\\/\\\/industriemaroc.com\\\/#organization\"},\"potentialAction\":[{\"@type\":\"SearchAction\",\"target\":{\"@type\":\"EntryPoint\",\"urlTemplate\":\"https:\\\/\\\/industriemaroc.com\\\/?s={search_term_string}\"},\"query-input\":{\"@type\":\"PropertyValueSpecification\",\"valueRequired\":true,\"valueName\":\"search_term_string\"}}],\"inLanguage\":\"en-US\"},{\"@type\":\"Organization\",\"@id\":\"https:\\\/\\\/industriemaroc.com\\\/#organization\",\"name\":\"industriemaroc.com\",\"url\":\"https:\\\/\\\/industriemaroc.com\\\/\",\"logo\":{\"@type\":\"ImageObject\",\"inLanguage\":\"en-US\",\"@id\":\"https:\\\/\\\/industriemaroc.com\\\/#\\\/schema\\\/logo\\\/image\\\/\",\"url\":\"https:\\\/\\\/industriemaroc.com\\\/wp-content\\\/uploads\\\/2024\\\/04\\\/IM.jpg\",\"contentUrl\":\"https:\\\/\\\/industriemaroc.com\\\/wp-content\\\/uploads\\\/2024\\\/04\\\/IM.jpg\",\"width\":2500,\"height\":2500,\"caption\":\"industriemaroc.com\"},\"image\":{\"@id\":\"https:\\\/\\\/industriemaroc.com\\\/#\\\/schema\\\/logo\\\/image\\\/\"}}]}<\/script>\n<!-- \/ Yoast SEO plugin. -->","yoast_head_json":{"title":"Savon main - Ocean breeze Bleu - Industrie Maroc Online","description":"Prend soin des mains et assure une hygi\u00e8ne optimale.  Nettoie la peau et \u00e9limine efficacement les bact\u00e9ries.  Savon liquide pour les mains prot\u00e8ge la peau du dess\u00e8chement.  Conf\u00e8re une sensation de peau douce et souple.","robots":{"index":"index","follow":"follow","max-snippet":"max-snippet:-1","max-image-preview":"max-image-preview:large","max-video-preview":"max-video-preview:-1"},"canonical":"https:\/\/industriemaroc.com\/en\/product\/savon-main-ocean-breeze\/","og_locale":"en_US","og_type":"article","og_title":"Savon main - Ocean breeze Bleu - Industrie Maroc Online","og_description":"Prend soin des mains et assure une hygi\u00e8ne optimale.  Nettoie la peau et \u00e9limine efficacement les bact\u00e9ries.  Savon liquide pour les mains prot\u00e8ge la peau du dess\u00e8chement.  Conf\u00e8re une sensation de peau douce et souple.","og_url":"https:\/\/industriemaroc.com\/en\/product\/savon-main-ocean-breeze\/","og_site_name":"Industrie Maroc Online","article_modified_time":"2024-05-28T16:53:49+00:00","og_image":[{"width":700,"height":700,"url":"https:\/\/industriemaroc.com\/wp-content\/uploads\/2024\/05\/1-1.jpg","type":"image\/jpeg"}],"twitter_card":"summary_large_image","schema":{"@context":"https:\/\/schema.org","@graph":[{"@type":"WebPage","@id":"https:\/\/industriemaroc.com\/produit\/savon-main-ocean-breeze\/","url":"https:\/\/industriemaroc.com\/produit\/savon-main-ocean-breeze\/","name":"Savon main - Ocean breeze Bleu - Industrie Maroc Online","isPartOf":{"@id":"https:\/\/industriemaroc.com\/#website"},"primaryImageOfPage":{"@id":"https:\/\/industriemaroc.com\/produit\/savon-main-ocean-breeze\/#primaryimage"},"image":{"@id":"https:\/\/industriemaroc.com\/produit\/savon-main-ocean-breeze\/#primaryimage"},"thumbnailUrl":"https:\/\/industriemaroc.com\/wp-content\/uploads\/2024\/05\/1-1.jpg","datePublished":"2024-05-28T16:50:49+00:00","dateModified":"2024-05-28T16:53:49+00:00","description":"Prend soin des mains et assure une hygi\u00e8ne optimale. Nettoie la peau et \u00e9limine efficacement les bact\u00e9ries. Savon liquide pour les mains prot\u00e8ge la peau du dess\u00e8chement. Conf\u00e8re une sensation de peau douce et souple.","breadcrumb":{"@id":"https:\/\/industriemaroc.com\/produit\/savon-main-ocean-breeze\/#breadcrumb"},"inLanguage":"en-US","potentialAction":[{"@type":"ReadAction","target":["https:\/\/industriemaroc.com\/produit\/savon-main-ocean-breeze\/"]}]},{"@type":"ImageObject","inLanguage":"en-US","@id":"https:\/\/industriemaroc.com\/produit\/savon-main-ocean-breeze\/#primaryimage","url":"https:\/\/industriemaroc.com\/wp-content\/uploads\/2024\/05\/1-1.jpg","contentUrl":"https:\/\/industriemaroc.com\/wp-content\/uploads\/2024\/05\/1-1.jpg","width":700,"height":700},{"@type":"BreadcrumbList","@id":"https:\/\/industriemaroc.com\/produit\/savon-main-ocean-breeze\/#breadcrumb","itemListElement":[{"@type":"ListItem","position":1,"name":"Home","item":"https:\/\/industriemaroc.com\/"},{"@type":"ListItem","position":2,"name":"Shop","item":"https:\/\/industriemaroc.com\/shop\/"},{"@type":"ListItem","position":3,"name":"Savon main &#8211; Ocean breeze Bleu"}]},{"@type":"WebSite","@id":"https:\/\/industriemaroc.com\/#website","url":"https:\/\/industriemaroc.com\/","name":"Industrie Maroc Online","description":"Plateforme B2B de mat\u00e9riel professionnel au Maroc","publisher":{"@id":"https:\/\/industriemaroc.com\/#organization"},"potentialAction":[{"@type":"SearchAction","target":{"@type":"EntryPoint","urlTemplate":"https:\/\/industriemaroc.com\/?s={search_term_string}"},"query-input":{"@type":"PropertyValueSpecification","valueRequired":true,"valueName":"search_term_string"}}],"inLanguage":"en-US"},{"@type":"Organization","@id":"https:\/\/industriemaroc.com\/#organization","name":"industriemaroc.com","url":"https:\/\/industriemaroc.com\/","logo":{"@type":"ImageObject","inLanguage":"en-US","@id":"https:\/\/industriemaroc.com\/#\/schema\/logo\/image\/","url":"https:\/\/industriemaroc.com\/wp-content\/uploads\/2024\/04\/IM.jpg","contentUrl":"https:\/\/industriemaroc.com\/wp-content\/uploads\/2024\/04\/IM.jpg","width":2500,"height":2500,"caption":"industriemaroc.com"},"image":{"@id":"https:\/\/industriemaroc.com\/#\/schema\/logo\/image\/"}}]}},"_links":{"self":[{"href":"https:\/\/industriemaroc.com\/en\/wp-json\/wp\/v2\/product\/21415","targetHints":{"allow":["GET"]}}],"collection":[{"href":"https:\/\/industriemaroc.com\/en\/wp-json\/wp\/v2\/product"}],"about":[{"href":"https:\/\/industriemaroc.com\/en\/wp-json\/wp\/v2\/types\/product"}],"replies":[{"embeddable":true,"href":"https:\/\/industriemaroc.com\/en\/wp-json\/wp\/v2\/comments?post=21415"}],"version-history":[{"count":3,"href":"https:\/\/industriemaroc.com\/en\/wp-json\/wp\/v2\/product\/21415\/revisions"}],"predecessor-version":[{"id":21424,"href":"https:\/\/industriemaroc.com\/en\/wp-json\/wp\/v2\/product\/21415\/revisions\/21424"}],"wp:featuredmedia":[{"embeddable":true,"href":"https:\/\/industriemaroc.com\/en\/wp-json\/wp\/v2\/media\/21420"}],"wp:attachment":[{"href":"https:\/\/industriemaroc.com\/en\/wp-json\/wp\/v2\/media?parent=21415"}],"wp:term":[{"taxonomy":"product_brand","embeddable":true,"href":"https:\/\/industriemaroc.com\/en\/wp-json\/wp\/v2\/product_brand?post=21415"},{"taxonomy":"product_cat","embeddable":true,"href":"https:\/\/industriemaroc.com\/en\/wp-json\/wp\/v2\/product_cat?post=21415"},{"taxonomy":"product_tag","embeddable":true,"href":"https:\/\/industriemaroc.com\/en\/wp-json\/wp\/v2\/product_tag?post=21415"}],"curies":[{"name":"wp","href":"https:\/\/api.w.org\/{rel}","templated":true}]}}