{"id":21432,"date":"2024-05-28T19:05:08","date_gmt":"2024-05-28T17:05:08","guid":{"rendered":"https:\/\/industriemaroc.com\/?post_type=product&#038;p=21432"},"modified":"2024-09-02T17:30:27","modified_gmt":"2024-09-02T15:30:27","slug":"eau-de-javel","status":"publish","type":"product","link":"https:\/\/industriemaroc.com\/en\/product\/eau-de-javel\/","title":{"rendered":"Eau de javel &#8211; Qualit\u00e9 Premium"},"content":{"rendered":"<ul>\n<li>Eau de javel d\u00e9sodorisante.<\/li>\n<li>Permet de d\u00e9sinfecter et blanchir.<\/li>\n<li>Rin\u00e7age n\u00e9cessaire \u00e0 chaque utilisation.<\/li>\n<li>Disponible en plusieurs odeurs et volumes.<\/li>\n<\/ul>","protected":false},"excerpt":{"rendered":"<ul>\n<li>Eau de javel d\u00e9sodorisante.<\/li>\n<li>Permet de d\u00e9sinfecter et blanchir.<\/li>\n<li>Rin\u00e7age n\u00e9cessaire \u00e0 chaque utilisation.<\/li>\n<li>Disponible en plusieurs odeurs et volumes.<\/li>\n<\/ul>","protected":false},"featured_media":21436,"comment_status":"open","ping_status":"closed","template":"","meta":{"om_disable_all_campaigns":false,"_monsterinsights_skip_tracking":false,"_monsterinsights_sitenote_active":false,"_monsterinsights_sitenote_note":"","_monsterinsights_sitenote_category":0,"_uf_show_specific_survey":0,"_uf_disable_surveys":false,"_joinchat":[]},"product_brand":[],"product_cat":[674,803,798,784],"product_tag":[],"class_list":{"0":"post-21432","1":"product","2":"type-product","3":"status-publish","4":"has-post-thumbnail","6":"product_cat-hygiene","7":"product_cat-javel","8":"product_cat-produitsliquide","9":"product_cat-produit-nettoyage","11":"first","12":"instock","13":"taxable","14":"shipping-taxable","15":"product-type-simple"},"yoast_head":"<!-- This site is optimized with the Yoast SEO plugin v27.4 - https:\/\/yoast.com\/product\/yoast-seo-wordpress\/ -->\n<title>Eau de javel - Qualit\u00e9 Premium - Industrie Maroc Online<\/title>\n<meta name=\"description\" content=\"Eau de javel d\u00e9sodorisante.  Permet de d\u00e9sinfecter et blanchir.  Rin\u00e7age n\u00e9cessaire \u00e0 chaque utilisation.  Disponible en plusieurs odeurs et volumes.\" \/>\n<meta name=\"robots\" content=\"index, follow, max-snippet:-1, max-image-preview:large, max-video-preview:-1\" \/>\n<link rel=\"canonical\" href=\"https:\/\/industriemaroc.com\/en\/product\/eau-de-javel\/\" \/>\n<meta property=\"og:locale\" content=\"en_US\" \/>\n<meta property=\"og:type\" content=\"article\" \/>\n<meta property=\"og:title\" content=\"Eau de javel - Qualit\u00e9 Premium - Industrie Maroc Online\" \/>\n<meta property=\"og:description\" content=\"Eau de javel d\u00e9sodorisante.  Permet de d\u00e9sinfecter et blanchir.  Rin\u00e7age n\u00e9cessaire \u00e0 chaque utilisation.  Disponible en plusieurs odeurs et volumes.\" \/>\n<meta property=\"og:url\" content=\"https:\/\/industriemaroc.com\/en\/product\/eau-de-javel\/\" \/>\n<meta property=\"og:site_name\" content=\"Industrie Maroc Online\" \/>\n<meta property=\"article:modified_time\" content=\"2024-09-02T15:30:27+00:00\" \/>\n<meta property=\"og:image\" content=\"https:\/\/industriemaroc.com\/wp-content\/uploads\/2024\/05\/1N-125.png\" \/>\n\t<meta property=\"og:image:width\" content=\"700\" \/>\n\t<meta property=\"og:image:height\" content=\"700\" \/>\n\t<meta property=\"og:image:type\" content=\"image\/png\" \/>\n<meta name=\"twitter:card\" content=\"summary_large_image\" \/>\n<script type=\"application\/ld+json\" class=\"yoast-schema-graph\">{\"@context\":\"https:\\\/\\\/schema.org\",\"@graph\":[{\"@type\":\"WebPage\",\"@id\":\"https:\\\/\\\/industriemaroc.com\\\/produit\\\/eau-de-javel\\\/\",\"url\":\"https:\\\/\\\/industriemaroc.com\\\/produit\\\/eau-de-javel\\\/\",\"name\":\"Eau de javel - Qualit\u00e9 Premium - Industrie Maroc Online\",\"isPartOf\":{\"@id\":\"https:\\\/\\\/industriemaroc.com\\\/#website\"},\"primaryImageOfPage\":{\"@id\":\"https:\\\/\\\/industriemaroc.com\\\/produit\\\/eau-de-javel\\\/#primaryimage\"},\"image\":{\"@id\":\"https:\\\/\\\/industriemaroc.com\\\/produit\\\/eau-de-javel\\\/#primaryimage\"},\"thumbnailUrl\":\"https:\\\/\\\/industriemaroc.com\\\/wp-content\\\/uploads\\\/2024\\\/05\\\/1N-125.png\",\"datePublished\":\"2024-05-28T17:05:08+00:00\",\"dateModified\":\"2024-09-02T15:30:27+00:00\",\"description\":\"Eau de javel d\u00e9sodorisante. Permet de d\u00e9sinfecter et blanchir. Rin\u00e7age n\u00e9cessaire \u00e0 chaque utilisation. Disponible en plusieurs odeurs et volumes.\",\"breadcrumb\":{\"@id\":\"https:\\\/\\\/industriemaroc.com\\\/produit\\\/eau-de-javel\\\/#breadcrumb\"},\"inLanguage\":\"en-US\",\"potentialAction\":[{\"@type\":\"ReadAction\",\"target\":[\"https:\\\/\\\/industriemaroc.com\\\/produit\\\/eau-de-javel\\\/\"]}]},{\"@type\":\"ImageObject\",\"inLanguage\":\"en-US\",\"@id\":\"https:\\\/\\\/industriemaroc.com\\\/produit\\\/eau-de-javel\\\/#primaryimage\",\"url\":\"https:\\\/\\\/industriemaroc.com\\\/wp-content\\\/uploads\\\/2024\\\/05\\\/1N-125.png\",\"contentUrl\":\"https:\\\/\\\/industriemaroc.com\\\/wp-content\\\/uploads\\\/2024\\\/05\\\/1N-125.png\",\"width\":700,\"height\":700},{\"@type\":\"BreadcrumbList\",\"@id\":\"https:\\\/\\\/industriemaroc.com\\\/produit\\\/eau-de-javel\\\/#breadcrumb\",\"itemListElement\":[{\"@type\":\"ListItem\",\"position\":1,\"name\":\"Home\",\"item\":\"https:\\\/\\\/industriemaroc.com\\\/\"},{\"@type\":\"ListItem\",\"position\":2,\"name\":\"Shop\",\"item\":\"https:\\\/\\\/industriemaroc.com\\\/shop\\\/\"},{\"@type\":\"ListItem\",\"position\":3,\"name\":\"Eau de javel &#8211; Qualit\u00e9 Premium\"}]},{\"@type\":\"WebSite\",\"@id\":\"https:\\\/\\\/industriemaroc.com\\\/#website\",\"url\":\"https:\\\/\\\/industriemaroc.com\\\/\",\"name\":\"Industrie Maroc Online\",\"description\":\"Plateforme B2B de mat\u00e9riel professionnel au Maroc\",\"publisher\":{\"@id\":\"https:\\\/\\\/industriemaroc.com\\\/#organization\"},\"potentialAction\":[{\"@type\":\"SearchAction\",\"target\":{\"@type\":\"EntryPoint\",\"urlTemplate\":\"https:\\\/\\\/industriemaroc.com\\\/?s={search_term_string}\"},\"query-input\":{\"@type\":\"PropertyValueSpecification\",\"valueRequired\":true,\"valueName\":\"search_term_string\"}}],\"inLanguage\":\"en-US\"},{\"@type\":\"Organization\",\"@id\":\"https:\\\/\\\/industriemaroc.com\\\/#organization\",\"name\":\"industriemaroc.com\",\"url\":\"https:\\\/\\\/industriemaroc.com\\\/\",\"logo\":{\"@type\":\"ImageObject\",\"inLanguage\":\"en-US\",\"@id\":\"https:\\\/\\\/industriemaroc.com\\\/#\\\/schema\\\/logo\\\/image\\\/\",\"url\":\"https:\\\/\\\/industriemaroc.com\\\/wp-content\\\/uploads\\\/2024\\\/04\\\/IM.jpg\",\"contentUrl\":\"https:\\\/\\\/industriemaroc.com\\\/wp-content\\\/uploads\\\/2024\\\/04\\\/IM.jpg\",\"width\":2500,\"height\":2500,\"caption\":\"industriemaroc.com\"},\"image\":{\"@id\":\"https:\\\/\\\/industriemaroc.com\\\/#\\\/schema\\\/logo\\\/image\\\/\"}}]}<\/script>\n<!-- \/ Yoast SEO plugin. -->","yoast_head_json":{"title":"Eau de javel - Qualit\u00e9 Premium - Industrie Maroc Online","description":"Eau de javel d\u00e9sodorisante.  Permet de d\u00e9sinfecter et blanchir.  Rin\u00e7age n\u00e9cessaire \u00e0 chaque utilisation.  Disponible en plusieurs odeurs et volumes.","robots":{"index":"index","follow":"follow","max-snippet":"max-snippet:-1","max-image-preview":"max-image-preview:large","max-video-preview":"max-video-preview:-1"},"canonical":"https:\/\/industriemaroc.com\/en\/product\/eau-de-javel\/","og_locale":"en_US","og_type":"article","og_title":"Eau de javel - Qualit\u00e9 Premium - Industrie Maroc Online","og_description":"Eau de javel d\u00e9sodorisante.  Permet de d\u00e9sinfecter et blanchir.  Rin\u00e7age n\u00e9cessaire \u00e0 chaque utilisation.  Disponible en plusieurs odeurs et volumes.","og_url":"https:\/\/industriemaroc.com\/en\/product\/eau-de-javel\/","og_site_name":"Industrie Maroc Online","article_modified_time":"2024-09-02T15:30:27+00:00","og_image":[{"width":700,"height":700,"url":"https:\/\/industriemaroc.com\/wp-content\/uploads\/2024\/05\/1N-125.png","type":"image\/png"}],"twitter_card":"summary_large_image","schema":{"@context":"https:\/\/schema.org","@graph":[{"@type":"WebPage","@id":"https:\/\/industriemaroc.com\/produit\/eau-de-javel\/","url":"https:\/\/industriemaroc.com\/produit\/eau-de-javel\/","name":"Eau de javel - Qualit\u00e9 Premium - Industrie Maroc Online","isPartOf":{"@id":"https:\/\/industriemaroc.com\/#website"},"primaryImageOfPage":{"@id":"https:\/\/industriemaroc.com\/produit\/eau-de-javel\/#primaryimage"},"image":{"@id":"https:\/\/industriemaroc.com\/produit\/eau-de-javel\/#primaryimage"},"thumbnailUrl":"https:\/\/industriemaroc.com\/wp-content\/uploads\/2024\/05\/1N-125.png","datePublished":"2024-05-28T17:05:08+00:00","dateModified":"2024-09-02T15:30:27+00:00","description":"Eau de javel d\u00e9sodorisante. Permet de d\u00e9sinfecter et blanchir. Rin\u00e7age n\u00e9cessaire \u00e0 chaque utilisation. Disponible en plusieurs odeurs et volumes.","breadcrumb":{"@id":"https:\/\/industriemaroc.com\/produit\/eau-de-javel\/#breadcrumb"},"inLanguage":"en-US","potentialAction":[{"@type":"ReadAction","target":["https:\/\/industriemaroc.com\/produit\/eau-de-javel\/"]}]},{"@type":"ImageObject","inLanguage":"en-US","@id":"https:\/\/industriemaroc.com\/produit\/eau-de-javel\/#primaryimage","url":"https:\/\/industriemaroc.com\/wp-content\/uploads\/2024\/05\/1N-125.png","contentUrl":"https:\/\/industriemaroc.com\/wp-content\/uploads\/2024\/05\/1N-125.png","width":700,"height":700},{"@type":"BreadcrumbList","@id":"https:\/\/industriemaroc.com\/produit\/eau-de-javel\/#breadcrumb","itemListElement":[{"@type":"ListItem","position":1,"name":"Home","item":"https:\/\/industriemaroc.com\/"},{"@type":"ListItem","position":2,"name":"Shop","item":"https:\/\/industriemaroc.com\/shop\/"},{"@type":"ListItem","position":3,"name":"Eau de javel &#8211; Qualit\u00e9 Premium"}]},{"@type":"WebSite","@id":"https:\/\/industriemaroc.com\/#website","url":"https:\/\/industriemaroc.com\/","name":"Industrie Maroc Online","description":"Plateforme B2B de mat\u00e9riel professionnel au Maroc","publisher":{"@id":"https:\/\/industriemaroc.com\/#organization"},"potentialAction":[{"@type":"SearchAction","target":{"@type":"EntryPoint","urlTemplate":"https:\/\/industriemaroc.com\/?s={search_term_string}"},"query-input":{"@type":"PropertyValueSpecification","valueRequired":true,"valueName":"search_term_string"}}],"inLanguage":"en-US"},{"@type":"Organization","@id":"https:\/\/industriemaroc.com\/#organization","name":"industriemaroc.com","url":"https:\/\/industriemaroc.com\/","logo":{"@type":"ImageObject","inLanguage":"en-US","@id":"https:\/\/industriemaroc.com\/#\/schema\/logo\/image\/","url":"https:\/\/industriemaroc.com\/wp-content\/uploads\/2024\/04\/IM.jpg","contentUrl":"https:\/\/industriemaroc.com\/wp-content\/uploads\/2024\/04\/IM.jpg","width":2500,"height":2500,"caption":"industriemaroc.com"},"image":{"@id":"https:\/\/industriemaroc.com\/#\/schema\/logo\/image\/"}}]}},"_links":{"self":[{"href":"https:\/\/industriemaroc.com\/en\/wp-json\/wp\/v2\/product\/21432","targetHints":{"allow":["GET"]}}],"collection":[{"href":"https:\/\/industriemaroc.com\/en\/wp-json\/wp\/v2\/product"}],"about":[{"href":"https:\/\/industriemaroc.com\/en\/wp-json\/wp\/v2\/types\/product"}],"replies":[{"embeddable":true,"href":"https:\/\/industriemaroc.com\/en\/wp-json\/wp\/v2\/comments?post=21432"}],"version-history":[{"count":2,"href":"https:\/\/industriemaroc.com\/en\/wp-json\/wp\/v2\/product\/21432\/revisions"}],"predecessor-version":[{"id":22235,"href":"https:\/\/industriemaroc.com\/en\/wp-json\/wp\/v2\/product\/21432\/revisions\/22235"}],"wp:featuredmedia":[{"embeddable":true,"href":"https:\/\/industriemaroc.com\/en\/wp-json\/wp\/v2\/media\/21436"}],"wp:attachment":[{"href":"https:\/\/industriemaroc.com\/en\/wp-json\/wp\/v2\/media?parent=21432"}],"wp:term":[{"taxonomy":"product_brand","embeddable":true,"href":"https:\/\/industriemaroc.com\/en\/wp-json\/wp\/v2\/product_brand?post=21432"},{"taxonomy":"product_cat","embeddable":true,"href":"https:\/\/industriemaroc.com\/en\/wp-json\/wp\/v2\/product_cat?post=21432"},{"taxonomy":"product_tag","embeddable":true,"href":"https:\/\/industriemaroc.com\/en\/wp-json\/wp\/v2\/product_tag?post=21432"}],"curies":[{"name":"wp","href":"https:\/\/api.w.org\/{rel}","templated":true}]}}