{"id":21468,"date":"2024-05-29T18:34:27","date_gmt":"2024-05-29T16:34:27","guid":{"rendered":"https:\/\/industriemaroc.com\/?post_type=product&#038;p=21468"},"modified":"2025-11-17T12:30:52","modified_gmt":"2025-11-17T11:30:52","slug":"pack-papier-toilette-18-rouleaux","status":"publish","type":"product","link":"https:\/\/industriemaroc.com\/en\/product\/pack-papier-toilette-18-rouleaux\/","title":{"rendered":"Pack Papier Toilette &#8211; 18 Rouleaux"},"content":{"rendered":"<ul>\n<li>Papier toilette industriel 350G.<\/li>\n<li>Conditionnement : Lot de 18.<\/li>\n<li>Rouleaux de papier toilette grande capacit\u00e9.<\/li>\n<li>Particuli\u00e8rement adapt\u00e9 aux endroits tr\u00e8s fr\u00e9quent\u00e9s.<\/li>\n<li>R\u00e9duit le temps de remplacement des rouleaux.<\/li>\n<li>Grandes \u00e9conomies en ne gaspillant pas les d\u00e9buts et les fins des rouleaux.<\/li>\n<li>Format pr\u00e9d\u00e9coup\u00e9.<\/li>\n<\/ul>","protected":false},"excerpt":{"rendered":"<ul>\n<li>Rouleaux de papier toilette industriel 350G.<\/li>\n<li>Conditionnement : Lot de 18.<\/li>\n<li>Particuli\u00e8rement adapt\u00e9 aux endroits tr\u00e8s fr\u00e9quent\u00e9s.<\/li>\n<\/ul>","protected":false},"featured_media":21469,"comment_status":"open","ping_status":"closed","template":"","meta":{"om_disable_all_campaigns":false,"_monsterinsights_skip_tracking":false,"_monsterinsights_sitenote_active":false,"_monsterinsights_sitenote_note":"","_monsterinsights_sitenote_category":0,"_uf_show_specific_survey":0,"_uf_disable_surveys":false,"_joinchat":[]},"product_brand":[],"product_cat":[674,801,799,784],"product_tag":[],"class_list":{"0":"post-21468","1":"product","2":"type-product","3":"status-publish","4":"has-post-thumbnail","6":"product_cat-hygiene","7":"product_cat-papier-toilette","8":"product_cat-papier","9":"product_cat-produit-nettoyage","11":"first","12":"instock","13":"taxable","14":"shipping-taxable","15":"purchasable","16":"product-type-simple"},"yoast_head":"<!-- This site is optimized with the Yoast SEO plugin v27.4 - https:\/\/yoast.com\/product\/yoast-seo-wordpress\/ -->\n<title>Pack Papier Toilette - 18 Rouleaux - Industrie Maroc Online<\/title>\n<meta name=\"description\" content=\"Rouleaux de papier toilette industriel 350G.  Conditionnement : Lot de 18.  Particuli\u00e8rement adapt\u00e9 aux endroits tr\u00e8s fr\u00e9quent\u00e9s.\" \/>\n<meta name=\"robots\" content=\"index, follow, max-snippet:-1, max-image-preview:large, max-video-preview:-1\" \/>\n<link rel=\"canonical\" href=\"https:\/\/industriemaroc.com\/en\/product\/pack-papier-toilette-18-rouleaux\/\" \/>\n<meta property=\"og:locale\" content=\"en_US\" \/>\n<meta property=\"og:type\" content=\"article\" \/>\n<meta property=\"og:title\" content=\"Pack Papier Toilette - 18 Rouleaux - Industrie Maroc Online\" \/>\n<meta property=\"og:description\" content=\"Rouleaux de papier toilette industriel 350G.  Conditionnement : Lot de 18.  Particuli\u00e8rement adapt\u00e9 aux endroits tr\u00e8s fr\u00e9quent\u00e9s.\" \/>\n<meta property=\"og:url\" content=\"https:\/\/industriemaroc.com\/en\/product\/pack-papier-toilette-18-rouleaux\/\" \/>\n<meta property=\"og:site_name\" content=\"Industrie Maroc Online\" \/>\n<meta property=\"article:modified_time\" content=\"2025-11-17T11:30:52+00:00\" \/>\n<meta property=\"og:image\" content=\"https:\/\/industriemaroc.com\/wp-content\/uploads\/2024\/05\/4N-8.png\" \/>\n\t<meta property=\"og:image:width\" content=\"700\" \/>\n\t<meta property=\"og:image:height\" content=\"700\" \/>\n\t<meta property=\"og:image:type\" content=\"image\/png\" \/>\n<meta name=\"twitter:card\" content=\"summary_large_image\" \/>\n<meta name=\"twitter:label1\" content=\"Est. reading time\" \/>\n\t<meta name=\"twitter:data1\" content=\"1 minute\" \/>\n<script type=\"application\/ld+json\" class=\"yoast-schema-graph\">{\"@context\":\"https:\\\/\\\/schema.org\",\"@graph\":[{\"@type\":\"WebPage\",\"@id\":\"https:\\\/\\\/industriemaroc.com\\\/produit\\\/pack-papier-toilette-18-rouleaux\\\/\",\"url\":\"https:\\\/\\\/industriemaroc.com\\\/produit\\\/pack-papier-toilette-18-rouleaux\\\/\",\"name\":\"Pack Papier Toilette - 18 Rouleaux - Industrie Maroc Online\",\"isPartOf\":{\"@id\":\"https:\\\/\\\/industriemaroc.com\\\/#website\"},\"primaryImageOfPage\":{\"@id\":\"https:\\\/\\\/industriemaroc.com\\\/produit\\\/pack-papier-toilette-18-rouleaux\\\/#primaryimage\"},\"image\":{\"@id\":\"https:\\\/\\\/industriemaroc.com\\\/produit\\\/pack-papier-toilette-18-rouleaux\\\/#primaryimage\"},\"thumbnailUrl\":\"https:\\\/\\\/industriemaroc.com\\\/wp-content\\\/uploads\\\/2024\\\/05\\\/4N-8.png\",\"datePublished\":\"2024-05-29T16:34:27+00:00\",\"dateModified\":\"2025-11-17T11:30:52+00:00\",\"description\":\"Rouleaux de papier toilette industriel 350G. Conditionnement : Lot de 18. Particuli\u00e8rement adapt\u00e9 aux endroits tr\u00e8s fr\u00e9quent\u00e9s.\",\"breadcrumb\":{\"@id\":\"https:\\\/\\\/industriemaroc.com\\\/produit\\\/pack-papier-toilette-18-rouleaux\\\/#breadcrumb\"},\"inLanguage\":\"en-US\",\"potentialAction\":[{\"@type\":\"ReadAction\",\"target\":[\"https:\\\/\\\/industriemaroc.com\\\/produit\\\/pack-papier-toilette-18-rouleaux\\\/\"]}]},{\"@type\":\"ImageObject\",\"inLanguage\":\"en-US\",\"@id\":\"https:\\\/\\\/industriemaroc.com\\\/produit\\\/pack-papier-toilette-18-rouleaux\\\/#primaryimage\",\"url\":\"https:\\\/\\\/industriemaroc.com\\\/wp-content\\\/uploads\\\/2024\\\/05\\\/4N-8.png\",\"contentUrl\":\"https:\\\/\\\/industriemaroc.com\\\/wp-content\\\/uploads\\\/2024\\\/05\\\/4N-8.png\",\"width\":700,\"height\":700,\"caption\":\"Pack de 18 rouleaux de papier toilette grand format \u2013 Economique et pratique pour les entreprises sur IndustrieMaroc.com\"},{\"@type\":\"BreadcrumbList\",\"@id\":\"https:\\\/\\\/industriemaroc.com\\\/produit\\\/pack-papier-toilette-18-rouleaux\\\/#breadcrumb\",\"itemListElement\":[{\"@type\":\"ListItem\",\"position\":1,\"name\":\"Home\",\"item\":\"https:\\\/\\\/industriemaroc.com\\\/\"},{\"@type\":\"ListItem\",\"position\":2,\"name\":\"Shop\",\"item\":\"https:\\\/\\\/industriemaroc.com\\\/shop\\\/\"},{\"@type\":\"ListItem\",\"position\":3,\"name\":\"Pack Papier Toilette &#8211; 18 Rouleaux\"}]},{\"@type\":\"WebSite\",\"@id\":\"https:\\\/\\\/industriemaroc.com\\\/#website\",\"url\":\"https:\\\/\\\/industriemaroc.com\\\/\",\"name\":\"Industrie Maroc Online\",\"description\":\"Plateforme B2B de mat\u00e9riel professionnel au Maroc\",\"publisher\":{\"@id\":\"https:\\\/\\\/industriemaroc.com\\\/#organization\"},\"potentialAction\":[{\"@type\":\"SearchAction\",\"target\":{\"@type\":\"EntryPoint\",\"urlTemplate\":\"https:\\\/\\\/industriemaroc.com\\\/?s={search_term_string}\"},\"query-input\":{\"@type\":\"PropertyValueSpecification\",\"valueRequired\":true,\"valueName\":\"search_term_string\"}}],\"inLanguage\":\"en-US\"},{\"@type\":\"Organization\",\"@id\":\"https:\\\/\\\/industriemaroc.com\\\/#organization\",\"name\":\"industriemaroc.com\",\"url\":\"https:\\\/\\\/industriemaroc.com\\\/\",\"logo\":{\"@type\":\"ImageObject\",\"inLanguage\":\"en-US\",\"@id\":\"https:\\\/\\\/industriemaroc.com\\\/#\\\/schema\\\/logo\\\/image\\\/\",\"url\":\"https:\\\/\\\/industriemaroc.com\\\/wp-content\\\/uploads\\\/2024\\\/04\\\/IM.jpg\",\"contentUrl\":\"https:\\\/\\\/industriemaroc.com\\\/wp-content\\\/uploads\\\/2024\\\/04\\\/IM.jpg\",\"width\":2500,\"height\":2500,\"caption\":\"industriemaroc.com\"},\"image\":{\"@id\":\"https:\\\/\\\/industriemaroc.com\\\/#\\\/schema\\\/logo\\\/image\\\/\"}}]}<\/script>\n<!-- \/ Yoast SEO plugin. -->","yoast_head_json":{"title":"Pack Papier Toilette - 18 Rouleaux - Industrie Maroc Online","description":"Rouleaux de papier toilette industriel 350G.  Conditionnement : Lot de 18.  Particuli\u00e8rement adapt\u00e9 aux endroits tr\u00e8s fr\u00e9quent\u00e9s.","robots":{"index":"index","follow":"follow","max-snippet":"max-snippet:-1","max-image-preview":"max-image-preview:large","max-video-preview":"max-video-preview:-1"},"canonical":"https:\/\/industriemaroc.com\/en\/product\/pack-papier-toilette-18-rouleaux\/","og_locale":"en_US","og_type":"article","og_title":"Pack Papier Toilette - 18 Rouleaux - Industrie Maroc Online","og_description":"Rouleaux de papier toilette industriel 350G.  Conditionnement : Lot de 18.  Particuli\u00e8rement adapt\u00e9 aux endroits tr\u00e8s fr\u00e9quent\u00e9s.","og_url":"https:\/\/industriemaroc.com\/en\/product\/pack-papier-toilette-18-rouleaux\/","og_site_name":"Industrie Maroc Online","article_modified_time":"2025-11-17T11:30:52+00:00","og_image":[{"width":700,"height":700,"url":"https:\/\/industriemaroc.com\/wp-content\/uploads\/2024\/05\/4N-8.png","type":"image\/png"}],"twitter_card":"summary_large_image","twitter_misc":{"Est. reading time":"1 minute"},"schema":{"@context":"https:\/\/schema.org","@graph":[{"@type":"WebPage","@id":"https:\/\/industriemaroc.com\/produit\/pack-papier-toilette-18-rouleaux\/","url":"https:\/\/industriemaroc.com\/produit\/pack-papier-toilette-18-rouleaux\/","name":"Pack Papier Toilette - 18 Rouleaux - Industrie Maroc Online","isPartOf":{"@id":"https:\/\/industriemaroc.com\/#website"},"primaryImageOfPage":{"@id":"https:\/\/industriemaroc.com\/produit\/pack-papier-toilette-18-rouleaux\/#primaryimage"},"image":{"@id":"https:\/\/industriemaroc.com\/produit\/pack-papier-toilette-18-rouleaux\/#primaryimage"},"thumbnailUrl":"https:\/\/industriemaroc.com\/wp-content\/uploads\/2024\/05\/4N-8.png","datePublished":"2024-05-29T16:34:27+00:00","dateModified":"2025-11-17T11:30:52+00:00","description":"Rouleaux de papier toilette industriel 350G. Conditionnement : Lot de 18. Particuli\u00e8rement adapt\u00e9 aux endroits tr\u00e8s fr\u00e9quent\u00e9s.","breadcrumb":{"@id":"https:\/\/industriemaroc.com\/produit\/pack-papier-toilette-18-rouleaux\/#breadcrumb"},"inLanguage":"en-US","potentialAction":[{"@type":"ReadAction","target":["https:\/\/industriemaroc.com\/produit\/pack-papier-toilette-18-rouleaux\/"]}]},{"@type":"ImageObject","inLanguage":"en-US","@id":"https:\/\/industriemaroc.com\/produit\/pack-papier-toilette-18-rouleaux\/#primaryimage","url":"https:\/\/industriemaroc.com\/wp-content\/uploads\/2024\/05\/4N-8.png","contentUrl":"https:\/\/industriemaroc.com\/wp-content\/uploads\/2024\/05\/4N-8.png","width":700,"height":700,"caption":"Pack de 18 rouleaux de papier toilette grand format \u2013 Economique et pratique pour les entreprises sur IndustrieMaroc.com"},{"@type":"BreadcrumbList","@id":"https:\/\/industriemaroc.com\/produit\/pack-papier-toilette-18-rouleaux\/#breadcrumb","itemListElement":[{"@type":"ListItem","position":1,"name":"Home","item":"https:\/\/industriemaroc.com\/"},{"@type":"ListItem","position":2,"name":"Shop","item":"https:\/\/industriemaroc.com\/shop\/"},{"@type":"ListItem","position":3,"name":"Pack Papier Toilette &#8211; 18 Rouleaux"}]},{"@type":"WebSite","@id":"https:\/\/industriemaroc.com\/#website","url":"https:\/\/industriemaroc.com\/","name":"Industrie Maroc Online","description":"Plateforme B2B de mat\u00e9riel professionnel au Maroc","publisher":{"@id":"https:\/\/industriemaroc.com\/#organization"},"potentialAction":[{"@type":"SearchAction","target":{"@type":"EntryPoint","urlTemplate":"https:\/\/industriemaroc.com\/?s={search_term_string}"},"query-input":{"@type":"PropertyValueSpecification","valueRequired":true,"valueName":"search_term_string"}}],"inLanguage":"en-US"},{"@type":"Organization","@id":"https:\/\/industriemaroc.com\/#organization","name":"industriemaroc.com","url":"https:\/\/industriemaroc.com\/","logo":{"@type":"ImageObject","inLanguage":"en-US","@id":"https:\/\/industriemaroc.com\/#\/schema\/logo\/image\/","url":"https:\/\/industriemaroc.com\/wp-content\/uploads\/2024\/04\/IM.jpg","contentUrl":"https:\/\/industriemaroc.com\/wp-content\/uploads\/2024\/04\/IM.jpg","width":2500,"height":2500,"caption":"industriemaroc.com"},"image":{"@id":"https:\/\/industriemaroc.com\/#\/schema\/logo\/image\/"}}]}},"_links":{"self":[{"href":"https:\/\/industriemaroc.com\/en\/wp-json\/wp\/v2\/product\/21468","targetHints":{"allow":["GET"]}}],"collection":[{"href":"https:\/\/industriemaroc.com\/en\/wp-json\/wp\/v2\/product"}],"about":[{"href":"https:\/\/industriemaroc.com\/en\/wp-json\/wp\/v2\/types\/product"}],"replies":[{"embeddable":true,"href":"https:\/\/industriemaroc.com\/en\/wp-json\/wp\/v2\/comments?post=21468"}],"version-history":[{"count":5,"href":"https:\/\/industriemaroc.com\/en\/wp-json\/wp\/v2\/product\/21468\/revisions"}],"predecessor-version":[{"id":24116,"href":"https:\/\/industriemaroc.com\/en\/wp-json\/wp\/v2\/product\/21468\/revisions\/24116"}],"wp:featuredmedia":[{"embeddable":true,"href":"https:\/\/industriemaroc.com\/en\/wp-json\/wp\/v2\/media\/21469"}],"wp:attachment":[{"href":"https:\/\/industriemaroc.com\/en\/wp-json\/wp\/v2\/media?parent=21468"}],"wp:term":[{"taxonomy":"product_brand","embeddable":true,"href":"https:\/\/industriemaroc.com\/en\/wp-json\/wp\/v2\/product_brand?post=21468"},{"taxonomy":"product_cat","embeddable":true,"href":"https:\/\/industriemaroc.com\/en\/wp-json\/wp\/v2\/product_cat?post=21468"},{"taxonomy":"product_tag","embeddable":true,"href":"https:\/\/industriemaroc.com\/en\/wp-json\/wp\/v2\/product_tag?post=21468"}],"curies":[{"name":"wp","href":"https:\/\/api.w.org\/{rel}","templated":true}]}}