{"id":21568,"date":"2024-06-03T18:20:05","date_gmt":"2024-06-03T16:20:05","guid":{"rendered":"https:\/\/industriemaroc.com\/?post_type=product&#038;p=21568"},"modified":"2024-06-03T18:20:05","modified_gmt":"2024-06-03T16:20:05","slug":"marteau-piqueur-sans-fil-te-2000-22-hilti","status":"publish","type":"product","link":"https:\/\/industriemaroc.com\/en\/product\/marteau-piqueur-sans-fil-te-2000-22-hilti\/","title":{"rendered":"MARTEAU-PIQUEUR SANS FIL TE 2000-22 &#8211; HILTI"},"content":{"rendered":"<ul class=\"a-list a-list-unordered a-color-black\">\n<li>Marteaux-piqueurs sans fil et sans compromis \u2013 offrant les m\u00eames performances de d\u00e9molition que les marteaux-piqueurs filaires TE 2000 de plus grande taille, mais dans une version moins encombrante<\/li>\n<li>D\u00e9marrage plus rapide des travaux \u2013 l&rsquo;ind\u00e9pendance vis-\u00e0-vis de l&rsquo;alimentation principale souvent peu fiable et la facilit\u00e9 de transport contribuent \u00e0 \u00e9liminer les retards courants au d\u00e9but de la journ\u00e9e de travail<\/li>\n<li>Maniabilit\u00e9 imbattable \u2013 plus l\u00e9ger de 10 kg et beaucoup plus fin que les marteaux-piqueurs \u00e0 batterie comparables, le TE\u00a02000-22 convient parfaitement aux travaux de d\u00e9molition de taille moyenne et contr\u00f4l\u00e9s o\u00f9 la maniabilit\u00e9, le contr\u00f4le de l&rsquo;outil et la mobilit\u00e9 sont essentiels pour la productivit\u00e9<\/li>\n<li>Travaux par charge sans pr\u00e9c\u00e9dent \u2013 d\u00e9molissez une demi-tonne de b\u00e9ton par charge avec une paire de batteries Nuron B\u00a022-255 r\u00e9volutionnaires ou 1,5 tonne en ajoutant le grand bo\u00eetier de batterie en option<\/li>\n<li>D\u00e9molition pratiquement sans poussi\u00e8re \u2013 jusqu&rsquo;\u00e0 95\u00a0% de r\u00e9duction de la poussi\u00e8re fine de silice en cas d&rsquo;utilisation avec un syst\u00e8me de r\u00e9cup\u00e9ration de la poussi\u00e8re TE\u00a0DRS-B et un aspirateur Hilti compatible<\/li>\n<\/ul>","protected":false},"excerpt":{"rendered":"<ul class=\"a-list a-list-unordered a-color-black\">\n<li>D\u00e9molition des dalles et des fondations en b\u00e9ton jusqu\u2019\u00e0 20 cm d\u2019\u00e9paisseur<\/li>\n<li>Rainurage des sols et d\u00e9coupe des passages pour tuyaux<\/li>\n<\/ul>","protected":false},"featured_media":21577,"comment_status":"open","ping_status":"closed","template":"","meta":{"om_disable_all_campaigns":false,"_monsterinsights_skip_tracking":false,"_monsterinsights_sitenote_active":false,"_monsterinsights_sitenote_note":"","_monsterinsights_sitenote_category":0,"_uf_show_specific_survey":0,"_uf_disable_surveys":false,"_joinchat":[]},"product_brand":[],"product_cat":[1237,672,1236,1156,1160,1162],"product_tag":[],"class_list":{"0":"post-21568","1":"product","2":"type-product","3":"status-publish","4":"has-post-thumbnail","6":"product_cat-burineurs","7":"product_cat-fournitures-industrielles","8":"product_cat-gamme-hilti","9":"product_cat-outillage-professionnel-maroc","10":"product_cat-outillage-electroportatif-maroc","11":"product_cat-outillage-electroportatif-professionnel-maroc","13":"first","14":"instock","15":"taxable","16":"shipping-taxable","17":"product-type-simple"},"yoast_head":"<!-- This site is optimized with the Yoast SEO plugin v27.4 - https:\/\/yoast.com\/product\/yoast-seo-wordpress\/ -->\n<title>MARTEAU-PIQUEUR SANS FIL TE 2000-22 - HILTI - Industrie Maroc Online<\/title>\n<meta name=\"description\" content=\"D\u00e9molition des dalles et des fondations en b\u00e9ton jusqu\u2019\u00e0 20 cm d\u2019\u00e9paisseur  Rainurage des sols et d\u00e9coupe des passages pour tuyaux\" \/>\n<meta name=\"robots\" content=\"index, follow, max-snippet:-1, max-image-preview:large, max-video-preview:-1\" \/>\n<link rel=\"canonical\" href=\"https:\/\/industriemaroc.com\/en\/product\/marteau-piqueur-sans-fil-te-2000-22-hilti\/\" \/>\n<meta property=\"og:locale\" content=\"en_US\" \/>\n<meta property=\"og:type\" content=\"article\" \/>\n<meta property=\"og:title\" content=\"MARTEAU-PIQUEUR SANS FIL TE 2000-22 - HILTI - Industrie Maroc Online\" \/>\n<meta property=\"og:description\" content=\"D\u00e9molition des dalles et des fondations en b\u00e9ton jusqu\u2019\u00e0 20 cm d\u2019\u00e9paisseur  Rainurage des sols et d\u00e9coupe des passages pour tuyaux\" \/>\n<meta property=\"og:url\" content=\"https:\/\/industriemaroc.com\/en\/product\/marteau-piqueur-sans-fil-te-2000-22-hilti\/\" \/>\n<meta property=\"og:site_name\" content=\"Industrie Maroc Online\" \/>\n<meta property=\"og:image\" content=\"https:\/\/industriemaroc.com\/wp-content\/uploads\/2024\/06\/TE2000-22N.png\" \/>\n\t<meta property=\"og:image:width\" content=\"700\" \/>\n\t<meta property=\"og:image:height\" content=\"700\" \/>\n\t<meta property=\"og:image:type\" content=\"image\/png\" \/>\n<meta name=\"twitter:card\" content=\"summary_large_image\" \/>\n<meta name=\"twitter:label1\" content=\"Est. reading time\" \/>\n\t<meta name=\"twitter:data1\" content=\"1 minute\" \/>\n<script type=\"application\/ld+json\" class=\"yoast-schema-graph\">{\"@context\":\"https:\\\/\\\/schema.org\",\"@graph\":[{\"@type\":\"WebPage\",\"@id\":\"https:\\\/\\\/industriemaroc.com\\\/produit\\\/marteau-piqueur-sans-fil-te-2000-22-hilti\\\/\",\"url\":\"https:\\\/\\\/industriemaroc.com\\\/produit\\\/marteau-piqueur-sans-fil-te-2000-22-hilti\\\/\",\"name\":\"MARTEAU-PIQUEUR SANS FIL TE 2000-22 - HILTI - Industrie Maroc Online\",\"isPartOf\":{\"@id\":\"https:\\\/\\\/industriemaroc.com\\\/#website\"},\"primaryImageOfPage\":{\"@id\":\"https:\\\/\\\/industriemaroc.com\\\/produit\\\/marteau-piqueur-sans-fil-te-2000-22-hilti\\\/#primaryimage\"},\"image\":{\"@id\":\"https:\\\/\\\/industriemaroc.com\\\/produit\\\/marteau-piqueur-sans-fil-te-2000-22-hilti\\\/#primaryimage\"},\"thumbnailUrl\":\"https:\\\/\\\/industriemaroc.com\\\/wp-content\\\/uploads\\\/2024\\\/06\\\/TE2000-22N.png\",\"datePublished\":\"2024-06-03T16:20:05+00:00\",\"description\":\"D\u00e9molition des dalles et des fondations en b\u00e9ton jusqu\u2019\u00e0 20 cm d\u2019\u00e9paisseur Rainurage des sols et d\u00e9coupe des passages pour tuyaux\",\"breadcrumb\":{\"@id\":\"https:\\\/\\\/industriemaroc.com\\\/produit\\\/marteau-piqueur-sans-fil-te-2000-22-hilti\\\/#breadcrumb\"},\"inLanguage\":\"en-US\",\"potentialAction\":[{\"@type\":\"ReadAction\",\"target\":[\"https:\\\/\\\/industriemaroc.com\\\/produit\\\/marteau-piqueur-sans-fil-te-2000-22-hilti\\\/\"]}]},{\"@type\":\"ImageObject\",\"inLanguage\":\"en-US\",\"@id\":\"https:\\\/\\\/industriemaroc.com\\\/produit\\\/marteau-piqueur-sans-fil-te-2000-22-hilti\\\/#primaryimage\",\"url\":\"https:\\\/\\\/industriemaroc.com\\\/wp-content\\\/uploads\\\/2024\\\/06\\\/TE2000-22N.png\",\"contentUrl\":\"https:\\\/\\\/industriemaroc.com\\\/wp-content\\\/uploads\\\/2024\\\/06\\\/TE2000-22N.png\",\"width\":700,\"height\":700},{\"@type\":\"BreadcrumbList\",\"@id\":\"https:\\\/\\\/industriemaroc.com\\\/produit\\\/marteau-piqueur-sans-fil-te-2000-22-hilti\\\/#breadcrumb\",\"itemListElement\":[{\"@type\":\"ListItem\",\"position\":1,\"name\":\"Home\",\"item\":\"https:\\\/\\\/industriemaroc.com\\\/\"},{\"@type\":\"ListItem\",\"position\":2,\"name\":\"Shop\",\"item\":\"https:\\\/\\\/industriemaroc.com\\\/shop\\\/\"},{\"@type\":\"ListItem\",\"position\":3,\"name\":\"MARTEAU-PIQUEUR SANS FIL TE 2000-22 &#8211; HILTI\"}]},{\"@type\":\"WebSite\",\"@id\":\"https:\\\/\\\/industriemaroc.com\\\/#website\",\"url\":\"https:\\\/\\\/industriemaroc.com\\\/\",\"name\":\"Industrie Maroc Online\",\"description\":\"Plateforme B2B de mat\u00e9riel professionnel au Maroc\",\"publisher\":{\"@id\":\"https:\\\/\\\/industriemaroc.com\\\/#organization\"},\"potentialAction\":[{\"@type\":\"SearchAction\",\"target\":{\"@type\":\"EntryPoint\",\"urlTemplate\":\"https:\\\/\\\/industriemaroc.com\\\/?s={search_term_string}\"},\"query-input\":{\"@type\":\"PropertyValueSpecification\",\"valueRequired\":true,\"valueName\":\"search_term_string\"}}],\"inLanguage\":\"en-US\"},{\"@type\":\"Organization\",\"@id\":\"https:\\\/\\\/industriemaroc.com\\\/#organization\",\"name\":\"industriemaroc.com\",\"url\":\"https:\\\/\\\/industriemaroc.com\\\/\",\"logo\":{\"@type\":\"ImageObject\",\"inLanguage\":\"en-US\",\"@id\":\"https:\\\/\\\/industriemaroc.com\\\/#\\\/schema\\\/logo\\\/image\\\/\",\"url\":\"https:\\\/\\\/industriemaroc.com\\\/wp-content\\\/uploads\\\/2024\\\/04\\\/IM.jpg\",\"contentUrl\":\"https:\\\/\\\/industriemaroc.com\\\/wp-content\\\/uploads\\\/2024\\\/04\\\/IM.jpg\",\"width\":2500,\"height\":2500,\"caption\":\"industriemaroc.com\"},\"image\":{\"@id\":\"https:\\\/\\\/industriemaroc.com\\\/#\\\/schema\\\/logo\\\/image\\\/\"}}]}<\/script>\n<!-- \/ Yoast SEO plugin. -->","yoast_head_json":{"title":"MARTEAU-PIQUEUR SANS FIL TE 2000-22 - HILTI - Industrie Maroc Online","description":"D\u00e9molition des dalles et des fondations en b\u00e9ton jusqu\u2019\u00e0 20 cm d\u2019\u00e9paisseur  Rainurage des sols et d\u00e9coupe des passages pour tuyaux","robots":{"index":"index","follow":"follow","max-snippet":"max-snippet:-1","max-image-preview":"max-image-preview:large","max-video-preview":"max-video-preview:-1"},"canonical":"https:\/\/industriemaroc.com\/en\/product\/marteau-piqueur-sans-fil-te-2000-22-hilti\/","og_locale":"en_US","og_type":"article","og_title":"MARTEAU-PIQUEUR SANS FIL TE 2000-22 - HILTI - Industrie Maroc Online","og_description":"D\u00e9molition des dalles et des fondations en b\u00e9ton jusqu\u2019\u00e0 20 cm d\u2019\u00e9paisseur  Rainurage des sols et d\u00e9coupe des passages pour tuyaux","og_url":"https:\/\/industriemaroc.com\/en\/product\/marteau-piqueur-sans-fil-te-2000-22-hilti\/","og_site_name":"Industrie Maroc Online","og_image":[{"width":700,"height":700,"url":"https:\/\/industriemaroc.com\/wp-content\/uploads\/2024\/06\/TE2000-22N.png","type":"image\/png"}],"twitter_card":"summary_large_image","twitter_misc":{"Est. reading time":"1 minute"},"schema":{"@context":"https:\/\/schema.org","@graph":[{"@type":"WebPage","@id":"https:\/\/industriemaroc.com\/produit\/marteau-piqueur-sans-fil-te-2000-22-hilti\/","url":"https:\/\/industriemaroc.com\/produit\/marteau-piqueur-sans-fil-te-2000-22-hilti\/","name":"MARTEAU-PIQUEUR SANS FIL TE 2000-22 - HILTI - Industrie Maroc Online","isPartOf":{"@id":"https:\/\/industriemaroc.com\/#website"},"primaryImageOfPage":{"@id":"https:\/\/industriemaroc.com\/produit\/marteau-piqueur-sans-fil-te-2000-22-hilti\/#primaryimage"},"image":{"@id":"https:\/\/industriemaroc.com\/produit\/marteau-piqueur-sans-fil-te-2000-22-hilti\/#primaryimage"},"thumbnailUrl":"https:\/\/industriemaroc.com\/wp-content\/uploads\/2024\/06\/TE2000-22N.png","datePublished":"2024-06-03T16:20:05+00:00","description":"D\u00e9molition des dalles et des fondations en b\u00e9ton jusqu\u2019\u00e0 20 cm d\u2019\u00e9paisseur Rainurage des sols et d\u00e9coupe des passages pour tuyaux","breadcrumb":{"@id":"https:\/\/industriemaroc.com\/produit\/marteau-piqueur-sans-fil-te-2000-22-hilti\/#breadcrumb"},"inLanguage":"en-US","potentialAction":[{"@type":"ReadAction","target":["https:\/\/industriemaroc.com\/produit\/marteau-piqueur-sans-fil-te-2000-22-hilti\/"]}]},{"@type":"ImageObject","inLanguage":"en-US","@id":"https:\/\/industriemaroc.com\/produit\/marteau-piqueur-sans-fil-te-2000-22-hilti\/#primaryimage","url":"https:\/\/industriemaroc.com\/wp-content\/uploads\/2024\/06\/TE2000-22N.png","contentUrl":"https:\/\/industriemaroc.com\/wp-content\/uploads\/2024\/06\/TE2000-22N.png","width":700,"height":700},{"@type":"BreadcrumbList","@id":"https:\/\/industriemaroc.com\/produit\/marteau-piqueur-sans-fil-te-2000-22-hilti\/#breadcrumb","itemListElement":[{"@type":"ListItem","position":1,"name":"Home","item":"https:\/\/industriemaroc.com\/"},{"@type":"ListItem","position":2,"name":"Shop","item":"https:\/\/industriemaroc.com\/shop\/"},{"@type":"ListItem","position":3,"name":"MARTEAU-PIQUEUR SANS FIL TE 2000-22 &#8211; HILTI"}]},{"@type":"WebSite","@id":"https:\/\/industriemaroc.com\/#website","url":"https:\/\/industriemaroc.com\/","name":"Industrie Maroc Online","description":"Plateforme B2B de mat\u00e9riel professionnel au Maroc","publisher":{"@id":"https:\/\/industriemaroc.com\/#organization"},"potentialAction":[{"@type":"SearchAction","target":{"@type":"EntryPoint","urlTemplate":"https:\/\/industriemaroc.com\/?s={search_term_string}"},"query-input":{"@type":"PropertyValueSpecification","valueRequired":true,"valueName":"search_term_string"}}],"inLanguage":"en-US"},{"@type":"Organization","@id":"https:\/\/industriemaroc.com\/#organization","name":"industriemaroc.com","url":"https:\/\/industriemaroc.com\/","logo":{"@type":"ImageObject","inLanguage":"en-US","@id":"https:\/\/industriemaroc.com\/#\/schema\/logo\/image\/","url":"https:\/\/industriemaroc.com\/wp-content\/uploads\/2024\/04\/IM.jpg","contentUrl":"https:\/\/industriemaroc.com\/wp-content\/uploads\/2024\/04\/IM.jpg","width":2500,"height":2500,"caption":"industriemaroc.com"},"image":{"@id":"https:\/\/industriemaroc.com\/#\/schema\/logo\/image\/"}}]}},"_links":{"self":[{"href":"https:\/\/industriemaroc.com\/en\/wp-json\/wp\/v2\/product\/21568","targetHints":{"allow":["GET"]}}],"collection":[{"href":"https:\/\/industriemaroc.com\/en\/wp-json\/wp\/v2\/product"}],"about":[{"href":"https:\/\/industriemaroc.com\/en\/wp-json\/wp\/v2\/types\/product"}],"replies":[{"embeddable":true,"href":"https:\/\/industriemaroc.com\/en\/wp-json\/wp\/v2\/comments?post=21568"}],"version-history":[{"count":1,"href":"https:\/\/industriemaroc.com\/en\/wp-json\/wp\/v2\/product\/21568\/revisions"}],"predecessor-version":[{"id":21578,"href":"https:\/\/industriemaroc.com\/en\/wp-json\/wp\/v2\/product\/21568\/revisions\/21578"}],"wp:featuredmedia":[{"embeddable":true,"href":"https:\/\/industriemaroc.com\/en\/wp-json\/wp\/v2\/media\/21577"}],"wp:attachment":[{"href":"https:\/\/industriemaroc.com\/en\/wp-json\/wp\/v2\/media?parent=21568"}],"wp:term":[{"taxonomy":"product_brand","embeddable":true,"href":"https:\/\/industriemaroc.com\/en\/wp-json\/wp\/v2\/product_brand?post=21568"},{"taxonomy":"product_cat","embeddable":true,"href":"https:\/\/industriemaroc.com\/en\/wp-json\/wp\/v2\/product_cat?post=21568"},{"taxonomy":"product_tag","embeddable":true,"href":"https:\/\/industriemaroc.com\/en\/wp-json\/wp\/v2\/product_tag?post=21568"}],"curies":[{"name":"wp","href":"https:\/\/api.w.org\/{rel}","templated":true}]}}