{"id":21602,"date":"2024-06-03T19:00:32","date_gmt":"2024-06-03T17:00:32","guid":{"rendered":"https:\/\/industriemaroc.com\/?post_type=product&#038;p=21602"},"modified":"2024-06-03T19:00:32","modified_gmt":"2024-06-03T17:00:32","slug":"perforateur-sans-fil-te-2-22-hilti","status":"publish","type":"product","link":"https:\/\/industriemaroc.com\/en\/product\/perforateur-sans-fil-te-2-22-hilti\/","title":{"rendered":"PERFORATEUR SANS FIL TE 2-22 &#8211; HILTI"},"content":{"rendered":"<ul class=\"a-list a-list-unordered a-color-black\">\n<li>Poign\u00e9e et agilit\u00e9 imbattables \u2013 TE 2-22 est notre perforateur sans fil le plus l\u00e9ger et le plus fin, avec une poign\u00e9e pistolet droite am\u00e9lior\u00e9e, con\u00e7ue pour vous aider \u00e0 travailler dans des espaces restreints sans effort musculaire<\/li>\n<li>Forage pratiquement sans poussi\u00e8re \u2013 en cas d&rsquo;utilisation avec un \u00e9l\u00e9ment de fixation pour r\u00e9cup\u00e9ration de la poussi\u00e8re DRS-D ou DRS-S Hilti ou une m\u00e8che creuse et un aspirateur Hilti compatible<\/li>\n<li>Travail plus s\u00fbr en hauteur \u2013 utilisez le crochet de ceinture inclus et l\u2019attache pour outil en option pour lib\u00e9rer vos mains sans compromettre la protection contre les chutes d\u2019outils<\/li>\n<li>Am\u00e9lioration de la pr\u00e9cision de forage \u2013 lampe \u00e0 LED offrant une meilleure visibilit\u00e9 de votre zone de travail et poign\u00e9e am\u00e9lior\u00e9e pour un contr\u00f4le plus confortable<\/li>\n<li>Plateforme de batteries Nuron \u2013 outils sans fil et sans compromis gr\u00e2ce aux batteries \u00e0 plus longue dur\u00e9e de vie, aux m\u00e8ches \u00e9conomes en \u00e9nergie et \u00e0 une gamme de services vous permettant de rester productif aujourd&rsquo;hui et demain<\/li>\n<\/ul>","protected":false},"excerpt":{"rendered":"<ul class=\"a-list a-list-unordered a-color-black\">\n<li>Forage dans le b\u00e9ton et la ma\u00e7onnerie, en particulier au plafond ou dans les espaces exigus<\/li>\n<li>Tous les travaux de forage de plus petite envergure<\/li>\n<\/ul>","protected":false},"featured_media":21603,"comment_status":"open","ping_status":"closed","template":"","meta":{"om_disable_all_campaigns":false,"_monsterinsights_skip_tracking":false,"_monsterinsights_sitenote_active":false,"_monsterinsights_sitenote_note":"","_monsterinsights_sitenote_category":0,"_uf_show_specific_survey":0,"_uf_disable_surveys":false,"_joinchat":[]},"product_brand":[],"product_cat":[672,1236,1156,1160,1162,1238],"product_tag":[],"class_list":{"0":"post-21602","1":"product","2":"type-product","3":"status-publish","4":"has-post-thumbnail","6":"product_cat-fournitures-industrielles","7":"product_cat-gamme-hilti","8":"product_cat-outillage-professionnel-maroc","9":"product_cat-outillage-electroportatif-maroc","10":"product_cat-outillage-electroportatif-professionnel-maroc","11":"product_cat-perforateurs-gamme-hilti","13":"first","14":"instock","15":"taxable","16":"shipping-taxable","17":"product-type-simple"},"yoast_head":"<!-- This site is optimized with the Yoast SEO plugin v27.4 - https:\/\/yoast.com\/product\/yoast-seo-wordpress\/ -->\n<title>PERFORATEUR SANS FIL TE 2-22 - HILTI - Industrie Maroc Online<\/title>\n<meta name=\"description\" content=\"Forage dans le b\u00e9ton et la ma\u00e7onnerie, en particulier au plafond ou dans les espaces exigus  Tous les travaux de forage de plus petite envergure\" \/>\n<meta name=\"robots\" content=\"index, follow, max-snippet:-1, max-image-preview:large, max-video-preview:-1\" \/>\n<link rel=\"canonical\" href=\"https:\/\/industriemaroc.com\/en\/product\/perforateur-sans-fil-te-2-22-hilti\/\" \/>\n<meta property=\"og:locale\" content=\"en_US\" \/>\n<meta property=\"og:type\" content=\"article\" \/>\n<meta property=\"og:title\" content=\"PERFORATEUR SANS FIL TE 2-22 - HILTI - Industrie Maroc Online\" \/>\n<meta property=\"og:description\" content=\"Forage dans le b\u00e9ton et la ma\u00e7onnerie, en particulier au plafond ou dans les espaces exigus  Tous les travaux de forage de plus petite envergure\" \/>\n<meta property=\"og:url\" content=\"https:\/\/industriemaroc.com\/en\/product\/perforateur-sans-fil-te-2-22-hilti\/\" \/>\n<meta property=\"og:site_name\" content=\"Industrie Maroc Online\" \/>\n<meta property=\"og:image\" content=\"https:\/\/industriemaroc.com\/wp-content\/uploads\/2024\/06\/TE2-22N.png\" \/>\n\t<meta property=\"og:image:width\" content=\"700\" \/>\n\t<meta property=\"og:image:height\" content=\"700\" \/>\n\t<meta property=\"og:image:type\" content=\"image\/png\" \/>\n<meta name=\"twitter:card\" content=\"summary_large_image\" \/>\n<meta name=\"twitter:label1\" content=\"Est. reading time\" \/>\n\t<meta name=\"twitter:data1\" content=\"1 minute\" \/>\n<script type=\"application\/ld+json\" class=\"yoast-schema-graph\">{\"@context\":\"https:\\\/\\\/schema.org\",\"@graph\":[{\"@type\":\"WebPage\",\"@id\":\"https:\\\/\\\/industriemaroc.com\\\/en\\\/product\\\/perforateur-sans-fil-te-2-22-hilti\\\/\",\"url\":\"https:\\\/\\\/industriemaroc.com\\\/en\\\/product\\\/perforateur-sans-fil-te-2-22-hilti\\\/\",\"name\":\"PERFORATEUR SANS FIL TE 2-22 - HILTI - Industrie Maroc Online\",\"isPartOf\":{\"@id\":\"https:\\\/\\\/industriemaroc.com\\\/#website\"},\"primaryImageOfPage\":{\"@id\":\"https:\\\/\\\/industriemaroc.com\\\/en\\\/product\\\/perforateur-sans-fil-te-2-22-hilti\\\/#primaryimage\"},\"image\":{\"@id\":\"https:\\\/\\\/industriemaroc.com\\\/en\\\/product\\\/perforateur-sans-fil-te-2-22-hilti\\\/#primaryimage\"},\"thumbnailUrl\":\"https:\\\/\\\/industriemaroc.com\\\/wp-content\\\/uploads\\\/2024\\\/06\\\/TE2-22N.png\",\"datePublished\":\"2024-06-03T17:00:32+00:00\",\"description\":\"Forage dans le b\u00e9ton et la ma\u00e7onnerie, en particulier au plafond ou dans les espaces exigus Tous les travaux de forage de plus petite envergure\",\"breadcrumb\":{\"@id\":\"https:\\\/\\\/industriemaroc.com\\\/en\\\/product\\\/perforateur-sans-fil-te-2-22-hilti\\\/#breadcrumb\"},\"inLanguage\":\"en-US\",\"potentialAction\":[{\"@type\":\"ReadAction\",\"target\":[\"https:\\\/\\\/industriemaroc.com\\\/en\\\/product\\\/perforateur-sans-fil-te-2-22-hilti\\\/\"]}]},{\"@type\":\"ImageObject\",\"inLanguage\":\"en-US\",\"@id\":\"https:\\\/\\\/industriemaroc.com\\\/en\\\/product\\\/perforateur-sans-fil-te-2-22-hilti\\\/#primaryimage\",\"url\":\"https:\\\/\\\/industriemaroc.com\\\/wp-content\\\/uploads\\\/2024\\\/06\\\/TE2-22N.png\",\"contentUrl\":\"https:\\\/\\\/industriemaroc.com\\\/wp-content\\\/uploads\\\/2024\\\/06\\\/TE2-22N.png\",\"width\":700,\"height\":700},{\"@type\":\"BreadcrumbList\",\"@id\":\"https:\\\/\\\/industriemaroc.com\\\/en\\\/product\\\/perforateur-sans-fil-te-2-22-hilti\\\/#breadcrumb\",\"itemListElement\":[{\"@type\":\"ListItem\",\"position\":1,\"name\":\"Home\",\"item\":\"https:\\\/\\\/industriemaroc.com\\\/\"},{\"@type\":\"ListItem\",\"position\":2,\"name\":\"Shop\",\"item\":\"https:\\\/\\\/industriemaroc.com\\\/shop\\\/\"},{\"@type\":\"ListItem\",\"position\":3,\"name\":\"PERFORATEUR SANS FIL TE 2-22 &#8211; HILTI\"}]},{\"@type\":\"WebSite\",\"@id\":\"https:\\\/\\\/industriemaroc.com\\\/#website\",\"url\":\"https:\\\/\\\/industriemaroc.com\\\/\",\"name\":\"Industrie Maroc Online\",\"description\":\"Plateforme B2B de mat\u00e9riel professionnel au Maroc\",\"publisher\":{\"@id\":\"https:\\\/\\\/industriemaroc.com\\\/#organization\"},\"potentialAction\":[{\"@type\":\"SearchAction\",\"target\":{\"@type\":\"EntryPoint\",\"urlTemplate\":\"https:\\\/\\\/industriemaroc.com\\\/?s={search_term_string}\"},\"query-input\":{\"@type\":\"PropertyValueSpecification\",\"valueRequired\":true,\"valueName\":\"search_term_string\"}}],\"inLanguage\":\"en-US\"},{\"@type\":\"Organization\",\"@id\":\"https:\\\/\\\/industriemaroc.com\\\/#organization\",\"name\":\"industriemaroc.com\",\"url\":\"https:\\\/\\\/industriemaroc.com\\\/\",\"logo\":{\"@type\":\"ImageObject\",\"inLanguage\":\"en-US\",\"@id\":\"https:\\\/\\\/industriemaroc.com\\\/#\\\/schema\\\/logo\\\/image\\\/\",\"url\":\"https:\\\/\\\/industriemaroc.com\\\/wp-content\\\/uploads\\\/2024\\\/04\\\/IM.jpg\",\"contentUrl\":\"https:\\\/\\\/industriemaroc.com\\\/wp-content\\\/uploads\\\/2024\\\/04\\\/IM.jpg\",\"width\":2500,\"height\":2500,\"caption\":\"industriemaroc.com\"},\"image\":{\"@id\":\"https:\\\/\\\/industriemaroc.com\\\/#\\\/schema\\\/logo\\\/image\\\/\"}}]}<\/script>\n<!-- \/ Yoast SEO plugin. -->","yoast_head_json":{"title":"PERFORATEUR SANS FIL TE 2-22 - HILTI - Industrie Maroc Online","description":"Forage dans le b\u00e9ton et la ma\u00e7onnerie, en particulier au plafond ou dans les espaces exigus  Tous les travaux de forage de plus petite envergure","robots":{"index":"index","follow":"follow","max-snippet":"max-snippet:-1","max-image-preview":"max-image-preview:large","max-video-preview":"max-video-preview:-1"},"canonical":"https:\/\/industriemaroc.com\/en\/product\/perforateur-sans-fil-te-2-22-hilti\/","og_locale":"en_US","og_type":"article","og_title":"PERFORATEUR SANS FIL TE 2-22 - HILTI - Industrie Maroc Online","og_description":"Forage dans le b\u00e9ton et la ma\u00e7onnerie, en particulier au plafond ou dans les espaces exigus  Tous les travaux de forage de plus petite envergure","og_url":"https:\/\/industriemaroc.com\/en\/product\/perforateur-sans-fil-te-2-22-hilti\/","og_site_name":"Industrie Maroc Online","og_image":[{"width":700,"height":700,"url":"https:\/\/industriemaroc.com\/wp-content\/uploads\/2024\/06\/TE2-22N.png","type":"image\/png"}],"twitter_card":"summary_large_image","twitter_misc":{"Est. reading time":"1 minute"},"schema":{"@context":"https:\/\/schema.org","@graph":[{"@type":"WebPage","@id":"https:\/\/industriemaroc.com\/en\/product\/perforateur-sans-fil-te-2-22-hilti\/","url":"https:\/\/industriemaroc.com\/en\/product\/perforateur-sans-fil-te-2-22-hilti\/","name":"PERFORATEUR SANS FIL TE 2-22 - HILTI - Industrie Maroc Online","isPartOf":{"@id":"https:\/\/industriemaroc.com\/#website"},"primaryImageOfPage":{"@id":"https:\/\/industriemaroc.com\/en\/product\/perforateur-sans-fil-te-2-22-hilti\/#primaryimage"},"image":{"@id":"https:\/\/industriemaroc.com\/en\/product\/perforateur-sans-fil-te-2-22-hilti\/#primaryimage"},"thumbnailUrl":"https:\/\/industriemaroc.com\/wp-content\/uploads\/2024\/06\/TE2-22N.png","datePublished":"2024-06-03T17:00:32+00:00","description":"Forage dans le b\u00e9ton et la ma\u00e7onnerie, en particulier au plafond ou dans les espaces exigus Tous les travaux de forage de plus petite envergure","breadcrumb":{"@id":"https:\/\/industriemaroc.com\/en\/product\/perforateur-sans-fil-te-2-22-hilti\/#breadcrumb"},"inLanguage":"en-US","potentialAction":[{"@type":"ReadAction","target":["https:\/\/industriemaroc.com\/en\/product\/perforateur-sans-fil-te-2-22-hilti\/"]}]},{"@type":"ImageObject","inLanguage":"en-US","@id":"https:\/\/industriemaroc.com\/en\/product\/perforateur-sans-fil-te-2-22-hilti\/#primaryimage","url":"https:\/\/industriemaroc.com\/wp-content\/uploads\/2024\/06\/TE2-22N.png","contentUrl":"https:\/\/industriemaroc.com\/wp-content\/uploads\/2024\/06\/TE2-22N.png","width":700,"height":700},{"@type":"BreadcrumbList","@id":"https:\/\/industriemaroc.com\/en\/product\/perforateur-sans-fil-te-2-22-hilti\/#breadcrumb","itemListElement":[{"@type":"ListItem","position":1,"name":"Home","item":"https:\/\/industriemaroc.com\/"},{"@type":"ListItem","position":2,"name":"Shop","item":"https:\/\/industriemaroc.com\/shop\/"},{"@type":"ListItem","position":3,"name":"PERFORATEUR SANS FIL TE 2-22 &#8211; HILTI"}]},{"@type":"WebSite","@id":"https:\/\/industriemaroc.com\/#website","url":"https:\/\/industriemaroc.com\/","name":"Industrie Maroc Online","description":"Plateforme B2B de mat\u00e9riel professionnel au Maroc","publisher":{"@id":"https:\/\/industriemaroc.com\/#organization"},"potentialAction":[{"@type":"SearchAction","target":{"@type":"EntryPoint","urlTemplate":"https:\/\/industriemaroc.com\/?s={search_term_string}"},"query-input":{"@type":"PropertyValueSpecification","valueRequired":true,"valueName":"search_term_string"}}],"inLanguage":"en-US"},{"@type":"Organization","@id":"https:\/\/industriemaroc.com\/#organization","name":"industriemaroc.com","url":"https:\/\/industriemaroc.com\/","logo":{"@type":"ImageObject","inLanguage":"en-US","@id":"https:\/\/industriemaroc.com\/#\/schema\/logo\/image\/","url":"https:\/\/industriemaroc.com\/wp-content\/uploads\/2024\/04\/IM.jpg","contentUrl":"https:\/\/industriemaroc.com\/wp-content\/uploads\/2024\/04\/IM.jpg","width":2500,"height":2500,"caption":"industriemaroc.com"},"image":{"@id":"https:\/\/industriemaroc.com\/#\/schema\/logo\/image\/"}}]}},"_links":{"self":[{"href":"https:\/\/industriemaroc.com\/en\/wp-json\/wp\/v2\/product\/21602","targetHints":{"allow":["GET"]}}],"collection":[{"href":"https:\/\/industriemaroc.com\/en\/wp-json\/wp\/v2\/product"}],"about":[{"href":"https:\/\/industriemaroc.com\/en\/wp-json\/wp\/v2\/types\/product"}],"replies":[{"embeddable":true,"href":"https:\/\/industriemaroc.com\/en\/wp-json\/wp\/v2\/comments?post=21602"}],"version-history":[{"count":1,"href":"https:\/\/industriemaroc.com\/en\/wp-json\/wp\/v2\/product\/21602\/revisions"}],"predecessor-version":[{"id":21604,"href":"https:\/\/industriemaroc.com\/en\/wp-json\/wp\/v2\/product\/21602\/revisions\/21604"}],"wp:featuredmedia":[{"embeddable":true,"href":"https:\/\/industriemaroc.com\/en\/wp-json\/wp\/v2\/media\/21603"}],"wp:attachment":[{"href":"https:\/\/industriemaroc.com\/en\/wp-json\/wp\/v2\/media?parent=21602"}],"wp:term":[{"taxonomy":"product_brand","embeddable":true,"href":"https:\/\/industriemaroc.com\/en\/wp-json\/wp\/v2\/product_brand?post=21602"},{"taxonomy":"product_cat","embeddable":true,"href":"https:\/\/industriemaroc.com\/en\/wp-json\/wp\/v2\/product_cat?post=21602"},{"taxonomy":"product_tag","embeddable":true,"href":"https:\/\/industriemaroc.com\/en\/wp-json\/wp\/v2\/product_tag?post=21602"}],"curies":[{"name":"wp","href":"https:\/\/api.w.org\/{rel}","templated":true}]}}