{"id":21609,"date":"2024-06-03T19:05:16","date_gmt":"2024-06-03T17:05:16","guid":{"rendered":"https:\/\/industriemaroc.com\/?post_type=product&#038;p=21609"},"modified":"2024-06-03T19:05:16","modified_gmt":"2024-06-03T17:05:16","slug":"perforateur-te-3-ml-hilti","status":"publish","type":"product","link":"https:\/\/industriemaroc.com\/en\/product\/perforateur-te-3-ml-hilti\/","title":{"rendered":"PERFORATEUR TE 3-ML &#8211; HILTI"},"content":{"rendered":"<ul class=\"a-list a-list-unordered a-color-black\">\n<li>Perforateur SDS\u00a0Plus\u00a0(TE-C) \u00e0 trois modes \u2013 pour le forage \u00e0 percussion, le forage en rotation seulement et le burinage<\/li>\n<li>Un moteur robuste pour plus de performance et une protection contre la surcharge<\/li>\n<li>M\u00e9canisme de percussion innovant et durable<\/li>\n<li>Technologie Hilti Cool Tec incluse, avec refroidissement actif de l\u2019appareil pour augmenter la dur\u00e9e de vie de l\u2019outil<\/li>\n<li>Collecteur de poussi\u00e8re (en option) facile \u00e0 installer, prot\u00e8ge l&rsquo;utilisateur et le perforateur. Permet un chantier propre lors de percements au plafond.<\/li>\n<\/ul>","protected":false},"excerpt":{"rendered":"<ul class=\"a-list a-list-unordered a-color-black\">\n<li>Forage et per\u00e7age avec percussion dans le b\u00e9ton et la ma\u00e7onnerie<\/li>\n<li>Burinage correctif et rainurage peu profond dans le b\u00e9ton et la ma\u00e7onnerie<\/li>\n<\/ul>","protected":false},"featured_media":21610,"comment_status":"open","ping_status":"closed","template":"","meta":{"om_disable_all_campaigns":false,"_monsterinsights_skip_tracking":false,"_monsterinsights_sitenote_active":false,"_monsterinsights_sitenote_note":"","_monsterinsights_sitenote_category":0,"_uf_show_specific_survey":0,"_uf_disable_surveys":false,"_joinchat":[]},"product_brand":[],"product_cat":[672,1236,1156,1160,1162,1238],"product_tag":[],"class_list":{"0":"post-21609","1":"product","2":"type-product","3":"status-publish","4":"has-post-thumbnail","6":"product_cat-fournitures-industrielles","7":"product_cat-gamme-hilti","8":"product_cat-outillage-professionnel-maroc","9":"product_cat-outillage-electroportatif-maroc","10":"product_cat-outillage-electroportatif-professionnel-maroc","11":"product_cat-perforateurs-gamme-hilti","13":"first","14":"instock","15":"taxable","16":"shipping-taxable","17":"product-type-simple"},"yoast_head":"<!-- This site is optimized with the Yoast SEO plugin v27.4 - https:\/\/yoast.com\/product\/yoast-seo-wordpress\/ -->\n<title>PERFORATEUR TE 3-ML - HILTI - Industrie Maroc Online<\/title>\n<meta name=\"description\" content=\"Forage et per\u00e7age avec percussion dans le b\u00e9ton et la ma\u00e7onnerie  Burinage correctif et rainurage peu profond dans le b\u00e9ton et la ma\u00e7onnerie\" \/>\n<meta name=\"robots\" content=\"index, follow, max-snippet:-1, max-image-preview:large, max-video-preview:-1\" \/>\n<link rel=\"canonical\" href=\"https:\/\/industriemaroc.com\/en\/product\/perforateur-te-3-ml-hilti\/\" \/>\n<meta property=\"og:locale\" content=\"en_US\" \/>\n<meta property=\"og:type\" content=\"article\" \/>\n<meta property=\"og:title\" content=\"PERFORATEUR TE 3-ML - HILTI - Industrie Maroc Online\" \/>\n<meta property=\"og:description\" content=\"Forage et per\u00e7age avec percussion dans le b\u00e9ton et la ma\u00e7onnerie  Burinage correctif et rainurage peu profond dans le b\u00e9ton et la ma\u00e7onnerie\" \/>\n<meta property=\"og:url\" content=\"https:\/\/industriemaroc.com\/en\/product\/perforateur-te-3-ml-hilti\/\" \/>\n<meta property=\"og:site_name\" content=\"Industrie Maroc Online\" \/>\n<meta property=\"og:image\" content=\"https:\/\/industriemaroc.com\/wp-content\/uploads\/2024\/06\/TE3ML-N.png\" \/>\n\t<meta property=\"og:image:width\" content=\"700\" \/>\n\t<meta property=\"og:image:height\" content=\"700\" \/>\n\t<meta property=\"og:image:type\" content=\"image\/png\" \/>\n<meta name=\"twitter:card\" content=\"summary_large_image\" \/>\n<script type=\"application\/ld+json\" class=\"yoast-schema-graph\">{\"@context\":\"https:\\\/\\\/schema.org\",\"@graph\":[{\"@type\":\"WebPage\",\"@id\":\"https:\\\/\\\/industriemaroc.com\\\/produit\\\/perforateur-te-3-ml-hilti\\\/\",\"url\":\"https:\\\/\\\/industriemaroc.com\\\/produit\\\/perforateur-te-3-ml-hilti\\\/\",\"name\":\"PERFORATEUR TE 3-ML - HILTI - Industrie Maroc Online\",\"isPartOf\":{\"@id\":\"https:\\\/\\\/industriemaroc.com\\\/#website\"},\"primaryImageOfPage\":{\"@id\":\"https:\\\/\\\/industriemaroc.com\\\/produit\\\/perforateur-te-3-ml-hilti\\\/#primaryimage\"},\"image\":{\"@id\":\"https:\\\/\\\/industriemaroc.com\\\/produit\\\/perforateur-te-3-ml-hilti\\\/#primaryimage\"},\"thumbnailUrl\":\"https:\\\/\\\/industriemaroc.com\\\/wp-content\\\/uploads\\\/2024\\\/06\\\/TE3ML-N.png\",\"datePublished\":\"2024-06-03T17:05:16+00:00\",\"description\":\"Forage et per\u00e7age avec percussion dans le b\u00e9ton et la ma\u00e7onnerie Burinage correctif et rainurage peu profond dans le b\u00e9ton et la ma\u00e7onnerie\",\"breadcrumb\":{\"@id\":\"https:\\\/\\\/industriemaroc.com\\\/produit\\\/perforateur-te-3-ml-hilti\\\/#breadcrumb\"},\"inLanguage\":\"en-US\",\"potentialAction\":[{\"@type\":\"ReadAction\",\"target\":[\"https:\\\/\\\/industriemaroc.com\\\/produit\\\/perforateur-te-3-ml-hilti\\\/\"]}]},{\"@type\":\"ImageObject\",\"inLanguage\":\"en-US\",\"@id\":\"https:\\\/\\\/industriemaroc.com\\\/produit\\\/perforateur-te-3-ml-hilti\\\/#primaryimage\",\"url\":\"https:\\\/\\\/industriemaroc.com\\\/wp-content\\\/uploads\\\/2024\\\/06\\\/TE3ML-N.png\",\"contentUrl\":\"https:\\\/\\\/industriemaroc.com\\\/wp-content\\\/uploads\\\/2024\\\/06\\\/TE3ML-N.png\",\"width\":700,\"height\":700},{\"@type\":\"BreadcrumbList\",\"@id\":\"https:\\\/\\\/industriemaroc.com\\\/produit\\\/perforateur-te-3-ml-hilti\\\/#breadcrumb\",\"itemListElement\":[{\"@type\":\"ListItem\",\"position\":1,\"name\":\"Home\",\"item\":\"https:\\\/\\\/industriemaroc.com\\\/\"},{\"@type\":\"ListItem\",\"position\":2,\"name\":\"Shop\",\"item\":\"https:\\\/\\\/industriemaroc.com\\\/shop\\\/\"},{\"@type\":\"ListItem\",\"position\":3,\"name\":\"PERFORATEUR TE 3-ML &#8211; HILTI\"}]},{\"@type\":\"WebSite\",\"@id\":\"https:\\\/\\\/industriemaroc.com\\\/#website\",\"url\":\"https:\\\/\\\/industriemaroc.com\\\/\",\"name\":\"Industrie Maroc Online\",\"description\":\"Plateforme B2B de mat\u00e9riel professionnel au Maroc\",\"publisher\":{\"@id\":\"https:\\\/\\\/industriemaroc.com\\\/#organization\"},\"potentialAction\":[{\"@type\":\"SearchAction\",\"target\":{\"@type\":\"EntryPoint\",\"urlTemplate\":\"https:\\\/\\\/industriemaroc.com\\\/?s={search_term_string}\"},\"query-input\":{\"@type\":\"PropertyValueSpecification\",\"valueRequired\":true,\"valueName\":\"search_term_string\"}}],\"inLanguage\":\"en-US\"},{\"@type\":\"Organization\",\"@id\":\"https:\\\/\\\/industriemaroc.com\\\/#organization\",\"name\":\"industriemaroc.com\",\"url\":\"https:\\\/\\\/industriemaroc.com\\\/\",\"logo\":{\"@type\":\"ImageObject\",\"inLanguage\":\"en-US\",\"@id\":\"https:\\\/\\\/industriemaroc.com\\\/#\\\/schema\\\/logo\\\/image\\\/\",\"url\":\"https:\\\/\\\/industriemaroc.com\\\/wp-content\\\/uploads\\\/2024\\\/04\\\/IM.jpg\",\"contentUrl\":\"https:\\\/\\\/industriemaroc.com\\\/wp-content\\\/uploads\\\/2024\\\/04\\\/IM.jpg\",\"width\":2500,\"height\":2500,\"caption\":\"industriemaroc.com\"},\"image\":{\"@id\":\"https:\\\/\\\/industriemaroc.com\\\/#\\\/schema\\\/logo\\\/image\\\/\"}}]}<\/script>\n<!-- \/ Yoast SEO plugin. -->","yoast_head_json":{"title":"PERFORATEUR TE 3-ML - HILTI - Industrie Maroc Online","description":"Forage et per\u00e7age avec percussion dans le b\u00e9ton et la ma\u00e7onnerie  Burinage correctif et rainurage peu profond dans le b\u00e9ton et la ma\u00e7onnerie","robots":{"index":"index","follow":"follow","max-snippet":"max-snippet:-1","max-image-preview":"max-image-preview:large","max-video-preview":"max-video-preview:-1"},"canonical":"https:\/\/industriemaroc.com\/en\/product\/perforateur-te-3-ml-hilti\/","og_locale":"en_US","og_type":"article","og_title":"PERFORATEUR TE 3-ML - HILTI - Industrie Maroc Online","og_description":"Forage et per\u00e7age avec percussion dans le b\u00e9ton et la ma\u00e7onnerie  Burinage correctif et rainurage peu profond dans le b\u00e9ton et la ma\u00e7onnerie","og_url":"https:\/\/industriemaroc.com\/en\/product\/perforateur-te-3-ml-hilti\/","og_site_name":"Industrie Maroc Online","og_image":[{"width":700,"height":700,"url":"https:\/\/industriemaroc.com\/wp-content\/uploads\/2024\/06\/TE3ML-N.png","type":"image\/png"}],"twitter_card":"summary_large_image","schema":{"@context":"https:\/\/schema.org","@graph":[{"@type":"WebPage","@id":"https:\/\/industriemaroc.com\/produit\/perforateur-te-3-ml-hilti\/","url":"https:\/\/industriemaroc.com\/produit\/perforateur-te-3-ml-hilti\/","name":"PERFORATEUR TE 3-ML - HILTI - Industrie Maroc Online","isPartOf":{"@id":"https:\/\/industriemaroc.com\/#website"},"primaryImageOfPage":{"@id":"https:\/\/industriemaroc.com\/produit\/perforateur-te-3-ml-hilti\/#primaryimage"},"image":{"@id":"https:\/\/industriemaroc.com\/produit\/perforateur-te-3-ml-hilti\/#primaryimage"},"thumbnailUrl":"https:\/\/industriemaroc.com\/wp-content\/uploads\/2024\/06\/TE3ML-N.png","datePublished":"2024-06-03T17:05:16+00:00","description":"Forage et per\u00e7age avec percussion dans le b\u00e9ton et la ma\u00e7onnerie Burinage correctif et rainurage peu profond dans le b\u00e9ton et la ma\u00e7onnerie","breadcrumb":{"@id":"https:\/\/industriemaroc.com\/produit\/perforateur-te-3-ml-hilti\/#breadcrumb"},"inLanguage":"en-US","potentialAction":[{"@type":"ReadAction","target":["https:\/\/industriemaroc.com\/produit\/perforateur-te-3-ml-hilti\/"]}]},{"@type":"ImageObject","inLanguage":"en-US","@id":"https:\/\/industriemaroc.com\/produit\/perforateur-te-3-ml-hilti\/#primaryimage","url":"https:\/\/industriemaroc.com\/wp-content\/uploads\/2024\/06\/TE3ML-N.png","contentUrl":"https:\/\/industriemaroc.com\/wp-content\/uploads\/2024\/06\/TE3ML-N.png","width":700,"height":700},{"@type":"BreadcrumbList","@id":"https:\/\/industriemaroc.com\/produit\/perforateur-te-3-ml-hilti\/#breadcrumb","itemListElement":[{"@type":"ListItem","position":1,"name":"Home","item":"https:\/\/industriemaroc.com\/"},{"@type":"ListItem","position":2,"name":"Shop","item":"https:\/\/industriemaroc.com\/shop\/"},{"@type":"ListItem","position":3,"name":"PERFORATEUR TE 3-ML &#8211; HILTI"}]},{"@type":"WebSite","@id":"https:\/\/industriemaroc.com\/#website","url":"https:\/\/industriemaroc.com\/","name":"Industrie Maroc Online","description":"Plateforme B2B de mat\u00e9riel professionnel au Maroc","publisher":{"@id":"https:\/\/industriemaroc.com\/#organization"},"potentialAction":[{"@type":"SearchAction","target":{"@type":"EntryPoint","urlTemplate":"https:\/\/industriemaroc.com\/?s={search_term_string}"},"query-input":{"@type":"PropertyValueSpecification","valueRequired":true,"valueName":"search_term_string"}}],"inLanguage":"en-US"},{"@type":"Organization","@id":"https:\/\/industriemaroc.com\/#organization","name":"industriemaroc.com","url":"https:\/\/industriemaroc.com\/","logo":{"@type":"ImageObject","inLanguage":"en-US","@id":"https:\/\/industriemaroc.com\/#\/schema\/logo\/image\/","url":"https:\/\/industriemaroc.com\/wp-content\/uploads\/2024\/04\/IM.jpg","contentUrl":"https:\/\/industriemaroc.com\/wp-content\/uploads\/2024\/04\/IM.jpg","width":2500,"height":2500,"caption":"industriemaroc.com"},"image":{"@id":"https:\/\/industriemaroc.com\/#\/schema\/logo\/image\/"}}]}},"_links":{"self":[{"href":"https:\/\/industriemaroc.com\/en\/wp-json\/wp\/v2\/product\/21609","targetHints":{"allow":["GET"]}}],"collection":[{"href":"https:\/\/industriemaroc.com\/en\/wp-json\/wp\/v2\/product"}],"about":[{"href":"https:\/\/industriemaroc.com\/en\/wp-json\/wp\/v2\/types\/product"}],"replies":[{"embeddable":true,"href":"https:\/\/industriemaroc.com\/en\/wp-json\/wp\/v2\/comments?post=21609"}],"version-history":[{"count":2,"href":"https:\/\/industriemaroc.com\/en\/wp-json\/wp\/v2\/product\/21609\/revisions"}],"predecessor-version":[{"id":21612,"href":"https:\/\/industriemaroc.com\/en\/wp-json\/wp\/v2\/product\/21609\/revisions\/21612"}],"wp:featuredmedia":[{"embeddable":true,"href":"https:\/\/industriemaroc.com\/en\/wp-json\/wp\/v2\/media\/21610"}],"wp:attachment":[{"href":"https:\/\/industriemaroc.com\/en\/wp-json\/wp\/v2\/media?parent=21609"}],"wp:term":[{"taxonomy":"product_brand","embeddable":true,"href":"https:\/\/industriemaroc.com\/en\/wp-json\/wp\/v2\/product_brand?post=21609"},{"taxonomy":"product_cat","embeddable":true,"href":"https:\/\/industriemaroc.com\/en\/wp-json\/wp\/v2\/product_cat?post=21609"},{"taxonomy":"product_tag","embeddable":true,"href":"https:\/\/industriemaroc.com\/en\/wp-json\/wp\/v2\/product_tag?post=21609"}],"curies":[{"name":"wp","href":"https:\/\/api.w.org\/{rel}","templated":true}]}}