{"id":21625,"date":"2024-06-03T19:18:36","date_gmt":"2024-06-03T17:18:36","guid":{"rendered":"https:\/\/industriemaroc.com\/?post_type=product&#038;p=21625"},"modified":"2024-06-03T19:18:36","modified_gmt":"2024-06-03T17:18:36","slug":"perforateur-sans-fil-te-60-22","status":"publish","type":"product","link":"https:\/\/industriemaroc.com\/en\/product\/perforateur-sans-fil-te-60-22\/","title":{"rendered":"PERFORATEUR SANS FIL TE 60-22"},"content":{"rendered":"<ul class=\"a-list a-list-unordered a-color-black\">\n<li>Performances hors norme \u2013 malgr\u00e9 son poids de seulement 8,1 kg (batterie B 22-170 incluse), TE 60-22 poss\u00e8de la puissance de forage et de piquage que l&rsquo;on s&rsquo;attend \u00e0 avoir avec un perforateur sans fil beaucoup plus lourd<\/li>\n<li>Maximisation du temps de travail par charge \u2013 moteur \u00e0 induction et batteries Nuron plus efficaces pour obtenir une dur\u00e9e de fonctionnement de batterie jusqu\u2019\u00e0 3 fois plus longue<\/li>\n<li>Caract\u00e9ristiques de s\u00e9curit\u00e9 am\u00e9lior\u00e9es \u2013 syst\u00e8me anti-torsion (ATC) pour mieux vous prot\u00e9ger des rotations incontr\u00f4l\u00e9es en cas de blocage de la m\u00e8che et r\u00e9duction active des vibrations (AVR) pour une protection accrue contre les vibrations<\/li>\n<li>Temps de d\u00e9clenchement plus long \u2013 vibrations minimales pour travailler avec moins d&rsquo;interruptions<\/li>\n<li>Plateforme de batteries Nuron \u2013 perforateurs sans fil et sans compromis gr\u00e2ce aux batteries \u00e0 plus longue dur\u00e9e de vie, aux m\u00e8ches \u00e9conomes en \u00e9nergie et \u00e0 une gamme de services vous permettant de rester productif aujourd&rsquo;hui et demain<\/li>\n<\/ul>","protected":false},"excerpt":{"rendered":"<ul class=\"a-list a-list-unordered a-color-black\">\n<li>Perforateur extr\u00eamement polyvalent pour les travaux lourds de construction en b\u00e9ton et pour les installations techniques des b\u00e2timents<\/li>\n<\/ul>","protected":false},"featured_media":21626,"comment_status":"open","ping_status":"closed","template":"","meta":{"om_disable_all_campaigns":false,"_monsterinsights_skip_tracking":false,"_monsterinsights_sitenote_active":false,"_monsterinsights_sitenote_note":"","_monsterinsights_sitenote_category":0,"_uf_show_specific_survey":0,"_uf_disable_surveys":false,"_joinchat":[]},"product_brand":[],"product_cat":[672,1236,1156,1160,1162,1238],"product_tag":[],"class_list":{"0":"post-21625","1":"product","2":"type-product","3":"status-publish","4":"has-post-thumbnail","6":"product_cat-fournitures-industrielles","7":"product_cat-gamme-hilti","8":"product_cat-outillage-professionnel-maroc","9":"product_cat-outillage-electroportatif-maroc","10":"product_cat-outillage-electroportatif-professionnel-maroc","11":"product_cat-perforateurs-gamme-hilti","13":"first","14":"instock","15":"taxable","16":"shipping-taxable","17":"product-type-simple"},"yoast_head":"<!-- This site is optimized with the Yoast SEO plugin v27.4 - https:\/\/yoast.com\/product\/yoast-seo-wordpress\/ -->\n<title>PERFORATEUR SANS FIL TE 60-22 - Industrie Maroc Online<\/title>\n<meta name=\"description\" content=\"Perforateur extr\u00eamement polyvalent pour les travaux lourds de construction en b\u00e9ton et pour les installations techniques des b\u00e2timents\" \/>\n<meta name=\"robots\" content=\"index, follow, max-snippet:-1, max-image-preview:large, max-video-preview:-1\" \/>\n<link rel=\"canonical\" href=\"https:\/\/industriemaroc.com\/en\/product\/perforateur-sans-fil-te-60-22\/\" \/>\n<meta property=\"og:locale\" content=\"en_US\" \/>\n<meta property=\"og:type\" content=\"article\" \/>\n<meta property=\"og:title\" content=\"PERFORATEUR SANS FIL TE 60-22 - Industrie Maroc Online\" \/>\n<meta property=\"og:description\" content=\"Perforateur extr\u00eamement polyvalent pour les travaux lourds de construction en b\u00e9ton et pour les installations techniques des b\u00e2timents\" \/>\n<meta property=\"og:url\" content=\"https:\/\/industriemaroc.com\/en\/product\/perforateur-sans-fil-te-60-22\/\" \/>\n<meta property=\"og:site_name\" content=\"Industrie Maroc Online\" \/>\n<meta property=\"og:image\" content=\"https:\/\/industriemaroc.com\/wp-content\/uploads\/2024\/06\/TE60-22N-1.png\" \/>\n\t<meta property=\"og:image:width\" content=\"700\" \/>\n\t<meta property=\"og:image:height\" content=\"700\" \/>\n\t<meta property=\"og:image:type\" content=\"image\/png\" \/>\n<meta name=\"twitter:card\" content=\"summary_large_image\" \/>\n<meta name=\"twitter:label1\" content=\"Est. reading time\" \/>\n\t<meta name=\"twitter:data1\" content=\"1 minute\" \/>\n<script type=\"application\/ld+json\" class=\"yoast-schema-graph\">{\"@context\":\"https:\\\/\\\/schema.org\",\"@graph\":[{\"@type\":\"WebPage\",\"@id\":\"https:\\\/\\\/industriemaroc.com\\\/produit\\\/perforateur-sans-fil-te-60-22\\\/\",\"url\":\"https:\\\/\\\/industriemaroc.com\\\/produit\\\/perforateur-sans-fil-te-60-22\\\/\",\"name\":\"PERFORATEUR SANS FIL TE 60-22 - Industrie Maroc Online\",\"isPartOf\":{\"@id\":\"https:\\\/\\\/industriemaroc.com\\\/#website\"},\"primaryImageOfPage\":{\"@id\":\"https:\\\/\\\/industriemaroc.com\\\/produit\\\/perforateur-sans-fil-te-60-22\\\/#primaryimage\"},\"image\":{\"@id\":\"https:\\\/\\\/industriemaroc.com\\\/produit\\\/perforateur-sans-fil-te-60-22\\\/#primaryimage\"},\"thumbnailUrl\":\"https:\\\/\\\/industriemaroc.com\\\/wp-content\\\/uploads\\\/2024\\\/06\\\/TE60-22N-1.png\",\"datePublished\":\"2024-06-03T17:18:36+00:00\",\"description\":\"Perforateur extr\u00eamement polyvalent pour les travaux lourds de construction en b\u00e9ton et pour les installations techniques des b\u00e2timents\",\"breadcrumb\":{\"@id\":\"https:\\\/\\\/industriemaroc.com\\\/produit\\\/perforateur-sans-fil-te-60-22\\\/#breadcrumb\"},\"inLanguage\":\"en-US\",\"potentialAction\":[{\"@type\":\"ReadAction\",\"target\":[\"https:\\\/\\\/industriemaroc.com\\\/produit\\\/perforateur-sans-fil-te-60-22\\\/\"]}]},{\"@type\":\"ImageObject\",\"inLanguage\":\"en-US\",\"@id\":\"https:\\\/\\\/industriemaroc.com\\\/produit\\\/perforateur-sans-fil-te-60-22\\\/#primaryimage\",\"url\":\"https:\\\/\\\/industriemaroc.com\\\/wp-content\\\/uploads\\\/2024\\\/06\\\/TE60-22N-1.png\",\"contentUrl\":\"https:\\\/\\\/industriemaroc.com\\\/wp-content\\\/uploads\\\/2024\\\/06\\\/TE60-22N-1.png\",\"width\":700,\"height\":700},{\"@type\":\"BreadcrumbList\",\"@id\":\"https:\\\/\\\/industriemaroc.com\\\/produit\\\/perforateur-sans-fil-te-60-22\\\/#breadcrumb\",\"itemListElement\":[{\"@type\":\"ListItem\",\"position\":1,\"name\":\"Home\",\"item\":\"https:\\\/\\\/industriemaroc.com\\\/\"},{\"@type\":\"ListItem\",\"position\":2,\"name\":\"Shop\",\"item\":\"https:\\\/\\\/industriemaroc.com\\\/shop\\\/\"},{\"@type\":\"ListItem\",\"position\":3,\"name\":\"PERFORATEUR SANS FIL TE 60-22\"}]},{\"@type\":\"WebSite\",\"@id\":\"https:\\\/\\\/industriemaroc.com\\\/#website\",\"url\":\"https:\\\/\\\/industriemaroc.com\\\/\",\"name\":\"Industrie Maroc Online\",\"description\":\"Plateforme B2B de mat\u00e9riel professionnel au Maroc\",\"publisher\":{\"@id\":\"https:\\\/\\\/industriemaroc.com\\\/#organization\"},\"potentialAction\":[{\"@type\":\"SearchAction\",\"target\":{\"@type\":\"EntryPoint\",\"urlTemplate\":\"https:\\\/\\\/industriemaroc.com\\\/?s={search_term_string}\"},\"query-input\":{\"@type\":\"PropertyValueSpecification\",\"valueRequired\":true,\"valueName\":\"search_term_string\"}}],\"inLanguage\":\"en-US\"},{\"@type\":\"Organization\",\"@id\":\"https:\\\/\\\/industriemaroc.com\\\/#organization\",\"name\":\"industriemaroc.com\",\"url\":\"https:\\\/\\\/industriemaroc.com\\\/\",\"logo\":{\"@type\":\"ImageObject\",\"inLanguage\":\"en-US\",\"@id\":\"https:\\\/\\\/industriemaroc.com\\\/#\\\/schema\\\/logo\\\/image\\\/\",\"url\":\"https:\\\/\\\/industriemaroc.com\\\/wp-content\\\/uploads\\\/2024\\\/04\\\/IM.jpg\",\"contentUrl\":\"https:\\\/\\\/industriemaroc.com\\\/wp-content\\\/uploads\\\/2024\\\/04\\\/IM.jpg\",\"width\":2500,\"height\":2500,\"caption\":\"industriemaroc.com\"},\"image\":{\"@id\":\"https:\\\/\\\/industriemaroc.com\\\/#\\\/schema\\\/logo\\\/image\\\/\"}}]}<\/script>\n<!-- \/ Yoast SEO plugin. -->","yoast_head_json":{"title":"PERFORATEUR SANS FIL TE 60-22 - Industrie Maroc Online","description":"Perforateur extr\u00eamement polyvalent pour les travaux lourds de construction en b\u00e9ton et pour les installations techniques des b\u00e2timents","robots":{"index":"index","follow":"follow","max-snippet":"max-snippet:-1","max-image-preview":"max-image-preview:large","max-video-preview":"max-video-preview:-1"},"canonical":"https:\/\/industriemaroc.com\/en\/product\/perforateur-sans-fil-te-60-22\/","og_locale":"en_US","og_type":"article","og_title":"PERFORATEUR SANS FIL TE 60-22 - Industrie Maroc Online","og_description":"Perforateur extr\u00eamement polyvalent pour les travaux lourds de construction en b\u00e9ton et pour les installations techniques des b\u00e2timents","og_url":"https:\/\/industriemaroc.com\/en\/product\/perforateur-sans-fil-te-60-22\/","og_site_name":"Industrie Maroc Online","og_image":[{"width":700,"height":700,"url":"https:\/\/industriemaroc.com\/wp-content\/uploads\/2024\/06\/TE60-22N-1.png","type":"image\/png"}],"twitter_card":"summary_large_image","twitter_misc":{"Est. reading time":"1 minute"},"schema":{"@context":"https:\/\/schema.org","@graph":[{"@type":"WebPage","@id":"https:\/\/industriemaroc.com\/produit\/perforateur-sans-fil-te-60-22\/","url":"https:\/\/industriemaroc.com\/produit\/perforateur-sans-fil-te-60-22\/","name":"PERFORATEUR SANS FIL TE 60-22 - Industrie Maroc Online","isPartOf":{"@id":"https:\/\/industriemaroc.com\/#website"},"primaryImageOfPage":{"@id":"https:\/\/industriemaroc.com\/produit\/perforateur-sans-fil-te-60-22\/#primaryimage"},"image":{"@id":"https:\/\/industriemaroc.com\/produit\/perforateur-sans-fil-te-60-22\/#primaryimage"},"thumbnailUrl":"https:\/\/industriemaroc.com\/wp-content\/uploads\/2024\/06\/TE60-22N-1.png","datePublished":"2024-06-03T17:18:36+00:00","description":"Perforateur extr\u00eamement polyvalent pour les travaux lourds de construction en b\u00e9ton et pour les installations techniques des b\u00e2timents","breadcrumb":{"@id":"https:\/\/industriemaroc.com\/produit\/perforateur-sans-fil-te-60-22\/#breadcrumb"},"inLanguage":"en-US","potentialAction":[{"@type":"ReadAction","target":["https:\/\/industriemaroc.com\/produit\/perforateur-sans-fil-te-60-22\/"]}]},{"@type":"ImageObject","inLanguage":"en-US","@id":"https:\/\/industriemaroc.com\/produit\/perforateur-sans-fil-te-60-22\/#primaryimage","url":"https:\/\/industriemaroc.com\/wp-content\/uploads\/2024\/06\/TE60-22N-1.png","contentUrl":"https:\/\/industriemaroc.com\/wp-content\/uploads\/2024\/06\/TE60-22N-1.png","width":700,"height":700},{"@type":"BreadcrumbList","@id":"https:\/\/industriemaroc.com\/produit\/perforateur-sans-fil-te-60-22\/#breadcrumb","itemListElement":[{"@type":"ListItem","position":1,"name":"Home","item":"https:\/\/industriemaroc.com\/"},{"@type":"ListItem","position":2,"name":"Shop","item":"https:\/\/industriemaroc.com\/shop\/"},{"@type":"ListItem","position":3,"name":"PERFORATEUR SANS FIL TE 60-22"}]},{"@type":"WebSite","@id":"https:\/\/industriemaroc.com\/#website","url":"https:\/\/industriemaroc.com\/","name":"Industrie Maroc Online","description":"Plateforme B2B de mat\u00e9riel professionnel au Maroc","publisher":{"@id":"https:\/\/industriemaroc.com\/#organization"},"potentialAction":[{"@type":"SearchAction","target":{"@type":"EntryPoint","urlTemplate":"https:\/\/industriemaroc.com\/?s={search_term_string}"},"query-input":{"@type":"PropertyValueSpecification","valueRequired":true,"valueName":"search_term_string"}}],"inLanguage":"en-US"},{"@type":"Organization","@id":"https:\/\/industriemaroc.com\/#organization","name":"industriemaroc.com","url":"https:\/\/industriemaroc.com\/","logo":{"@type":"ImageObject","inLanguage":"en-US","@id":"https:\/\/industriemaroc.com\/#\/schema\/logo\/image\/","url":"https:\/\/industriemaroc.com\/wp-content\/uploads\/2024\/04\/IM.jpg","contentUrl":"https:\/\/industriemaroc.com\/wp-content\/uploads\/2024\/04\/IM.jpg","width":2500,"height":2500,"caption":"industriemaroc.com"},"image":{"@id":"https:\/\/industriemaroc.com\/#\/schema\/logo\/image\/"}}]}},"_links":{"self":[{"href":"https:\/\/industriemaroc.com\/en\/wp-json\/wp\/v2\/product\/21625","targetHints":{"allow":["GET"]}}],"collection":[{"href":"https:\/\/industriemaroc.com\/en\/wp-json\/wp\/v2\/product"}],"about":[{"href":"https:\/\/industriemaroc.com\/en\/wp-json\/wp\/v2\/types\/product"}],"replies":[{"embeddable":true,"href":"https:\/\/industriemaroc.com\/en\/wp-json\/wp\/v2\/comments?post=21625"}],"version-history":[{"count":1,"href":"https:\/\/industriemaroc.com\/en\/wp-json\/wp\/v2\/product\/21625\/revisions"}],"predecessor-version":[{"id":21627,"href":"https:\/\/industriemaroc.com\/en\/wp-json\/wp\/v2\/product\/21625\/revisions\/21627"}],"wp:featuredmedia":[{"embeddable":true,"href":"https:\/\/industriemaroc.com\/en\/wp-json\/wp\/v2\/media\/21626"}],"wp:attachment":[{"href":"https:\/\/industriemaroc.com\/en\/wp-json\/wp\/v2\/media?parent=21625"}],"wp:term":[{"taxonomy":"product_brand","embeddable":true,"href":"https:\/\/industriemaroc.com\/en\/wp-json\/wp\/v2\/product_brand?post=21625"},{"taxonomy":"product_cat","embeddable":true,"href":"https:\/\/industriemaroc.com\/en\/wp-json\/wp\/v2\/product_cat?post=21625"},{"taxonomy":"product_tag","embeddable":true,"href":"https:\/\/industriemaroc.com\/en\/wp-json\/wp\/v2\/product_tag?post=21625"}],"curies":[{"name":"wp","href":"https:\/\/api.w.org\/{rel}","templated":true}]}}