{"id":21667,"date":"2024-06-04T19:32:08","date_gmt":"2024-06-04T17:32:08","guid":{"rendered":"https:\/\/industriemaroc.com\/?post_type=product&#038;p=21667"},"modified":"2024-06-04T19:32:08","modified_gmt":"2024-06-04T17:32:08","slug":"visseuse-a-choc-sans-fil-sid-6-22-hilti","status":"publish","type":"product","link":"https:\/\/industriemaroc.com\/en\/product\/visseuse-a-choc-sans-fil-sid-6-22-hilti\/","title":{"rendered":"VISSEUSE \u00c0 CHOC SANS FIL SID 6-22 &#8211; HILTI"},"content":{"rendered":"<ul class=\"a-list a-list-unordered a-color-black\">\n<li>Travaux de fixation n\u00e9cessitant un temps de pose le plus court possible \u2013 tels que des terrasses m\u00e9talliques, ossatures de poteaux, CVC, coffrages, pr\u00e9fabriqu\u00e9s et vitrages<\/li>\n<li>Vis autoperceuses \u2013 optimis\u00e9es pour percer \u00e0 travers le m\u00e9tal, puis aller jusqu&rsquo;au bout du filetage<\/li>\n<li>Vis \u00e0 bois \u2013 visseuse \u00e0 choc sans fil tr\u00e8s rapide pour la fixation de bois sur bois<\/li>\n<li>Fixations pour b\u00e9ton \u2013 hautes performances et dur\u00e9e de vie plus longue, id\u00e9ales pour visser les vis \u00e0 b\u00e9ton telles que les HUS (diam\u00e8tre max. de 6 mm).<\/li>\n<li>Vis pour ma\u00e7onnerie \u2013 trois vitesses permettant de r\u00e9duire le couple pour les vis pour ma\u00e7onnerie telles que HRD<\/li>\n<\/ul>","protected":false},"excerpt":{"rendered":"<ul class=\"a-list a-list-unordered a-color-black\">\n<li>Travaux de fixation n\u00e9cessitant un temps de pose le plus court possible \u2013 tels que des terrasses m\u00e9talliques, ossatures de poteaux, CVC, coffrages<\/li>\n<\/ul>","protected":false},"featured_media":21671,"comment_status":"open","ping_status":"closed","template":"","meta":{"om_disable_all_campaigns":false,"_monsterinsights_skip_tracking":false,"_monsterinsights_sitenote_active":false,"_monsterinsights_sitenote_note":"","_monsterinsights_sitenote_category":0,"_uf_show_specific_survey":0,"_uf_disable_surveys":false,"_joinchat":[]},"product_brand":[],"product_cat":[672,1236,1156,1160,1162,1240],"product_tag":[],"class_list":{"0":"post-21667","1":"product","2":"type-product","3":"status-publish","4":"has-post-thumbnail","6":"product_cat-fournitures-industrielles","7":"product_cat-gamme-hilti","8":"product_cat-outillage-professionnel-maroc","9":"product_cat-outillage-electroportatif-maroc","10":"product_cat-outillage-electroportatif-professionnel-maroc","11":"product_cat-visseuses-et-boulonneuses-a-choc","13":"first","14":"instock","15":"taxable","16":"shipping-taxable","17":"product-type-simple"},"yoast_head":"<!-- This site is optimized with the Yoast SEO plugin v27.4 - https:\/\/yoast.com\/product\/yoast-seo-wordpress\/ -->\n<title>VISSEUSE \u00c0 CHOC SANS FIL SID 6-22 - HILTI - Industrie Maroc Online<\/title>\n<meta name=\"description\" content=\"Travaux de fixation n\u00e9cessitant un temps de pose le plus court possible \u2013 tels que des terrasses m\u00e9talliques, ossatures de poteaux, CVC, coffrages\" \/>\n<meta name=\"robots\" content=\"index, follow, max-snippet:-1, max-image-preview:large, max-video-preview:-1\" \/>\n<link rel=\"canonical\" href=\"https:\/\/industriemaroc.com\/en\/product\/visseuse-a-choc-sans-fil-sid-6-22-hilti\/\" \/>\n<meta property=\"og:locale\" content=\"en_US\" \/>\n<meta property=\"og:type\" content=\"article\" \/>\n<meta property=\"og:title\" content=\"VISSEUSE \u00c0 CHOC SANS FIL SID 6-22 - HILTI - Industrie Maroc Online\" \/>\n<meta property=\"og:description\" content=\"Travaux de fixation n\u00e9cessitant un temps de pose le plus court possible \u2013 tels que des terrasses m\u00e9talliques, ossatures de poteaux, CVC, coffrages\" \/>\n<meta property=\"og:url\" content=\"https:\/\/industriemaroc.com\/en\/product\/visseuse-a-choc-sans-fil-sid-6-22-hilti\/\" \/>\n<meta property=\"og:site_name\" content=\"Industrie Maroc Online\" \/>\n<meta property=\"og:image\" content=\"https:\/\/industriemaroc.com\/wp-content\/uploads\/2024\/06\/SID6-22N.png\" \/>\n\t<meta property=\"og:image:width\" content=\"700\" \/>\n\t<meta property=\"og:image:height\" content=\"700\" \/>\n\t<meta property=\"og:image:type\" content=\"image\/png\" \/>\n<meta name=\"twitter:card\" content=\"summary_large_image\" \/>\n<meta name=\"twitter:label1\" content=\"Est. reading time\" \/>\n\t<meta name=\"twitter:data1\" content=\"1 minute\" \/>\n<script type=\"application\/ld+json\" class=\"yoast-schema-graph\">{\"@context\":\"https:\\\/\\\/schema.org\",\"@graph\":[{\"@type\":\"WebPage\",\"@id\":\"https:\\\/\\\/industriemaroc.com\\\/produit\\\/visseuse-a-choc-sans-fil-sid-6-22-hilti\\\/\",\"url\":\"https:\\\/\\\/industriemaroc.com\\\/produit\\\/visseuse-a-choc-sans-fil-sid-6-22-hilti\\\/\",\"name\":\"VISSEUSE \u00c0 CHOC SANS FIL SID 6-22 - HILTI - Industrie Maroc Online\",\"isPartOf\":{\"@id\":\"https:\\\/\\\/industriemaroc.com\\\/#website\"},\"primaryImageOfPage\":{\"@id\":\"https:\\\/\\\/industriemaroc.com\\\/produit\\\/visseuse-a-choc-sans-fil-sid-6-22-hilti\\\/#primaryimage\"},\"image\":{\"@id\":\"https:\\\/\\\/industriemaroc.com\\\/produit\\\/visseuse-a-choc-sans-fil-sid-6-22-hilti\\\/#primaryimage\"},\"thumbnailUrl\":\"https:\\\/\\\/industriemaroc.com\\\/wp-content\\\/uploads\\\/2024\\\/06\\\/SID6-22N.png\",\"datePublished\":\"2024-06-04T17:32:08+00:00\",\"description\":\"Travaux de fixation n\u00e9cessitant un temps de pose le plus court possible \u2013 tels que des terrasses m\u00e9talliques, ossatures de poteaux, CVC, coffrages\",\"breadcrumb\":{\"@id\":\"https:\\\/\\\/industriemaroc.com\\\/produit\\\/visseuse-a-choc-sans-fil-sid-6-22-hilti\\\/#breadcrumb\"},\"inLanguage\":\"en-US\",\"potentialAction\":[{\"@type\":\"ReadAction\",\"target\":[\"https:\\\/\\\/industriemaroc.com\\\/produit\\\/visseuse-a-choc-sans-fil-sid-6-22-hilti\\\/\"]}]},{\"@type\":\"ImageObject\",\"inLanguage\":\"en-US\",\"@id\":\"https:\\\/\\\/industriemaroc.com\\\/produit\\\/visseuse-a-choc-sans-fil-sid-6-22-hilti\\\/#primaryimage\",\"url\":\"https:\\\/\\\/industriemaroc.com\\\/wp-content\\\/uploads\\\/2024\\\/06\\\/SID6-22N.png\",\"contentUrl\":\"https:\\\/\\\/industriemaroc.com\\\/wp-content\\\/uploads\\\/2024\\\/06\\\/SID6-22N.png\",\"width\":700,\"height\":700},{\"@type\":\"BreadcrumbList\",\"@id\":\"https:\\\/\\\/industriemaroc.com\\\/produit\\\/visseuse-a-choc-sans-fil-sid-6-22-hilti\\\/#breadcrumb\",\"itemListElement\":[{\"@type\":\"ListItem\",\"position\":1,\"name\":\"Home\",\"item\":\"https:\\\/\\\/industriemaroc.com\\\/\"},{\"@type\":\"ListItem\",\"position\":2,\"name\":\"Shop\",\"item\":\"https:\\\/\\\/industriemaroc.com\\\/shop\\\/\"},{\"@type\":\"ListItem\",\"position\":3,\"name\":\"VISSEUSE \u00c0 CHOC SANS FIL SID 6-22 &#8211; HILTI\"}]},{\"@type\":\"WebSite\",\"@id\":\"https:\\\/\\\/industriemaroc.com\\\/#website\",\"url\":\"https:\\\/\\\/industriemaroc.com\\\/\",\"name\":\"Industrie Maroc Online\",\"description\":\"Plateforme B2B de mat\u00e9riel professionnel au Maroc\",\"publisher\":{\"@id\":\"https:\\\/\\\/industriemaroc.com\\\/#organization\"},\"potentialAction\":[{\"@type\":\"SearchAction\",\"target\":{\"@type\":\"EntryPoint\",\"urlTemplate\":\"https:\\\/\\\/industriemaroc.com\\\/?s={search_term_string}\"},\"query-input\":{\"@type\":\"PropertyValueSpecification\",\"valueRequired\":true,\"valueName\":\"search_term_string\"}}],\"inLanguage\":\"en-US\"},{\"@type\":\"Organization\",\"@id\":\"https:\\\/\\\/industriemaroc.com\\\/#organization\",\"name\":\"industriemaroc.com\",\"url\":\"https:\\\/\\\/industriemaroc.com\\\/\",\"logo\":{\"@type\":\"ImageObject\",\"inLanguage\":\"en-US\",\"@id\":\"https:\\\/\\\/industriemaroc.com\\\/#\\\/schema\\\/logo\\\/image\\\/\",\"url\":\"https:\\\/\\\/industriemaroc.com\\\/wp-content\\\/uploads\\\/2024\\\/04\\\/IM.jpg\",\"contentUrl\":\"https:\\\/\\\/industriemaroc.com\\\/wp-content\\\/uploads\\\/2024\\\/04\\\/IM.jpg\",\"width\":2500,\"height\":2500,\"caption\":\"industriemaroc.com\"},\"image\":{\"@id\":\"https:\\\/\\\/industriemaroc.com\\\/#\\\/schema\\\/logo\\\/image\\\/\"}}]}<\/script>\n<!-- \/ Yoast SEO plugin. -->","yoast_head_json":{"title":"VISSEUSE \u00c0 CHOC SANS FIL SID 6-22 - HILTI - Industrie Maroc Online","description":"Travaux de fixation n\u00e9cessitant un temps de pose le plus court possible \u2013 tels que des terrasses m\u00e9talliques, ossatures de poteaux, CVC, coffrages","robots":{"index":"index","follow":"follow","max-snippet":"max-snippet:-1","max-image-preview":"max-image-preview:large","max-video-preview":"max-video-preview:-1"},"canonical":"https:\/\/industriemaroc.com\/en\/product\/visseuse-a-choc-sans-fil-sid-6-22-hilti\/","og_locale":"en_US","og_type":"article","og_title":"VISSEUSE \u00c0 CHOC SANS FIL SID 6-22 - HILTI - Industrie Maroc Online","og_description":"Travaux de fixation n\u00e9cessitant un temps de pose le plus court possible \u2013 tels que des terrasses m\u00e9talliques, ossatures de poteaux, CVC, coffrages","og_url":"https:\/\/industriemaroc.com\/en\/product\/visseuse-a-choc-sans-fil-sid-6-22-hilti\/","og_site_name":"Industrie Maroc Online","og_image":[{"width":700,"height":700,"url":"https:\/\/industriemaroc.com\/wp-content\/uploads\/2024\/06\/SID6-22N.png","type":"image\/png"}],"twitter_card":"summary_large_image","twitter_misc":{"Est. reading time":"1 minute"},"schema":{"@context":"https:\/\/schema.org","@graph":[{"@type":"WebPage","@id":"https:\/\/industriemaroc.com\/produit\/visseuse-a-choc-sans-fil-sid-6-22-hilti\/","url":"https:\/\/industriemaroc.com\/produit\/visseuse-a-choc-sans-fil-sid-6-22-hilti\/","name":"VISSEUSE \u00c0 CHOC SANS FIL SID 6-22 - HILTI - Industrie Maroc Online","isPartOf":{"@id":"https:\/\/industriemaroc.com\/#website"},"primaryImageOfPage":{"@id":"https:\/\/industriemaroc.com\/produit\/visseuse-a-choc-sans-fil-sid-6-22-hilti\/#primaryimage"},"image":{"@id":"https:\/\/industriemaroc.com\/produit\/visseuse-a-choc-sans-fil-sid-6-22-hilti\/#primaryimage"},"thumbnailUrl":"https:\/\/industriemaroc.com\/wp-content\/uploads\/2024\/06\/SID6-22N.png","datePublished":"2024-06-04T17:32:08+00:00","description":"Travaux de fixation n\u00e9cessitant un temps de pose le plus court possible \u2013 tels que des terrasses m\u00e9talliques, ossatures de poteaux, CVC, coffrages","breadcrumb":{"@id":"https:\/\/industriemaroc.com\/produit\/visseuse-a-choc-sans-fil-sid-6-22-hilti\/#breadcrumb"},"inLanguage":"en-US","potentialAction":[{"@type":"ReadAction","target":["https:\/\/industriemaroc.com\/produit\/visseuse-a-choc-sans-fil-sid-6-22-hilti\/"]}]},{"@type":"ImageObject","inLanguage":"en-US","@id":"https:\/\/industriemaroc.com\/produit\/visseuse-a-choc-sans-fil-sid-6-22-hilti\/#primaryimage","url":"https:\/\/industriemaroc.com\/wp-content\/uploads\/2024\/06\/SID6-22N.png","contentUrl":"https:\/\/industriemaroc.com\/wp-content\/uploads\/2024\/06\/SID6-22N.png","width":700,"height":700},{"@type":"BreadcrumbList","@id":"https:\/\/industriemaroc.com\/produit\/visseuse-a-choc-sans-fil-sid-6-22-hilti\/#breadcrumb","itemListElement":[{"@type":"ListItem","position":1,"name":"Home","item":"https:\/\/industriemaroc.com\/"},{"@type":"ListItem","position":2,"name":"Shop","item":"https:\/\/industriemaroc.com\/shop\/"},{"@type":"ListItem","position":3,"name":"VISSEUSE \u00c0 CHOC SANS FIL SID 6-22 &#8211; HILTI"}]},{"@type":"WebSite","@id":"https:\/\/industriemaroc.com\/#website","url":"https:\/\/industriemaroc.com\/","name":"Industrie Maroc Online","description":"Plateforme B2B de mat\u00e9riel professionnel au Maroc","publisher":{"@id":"https:\/\/industriemaroc.com\/#organization"},"potentialAction":[{"@type":"SearchAction","target":{"@type":"EntryPoint","urlTemplate":"https:\/\/industriemaroc.com\/?s={search_term_string}"},"query-input":{"@type":"PropertyValueSpecification","valueRequired":true,"valueName":"search_term_string"}}],"inLanguage":"en-US"},{"@type":"Organization","@id":"https:\/\/industriemaroc.com\/#organization","name":"industriemaroc.com","url":"https:\/\/industriemaroc.com\/","logo":{"@type":"ImageObject","inLanguage":"en-US","@id":"https:\/\/industriemaroc.com\/#\/schema\/logo\/image\/","url":"https:\/\/industriemaroc.com\/wp-content\/uploads\/2024\/04\/IM.jpg","contentUrl":"https:\/\/industriemaroc.com\/wp-content\/uploads\/2024\/04\/IM.jpg","width":2500,"height":2500,"caption":"industriemaroc.com"},"image":{"@id":"https:\/\/industriemaroc.com\/#\/schema\/logo\/image\/"}}]}},"_links":{"self":[{"href":"https:\/\/industriemaroc.com\/en\/wp-json\/wp\/v2\/product\/21667","targetHints":{"allow":["GET"]}}],"collection":[{"href":"https:\/\/industriemaroc.com\/en\/wp-json\/wp\/v2\/product"}],"about":[{"href":"https:\/\/industriemaroc.com\/en\/wp-json\/wp\/v2\/types\/product"}],"replies":[{"embeddable":true,"href":"https:\/\/industriemaroc.com\/en\/wp-json\/wp\/v2\/comments?post=21667"}],"version-history":[{"count":2,"href":"https:\/\/industriemaroc.com\/en\/wp-json\/wp\/v2\/product\/21667\/revisions"}],"predecessor-version":[{"id":21673,"href":"https:\/\/industriemaroc.com\/en\/wp-json\/wp\/v2\/product\/21667\/revisions\/21673"}],"wp:featuredmedia":[{"embeddable":true,"href":"https:\/\/industriemaroc.com\/en\/wp-json\/wp\/v2\/media\/21671"}],"wp:attachment":[{"href":"https:\/\/industriemaroc.com\/en\/wp-json\/wp\/v2\/media?parent=21667"}],"wp:term":[{"taxonomy":"product_brand","embeddable":true,"href":"https:\/\/industriemaroc.com\/en\/wp-json\/wp\/v2\/product_brand?post=21667"},{"taxonomy":"product_cat","embeddable":true,"href":"https:\/\/industriemaroc.com\/en\/wp-json\/wp\/v2\/product_cat?post=21667"},{"taxonomy":"product_tag","embeddable":true,"href":"https:\/\/industriemaroc.com\/en\/wp-json\/wp\/v2\/product_tag?post=21667"}],"curies":[{"name":"wp","href":"https:\/\/api.w.org\/{rel}","templated":true}]}}