{"id":21694,"date":"2024-06-04T20:35:55","date_gmt":"2024-06-04T18:35:55","guid":{"rendered":"https:\/\/industriemaroc.com\/?post_type=product&#038;p=21694"},"modified":"2024-06-04T20:35:55","modified_gmt":"2024-06-04T18:35:55","slug":"meuleuse-dangle-ag-230-24d-hilti","status":"publish","type":"product","link":"https:\/\/industriemaroc.com\/en\/product\/meuleuse-dangle-ag-230-24d-hilti\/","title":{"rendered":"MEULEUSE D&rsquo;ANGLE AG 230-24D &#8211; HILTI"},"content":{"rendered":"<ul class=\"a-list a-list-unordered a-color-black\">\n<li>Le syst\u00e8me anti-torsion (ATC) emp\u00eache le corps de l&rsquo;outil de tourner de mani\u00e8re incontr\u00f4l\u00e9e lorsque le disque se bloque, ce qui r\u00e9duit un risque de s\u00e9curit\u00e9 courant<\/li>\n<li>La technologie Smart Power Hilti r\u00e8gle automatiquement la puissance de sortie selon le mat\u00e9riau \u00e0 couper. La performance de coupe est ainsi homog\u00e8ne et le moteur est prot\u00e9g\u00e9 contre la surchauffe<\/li>\n<li>Le syst\u00e8me de r\u00e9duction active des vibrations (AVR) rend l&rsquo;utilisation de l&rsquo;outil moins fatigante, ce qui permet une augmentation de la productivit\u00e9 quotidienne<\/li>\n<li>Carter de r\u00e9cup\u00e9ration de la poussi\u00e8re robuste (en option) pour un fonctionnement pratiquement sans poussi\u00e8re et poign\u00e9es souples pour un meilleur confort de travail<\/li>\n<li>Poign\u00e9e lat\u00e9rale r\u00e9glable \u2013 pour une prise en main s\u00fbre et confortable, quelle que soit la position de travail<\/li>\n<\/ul>","protected":false},"excerpt":{"rendered":"<ul class=\"a-list a-list-unordered a-color-black\">\n<li>D\u00e9coupe et meulage de l&rsquo;acier et du m\u00e9tal<\/li>\n<li>D\u00e9coupe de b\u00e9ton<\/li>\n<li>Rainurage pour l&rsquo;installation de conduits de c\u00e2bles dans le b\u00e9ton et la brique<\/li>\n<\/ul>","protected":false},"featured_media":21713,"comment_status":"open","ping_status":"closed","template":"","meta":{"om_disable_all_campaigns":false,"_monsterinsights_skip_tracking":false,"_monsterinsights_sitenote_active":false,"_monsterinsights_sitenote_note":"","_monsterinsights_sitenote_category":0,"_uf_show_specific_survey":0,"_uf_disable_surveys":false,"_joinchat":[]},"product_brand":[],"product_cat":[672,1236,1241,1156,1160,1163],"product_tag":[],"class_list":{"0":"post-21694","1":"product","2":"type-product","3":"status-publish","4":"has-post-thumbnail","6":"product_cat-fournitures-industrielles","7":"product_cat-gamme-hilti","8":"product_cat-meuleuse-et-ponceuses","9":"product_cat-outillage-professionnel-maroc","10":"product_cat-outillage-electroportatif-maroc","11":"product_cat-outillage-electroportatif-filaire","13":"first","14":"instock","15":"taxable","16":"shipping-taxable","17":"product-type-simple"},"yoast_head":"<!-- This site is optimized with the Yoast SEO plugin v27.4 - https:\/\/yoast.com\/product\/yoast-seo-wordpress\/ -->\n<title>MEULEUSE D&#039;ANGLE AG 230-24D - HILTI - Industrie Maroc Online<\/title>\n<meta name=\"description\" content=\"D\u00e9coupe et meulage de l&#039;acier et du m\u00e9tal  D\u00e9coupe de b\u00e9ton  Rainurage pour l&#039;installation de conduits de c\u00e2bles dans le b\u00e9ton et la brique\" \/>\n<meta name=\"robots\" content=\"index, follow, max-snippet:-1, max-image-preview:large, max-video-preview:-1\" \/>\n<link rel=\"canonical\" href=\"https:\/\/industriemaroc.com\/en\/product\/meuleuse-dangle-ag-230-24d-hilti\/\" \/>\n<meta property=\"og:locale\" content=\"en_US\" \/>\n<meta property=\"og:type\" content=\"article\" \/>\n<meta property=\"og:title\" content=\"MEULEUSE D&#039;ANGLE AG 230-24D - HILTI - Industrie Maroc Online\" \/>\n<meta property=\"og:description\" content=\"D\u00e9coupe et meulage de l&#039;acier et du m\u00e9tal  D\u00e9coupe de b\u00e9ton  Rainurage pour l&#039;installation de conduits de c\u00e2bles dans le b\u00e9ton et la brique\" \/>\n<meta property=\"og:url\" content=\"https:\/\/industriemaroc.com\/en\/product\/meuleuse-dangle-ag-230-24d-hilti\/\" \/>\n<meta property=\"og:site_name\" content=\"Industrie Maroc Online\" \/>\n<meta property=\"og:image\" content=\"https:\/\/industriemaroc.com\/wp-content\/uploads\/2024\/06\/AG230-24DN.png\" \/>\n\t<meta property=\"og:image:width\" content=\"700\" \/>\n\t<meta property=\"og:image:height\" content=\"700\" \/>\n\t<meta property=\"og:image:type\" content=\"image\/png\" \/>\n<meta name=\"twitter:card\" content=\"summary_large_image\" \/>\n<meta name=\"twitter:label1\" content=\"Est. reading time\" \/>\n\t<meta name=\"twitter:data1\" content=\"1 minute\" \/>\n<script type=\"application\/ld+json\" class=\"yoast-schema-graph\">{\"@context\":\"https:\\\/\\\/schema.org\",\"@graph\":[{\"@type\":\"WebPage\",\"@id\":\"https:\\\/\\\/industriemaroc.com\\\/produit\\\/meuleuse-dangle-ag-230-24d-hilti\\\/\",\"url\":\"https:\\\/\\\/industriemaroc.com\\\/produit\\\/meuleuse-dangle-ag-230-24d-hilti\\\/\",\"name\":\"MEULEUSE D'ANGLE AG 230-24D - HILTI - Industrie Maroc Online\",\"isPartOf\":{\"@id\":\"https:\\\/\\\/industriemaroc.com\\\/#website\"},\"primaryImageOfPage\":{\"@id\":\"https:\\\/\\\/industriemaroc.com\\\/produit\\\/meuleuse-dangle-ag-230-24d-hilti\\\/#primaryimage\"},\"image\":{\"@id\":\"https:\\\/\\\/industriemaroc.com\\\/produit\\\/meuleuse-dangle-ag-230-24d-hilti\\\/#primaryimage\"},\"thumbnailUrl\":\"https:\\\/\\\/industriemaroc.com\\\/wp-content\\\/uploads\\\/2024\\\/06\\\/AG230-24DN.png\",\"datePublished\":\"2024-06-04T18:35:55+00:00\",\"description\":\"D\u00e9coupe et meulage de l'acier et du m\u00e9tal D\u00e9coupe de b\u00e9ton Rainurage pour l'installation de conduits de c\u00e2bles dans le b\u00e9ton et la brique\",\"breadcrumb\":{\"@id\":\"https:\\\/\\\/industriemaroc.com\\\/produit\\\/meuleuse-dangle-ag-230-24d-hilti\\\/#breadcrumb\"},\"inLanguage\":\"en-US\",\"potentialAction\":[{\"@type\":\"ReadAction\",\"target\":[\"https:\\\/\\\/industriemaroc.com\\\/produit\\\/meuleuse-dangle-ag-230-24d-hilti\\\/\"]}]},{\"@type\":\"ImageObject\",\"inLanguage\":\"en-US\",\"@id\":\"https:\\\/\\\/industriemaroc.com\\\/produit\\\/meuleuse-dangle-ag-230-24d-hilti\\\/#primaryimage\",\"url\":\"https:\\\/\\\/industriemaroc.com\\\/wp-content\\\/uploads\\\/2024\\\/06\\\/AG230-24DN.png\",\"contentUrl\":\"https:\\\/\\\/industriemaroc.com\\\/wp-content\\\/uploads\\\/2024\\\/06\\\/AG230-24DN.png\",\"width\":700,\"height\":700},{\"@type\":\"BreadcrumbList\",\"@id\":\"https:\\\/\\\/industriemaroc.com\\\/produit\\\/meuleuse-dangle-ag-230-24d-hilti\\\/#breadcrumb\",\"itemListElement\":[{\"@type\":\"ListItem\",\"position\":1,\"name\":\"Home\",\"item\":\"https:\\\/\\\/industriemaroc.com\\\/\"},{\"@type\":\"ListItem\",\"position\":2,\"name\":\"Shop\",\"item\":\"https:\\\/\\\/industriemaroc.com\\\/shop\\\/\"},{\"@type\":\"ListItem\",\"position\":3,\"name\":\"MEULEUSE D&rsquo;ANGLE AG 230-24D &#8211; HILTI\"}]},{\"@type\":\"WebSite\",\"@id\":\"https:\\\/\\\/industriemaroc.com\\\/#website\",\"url\":\"https:\\\/\\\/industriemaroc.com\\\/\",\"name\":\"Industrie Maroc Online\",\"description\":\"Plateforme B2B de mat\u00e9riel professionnel au Maroc\",\"publisher\":{\"@id\":\"https:\\\/\\\/industriemaroc.com\\\/#organization\"},\"potentialAction\":[{\"@type\":\"SearchAction\",\"target\":{\"@type\":\"EntryPoint\",\"urlTemplate\":\"https:\\\/\\\/industriemaroc.com\\\/?s={search_term_string}\"},\"query-input\":{\"@type\":\"PropertyValueSpecification\",\"valueRequired\":true,\"valueName\":\"search_term_string\"}}],\"inLanguage\":\"en-US\"},{\"@type\":\"Organization\",\"@id\":\"https:\\\/\\\/industriemaroc.com\\\/#organization\",\"name\":\"industriemaroc.com\",\"url\":\"https:\\\/\\\/industriemaroc.com\\\/\",\"logo\":{\"@type\":\"ImageObject\",\"inLanguage\":\"en-US\",\"@id\":\"https:\\\/\\\/industriemaroc.com\\\/#\\\/schema\\\/logo\\\/image\\\/\",\"url\":\"https:\\\/\\\/industriemaroc.com\\\/wp-content\\\/uploads\\\/2024\\\/04\\\/IM.jpg\",\"contentUrl\":\"https:\\\/\\\/industriemaroc.com\\\/wp-content\\\/uploads\\\/2024\\\/04\\\/IM.jpg\",\"width\":2500,\"height\":2500,\"caption\":\"industriemaroc.com\"},\"image\":{\"@id\":\"https:\\\/\\\/industriemaroc.com\\\/#\\\/schema\\\/logo\\\/image\\\/\"}}]}<\/script>\n<!-- \/ Yoast SEO plugin. -->","yoast_head_json":{"title":"MEULEUSE D'ANGLE AG 230-24D - HILTI - Industrie Maroc Online","description":"D\u00e9coupe et meulage de l'acier et du m\u00e9tal  D\u00e9coupe de b\u00e9ton  Rainurage pour l'installation de conduits de c\u00e2bles dans le b\u00e9ton et la brique","robots":{"index":"index","follow":"follow","max-snippet":"max-snippet:-1","max-image-preview":"max-image-preview:large","max-video-preview":"max-video-preview:-1"},"canonical":"https:\/\/industriemaroc.com\/en\/product\/meuleuse-dangle-ag-230-24d-hilti\/","og_locale":"en_US","og_type":"article","og_title":"MEULEUSE D'ANGLE AG 230-24D - HILTI - Industrie Maroc Online","og_description":"D\u00e9coupe et meulage de l'acier et du m\u00e9tal  D\u00e9coupe de b\u00e9ton  Rainurage pour l'installation de conduits de c\u00e2bles dans le b\u00e9ton et la brique","og_url":"https:\/\/industriemaroc.com\/en\/product\/meuleuse-dangle-ag-230-24d-hilti\/","og_site_name":"Industrie Maroc Online","og_image":[{"width":700,"height":700,"url":"https:\/\/industriemaroc.com\/wp-content\/uploads\/2024\/06\/AG230-24DN.png","type":"image\/png"}],"twitter_card":"summary_large_image","twitter_misc":{"Est. reading time":"1 minute"},"schema":{"@context":"https:\/\/schema.org","@graph":[{"@type":"WebPage","@id":"https:\/\/industriemaroc.com\/produit\/meuleuse-dangle-ag-230-24d-hilti\/","url":"https:\/\/industriemaroc.com\/produit\/meuleuse-dangle-ag-230-24d-hilti\/","name":"MEULEUSE D'ANGLE AG 230-24D - HILTI - Industrie Maroc Online","isPartOf":{"@id":"https:\/\/industriemaroc.com\/#website"},"primaryImageOfPage":{"@id":"https:\/\/industriemaroc.com\/produit\/meuleuse-dangle-ag-230-24d-hilti\/#primaryimage"},"image":{"@id":"https:\/\/industriemaroc.com\/produit\/meuleuse-dangle-ag-230-24d-hilti\/#primaryimage"},"thumbnailUrl":"https:\/\/industriemaroc.com\/wp-content\/uploads\/2024\/06\/AG230-24DN.png","datePublished":"2024-06-04T18:35:55+00:00","description":"D\u00e9coupe et meulage de l'acier et du m\u00e9tal D\u00e9coupe de b\u00e9ton Rainurage pour l'installation de conduits de c\u00e2bles dans le b\u00e9ton et la brique","breadcrumb":{"@id":"https:\/\/industriemaroc.com\/produit\/meuleuse-dangle-ag-230-24d-hilti\/#breadcrumb"},"inLanguage":"en-US","potentialAction":[{"@type":"ReadAction","target":["https:\/\/industriemaroc.com\/produit\/meuleuse-dangle-ag-230-24d-hilti\/"]}]},{"@type":"ImageObject","inLanguage":"en-US","@id":"https:\/\/industriemaroc.com\/produit\/meuleuse-dangle-ag-230-24d-hilti\/#primaryimage","url":"https:\/\/industriemaroc.com\/wp-content\/uploads\/2024\/06\/AG230-24DN.png","contentUrl":"https:\/\/industriemaroc.com\/wp-content\/uploads\/2024\/06\/AG230-24DN.png","width":700,"height":700},{"@type":"BreadcrumbList","@id":"https:\/\/industriemaroc.com\/produit\/meuleuse-dangle-ag-230-24d-hilti\/#breadcrumb","itemListElement":[{"@type":"ListItem","position":1,"name":"Home","item":"https:\/\/industriemaroc.com\/"},{"@type":"ListItem","position":2,"name":"Shop","item":"https:\/\/industriemaroc.com\/shop\/"},{"@type":"ListItem","position":3,"name":"MEULEUSE D&rsquo;ANGLE AG 230-24D &#8211; HILTI"}]},{"@type":"WebSite","@id":"https:\/\/industriemaroc.com\/#website","url":"https:\/\/industriemaroc.com\/","name":"Industrie Maroc Online","description":"Plateforme B2B de mat\u00e9riel professionnel au Maroc","publisher":{"@id":"https:\/\/industriemaroc.com\/#organization"},"potentialAction":[{"@type":"SearchAction","target":{"@type":"EntryPoint","urlTemplate":"https:\/\/industriemaroc.com\/?s={search_term_string}"},"query-input":{"@type":"PropertyValueSpecification","valueRequired":true,"valueName":"search_term_string"}}],"inLanguage":"en-US"},{"@type":"Organization","@id":"https:\/\/industriemaroc.com\/#organization","name":"industriemaroc.com","url":"https:\/\/industriemaroc.com\/","logo":{"@type":"ImageObject","inLanguage":"en-US","@id":"https:\/\/industriemaroc.com\/#\/schema\/logo\/image\/","url":"https:\/\/industriemaroc.com\/wp-content\/uploads\/2024\/04\/IM.jpg","contentUrl":"https:\/\/industriemaroc.com\/wp-content\/uploads\/2024\/04\/IM.jpg","width":2500,"height":2500,"caption":"industriemaroc.com"},"image":{"@id":"https:\/\/industriemaroc.com\/#\/schema\/logo\/image\/"}}]}},"_links":{"self":[{"href":"https:\/\/industriemaroc.com\/en\/wp-json\/wp\/v2\/product\/21694","targetHints":{"allow":["GET"]}}],"collection":[{"href":"https:\/\/industriemaroc.com\/en\/wp-json\/wp\/v2\/product"}],"about":[{"href":"https:\/\/industriemaroc.com\/en\/wp-json\/wp\/v2\/types\/product"}],"replies":[{"embeddable":true,"href":"https:\/\/industriemaroc.com\/en\/wp-json\/wp\/v2\/comments?post=21694"}],"version-history":[{"count":1,"href":"https:\/\/industriemaroc.com\/en\/wp-json\/wp\/v2\/product\/21694\/revisions"}],"predecessor-version":[{"id":21714,"href":"https:\/\/industriemaroc.com\/en\/wp-json\/wp\/v2\/product\/21694\/revisions\/21714"}],"wp:featuredmedia":[{"embeddable":true,"href":"https:\/\/industriemaroc.com\/en\/wp-json\/wp\/v2\/media\/21713"}],"wp:attachment":[{"href":"https:\/\/industriemaroc.com\/en\/wp-json\/wp\/v2\/media?parent=21694"}],"wp:term":[{"taxonomy":"product_brand","embeddable":true,"href":"https:\/\/industriemaroc.com\/en\/wp-json\/wp\/v2\/product_brand?post=21694"},{"taxonomy":"product_cat","embeddable":true,"href":"https:\/\/industriemaroc.com\/en\/wp-json\/wp\/v2\/product_cat?post=21694"},{"taxonomy":"product_tag","embeddable":true,"href":"https:\/\/industriemaroc.com\/en\/wp-json\/wp\/v2\/product_tag?post=21694"}],"curies":[{"name":"wp","href":"https:\/\/api.w.org\/{rel}","templated":true}]}}