{"id":21760,"date":"2024-06-05T22:18:03","date_gmt":"2024-06-05T20:18:03","guid":{"rendered":"https:\/\/industriemaroc.com\/?post_type=product&#038;p=21760"},"modified":"2024-06-05T22:19:16","modified_gmt":"2024-06-05T20:19:16","slug":"helivil-ar-cristal-premium","status":"publish","type":"product","link":"https:\/\/industriemaroc.com\/en\/product\/helivil-ar-cristal-premium\/","title":{"rendered":"Helivil ar cristal premium &#8211; HELIFLEX"},"content":{"rendered":"<h5>CARACT\u00c9RISTIQUES :<\/h5>\n<p>Tuyau flexible, avec deux couches et renforc\u00e9 avec le fil du poliester, de r\u00e9sistance \u00e9lev\u00e9e.<br \/>\nLe tuyau helivil ar cristal premium peut \u00eatre utilis\u00e9 dans la condution de produits alimentaires et produit avec une formule qui permet la conduction des produits alimentaires. Fabriqu\u00e9 selon la norme EN1186, remplit les limites l\u00e9gales de la migration global, &lt;10mg\/dm^2, acide ac\u00e9tique a 3% et alcool a 20% (2h\/40\u00baC &#8211; contact r\u00e9p\u00e9t\u00e9).<\/p>\n<h5>APPLICATIONS :<\/h5>\n<p>Tuyau universel, principalement utilis\u00e9 en industrie pour l \u0301air, l \u0301eau comprim\u00e9s et pour le transfert d \u0301essence.<br \/>\nhelivil cristal premium peut \u00eatre employ\u00e9 dans l \u0301industrie alimentaire et de conservation, la distribution de boissons, l \u0301air comprim\u00e9, le transport des liquides de r\u00e9frig\u00e9ration, etc.<\/p>\n<h5>TEMP\u00c9RATURE D&rsquo;EMPLOI :<\/h5>\n<p>10\/+55\u00b0C<\/p>","protected":false},"excerpt":{"rendered":"<p>Couleur: cristal transparent avec une liste bleu longitudinale.<br \/>\nDisponible en 25, 50 et 100 m\u00e8tres.<br \/>\nEmballage: pellicule PE adh\u00e9rente et bande.<\/p>\n<p>&nbsp;<\/p>","protected":false},"featured_media":21770,"comment_status":"open","ping_status":"closed","template":"","meta":{"om_disable_all_campaigns":false,"_monsterinsights_skip_tracking":false,"_monsterinsights_sitenote_active":false,"_monsterinsights_sitenote_note":"","_monsterinsights_sitenote_category":0,"_uf_show_specific_survey":0,"_uf_disable_surveys":false,"_joinchat":[]},"product_brand":[],"product_cat":[672,1243],"product_tag":[],"class_list":{"0":"post-21760","1":"product","2":"type-product","3":"status-publish","4":"has-post-thumbnail","6":"product_cat-fournitures-industrielles","7":"product_cat-tuyau","9":"first","10":"instock","11":"taxable","12":"shipping-taxable","13":"product-type-simple"},"yoast_head":"<!-- This site is optimized with the Yoast SEO plugin v27.4 - https:\/\/yoast.com\/product\/yoast-seo-wordpress\/ -->\n<title>Helivil ar cristal premium - HELIFLEX - Industrie Maroc Online<\/title>\n<meta name=\"description\" content=\"Couleur: cristal transparent avec une liste bleu longitudinale. Disponible en 25, 50 et 100 m\u00e8tres. Emballage: pellicule PE adh\u00e9rente et bande.  &nbsp;\" \/>\n<meta name=\"robots\" content=\"index, follow, max-snippet:-1, max-image-preview:large, max-video-preview:-1\" \/>\n<link rel=\"canonical\" href=\"https:\/\/industriemaroc.com\/en\/product\/helivil-ar-cristal-premium\/\" \/>\n<meta property=\"og:locale\" content=\"en_US\" \/>\n<meta property=\"og:type\" content=\"article\" \/>\n<meta property=\"og:title\" content=\"Helivil ar cristal premium - HELIFLEX - Industrie Maroc Online\" \/>\n<meta property=\"og:description\" content=\"Couleur: cristal transparent avec une liste bleu longitudinale. Disponible en 25, 50 et 100 m\u00e8tres. Emballage: pellicule PE adh\u00e9rente et bande.  &nbsp;\" \/>\n<meta property=\"og:url\" content=\"https:\/\/industriemaroc.com\/en\/product\/helivil-ar-cristal-premium\/\" \/>\n<meta property=\"og:site_name\" content=\"Industrie Maroc Online\" \/>\n<meta property=\"article:modified_time\" content=\"2024-06-05T20:19:16+00:00\" \/>\n<meta property=\"og:image\" content=\"https:\/\/industriemaroc.com\/wp-content\/uploads\/2024\/06\/HELIVIL-AR-CRISTAL-PREMIUM-N.png\" \/>\n\t<meta property=\"og:image:width\" content=\"700\" \/>\n\t<meta property=\"og:image:height\" content=\"700\" \/>\n\t<meta property=\"og:image:type\" content=\"image\/png\" \/>\n<meta name=\"twitter:card\" content=\"summary_large_image\" \/>\n<meta name=\"twitter:label1\" content=\"Est. reading time\" \/>\n\t<meta name=\"twitter:data1\" content=\"1 minute\" \/>\n<script type=\"application\/ld+json\" class=\"yoast-schema-graph\">{\"@context\":\"https:\\\/\\\/schema.org\",\"@graph\":[{\"@type\":\"WebPage\",\"@id\":\"https:\\\/\\\/industriemaroc.com\\\/produit\\\/helivil-ar-cristal-premium\\\/\",\"url\":\"https:\\\/\\\/industriemaroc.com\\\/produit\\\/helivil-ar-cristal-premium\\\/\",\"name\":\"Helivil ar cristal premium - HELIFLEX - Industrie Maroc Online\",\"isPartOf\":{\"@id\":\"https:\\\/\\\/industriemaroc.com\\\/#website\"},\"primaryImageOfPage\":{\"@id\":\"https:\\\/\\\/industriemaroc.com\\\/produit\\\/helivil-ar-cristal-premium\\\/#primaryimage\"},\"image\":{\"@id\":\"https:\\\/\\\/industriemaroc.com\\\/produit\\\/helivil-ar-cristal-premium\\\/#primaryimage\"},\"thumbnailUrl\":\"https:\\\/\\\/industriemaroc.com\\\/wp-content\\\/uploads\\\/2024\\\/06\\\/HELIVIL-AR-CRISTAL-PREMIUM-N.png\",\"datePublished\":\"2024-06-05T20:18:03+00:00\",\"dateModified\":\"2024-06-05T20:19:16+00:00\",\"description\":\"Couleur: cristal transparent avec une liste bleu longitudinale. Disponible en 25, 50 et 100 m\u00e8tres. Emballage: pellicule PE adh\u00e9rente et bande. &nbsp;\",\"breadcrumb\":{\"@id\":\"https:\\\/\\\/industriemaroc.com\\\/produit\\\/helivil-ar-cristal-premium\\\/#breadcrumb\"},\"inLanguage\":\"en-US\",\"potentialAction\":[{\"@type\":\"ReadAction\",\"target\":[\"https:\\\/\\\/industriemaroc.com\\\/produit\\\/helivil-ar-cristal-premium\\\/\"]}]},{\"@type\":\"ImageObject\",\"inLanguage\":\"en-US\",\"@id\":\"https:\\\/\\\/industriemaroc.com\\\/produit\\\/helivil-ar-cristal-premium\\\/#primaryimage\",\"url\":\"https:\\\/\\\/industriemaroc.com\\\/wp-content\\\/uploads\\\/2024\\\/06\\\/HELIVIL-AR-CRISTAL-PREMIUM-N.png\",\"contentUrl\":\"https:\\\/\\\/industriemaroc.com\\\/wp-content\\\/uploads\\\/2024\\\/06\\\/HELIVIL-AR-CRISTAL-PREMIUM-N.png\",\"width\":700,\"height\":700},{\"@type\":\"BreadcrumbList\",\"@id\":\"https:\\\/\\\/industriemaroc.com\\\/produit\\\/helivil-ar-cristal-premium\\\/#breadcrumb\",\"itemListElement\":[{\"@type\":\"ListItem\",\"position\":1,\"name\":\"Home\",\"item\":\"https:\\\/\\\/industriemaroc.com\\\/\"},{\"@type\":\"ListItem\",\"position\":2,\"name\":\"Shop\",\"item\":\"https:\\\/\\\/industriemaroc.com\\\/shop\\\/\"},{\"@type\":\"ListItem\",\"position\":3,\"name\":\"Helivil ar cristal premium &#8211; HELIFLEX\"}]},{\"@type\":\"WebSite\",\"@id\":\"https:\\\/\\\/industriemaroc.com\\\/#website\",\"url\":\"https:\\\/\\\/industriemaroc.com\\\/\",\"name\":\"Industrie Maroc Online\",\"description\":\"Plateforme B2B de mat\u00e9riel professionnel au Maroc\",\"publisher\":{\"@id\":\"https:\\\/\\\/industriemaroc.com\\\/#organization\"},\"potentialAction\":[{\"@type\":\"SearchAction\",\"target\":{\"@type\":\"EntryPoint\",\"urlTemplate\":\"https:\\\/\\\/industriemaroc.com\\\/?s={search_term_string}\"},\"query-input\":{\"@type\":\"PropertyValueSpecification\",\"valueRequired\":true,\"valueName\":\"search_term_string\"}}],\"inLanguage\":\"en-US\"},{\"@type\":\"Organization\",\"@id\":\"https:\\\/\\\/industriemaroc.com\\\/#organization\",\"name\":\"industriemaroc.com\",\"url\":\"https:\\\/\\\/industriemaroc.com\\\/\",\"logo\":{\"@type\":\"ImageObject\",\"inLanguage\":\"en-US\",\"@id\":\"https:\\\/\\\/industriemaroc.com\\\/#\\\/schema\\\/logo\\\/image\\\/\",\"url\":\"https:\\\/\\\/industriemaroc.com\\\/wp-content\\\/uploads\\\/2024\\\/04\\\/IM.jpg\",\"contentUrl\":\"https:\\\/\\\/industriemaroc.com\\\/wp-content\\\/uploads\\\/2024\\\/04\\\/IM.jpg\",\"width\":2500,\"height\":2500,\"caption\":\"industriemaroc.com\"},\"image\":{\"@id\":\"https:\\\/\\\/industriemaroc.com\\\/#\\\/schema\\\/logo\\\/image\\\/\"}}]}<\/script>\n<!-- \/ Yoast SEO plugin. -->","yoast_head_json":{"title":"Helivil ar cristal premium - HELIFLEX - Industrie Maroc Online","description":"Couleur: cristal transparent avec une liste bleu longitudinale. Disponible en 25, 50 et 100 m\u00e8tres. Emballage: pellicule PE adh\u00e9rente et bande.  &nbsp;","robots":{"index":"index","follow":"follow","max-snippet":"max-snippet:-1","max-image-preview":"max-image-preview:large","max-video-preview":"max-video-preview:-1"},"canonical":"https:\/\/industriemaroc.com\/en\/product\/helivil-ar-cristal-premium\/","og_locale":"en_US","og_type":"article","og_title":"Helivil ar cristal premium - HELIFLEX - Industrie Maroc Online","og_description":"Couleur: cristal transparent avec une liste bleu longitudinale. Disponible en 25, 50 et 100 m\u00e8tres. Emballage: pellicule PE adh\u00e9rente et bande.  &nbsp;","og_url":"https:\/\/industriemaroc.com\/en\/product\/helivil-ar-cristal-premium\/","og_site_name":"Industrie Maroc Online","article_modified_time":"2024-06-05T20:19:16+00:00","og_image":[{"width":700,"height":700,"url":"https:\/\/industriemaroc.com\/wp-content\/uploads\/2024\/06\/HELIVIL-AR-CRISTAL-PREMIUM-N.png","type":"image\/png"}],"twitter_card":"summary_large_image","twitter_misc":{"Est. reading time":"1 minute"},"schema":{"@context":"https:\/\/schema.org","@graph":[{"@type":"WebPage","@id":"https:\/\/industriemaroc.com\/produit\/helivil-ar-cristal-premium\/","url":"https:\/\/industriemaroc.com\/produit\/helivil-ar-cristal-premium\/","name":"Helivil ar cristal premium - HELIFLEX - Industrie Maroc Online","isPartOf":{"@id":"https:\/\/industriemaroc.com\/#website"},"primaryImageOfPage":{"@id":"https:\/\/industriemaroc.com\/produit\/helivil-ar-cristal-premium\/#primaryimage"},"image":{"@id":"https:\/\/industriemaroc.com\/produit\/helivil-ar-cristal-premium\/#primaryimage"},"thumbnailUrl":"https:\/\/industriemaroc.com\/wp-content\/uploads\/2024\/06\/HELIVIL-AR-CRISTAL-PREMIUM-N.png","datePublished":"2024-06-05T20:18:03+00:00","dateModified":"2024-06-05T20:19:16+00:00","description":"Couleur: cristal transparent avec une liste bleu longitudinale. Disponible en 25, 50 et 100 m\u00e8tres. Emballage: pellicule PE adh\u00e9rente et bande. &nbsp;","breadcrumb":{"@id":"https:\/\/industriemaroc.com\/produit\/helivil-ar-cristal-premium\/#breadcrumb"},"inLanguage":"en-US","potentialAction":[{"@type":"ReadAction","target":["https:\/\/industriemaroc.com\/produit\/helivil-ar-cristal-premium\/"]}]},{"@type":"ImageObject","inLanguage":"en-US","@id":"https:\/\/industriemaroc.com\/produit\/helivil-ar-cristal-premium\/#primaryimage","url":"https:\/\/industriemaroc.com\/wp-content\/uploads\/2024\/06\/HELIVIL-AR-CRISTAL-PREMIUM-N.png","contentUrl":"https:\/\/industriemaroc.com\/wp-content\/uploads\/2024\/06\/HELIVIL-AR-CRISTAL-PREMIUM-N.png","width":700,"height":700},{"@type":"BreadcrumbList","@id":"https:\/\/industriemaroc.com\/produit\/helivil-ar-cristal-premium\/#breadcrumb","itemListElement":[{"@type":"ListItem","position":1,"name":"Home","item":"https:\/\/industriemaroc.com\/"},{"@type":"ListItem","position":2,"name":"Shop","item":"https:\/\/industriemaroc.com\/shop\/"},{"@type":"ListItem","position":3,"name":"Helivil ar cristal premium &#8211; HELIFLEX"}]},{"@type":"WebSite","@id":"https:\/\/industriemaroc.com\/#website","url":"https:\/\/industriemaroc.com\/","name":"Industrie Maroc Online","description":"Plateforme B2B de mat\u00e9riel professionnel au Maroc","publisher":{"@id":"https:\/\/industriemaroc.com\/#organization"},"potentialAction":[{"@type":"SearchAction","target":{"@type":"EntryPoint","urlTemplate":"https:\/\/industriemaroc.com\/?s={search_term_string}"},"query-input":{"@type":"PropertyValueSpecification","valueRequired":true,"valueName":"search_term_string"}}],"inLanguage":"en-US"},{"@type":"Organization","@id":"https:\/\/industriemaroc.com\/#organization","name":"industriemaroc.com","url":"https:\/\/industriemaroc.com\/","logo":{"@type":"ImageObject","inLanguage":"en-US","@id":"https:\/\/industriemaroc.com\/#\/schema\/logo\/image\/","url":"https:\/\/industriemaroc.com\/wp-content\/uploads\/2024\/04\/IM.jpg","contentUrl":"https:\/\/industriemaroc.com\/wp-content\/uploads\/2024\/04\/IM.jpg","width":2500,"height":2500,"caption":"industriemaroc.com"},"image":{"@id":"https:\/\/industriemaroc.com\/#\/schema\/logo\/image\/"}}]}},"_links":{"self":[{"href":"https:\/\/industriemaroc.com\/en\/wp-json\/wp\/v2\/product\/21760","targetHints":{"allow":["GET"]}}],"collection":[{"href":"https:\/\/industriemaroc.com\/en\/wp-json\/wp\/v2\/product"}],"about":[{"href":"https:\/\/industriemaroc.com\/en\/wp-json\/wp\/v2\/types\/product"}],"replies":[{"embeddable":true,"href":"https:\/\/industriemaroc.com\/en\/wp-json\/wp\/v2\/comments?post=21760"}],"version-history":[{"count":2,"href":"https:\/\/industriemaroc.com\/en\/wp-json\/wp\/v2\/product\/21760\/revisions"}],"predecessor-version":[{"id":21772,"href":"https:\/\/industriemaroc.com\/en\/wp-json\/wp\/v2\/product\/21760\/revisions\/21772"}],"wp:featuredmedia":[{"embeddable":true,"href":"https:\/\/industriemaroc.com\/en\/wp-json\/wp\/v2\/media\/21770"}],"wp:attachment":[{"href":"https:\/\/industriemaroc.com\/en\/wp-json\/wp\/v2\/media?parent=21760"}],"wp:term":[{"taxonomy":"product_brand","embeddable":true,"href":"https:\/\/industriemaroc.com\/en\/wp-json\/wp\/v2\/product_brand?post=21760"},{"taxonomy":"product_cat","embeddable":true,"href":"https:\/\/industriemaroc.com\/en\/wp-json\/wp\/v2\/product_cat?post=21760"},{"taxonomy":"product_tag","embeddable":true,"href":"https:\/\/industriemaroc.com\/en\/wp-json\/wp\/v2\/product_tag?post=21760"}],"curies":[{"name":"wp","href":"https:\/\/api.w.org\/{rel}","templated":true}]}}