{"id":21762,"date":"2024-06-05T22:26:47","date_gmt":"2024-06-05T20:26:47","guid":{"rendered":"https:\/\/industriemaroc.com\/?post_type=product&#038;p=21762"},"modified":"2024-06-05T22:26:48","modified_gmt":"2024-06-05T20:26:48","slug":"helivil-ar-20-premium-heliflex","status":"publish","type":"product","link":"https:\/\/industriemaroc.com\/en\/product\/helivil-ar-20-premium-heliflex\/","title":{"rendered":"Helivil Ar 20 premium &#8211; HELIFLEX"},"content":{"rendered":"<div class=\"col-md-4 col-lg-4\">\n<h5>CARACT\u00c9RISTIQUES :<\/h5>\n<p>Tuyau flexible en PVC dop\u00e9 avec \u00e9lastom\u00e8re et renforc\u00e9e avec de fils de polyester. Ce tuyau est produit avec un mat\u00e9riel de bonne r\u00e9sistance aux divers produits chimiques, au frottement et aux agents atmosph\u00e9riques. Ce tuyau a aussi une bonne flexibilit\u00e9 aux temp\u00e9ratures basses.<\/p>\n<\/div>\n<div class=\"col-md-4 col-lg-4\">\n<h5>APPLICATIONS :<\/h5>\n<p>Syst\u00e8me de conduction d\u00b4air comprim\u00e9 \u00e0 basses pressions et dans les compresseurs avec capacit\u00e9<br \/>\nde pression atmosph\u00e9rique \u00e0 20 bar.<\/p>\n<\/div>\n<div class=\"col-md-4 col-lg-4\">\n<h5>TEMP\u00c9RATURE D&rsquo;EMPLOI :<\/h5>\n<p>-10\/+55\u00b0C<\/p>\n<\/div>","protected":false},"excerpt":{"rendered":"<p>Couleur: int\u00e9rieur et ext\u00e9rieur en couleur noire avec une liste longitudinale bleu.<br \/>\nDisponible en 50 et 100 m\u00e8tres.<\/p>","protected":false},"featured_media":21776,"comment_status":"open","ping_status":"closed","template":"","meta":{"om_disable_all_campaigns":false,"_monsterinsights_skip_tracking":false,"_monsterinsights_sitenote_active":false,"_monsterinsights_sitenote_note":"","_monsterinsights_sitenote_category":0,"_uf_show_specific_survey":0,"_uf_disable_surveys":false,"_joinchat":[]},"product_brand":[],"product_cat":[672,1243],"product_tag":[],"class_list":{"0":"post-21762","1":"product","2":"type-product","3":"status-publish","4":"has-post-thumbnail","6":"product_cat-fournitures-industrielles","7":"product_cat-tuyau","9":"first","10":"instock","11":"taxable","12":"shipping-taxable","13":"product-type-simple"},"yoast_head":"<!-- This site is optimized with the Yoast SEO plugin v27.4 - https:\/\/yoast.com\/product\/yoast-seo-wordpress\/ -->\n<title>Helivil Ar 20 premium - HELIFLEX - Industrie Maroc Online<\/title>\n<meta name=\"description\" content=\"Couleur: int\u00e9rieur et ext\u00e9rieur en couleur noire avec une liste longitudinale bleu. Disponible en 50 et 100 m\u00e8tres.\" \/>\n<meta name=\"robots\" content=\"index, follow, max-snippet:-1, max-image-preview:large, max-video-preview:-1\" \/>\n<link rel=\"canonical\" href=\"https:\/\/industriemaroc.com\/en\/product\/helivil-ar-20-premium-heliflex\/\" \/>\n<meta property=\"og:locale\" content=\"en_US\" \/>\n<meta property=\"og:type\" content=\"article\" \/>\n<meta property=\"og:title\" content=\"Helivil Ar 20 premium - HELIFLEX - Industrie Maroc Online\" \/>\n<meta property=\"og:description\" content=\"Couleur: int\u00e9rieur et ext\u00e9rieur en couleur noire avec une liste longitudinale bleu. Disponible en 50 et 100 m\u00e8tres.\" \/>\n<meta property=\"og:url\" content=\"https:\/\/industriemaroc.com\/en\/product\/helivil-ar-20-premium-heliflex\/\" \/>\n<meta property=\"og:site_name\" content=\"Industrie Maroc Online\" \/>\n<meta property=\"article:modified_time\" content=\"2024-06-05T20:26:48+00:00\" \/>\n<meta property=\"og:image\" content=\"https:\/\/industriemaroc.com\/wp-content\/uploads\/2024\/06\/HELIVIL-AR-20-PREMIUM-N.png\" \/>\n\t<meta property=\"og:image:width\" content=\"700\" \/>\n\t<meta property=\"og:image:height\" content=\"700\" \/>\n\t<meta property=\"og:image:type\" content=\"image\/png\" \/>\n<meta name=\"twitter:card\" content=\"summary_large_image\" \/>\n<script type=\"application\/ld+json\" class=\"yoast-schema-graph\">{\"@context\":\"https:\\\/\\\/schema.org\",\"@graph\":[{\"@type\":\"WebPage\",\"@id\":\"https:\\\/\\\/industriemaroc.com\\\/produit\\\/helivil-ar-20-premium-heliflex\\\/\",\"url\":\"https:\\\/\\\/industriemaroc.com\\\/produit\\\/helivil-ar-20-premium-heliflex\\\/\",\"name\":\"Helivil Ar 20 premium - HELIFLEX - Industrie Maroc Online\",\"isPartOf\":{\"@id\":\"https:\\\/\\\/industriemaroc.com\\\/#website\"},\"primaryImageOfPage\":{\"@id\":\"https:\\\/\\\/industriemaroc.com\\\/produit\\\/helivil-ar-20-premium-heliflex\\\/#primaryimage\"},\"image\":{\"@id\":\"https:\\\/\\\/industriemaroc.com\\\/produit\\\/helivil-ar-20-premium-heliflex\\\/#primaryimage\"},\"thumbnailUrl\":\"https:\\\/\\\/industriemaroc.com\\\/wp-content\\\/uploads\\\/2024\\\/06\\\/HELIVIL-AR-20-PREMIUM-N.png\",\"datePublished\":\"2024-06-05T20:26:47+00:00\",\"dateModified\":\"2024-06-05T20:26:48+00:00\",\"description\":\"Couleur: int\u00e9rieur et ext\u00e9rieur en couleur noire avec une liste longitudinale bleu. Disponible en 50 et 100 m\u00e8tres.\",\"breadcrumb\":{\"@id\":\"https:\\\/\\\/industriemaroc.com\\\/produit\\\/helivil-ar-20-premium-heliflex\\\/#breadcrumb\"},\"inLanguage\":\"en-US\",\"potentialAction\":[{\"@type\":\"ReadAction\",\"target\":[\"https:\\\/\\\/industriemaroc.com\\\/produit\\\/helivil-ar-20-premium-heliflex\\\/\"]}]},{\"@type\":\"ImageObject\",\"inLanguage\":\"en-US\",\"@id\":\"https:\\\/\\\/industriemaroc.com\\\/produit\\\/helivil-ar-20-premium-heliflex\\\/#primaryimage\",\"url\":\"https:\\\/\\\/industriemaroc.com\\\/wp-content\\\/uploads\\\/2024\\\/06\\\/HELIVIL-AR-20-PREMIUM-N.png\",\"contentUrl\":\"https:\\\/\\\/industriemaroc.com\\\/wp-content\\\/uploads\\\/2024\\\/06\\\/HELIVIL-AR-20-PREMIUM-N.png\",\"width\":700,\"height\":700},{\"@type\":\"BreadcrumbList\",\"@id\":\"https:\\\/\\\/industriemaroc.com\\\/produit\\\/helivil-ar-20-premium-heliflex\\\/#breadcrumb\",\"itemListElement\":[{\"@type\":\"ListItem\",\"position\":1,\"name\":\"Home\",\"item\":\"https:\\\/\\\/industriemaroc.com\\\/\"},{\"@type\":\"ListItem\",\"position\":2,\"name\":\"Shop\",\"item\":\"https:\\\/\\\/industriemaroc.com\\\/shop\\\/\"},{\"@type\":\"ListItem\",\"position\":3,\"name\":\"Helivil Ar 20 premium &#8211; HELIFLEX\"}]},{\"@type\":\"WebSite\",\"@id\":\"https:\\\/\\\/industriemaroc.com\\\/#website\",\"url\":\"https:\\\/\\\/industriemaroc.com\\\/\",\"name\":\"Industrie Maroc Online\",\"description\":\"Plateforme B2B de mat\u00e9riel professionnel au Maroc\",\"publisher\":{\"@id\":\"https:\\\/\\\/industriemaroc.com\\\/#organization\"},\"potentialAction\":[{\"@type\":\"SearchAction\",\"target\":{\"@type\":\"EntryPoint\",\"urlTemplate\":\"https:\\\/\\\/industriemaroc.com\\\/?s={search_term_string}\"},\"query-input\":{\"@type\":\"PropertyValueSpecification\",\"valueRequired\":true,\"valueName\":\"search_term_string\"}}],\"inLanguage\":\"en-US\"},{\"@type\":\"Organization\",\"@id\":\"https:\\\/\\\/industriemaroc.com\\\/#organization\",\"name\":\"industriemaroc.com\",\"url\":\"https:\\\/\\\/industriemaroc.com\\\/\",\"logo\":{\"@type\":\"ImageObject\",\"inLanguage\":\"en-US\",\"@id\":\"https:\\\/\\\/industriemaroc.com\\\/#\\\/schema\\\/logo\\\/image\\\/\",\"url\":\"https:\\\/\\\/industriemaroc.com\\\/wp-content\\\/uploads\\\/2024\\\/04\\\/IM.jpg\",\"contentUrl\":\"https:\\\/\\\/industriemaroc.com\\\/wp-content\\\/uploads\\\/2024\\\/04\\\/IM.jpg\",\"width\":2500,\"height\":2500,\"caption\":\"industriemaroc.com\"},\"image\":{\"@id\":\"https:\\\/\\\/industriemaroc.com\\\/#\\\/schema\\\/logo\\\/image\\\/\"}}]}<\/script>\n<!-- \/ Yoast SEO plugin. -->","yoast_head_json":{"title":"Helivil Ar 20 premium - HELIFLEX - Industrie Maroc Online","description":"Couleur: int\u00e9rieur et ext\u00e9rieur en couleur noire avec une liste longitudinale bleu. Disponible en 50 et 100 m\u00e8tres.","robots":{"index":"index","follow":"follow","max-snippet":"max-snippet:-1","max-image-preview":"max-image-preview:large","max-video-preview":"max-video-preview:-1"},"canonical":"https:\/\/industriemaroc.com\/en\/product\/helivil-ar-20-premium-heliflex\/","og_locale":"en_US","og_type":"article","og_title":"Helivil Ar 20 premium - HELIFLEX - Industrie Maroc Online","og_description":"Couleur: int\u00e9rieur et ext\u00e9rieur en couleur noire avec une liste longitudinale bleu. Disponible en 50 et 100 m\u00e8tres.","og_url":"https:\/\/industriemaroc.com\/en\/product\/helivil-ar-20-premium-heliflex\/","og_site_name":"Industrie Maroc Online","article_modified_time":"2024-06-05T20:26:48+00:00","og_image":[{"width":700,"height":700,"url":"https:\/\/industriemaroc.com\/wp-content\/uploads\/2024\/06\/HELIVIL-AR-20-PREMIUM-N.png","type":"image\/png"}],"twitter_card":"summary_large_image","schema":{"@context":"https:\/\/schema.org","@graph":[{"@type":"WebPage","@id":"https:\/\/industriemaroc.com\/produit\/helivil-ar-20-premium-heliflex\/","url":"https:\/\/industriemaroc.com\/produit\/helivil-ar-20-premium-heliflex\/","name":"Helivil Ar 20 premium - HELIFLEX - Industrie Maroc Online","isPartOf":{"@id":"https:\/\/industriemaroc.com\/#website"},"primaryImageOfPage":{"@id":"https:\/\/industriemaroc.com\/produit\/helivil-ar-20-premium-heliflex\/#primaryimage"},"image":{"@id":"https:\/\/industriemaroc.com\/produit\/helivil-ar-20-premium-heliflex\/#primaryimage"},"thumbnailUrl":"https:\/\/industriemaroc.com\/wp-content\/uploads\/2024\/06\/HELIVIL-AR-20-PREMIUM-N.png","datePublished":"2024-06-05T20:26:47+00:00","dateModified":"2024-06-05T20:26:48+00:00","description":"Couleur: int\u00e9rieur et ext\u00e9rieur en couleur noire avec une liste longitudinale bleu. Disponible en 50 et 100 m\u00e8tres.","breadcrumb":{"@id":"https:\/\/industriemaroc.com\/produit\/helivil-ar-20-premium-heliflex\/#breadcrumb"},"inLanguage":"en-US","potentialAction":[{"@type":"ReadAction","target":["https:\/\/industriemaroc.com\/produit\/helivil-ar-20-premium-heliflex\/"]}]},{"@type":"ImageObject","inLanguage":"en-US","@id":"https:\/\/industriemaroc.com\/produit\/helivil-ar-20-premium-heliflex\/#primaryimage","url":"https:\/\/industriemaroc.com\/wp-content\/uploads\/2024\/06\/HELIVIL-AR-20-PREMIUM-N.png","contentUrl":"https:\/\/industriemaroc.com\/wp-content\/uploads\/2024\/06\/HELIVIL-AR-20-PREMIUM-N.png","width":700,"height":700},{"@type":"BreadcrumbList","@id":"https:\/\/industriemaroc.com\/produit\/helivil-ar-20-premium-heliflex\/#breadcrumb","itemListElement":[{"@type":"ListItem","position":1,"name":"Home","item":"https:\/\/industriemaroc.com\/"},{"@type":"ListItem","position":2,"name":"Shop","item":"https:\/\/industriemaroc.com\/shop\/"},{"@type":"ListItem","position":3,"name":"Helivil Ar 20 premium &#8211; HELIFLEX"}]},{"@type":"WebSite","@id":"https:\/\/industriemaroc.com\/#website","url":"https:\/\/industriemaroc.com\/","name":"Industrie Maroc Online","description":"Plateforme B2B de mat\u00e9riel professionnel au Maroc","publisher":{"@id":"https:\/\/industriemaroc.com\/#organization"},"potentialAction":[{"@type":"SearchAction","target":{"@type":"EntryPoint","urlTemplate":"https:\/\/industriemaroc.com\/?s={search_term_string}"},"query-input":{"@type":"PropertyValueSpecification","valueRequired":true,"valueName":"search_term_string"}}],"inLanguage":"en-US"},{"@type":"Organization","@id":"https:\/\/industriemaroc.com\/#organization","name":"industriemaroc.com","url":"https:\/\/industriemaroc.com\/","logo":{"@type":"ImageObject","inLanguage":"en-US","@id":"https:\/\/industriemaroc.com\/#\/schema\/logo\/image\/","url":"https:\/\/industriemaroc.com\/wp-content\/uploads\/2024\/04\/IM.jpg","contentUrl":"https:\/\/industriemaroc.com\/wp-content\/uploads\/2024\/04\/IM.jpg","width":2500,"height":2500,"caption":"industriemaroc.com"},"image":{"@id":"https:\/\/industriemaroc.com\/#\/schema\/logo\/image\/"}}]}},"_links":{"self":[{"href":"https:\/\/industriemaroc.com\/en\/wp-json\/wp\/v2\/product\/21762","targetHints":{"allow":["GET"]}}],"collection":[{"href":"https:\/\/industriemaroc.com\/en\/wp-json\/wp\/v2\/product"}],"about":[{"href":"https:\/\/industriemaroc.com\/en\/wp-json\/wp\/v2\/types\/product"}],"replies":[{"embeddable":true,"href":"https:\/\/industriemaroc.com\/en\/wp-json\/wp\/v2\/comments?post=21762"}],"version-history":[{"count":2,"href":"https:\/\/industriemaroc.com\/en\/wp-json\/wp\/v2\/product\/21762\/revisions"}],"predecessor-version":[{"id":22207,"href":"https:\/\/industriemaroc.com\/en\/wp-json\/wp\/v2\/product\/21762\/revisions\/22207"}],"wp:featuredmedia":[{"embeddable":true,"href":"https:\/\/industriemaroc.com\/en\/wp-json\/wp\/v2\/media\/21776"}],"wp:attachment":[{"href":"https:\/\/industriemaroc.com\/en\/wp-json\/wp\/v2\/media?parent=21762"}],"wp:term":[{"taxonomy":"product_brand","embeddable":true,"href":"https:\/\/industriemaroc.com\/en\/wp-json\/wp\/v2\/product_brand?post=21762"},{"taxonomy":"product_cat","embeddable":true,"href":"https:\/\/industriemaroc.com\/en\/wp-json\/wp\/v2\/product_cat?post=21762"},{"taxonomy":"product_tag","embeddable":true,"href":"https:\/\/industriemaroc.com\/en\/wp-json\/wp\/v2\/product_tag?post=21762"}],"curies":[{"name":"wp","href":"https:\/\/api.w.org\/{rel}","templated":true}]}}