{"id":21769,"date":"2024-06-05T22:44:45","date_gmt":"2024-06-05T20:44:45","guid":{"rendered":"https:\/\/industriemaroc.com\/?post_type=product&#038;p=21769"},"modified":"2024-06-05T22:44:45","modified_gmt":"2024-06-05T20:44:45","slug":"helivil-petroflex-heliflex","status":"publish","type":"product","link":"https:\/\/industriemaroc.com\/en\/product\/helivil-petroflex-heliflex\/","title":{"rendered":"Helivil petroflex &#8211; HELIFLEX"},"content":{"rendered":"<div class=\"col-md-4 col-lg-4\">\n<h5>CARACT\u00c9RISTIQUES :<\/h5>\n<p>Tube flexible pr\u00e9sentant trois couches \u00e0 l\u00b4int\u00e9rieur: la premi\u00e8re est compos\u00e9e d\u00b4un \u00e9lastom\u00e8re thermoplastique, la seconde et le rev\u00eatement ext\u00e9rieur pour un compos\u00e9 sp\u00e9cial en PVC r\u00e9sistant aux combustibles. Fabriqu\u00e9 selon les normes BS 3395: 1989 et EN 1360.<\/p>\n<\/div>\n<div class=\"col-md-4 col-lg-4\">\n<h5>APPLICATIONS :<\/h5>\n<p>Transport de combustibles, surtout en stations services.<\/p>\n<\/div>\n<div class=\"col-md-4 col-lg-4\">\n<h5>TEMP\u00c9RATURE D&rsquo;EMPLOI :<\/h5>\n<p>-10\/+60\u00b0C<\/p>\n<\/div>","protected":false},"excerpt":{"rendered":"<p>Couleur: noir.<br \/>\nDisponible en rouleaux de 25 et 50 m\u00e8tres.<br \/>\nEmballage: pellicule PE adh\u00e9rente et bande.<\/p>","protected":false},"featured_media":21790,"comment_status":"open","ping_status":"closed","template":"","meta":{"om_disable_all_campaigns":false,"_monsterinsights_skip_tracking":false,"_monsterinsights_sitenote_active":false,"_monsterinsights_sitenote_note":"","_monsterinsights_sitenote_category":0,"_uf_show_specific_survey":0,"_uf_disable_surveys":false,"_joinchat":[]},"product_brand":[],"product_cat":[672,1243],"product_tag":[],"class_list":{"0":"post-21769","1":"product","2":"type-product","3":"status-publish","4":"has-post-thumbnail","6":"product_cat-fournitures-industrielles","7":"product_cat-tuyau","9":"first","10":"instock","11":"taxable","12":"shipping-taxable","13":"product-type-simple"},"yoast_head":"<!-- This site is optimized with the Yoast SEO plugin v27.4 - https:\/\/yoast.com\/product\/yoast-seo-wordpress\/ -->\n<title>Helivil petroflex - HELIFLEX - Industrie Maroc Online<\/title>\n<meta name=\"description\" content=\"Couleur: noir. Disponible en rouleaux de 25 et 50 m\u00e8tres. Emballage: pellicule PE adh\u00e9rente et bande.\" \/>\n<meta name=\"robots\" content=\"index, follow, max-snippet:-1, max-image-preview:large, max-video-preview:-1\" \/>\n<link rel=\"canonical\" href=\"https:\/\/industriemaroc.com\/en\/product\/helivil-petroflex-heliflex\/\" \/>\n<meta property=\"og:locale\" content=\"en_US\" \/>\n<meta property=\"og:type\" content=\"article\" \/>\n<meta property=\"og:title\" content=\"Helivil petroflex - HELIFLEX - Industrie Maroc Online\" \/>\n<meta property=\"og:description\" content=\"Couleur: noir. Disponible en rouleaux de 25 et 50 m\u00e8tres. Emballage: pellicule PE adh\u00e9rente et bande.\" \/>\n<meta property=\"og:url\" content=\"https:\/\/industriemaroc.com\/en\/product\/helivil-petroflex-heliflex\/\" \/>\n<meta property=\"og:site_name\" content=\"Industrie Maroc Online\" \/>\n<meta property=\"og:image\" content=\"https:\/\/industriemaroc.com\/wp-content\/uploads\/2024\/06\/HELIVIL-PETROFLEX-N.png\" \/>\n\t<meta property=\"og:image:width\" content=\"700\" \/>\n\t<meta property=\"og:image:height\" content=\"700\" \/>\n\t<meta property=\"og:image:type\" content=\"image\/png\" \/>\n<meta name=\"twitter:card\" content=\"summary_large_image\" \/>\n<script type=\"application\/ld+json\" class=\"yoast-schema-graph\">{\"@context\":\"https:\\\/\\\/schema.org\",\"@graph\":[{\"@type\":\"WebPage\",\"@id\":\"https:\\\/\\\/industriemaroc.com\\\/produit\\\/helivil-petroflex-heliflex\\\/\",\"url\":\"https:\\\/\\\/industriemaroc.com\\\/produit\\\/helivil-petroflex-heliflex\\\/\",\"name\":\"Helivil petroflex - HELIFLEX - Industrie Maroc Online\",\"isPartOf\":{\"@id\":\"https:\\\/\\\/industriemaroc.com\\\/#website\"},\"primaryImageOfPage\":{\"@id\":\"https:\\\/\\\/industriemaroc.com\\\/produit\\\/helivil-petroflex-heliflex\\\/#primaryimage\"},\"image\":{\"@id\":\"https:\\\/\\\/industriemaroc.com\\\/produit\\\/helivil-petroflex-heliflex\\\/#primaryimage\"},\"thumbnailUrl\":\"https:\\\/\\\/industriemaroc.com\\\/wp-content\\\/uploads\\\/2024\\\/06\\\/HELIVIL-PETROFLEX-N.png\",\"datePublished\":\"2024-06-05T20:44:45+00:00\",\"description\":\"Couleur: noir. Disponible en rouleaux de 25 et 50 m\u00e8tres. Emballage: pellicule PE adh\u00e9rente et bande.\",\"breadcrumb\":{\"@id\":\"https:\\\/\\\/industriemaroc.com\\\/produit\\\/helivil-petroflex-heliflex\\\/#breadcrumb\"},\"inLanguage\":\"en-US\",\"potentialAction\":[{\"@type\":\"ReadAction\",\"target\":[\"https:\\\/\\\/industriemaroc.com\\\/produit\\\/helivil-petroflex-heliflex\\\/\"]}]},{\"@type\":\"ImageObject\",\"inLanguage\":\"en-US\",\"@id\":\"https:\\\/\\\/industriemaroc.com\\\/produit\\\/helivil-petroflex-heliflex\\\/#primaryimage\",\"url\":\"https:\\\/\\\/industriemaroc.com\\\/wp-content\\\/uploads\\\/2024\\\/06\\\/HELIVIL-PETROFLEX-N.png\",\"contentUrl\":\"https:\\\/\\\/industriemaroc.com\\\/wp-content\\\/uploads\\\/2024\\\/06\\\/HELIVIL-PETROFLEX-N.png\",\"width\":700,\"height\":700},{\"@type\":\"BreadcrumbList\",\"@id\":\"https:\\\/\\\/industriemaroc.com\\\/produit\\\/helivil-petroflex-heliflex\\\/#breadcrumb\",\"itemListElement\":[{\"@type\":\"ListItem\",\"position\":1,\"name\":\"Home\",\"item\":\"https:\\\/\\\/industriemaroc.com\\\/\"},{\"@type\":\"ListItem\",\"position\":2,\"name\":\"Shop\",\"item\":\"https:\\\/\\\/industriemaroc.com\\\/shop\\\/\"},{\"@type\":\"ListItem\",\"position\":3,\"name\":\"Helivil petroflex &#8211; HELIFLEX\"}]},{\"@type\":\"WebSite\",\"@id\":\"https:\\\/\\\/industriemaroc.com\\\/#website\",\"url\":\"https:\\\/\\\/industriemaroc.com\\\/\",\"name\":\"Industrie Maroc Online\",\"description\":\"Plateforme B2B de mat\u00e9riel professionnel au Maroc\",\"publisher\":{\"@id\":\"https:\\\/\\\/industriemaroc.com\\\/#organization\"},\"potentialAction\":[{\"@type\":\"SearchAction\",\"target\":{\"@type\":\"EntryPoint\",\"urlTemplate\":\"https:\\\/\\\/industriemaroc.com\\\/?s={search_term_string}\"},\"query-input\":{\"@type\":\"PropertyValueSpecification\",\"valueRequired\":true,\"valueName\":\"search_term_string\"}}],\"inLanguage\":\"en-US\"},{\"@type\":\"Organization\",\"@id\":\"https:\\\/\\\/industriemaroc.com\\\/#organization\",\"name\":\"industriemaroc.com\",\"url\":\"https:\\\/\\\/industriemaroc.com\\\/\",\"logo\":{\"@type\":\"ImageObject\",\"inLanguage\":\"en-US\",\"@id\":\"https:\\\/\\\/industriemaroc.com\\\/#\\\/schema\\\/logo\\\/image\\\/\",\"url\":\"https:\\\/\\\/industriemaroc.com\\\/wp-content\\\/uploads\\\/2024\\\/04\\\/IM.jpg\",\"contentUrl\":\"https:\\\/\\\/industriemaroc.com\\\/wp-content\\\/uploads\\\/2024\\\/04\\\/IM.jpg\",\"width\":2500,\"height\":2500,\"caption\":\"industriemaroc.com\"},\"image\":{\"@id\":\"https:\\\/\\\/industriemaroc.com\\\/#\\\/schema\\\/logo\\\/image\\\/\"}}]}<\/script>\n<!-- \/ Yoast SEO plugin. -->","yoast_head_json":{"title":"Helivil petroflex - HELIFLEX - Industrie Maroc Online","description":"Couleur: noir. Disponible en rouleaux de 25 et 50 m\u00e8tres. Emballage: pellicule PE adh\u00e9rente et bande.","robots":{"index":"index","follow":"follow","max-snippet":"max-snippet:-1","max-image-preview":"max-image-preview:large","max-video-preview":"max-video-preview:-1"},"canonical":"https:\/\/industriemaroc.com\/en\/product\/helivil-petroflex-heliflex\/","og_locale":"en_US","og_type":"article","og_title":"Helivil petroflex - HELIFLEX - Industrie Maroc Online","og_description":"Couleur: noir. Disponible en rouleaux de 25 et 50 m\u00e8tres. Emballage: pellicule PE adh\u00e9rente et bande.","og_url":"https:\/\/industriemaroc.com\/en\/product\/helivil-petroflex-heliflex\/","og_site_name":"Industrie Maroc Online","og_image":[{"width":700,"height":700,"url":"https:\/\/industriemaroc.com\/wp-content\/uploads\/2024\/06\/HELIVIL-PETROFLEX-N.png","type":"image\/png"}],"twitter_card":"summary_large_image","schema":{"@context":"https:\/\/schema.org","@graph":[{"@type":"WebPage","@id":"https:\/\/industriemaroc.com\/produit\/helivil-petroflex-heliflex\/","url":"https:\/\/industriemaroc.com\/produit\/helivil-petroflex-heliflex\/","name":"Helivil petroflex - HELIFLEX - Industrie Maroc Online","isPartOf":{"@id":"https:\/\/industriemaroc.com\/#website"},"primaryImageOfPage":{"@id":"https:\/\/industriemaroc.com\/produit\/helivil-petroflex-heliflex\/#primaryimage"},"image":{"@id":"https:\/\/industriemaroc.com\/produit\/helivil-petroflex-heliflex\/#primaryimage"},"thumbnailUrl":"https:\/\/industriemaroc.com\/wp-content\/uploads\/2024\/06\/HELIVIL-PETROFLEX-N.png","datePublished":"2024-06-05T20:44:45+00:00","description":"Couleur: noir. Disponible en rouleaux de 25 et 50 m\u00e8tres. Emballage: pellicule PE adh\u00e9rente et bande.","breadcrumb":{"@id":"https:\/\/industriemaroc.com\/produit\/helivil-petroflex-heliflex\/#breadcrumb"},"inLanguage":"en-US","potentialAction":[{"@type":"ReadAction","target":["https:\/\/industriemaroc.com\/produit\/helivil-petroflex-heliflex\/"]}]},{"@type":"ImageObject","inLanguage":"en-US","@id":"https:\/\/industriemaroc.com\/produit\/helivil-petroflex-heliflex\/#primaryimage","url":"https:\/\/industriemaroc.com\/wp-content\/uploads\/2024\/06\/HELIVIL-PETROFLEX-N.png","contentUrl":"https:\/\/industriemaroc.com\/wp-content\/uploads\/2024\/06\/HELIVIL-PETROFLEX-N.png","width":700,"height":700},{"@type":"BreadcrumbList","@id":"https:\/\/industriemaroc.com\/produit\/helivil-petroflex-heliflex\/#breadcrumb","itemListElement":[{"@type":"ListItem","position":1,"name":"Home","item":"https:\/\/industriemaroc.com\/"},{"@type":"ListItem","position":2,"name":"Shop","item":"https:\/\/industriemaroc.com\/shop\/"},{"@type":"ListItem","position":3,"name":"Helivil petroflex &#8211; HELIFLEX"}]},{"@type":"WebSite","@id":"https:\/\/industriemaroc.com\/#website","url":"https:\/\/industriemaroc.com\/","name":"Industrie Maroc Online","description":"Plateforme B2B de mat\u00e9riel professionnel au Maroc","publisher":{"@id":"https:\/\/industriemaroc.com\/#organization"},"potentialAction":[{"@type":"SearchAction","target":{"@type":"EntryPoint","urlTemplate":"https:\/\/industriemaroc.com\/?s={search_term_string}"},"query-input":{"@type":"PropertyValueSpecification","valueRequired":true,"valueName":"search_term_string"}}],"inLanguage":"en-US"},{"@type":"Organization","@id":"https:\/\/industriemaroc.com\/#organization","name":"industriemaroc.com","url":"https:\/\/industriemaroc.com\/","logo":{"@type":"ImageObject","inLanguage":"en-US","@id":"https:\/\/industriemaroc.com\/#\/schema\/logo\/image\/","url":"https:\/\/industriemaroc.com\/wp-content\/uploads\/2024\/04\/IM.jpg","contentUrl":"https:\/\/industriemaroc.com\/wp-content\/uploads\/2024\/04\/IM.jpg","width":2500,"height":2500,"caption":"industriemaroc.com"},"image":{"@id":"https:\/\/industriemaroc.com\/#\/schema\/logo\/image\/"}}]}},"_links":{"self":[{"href":"https:\/\/industriemaroc.com\/en\/wp-json\/wp\/v2\/product\/21769","targetHints":{"allow":["GET"]}}],"collection":[{"href":"https:\/\/industriemaroc.com\/en\/wp-json\/wp\/v2\/product"}],"about":[{"href":"https:\/\/industriemaroc.com\/en\/wp-json\/wp\/v2\/types\/product"}],"replies":[{"embeddable":true,"href":"https:\/\/industriemaroc.com\/en\/wp-json\/wp\/v2\/comments?post=21769"}],"version-history":[{"count":1,"href":"https:\/\/industriemaroc.com\/en\/wp-json\/wp\/v2\/product\/21769\/revisions"}],"predecessor-version":[{"id":21791,"href":"https:\/\/industriemaroc.com\/en\/wp-json\/wp\/v2\/product\/21769\/revisions\/21791"}],"wp:featuredmedia":[{"embeddable":true,"href":"https:\/\/industriemaroc.com\/en\/wp-json\/wp\/v2\/media\/21790"}],"wp:attachment":[{"href":"https:\/\/industriemaroc.com\/en\/wp-json\/wp\/v2\/media?parent=21769"}],"wp:term":[{"taxonomy":"product_brand","embeddable":true,"href":"https:\/\/industriemaroc.com\/en\/wp-json\/wp\/v2\/product_brand?post=21769"},{"taxonomy":"product_cat","embeddable":true,"href":"https:\/\/industriemaroc.com\/en\/wp-json\/wp\/v2\/product_cat?post=21769"},{"taxonomy":"product_tag","embeddable":true,"href":"https:\/\/industriemaroc.com\/en\/wp-json\/wp\/v2\/product_tag?post=21769"}],"curies":[{"name":"wp","href":"https:\/\/api.w.org\/{rel}","templated":true}]}}