{"id":21798,"date":"2024-06-11T17:52:01","date_gmt":"2024-06-11T15:52:01","guid":{"rendered":"https:\/\/industriemaroc.com\/?post_type=product&#038;p=21798"},"modified":"2024-06-11T17:52:01","modified_gmt":"2024-06-11T15:52:01","slug":"graisse-cuivree-en-tube-bardhal","status":"publish","type":"product","link":"https:\/\/industriemaroc.com\/en\/product\/graisse-cuivree-en-tube-bardhal\/","title":{"rendered":"Graisse cuivr\u00e9e en tube &#8211; BARDHAL"},"content":{"rendered":"<p>Tube de 150 g<\/p>\n<p>La graisse cuivr\u00e9e Bardahl haute temp\u00e9rature est efficace entre les temp\u00e9ratures de -20 \u00b0c \u00e0 \u00a0+1100 \u00b0c. Elle est \u00e9galement conducteur \u00e9lectrique et a un pouvoir anti-grippant.<\/p>\n<ul type=\"disc\">\n<li>Evite le grippage des pi\u00e8ces m\u00e9caniques de -20\u00b0C \u00e0 +1 100\u00b0C (goujons, bougies, injecteurs, flasques de freins, \u00e9chappement, embrayage)<\/li>\n<li>Insoluble \u00e0 l&rsquo;eau, elle assure les contacts et \u00e9vite l&rsquo;apparition des oxydes de rouille<\/li>\n<\/ul>\n<p><strong>Description<\/strong><\/p>\n<p>Graisse de montage haute temp\u00e9rature \u00e0 base de poudre cuivr\u00e9e. Evite le grippage des pi\u00e8ces m\u00e9caniques de -20\u00b0C \u00e0 +1100\u00b0C (goujons, bougies, injecteurs, flasques de freins, \u00e9chappement, embrayage etc&#8230;). Insoluble \u00e0 l&rsquo;eau, la graisse cuivr\u00e9e assure les contacts et \u00e9vite l&rsquo;apparition des oxydes de rouille.<\/p>","protected":false},"excerpt":{"rendered":"<ul type=\"disc\">\n<li>Evite le grippage des pi\u00e8ces m\u00e9caniques de -20\u00b0C \u00e0 +1 100\u00b0C (goujons, bougies, injecteurs, flasques de freins, \u00e9chappement, embrayage)<\/li>\n<\/ul>","protected":false},"featured_media":21813,"comment_status":"open","ping_status":"closed","template":"","meta":{"om_disable_all_campaigns":false,"_monsterinsights_skip_tracking":false,"_monsterinsights_sitenote_active":false,"_monsterinsights_sitenote_note":"","_monsterinsights_sitenote_category":0,"_uf_show_specific_survey":0,"_uf_disable_surveys":false,"_joinchat":[]},"product_brand":[],"product_cat":[672,1244,1245],"product_tag":[],"class_list":{"0":"post-21798","1":"product","2":"type-product","3":"status-publish","4":"has-post-thumbnail","6":"product_cat-fournitures-industrielles","7":"product_cat-graissage-et-lubrifiant","8":"product_cat-graisse","10":"first","11":"instock","12":"taxable","13":"shipping-taxable","14":"product-type-simple"},"yoast_head":"<!-- This site is optimized with the Yoast SEO plugin v27.4 - https:\/\/yoast.com\/product\/yoast-seo-wordpress\/ -->\n<title>Graisse cuivr\u00e9e en tube - BARDHAL - Industrie Maroc Online<\/title>\n<meta name=\"description\" content=\"Evite le grippage des pi\u00e8ces m\u00e9caniques de -20\u00b0C \u00e0 +1 100\u00b0C (goujons, bougies, injecteurs, flasques de freins, \u00e9chappement, embrayage)\" \/>\n<meta name=\"robots\" content=\"index, follow, max-snippet:-1, max-image-preview:large, max-video-preview:-1\" \/>\n<link rel=\"canonical\" href=\"https:\/\/industriemaroc.com\/en\/product\/graisse-cuivree-en-tube-bardhal\/\" \/>\n<meta property=\"og:locale\" content=\"en_US\" \/>\n<meta property=\"og:type\" content=\"article\" \/>\n<meta property=\"og:title\" content=\"Graisse cuivr\u00e9e en tube - BARDHAL - Industrie Maroc Online\" \/>\n<meta property=\"og:description\" content=\"Evite le grippage des pi\u00e8ces m\u00e9caniques de -20\u00b0C \u00e0 +1 100\u00b0C (goujons, bougies, injecteurs, flasques de freins, \u00e9chappement, embrayage)\" \/>\n<meta property=\"og:url\" content=\"https:\/\/industriemaroc.com\/en\/product\/graisse-cuivree-en-tube-bardhal\/\" \/>\n<meta property=\"og:site_name\" content=\"Industrie Maroc Online\" \/>\n<meta property=\"og:image\" content=\"https:\/\/industriemaroc.com\/wp-content\/uploads\/2024\/06\/4N.png\" \/>\n\t<meta property=\"og:image:width\" content=\"700\" \/>\n\t<meta property=\"og:image:height\" content=\"700\" \/>\n\t<meta property=\"og:image:type\" content=\"image\/png\" \/>\n<meta name=\"twitter:card\" content=\"summary_large_image\" \/>\n<meta name=\"twitter:label1\" content=\"Est. reading time\" \/>\n\t<meta name=\"twitter:data1\" content=\"1 minute\" \/>\n<script type=\"application\/ld+json\" class=\"yoast-schema-graph\">{\"@context\":\"https:\\\/\\\/schema.org\",\"@graph\":[{\"@type\":\"WebPage\",\"@id\":\"https:\\\/\\\/industriemaroc.com\\\/produit\\\/graisse-cuivree-en-tube-bardhal\\\/\",\"url\":\"https:\\\/\\\/industriemaroc.com\\\/produit\\\/graisse-cuivree-en-tube-bardhal\\\/\",\"name\":\"Graisse cuivr\u00e9e en tube - BARDHAL - Industrie Maroc Online\",\"isPartOf\":{\"@id\":\"https:\\\/\\\/industriemaroc.com\\\/#website\"},\"primaryImageOfPage\":{\"@id\":\"https:\\\/\\\/industriemaroc.com\\\/produit\\\/graisse-cuivree-en-tube-bardhal\\\/#primaryimage\"},\"image\":{\"@id\":\"https:\\\/\\\/industriemaroc.com\\\/produit\\\/graisse-cuivree-en-tube-bardhal\\\/#primaryimage\"},\"thumbnailUrl\":\"https:\\\/\\\/industriemaroc.com\\\/wp-content\\\/uploads\\\/2024\\\/06\\\/4N.png\",\"datePublished\":\"2024-06-11T15:52:01+00:00\",\"description\":\"Evite le grippage des pi\u00e8ces m\u00e9caniques de -20\u00b0C \u00e0 +1 100\u00b0C (goujons, bougies, injecteurs, flasques de freins, \u00e9chappement, embrayage)\",\"breadcrumb\":{\"@id\":\"https:\\\/\\\/industriemaroc.com\\\/produit\\\/graisse-cuivree-en-tube-bardhal\\\/#breadcrumb\"},\"inLanguage\":\"en-US\",\"potentialAction\":[{\"@type\":\"ReadAction\",\"target\":[\"https:\\\/\\\/industriemaroc.com\\\/produit\\\/graisse-cuivree-en-tube-bardhal\\\/\"]}]},{\"@type\":\"ImageObject\",\"inLanguage\":\"en-US\",\"@id\":\"https:\\\/\\\/industriemaroc.com\\\/produit\\\/graisse-cuivree-en-tube-bardhal\\\/#primaryimage\",\"url\":\"https:\\\/\\\/industriemaroc.com\\\/wp-content\\\/uploads\\\/2024\\\/06\\\/4N.png\",\"contentUrl\":\"https:\\\/\\\/industriemaroc.com\\\/wp-content\\\/uploads\\\/2024\\\/06\\\/4N.png\",\"width\":700,\"height\":700},{\"@type\":\"BreadcrumbList\",\"@id\":\"https:\\\/\\\/industriemaroc.com\\\/produit\\\/graisse-cuivree-en-tube-bardhal\\\/#breadcrumb\",\"itemListElement\":[{\"@type\":\"ListItem\",\"position\":1,\"name\":\"Home\",\"item\":\"https:\\\/\\\/industriemaroc.com\\\/\"},{\"@type\":\"ListItem\",\"position\":2,\"name\":\"Shop\",\"item\":\"https:\\\/\\\/industriemaroc.com\\\/shop\\\/\"},{\"@type\":\"ListItem\",\"position\":3,\"name\":\"Graisse cuivr\u00e9e en tube &#8211; BARDHAL\"}]},{\"@type\":\"WebSite\",\"@id\":\"https:\\\/\\\/industriemaroc.com\\\/#website\",\"url\":\"https:\\\/\\\/industriemaroc.com\\\/\",\"name\":\"Industrie Maroc Online\",\"description\":\"Plateforme B2B de mat\u00e9riel professionnel au Maroc\",\"publisher\":{\"@id\":\"https:\\\/\\\/industriemaroc.com\\\/#organization\"},\"potentialAction\":[{\"@type\":\"SearchAction\",\"target\":{\"@type\":\"EntryPoint\",\"urlTemplate\":\"https:\\\/\\\/industriemaroc.com\\\/?s={search_term_string}\"},\"query-input\":{\"@type\":\"PropertyValueSpecification\",\"valueRequired\":true,\"valueName\":\"search_term_string\"}}],\"inLanguage\":\"en-US\"},{\"@type\":\"Organization\",\"@id\":\"https:\\\/\\\/industriemaroc.com\\\/#organization\",\"name\":\"industriemaroc.com\",\"url\":\"https:\\\/\\\/industriemaroc.com\\\/\",\"logo\":{\"@type\":\"ImageObject\",\"inLanguage\":\"en-US\",\"@id\":\"https:\\\/\\\/industriemaroc.com\\\/#\\\/schema\\\/logo\\\/image\\\/\",\"url\":\"https:\\\/\\\/industriemaroc.com\\\/wp-content\\\/uploads\\\/2024\\\/04\\\/IM.jpg\",\"contentUrl\":\"https:\\\/\\\/industriemaroc.com\\\/wp-content\\\/uploads\\\/2024\\\/04\\\/IM.jpg\",\"width\":2500,\"height\":2500,\"caption\":\"industriemaroc.com\"},\"image\":{\"@id\":\"https:\\\/\\\/industriemaroc.com\\\/#\\\/schema\\\/logo\\\/image\\\/\"}}]}<\/script>\n<!-- \/ Yoast SEO plugin. -->","yoast_head_json":{"title":"Graisse cuivr\u00e9e en tube - BARDHAL - Industrie Maroc Online","description":"Evite le grippage des pi\u00e8ces m\u00e9caniques de -20\u00b0C \u00e0 +1 100\u00b0C (goujons, bougies, injecteurs, flasques de freins, \u00e9chappement, embrayage)","robots":{"index":"index","follow":"follow","max-snippet":"max-snippet:-1","max-image-preview":"max-image-preview:large","max-video-preview":"max-video-preview:-1"},"canonical":"https:\/\/industriemaroc.com\/en\/product\/graisse-cuivree-en-tube-bardhal\/","og_locale":"en_US","og_type":"article","og_title":"Graisse cuivr\u00e9e en tube - BARDHAL - Industrie Maroc Online","og_description":"Evite le grippage des pi\u00e8ces m\u00e9caniques de -20\u00b0C \u00e0 +1 100\u00b0C (goujons, bougies, injecteurs, flasques de freins, \u00e9chappement, embrayage)","og_url":"https:\/\/industriemaroc.com\/en\/product\/graisse-cuivree-en-tube-bardhal\/","og_site_name":"Industrie Maroc Online","og_image":[{"width":700,"height":700,"url":"https:\/\/industriemaroc.com\/wp-content\/uploads\/2024\/06\/4N.png","type":"image\/png"}],"twitter_card":"summary_large_image","twitter_misc":{"Est. reading time":"1 minute"},"schema":{"@context":"https:\/\/schema.org","@graph":[{"@type":"WebPage","@id":"https:\/\/industriemaroc.com\/produit\/graisse-cuivree-en-tube-bardhal\/","url":"https:\/\/industriemaroc.com\/produit\/graisse-cuivree-en-tube-bardhal\/","name":"Graisse cuivr\u00e9e en tube - BARDHAL - Industrie Maroc Online","isPartOf":{"@id":"https:\/\/industriemaroc.com\/#website"},"primaryImageOfPage":{"@id":"https:\/\/industriemaroc.com\/produit\/graisse-cuivree-en-tube-bardhal\/#primaryimage"},"image":{"@id":"https:\/\/industriemaroc.com\/produit\/graisse-cuivree-en-tube-bardhal\/#primaryimage"},"thumbnailUrl":"https:\/\/industriemaroc.com\/wp-content\/uploads\/2024\/06\/4N.png","datePublished":"2024-06-11T15:52:01+00:00","description":"Evite le grippage des pi\u00e8ces m\u00e9caniques de -20\u00b0C \u00e0 +1 100\u00b0C (goujons, bougies, injecteurs, flasques de freins, \u00e9chappement, embrayage)","breadcrumb":{"@id":"https:\/\/industriemaroc.com\/produit\/graisse-cuivree-en-tube-bardhal\/#breadcrumb"},"inLanguage":"en-US","potentialAction":[{"@type":"ReadAction","target":["https:\/\/industriemaroc.com\/produit\/graisse-cuivree-en-tube-bardhal\/"]}]},{"@type":"ImageObject","inLanguage":"en-US","@id":"https:\/\/industriemaroc.com\/produit\/graisse-cuivree-en-tube-bardhal\/#primaryimage","url":"https:\/\/industriemaroc.com\/wp-content\/uploads\/2024\/06\/4N.png","contentUrl":"https:\/\/industriemaroc.com\/wp-content\/uploads\/2024\/06\/4N.png","width":700,"height":700},{"@type":"BreadcrumbList","@id":"https:\/\/industriemaroc.com\/produit\/graisse-cuivree-en-tube-bardhal\/#breadcrumb","itemListElement":[{"@type":"ListItem","position":1,"name":"Home","item":"https:\/\/industriemaroc.com\/"},{"@type":"ListItem","position":2,"name":"Shop","item":"https:\/\/industriemaroc.com\/shop\/"},{"@type":"ListItem","position":3,"name":"Graisse cuivr\u00e9e en tube &#8211; BARDHAL"}]},{"@type":"WebSite","@id":"https:\/\/industriemaroc.com\/#website","url":"https:\/\/industriemaroc.com\/","name":"Industrie Maroc Online","description":"Plateforme B2B de mat\u00e9riel professionnel au Maroc","publisher":{"@id":"https:\/\/industriemaroc.com\/#organization"},"potentialAction":[{"@type":"SearchAction","target":{"@type":"EntryPoint","urlTemplate":"https:\/\/industriemaroc.com\/?s={search_term_string}"},"query-input":{"@type":"PropertyValueSpecification","valueRequired":true,"valueName":"search_term_string"}}],"inLanguage":"en-US"},{"@type":"Organization","@id":"https:\/\/industriemaroc.com\/#organization","name":"industriemaroc.com","url":"https:\/\/industriemaroc.com\/","logo":{"@type":"ImageObject","inLanguage":"en-US","@id":"https:\/\/industriemaroc.com\/#\/schema\/logo\/image\/","url":"https:\/\/industriemaroc.com\/wp-content\/uploads\/2024\/04\/IM.jpg","contentUrl":"https:\/\/industriemaroc.com\/wp-content\/uploads\/2024\/04\/IM.jpg","width":2500,"height":2500,"caption":"industriemaroc.com"},"image":{"@id":"https:\/\/industriemaroc.com\/#\/schema\/logo\/image\/"}}]}},"_links":{"self":[{"href":"https:\/\/industriemaroc.com\/en\/wp-json\/wp\/v2\/product\/21798","targetHints":{"allow":["GET"]}}],"collection":[{"href":"https:\/\/industriemaroc.com\/en\/wp-json\/wp\/v2\/product"}],"about":[{"href":"https:\/\/industriemaroc.com\/en\/wp-json\/wp\/v2\/types\/product"}],"replies":[{"embeddable":true,"href":"https:\/\/industriemaroc.com\/en\/wp-json\/wp\/v2\/comments?post=21798"}],"version-history":[{"count":1,"href":"https:\/\/industriemaroc.com\/en\/wp-json\/wp\/v2\/product\/21798\/revisions"}],"predecessor-version":[{"id":21814,"href":"https:\/\/industriemaroc.com\/en\/wp-json\/wp\/v2\/product\/21798\/revisions\/21814"}],"wp:featuredmedia":[{"embeddable":true,"href":"https:\/\/industriemaroc.com\/en\/wp-json\/wp\/v2\/media\/21813"}],"wp:attachment":[{"href":"https:\/\/industriemaroc.com\/en\/wp-json\/wp\/v2\/media?parent=21798"}],"wp:term":[{"taxonomy":"product_brand","embeddable":true,"href":"https:\/\/industriemaroc.com\/en\/wp-json\/wp\/v2\/product_brand?post=21798"},{"taxonomy":"product_cat","embeddable":true,"href":"https:\/\/industriemaroc.com\/en\/wp-json\/wp\/v2\/product_cat?post=21798"},{"taxonomy":"product_tag","embeddable":true,"href":"https:\/\/industriemaroc.com\/en\/wp-json\/wp\/v2\/product_tag?post=21798"}],"curies":[{"name":"wp","href":"https:\/\/api.w.org\/{rel}","templated":true}]}}