{"id":21824,"date":"2024-06-11T18:15:36","date_gmt":"2024-06-11T16:15:36","guid":{"rendered":"https:\/\/industriemaroc.com\/?post_type=product&#038;p=21824"},"modified":"2024-09-02T16:47:32","modified_gmt":"2024-09-02T14:47:32","slug":"acide-free-vaseline-bardhal","status":"publish","type":"product","link":"https:\/\/industriemaroc.com\/en\/product\/acide-free-vaseline-bardhal\/","title":{"rendered":"ACIDE FREE VASELINE &#8211; BARDHAL"},"content":{"rendered":"<p><strong>VASELINE SANS ACIDE<\/strong><\/p>\n<p>La vaseline Bardahl est un m\u00e9lange d&rsquo;hydrocarbures homog\u00e8ne, chimiquement stable, qui n&rsquo;a pas tendance \u00e0 durcir. C&rsquo;est une vaseline sans acide qui pr\u00e9vient la corrosion.<\/p>\n<p>La vaseline Bardahl a une couleur blanche claire. Cette graisse a \u00e9t\u00e9 d\u00e9velopp\u00e9e selon les exigences d&rsquo;une gamme d&rsquo;applications pratiques. Il est insoluble dans l&rsquo;eau.<\/p>\n<p><strong>caract\u00e9ristiques<\/strong><\/p>\n<ul type=\"disc\">\n<li>Hydrofuge<\/li>\n<li>anticorrosion<\/li>\n<li>Tr\u00e8s bonne adh\u00e9rence et sans acide<\/li>\n<li>R\u00e9sistant \u00e0 l&rsquo;usure<\/li>\n<li>R\u00e9sistant aux intemp\u00e9ries, aux acides et bases faibles<\/li>\n<\/ul>\n<p><strong>Applications<\/strong><\/p>\n<ul type=\"disc\">\n<li>Protection des bornes de la batterie.<\/li>\n<li>Outillages et pi\u00e8ces m\u00e9caniques tels que : tiges filet\u00e9es, gaines, roulements \u00e0 billes, etc. Peuvent \u00eatre utilis\u00e9s sur des machines de travail.<\/li>\n<li>Convient \u00e0 de nombreuses applications dans l&rsquo;automobile, telles que : guides de toit ouvrant, serrures de capot, de coffre et de porte, charni\u00e8res et pi\u00e8ces m\u00e9caniques mobiles.<\/li>\n<li><strong>Contenance<\/strong>: 500g<\/li>\n<\/ul>","protected":false},"excerpt":{"rendered":"<ul type=\"disc\">\n<li>Protection des bornes de la batterie.<\/li>\n<li>Outillages et pi\u00e8ces m\u00e9caniques tels que : tiges filet\u00e9es, gaines, roulements \u00e0 billes, etc.<\/li>\n<\/ul>","protected":false},"featured_media":21836,"comment_status":"open","ping_status":"closed","template":"","meta":{"om_disable_all_campaigns":false,"_monsterinsights_skip_tracking":false,"_monsterinsights_sitenote_active":false,"_monsterinsights_sitenote_note":"","_monsterinsights_sitenote_category":0,"_uf_show_specific_survey":0,"_uf_disable_surveys":false,"_joinchat":[]},"product_brand":[],"product_cat":[672,1244,1245],"product_tag":[],"class_list":{"0":"post-21824","1":"product","2":"type-product","3":"status-publish","4":"has-post-thumbnail","6":"product_cat-fournitures-industrielles","7":"product_cat-graissage-et-lubrifiant","8":"product_cat-graisse","10":"first","11":"instock","12":"taxable","13":"shipping-taxable","14":"product-type-simple"},"yoast_head":"<!-- This site is optimized with the Yoast SEO plugin v27.4 - https:\/\/yoast.com\/product\/yoast-seo-wordpress\/ -->\n<title>ACIDE FREE VASELINE - BARDHAL - Industrie Maroc Online<\/title>\n<meta name=\"description\" content=\"Protection des bornes de la batterie.  Outillages et pi\u00e8ces m\u00e9caniques tels que : tiges filet\u00e9es, gaines, roulements \u00e0 billes, etc.\" \/>\n<meta name=\"robots\" content=\"index, follow, max-snippet:-1, max-image-preview:large, max-video-preview:-1\" \/>\n<link rel=\"canonical\" href=\"https:\/\/industriemaroc.com\/en\/product\/acide-free-vaseline-bardhal\/\" \/>\n<meta property=\"og:locale\" content=\"en_US\" \/>\n<meta property=\"og:type\" content=\"article\" \/>\n<meta property=\"og:title\" content=\"ACIDE FREE VASELINE - BARDHAL - Industrie Maroc Online\" \/>\n<meta property=\"og:description\" content=\"Protection des bornes de la batterie.  Outillages et pi\u00e8ces m\u00e9caniques tels que : tiges filet\u00e9es, gaines, roulements \u00e0 billes, etc.\" \/>\n<meta property=\"og:url\" content=\"https:\/\/industriemaroc.com\/en\/product\/acide-free-vaseline-bardhal\/\" \/>\n<meta property=\"og:site_name\" content=\"Industrie Maroc Online\" \/>\n<meta property=\"article:modified_time\" content=\"2024-09-02T14:47:32+00:00\" \/>\n<meta property=\"og:image\" content=\"https:\/\/industriemaroc.com\/wp-content\/uploads\/2024\/06\/12N.png\" \/>\n\t<meta property=\"og:image:width\" content=\"700\" \/>\n\t<meta property=\"og:image:height\" content=\"700\" \/>\n\t<meta property=\"og:image:type\" content=\"image\/png\" \/>\n<meta name=\"twitter:card\" content=\"summary_large_image\" \/>\n<meta name=\"twitter:label1\" content=\"Est. reading time\" \/>\n\t<meta name=\"twitter:data1\" content=\"1 minute\" \/>\n<script type=\"application\/ld+json\" class=\"yoast-schema-graph\">{\"@context\":\"https:\\\/\\\/schema.org\",\"@graph\":[{\"@type\":\"WebPage\",\"@id\":\"https:\\\/\\\/industriemaroc.com\\\/produit\\\/acide-free-vaseline-bardhal\\\/\",\"url\":\"https:\\\/\\\/industriemaroc.com\\\/produit\\\/acide-free-vaseline-bardhal\\\/\",\"name\":\"ACIDE FREE VASELINE - BARDHAL - Industrie Maroc Online\",\"isPartOf\":{\"@id\":\"https:\\\/\\\/industriemaroc.com\\\/#website\"},\"primaryImageOfPage\":{\"@id\":\"https:\\\/\\\/industriemaroc.com\\\/produit\\\/acide-free-vaseline-bardhal\\\/#primaryimage\"},\"image\":{\"@id\":\"https:\\\/\\\/industriemaroc.com\\\/produit\\\/acide-free-vaseline-bardhal\\\/#primaryimage\"},\"thumbnailUrl\":\"https:\\\/\\\/industriemaroc.com\\\/wp-content\\\/uploads\\\/2024\\\/06\\\/12N.png\",\"datePublished\":\"2024-06-11T16:15:36+00:00\",\"dateModified\":\"2024-09-02T14:47:32+00:00\",\"description\":\"Protection des bornes de la batterie. Outillages et pi\u00e8ces m\u00e9caniques tels que : tiges filet\u00e9es, gaines, roulements \u00e0 billes, etc.\",\"breadcrumb\":{\"@id\":\"https:\\\/\\\/industriemaroc.com\\\/produit\\\/acide-free-vaseline-bardhal\\\/#breadcrumb\"},\"inLanguage\":\"en-US\",\"potentialAction\":[{\"@type\":\"ReadAction\",\"target\":[\"https:\\\/\\\/industriemaroc.com\\\/produit\\\/acide-free-vaseline-bardhal\\\/\"]}]},{\"@type\":\"ImageObject\",\"inLanguage\":\"en-US\",\"@id\":\"https:\\\/\\\/industriemaroc.com\\\/produit\\\/acide-free-vaseline-bardhal\\\/#primaryimage\",\"url\":\"https:\\\/\\\/industriemaroc.com\\\/wp-content\\\/uploads\\\/2024\\\/06\\\/12N.png\",\"contentUrl\":\"https:\\\/\\\/industriemaroc.com\\\/wp-content\\\/uploads\\\/2024\\\/06\\\/12N.png\",\"width\":700,\"height\":700},{\"@type\":\"BreadcrumbList\",\"@id\":\"https:\\\/\\\/industriemaroc.com\\\/produit\\\/acide-free-vaseline-bardhal\\\/#breadcrumb\",\"itemListElement\":[{\"@type\":\"ListItem\",\"position\":1,\"name\":\"Home\",\"item\":\"https:\\\/\\\/industriemaroc.com\\\/\"},{\"@type\":\"ListItem\",\"position\":2,\"name\":\"Shop\",\"item\":\"https:\\\/\\\/industriemaroc.com\\\/shop\\\/\"},{\"@type\":\"ListItem\",\"position\":3,\"name\":\"ACIDE FREE VASELINE &#8211; BARDHAL\"}]},{\"@type\":\"WebSite\",\"@id\":\"https:\\\/\\\/industriemaroc.com\\\/#website\",\"url\":\"https:\\\/\\\/industriemaroc.com\\\/\",\"name\":\"Industrie Maroc Online\",\"description\":\"Plateforme B2B de mat\u00e9riel professionnel au Maroc\",\"publisher\":{\"@id\":\"https:\\\/\\\/industriemaroc.com\\\/#organization\"},\"potentialAction\":[{\"@type\":\"SearchAction\",\"target\":{\"@type\":\"EntryPoint\",\"urlTemplate\":\"https:\\\/\\\/industriemaroc.com\\\/?s={search_term_string}\"},\"query-input\":{\"@type\":\"PropertyValueSpecification\",\"valueRequired\":true,\"valueName\":\"search_term_string\"}}],\"inLanguage\":\"en-US\"},{\"@type\":\"Organization\",\"@id\":\"https:\\\/\\\/industriemaroc.com\\\/#organization\",\"name\":\"industriemaroc.com\",\"url\":\"https:\\\/\\\/industriemaroc.com\\\/\",\"logo\":{\"@type\":\"ImageObject\",\"inLanguage\":\"en-US\",\"@id\":\"https:\\\/\\\/industriemaroc.com\\\/#\\\/schema\\\/logo\\\/image\\\/\",\"url\":\"https:\\\/\\\/industriemaroc.com\\\/wp-content\\\/uploads\\\/2024\\\/04\\\/IM.jpg\",\"contentUrl\":\"https:\\\/\\\/industriemaroc.com\\\/wp-content\\\/uploads\\\/2024\\\/04\\\/IM.jpg\",\"width\":2500,\"height\":2500,\"caption\":\"industriemaroc.com\"},\"image\":{\"@id\":\"https:\\\/\\\/industriemaroc.com\\\/#\\\/schema\\\/logo\\\/image\\\/\"}}]}<\/script>\n<!-- \/ Yoast SEO plugin. -->","yoast_head_json":{"title":"ACIDE FREE VASELINE - BARDHAL - Industrie Maroc Online","description":"Protection des bornes de la batterie.  Outillages et pi\u00e8ces m\u00e9caniques tels que : tiges filet\u00e9es, gaines, roulements \u00e0 billes, etc.","robots":{"index":"index","follow":"follow","max-snippet":"max-snippet:-1","max-image-preview":"max-image-preview:large","max-video-preview":"max-video-preview:-1"},"canonical":"https:\/\/industriemaroc.com\/en\/product\/acide-free-vaseline-bardhal\/","og_locale":"en_US","og_type":"article","og_title":"ACIDE FREE VASELINE - BARDHAL - Industrie Maroc Online","og_description":"Protection des bornes de la batterie.  Outillages et pi\u00e8ces m\u00e9caniques tels que : tiges filet\u00e9es, gaines, roulements \u00e0 billes, etc.","og_url":"https:\/\/industriemaroc.com\/en\/product\/acide-free-vaseline-bardhal\/","og_site_name":"Industrie Maroc Online","article_modified_time":"2024-09-02T14:47:32+00:00","og_image":[{"width":700,"height":700,"url":"https:\/\/industriemaroc.com\/wp-content\/uploads\/2024\/06\/12N.png","type":"image\/png"}],"twitter_card":"summary_large_image","twitter_misc":{"Est. reading time":"1 minute"},"schema":{"@context":"https:\/\/schema.org","@graph":[{"@type":"WebPage","@id":"https:\/\/industriemaroc.com\/produit\/acide-free-vaseline-bardhal\/","url":"https:\/\/industriemaroc.com\/produit\/acide-free-vaseline-bardhal\/","name":"ACIDE FREE VASELINE - BARDHAL - Industrie Maroc Online","isPartOf":{"@id":"https:\/\/industriemaroc.com\/#website"},"primaryImageOfPage":{"@id":"https:\/\/industriemaroc.com\/produit\/acide-free-vaseline-bardhal\/#primaryimage"},"image":{"@id":"https:\/\/industriemaroc.com\/produit\/acide-free-vaseline-bardhal\/#primaryimage"},"thumbnailUrl":"https:\/\/industriemaroc.com\/wp-content\/uploads\/2024\/06\/12N.png","datePublished":"2024-06-11T16:15:36+00:00","dateModified":"2024-09-02T14:47:32+00:00","description":"Protection des bornes de la batterie. Outillages et pi\u00e8ces m\u00e9caniques tels que : tiges filet\u00e9es, gaines, roulements \u00e0 billes, etc.","breadcrumb":{"@id":"https:\/\/industriemaroc.com\/produit\/acide-free-vaseline-bardhal\/#breadcrumb"},"inLanguage":"en-US","potentialAction":[{"@type":"ReadAction","target":["https:\/\/industriemaroc.com\/produit\/acide-free-vaseline-bardhal\/"]}]},{"@type":"ImageObject","inLanguage":"en-US","@id":"https:\/\/industriemaroc.com\/produit\/acide-free-vaseline-bardhal\/#primaryimage","url":"https:\/\/industriemaroc.com\/wp-content\/uploads\/2024\/06\/12N.png","contentUrl":"https:\/\/industriemaroc.com\/wp-content\/uploads\/2024\/06\/12N.png","width":700,"height":700},{"@type":"BreadcrumbList","@id":"https:\/\/industriemaroc.com\/produit\/acide-free-vaseline-bardhal\/#breadcrumb","itemListElement":[{"@type":"ListItem","position":1,"name":"Home","item":"https:\/\/industriemaroc.com\/"},{"@type":"ListItem","position":2,"name":"Shop","item":"https:\/\/industriemaroc.com\/shop\/"},{"@type":"ListItem","position":3,"name":"ACIDE FREE VASELINE &#8211; BARDHAL"}]},{"@type":"WebSite","@id":"https:\/\/industriemaroc.com\/#website","url":"https:\/\/industriemaroc.com\/","name":"Industrie Maroc Online","description":"Plateforme B2B de mat\u00e9riel professionnel au Maroc","publisher":{"@id":"https:\/\/industriemaroc.com\/#organization"},"potentialAction":[{"@type":"SearchAction","target":{"@type":"EntryPoint","urlTemplate":"https:\/\/industriemaroc.com\/?s={search_term_string}"},"query-input":{"@type":"PropertyValueSpecification","valueRequired":true,"valueName":"search_term_string"}}],"inLanguage":"en-US"},{"@type":"Organization","@id":"https:\/\/industriemaroc.com\/#organization","name":"industriemaroc.com","url":"https:\/\/industriemaroc.com\/","logo":{"@type":"ImageObject","inLanguage":"en-US","@id":"https:\/\/industriemaroc.com\/#\/schema\/logo\/image\/","url":"https:\/\/industriemaroc.com\/wp-content\/uploads\/2024\/04\/IM.jpg","contentUrl":"https:\/\/industriemaroc.com\/wp-content\/uploads\/2024\/04\/IM.jpg","width":2500,"height":2500,"caption":"industriemaroc.com"},"image":{"@id":"https:\/\/industriemaroc.com\/#\/schema\/logo\/image\/"}}]}},"_links":{"self":[{"href":"https:\/\/industriemaroc.com\/en\/wp-json\/wp\/v2\/product\/21824","targetHints":{"allow":["GET"]}}],"collection":[{"href":"https:\/\/industriemaroc.com\/en\/wp-json\/wp\/v2\/product"}],"about":[{"href":"https:\/\/industriemaroc.com\/en\/wp-json\/wp\/v2\/types\/product"}],"replies":[{"embeddable":true,"href":"https:\/\/industriemaroc.com\/en\/wp-json\/wp\/v2\/comments?post=21824"}],"version-history":[{"count":2,"href":"https:\/\/industriemaroc.com\/en\/wp-json\/wp\/v2\/product\/21824\/revisions"}],"predecessor-version":[{"id":22199,"href":"https:\/\/industriemaroc.com\/en\/wp-json\/wp\/v2\/product\/21824\/revisions\/22199"}],"wp:featuredmedia":[{"embeddable":true,"href":"https:\/\/industriemaroc.com\/en\/wp-json\/wp\/v2\/media\/21836"}],"wp:attachment":[{"href":"https:\/\/industriemaroc.com\/en\/wp-json\/wp\/v2\/media?parent=21824"}],"wp:term":[{"taxonomy":"product_brand","embeddable":true,"href":"https:\/\/industriemaroc.com\/en\/wp-json\/wp\/v2\/product_brand?post=21824"},{"taxonomy":"product_cat","embeddable":true,"href":"https:\/\/industriemaroc.com\/en\/wp-json\/wp\/v2\/product_cat?post=21824"},{"taxonomy":"product_tag","embeddable":true,"href":"https:\/\/industriemaroc.com\/en\/wp-json\/wp\/v2\/product_tag?post=21824"}],"curies":[{"name":"wp","href":"https:\/\/api.w.org\/{rel}","templated":true}]}}