{"id":21838,"date":"2024-06-11T18:22:23","date_gmt":"2024-06-11T16:22:23","guid":{"rendered":"https:\/\/industriemaroc.com\/?post_type=product&#038;p=21838"},"modified":"2024-06-11T18:22:23","modified_gmt":"2024-06-11T16:22:23","slug":"degrippant-multifonctions-400ml-bardhal","status":"publish","type":"product","link":"https:\/\/industriemaroc.com\/en\/product\/degrippant-multifonctions-400ml-bardhal\/","title":{"rendered":"DEGRIPPANT MULTIFONCTIONS 400ml &#8211; BARDHAL"},"content":{"rendered":"<p>Le\u00a0<strong>d\u00e9grippant<\/strong>\u00a0<strong>lubrifiant<\/strong>\u00a0multifonctions 5 en 1\u00a0<strong>Bardahl\u00a0<\/strong>multi-usage repousse l\u2019humidit\u00e9 afin d\u2019\u00e9viter la rouille et s\u00e9cher les syst\u00e8mes \u00e9lectriques. Il p\u00e9n\u00e8tre pour desserrer les parties bloqu\u00e9es et assure la fonction de lubrifiant pour que l\u2019\u00e9quipement fonctionne sans probl\u00e8me. En outre, ce d\u00e9grippant\u00a0<strong>Bardahl<\/strong>\u00a0multi-usage \u00e9limine l\u2019huile, la salet\u00e9 et la graisse et prot\u00e8ge les surfaces m\u00e9talliques de la rouille et de la corrosion. C\u2019est un outil facile \u00e0 utiliser.<\/p>\n<p><strong>Recommand\u00e9 pour :<\/strong><\/p>\n<ul type=\"disc\">\n<li>Outils et \u00e9quipements de jardinage.<\/li>\n<li>Ecrous boulons vis<\/li>\n<li>Roulettes roulements tiroirs glissi\u00e8res moulinets<\/li>\n<li>Bornes de batterie.<\/li>\n<li>Bougies d\u2019allumage.<\/li>\n<li>Cadres de v\u00e9los.<\/li>\n<li>Serrures et charni\u00e8res de portes.<\/li>\n<li>Outils \u00e9lectriques.<\/li>\n<li>Moteurs.<\/li>\n<li>Alliages.<\/li>\n<li>Plastiques<\/li>\n<li>\u00c9chappements\u2026..<\/li>\n<\/ul>\n<p>SANS SILICONE<\/p>","protected":false},"excerpt":{"rendered":"<p>Elimine l\u2019huile, la salet\u00e9 et la graisse et prot\u00e8ge les surfaces m\u00e9talliques de la rouille et de la corrosion.<\/p>\n<p>C\u2019est un outil facile \u00e0 utiliser.<\/p>","protected":false},"featured_media":21845,"comment_status":"open","ping_status":"closed","template":"","meta":{"om_disable_all_campaigns":false,"_monsterinsights_skip_tracking":false,"_monsterinsights_sitenote_active":false,"_monsterinsights_sitenote_note":"","_monsterinsights_sitenote_category":0,"_uf_show_specific_survey":0,"_uf_disable_surveys":false,"_joinchat":[]},"product_brand":[],"product_cat":[672,1244,1246],"product_tag":[],"class_list":{"0":"post-21838","1":"product","2":"type-product","3":"status-publish","4":"has-post-thumbnail","6":"product_cat-fournitures-industrielles","7":"product_cat-graissage-et-lubrifiant","8":"product_cat-lubrifiant-et-degrippant","10":"first","11":"instock","12":"taxable","13":"shipping-taxable","14":"product-type-simple"},"yoast_head":"<!-- This site is optimized with the Yoast SEO plugin v27.4 - https:\/\/yoast.com\/product\/yoast-seo-wordpress\/ -->\n<title>DEGRIPPANT MULTIFONCTIONS 400ml - BARDHAL - Industrie Maroc Online<\/title>\n<meta name=\"description\" content=\"Elimine l\u2019huile, la salet\u00e9 et la graisse et prot\u00e8ge les surfaces m\u00e9talliques de la rouille et de la corrosion.  C\u2019est un outil facile \u00e0 utiliser.\" \/>\n<meta name=\"robots\" content=\"index, follow, max-snippet:-1, max-image-preview:large, max-video-preview:-1\" \/>\n<link rel=\"canonical\" href=\"https:\/\/industriemaroc.com\/en\/product\/degrippant-multifonctions-400ml-bardhal\/\" \/>\n<meta property=\"og:locale\" content=\"en_US\" \/>\n<meta property=\"og:type\" content=\"article\" \/>\n<meta property=\"og:title\" content=\"DEGRIPPANT MULTIFONCTIONS 400ml - BARDHAL - Industrie Maroc Online\" \/>\n<meta property=\"og:description\" content=\"Elimine l\u2019huile, la salet\u00e9 et la graisse et prot\u00e8ge les surfaces m\u00e9talliques de la rouille et de la corrosion.  C\u2019est un outil facile \u00e0 utiliser.\" \/>\n<meta property=\"og:url\" content=\"https:\/\/industriemaroc.com\/en\/product\/degrippant-multifonctions-400ml-bardhal\/\" \/>\n<meta property=\"og:site_name\" content=\"Industrie Maroc Online\" \/>\n<meta property=\"og:image\" content=\"https:\/\/industriemaroc.com\/wp-content\/uploads\/2024\/06\/1N-3.png\" \/>\n\t<meta property=\"og:image:width\" content=\"700\" \/>\n\t<meta property=\"og:image:height\" content=\"700\" \/>\n\t<meta property=\"og:image:type\" content=\"image\/png\" \/>\n<meta name=\"twitter:card\" content=\"summary_large_image\" \/>\n<meta name=\"twitter:label1\" content=\"Est. reading time\" \/>\n\t<meta name=\"twitter:data1\" content=\"1 minute\" \/>\n<script type=\"application\/ld+json\" class=\"yoast-schema-graph\">{\"@context\":\"https:\\\/\\\/schema.org\",\"@graph\":[{\"@type\":\"WebPage\",\"@id\":\"https:\\\/\\\/industriemaroc.com\\\/produit\\\/degrippant-multifonctions-400ml-bardhal\\\/\",\"url\":\"https:\\\/\\\/industriemaroc.com\\\/produit\\\/degrippant-multifonctions-400ml-bardhal\\\/\",\"name\":\"DEGRIPPANT MULTIFONCTIONS 400ml - BARDHAL - Industrie Maroc Online\",\"isPartOf\":{\"@id\":\"https:\\\/\\\/industriemaroc.com\\\/#website\"},\"primaryImageOfPage\":{\"@id\":\"https:\\\/\\\/industriemaroc.com\\\/produit\\\/degrippant-multifonctions-400ml-bardhal\\\/#primaryimage\"},\"image\":{\"@id\":\"https:\\\/\\\/industriemaroc.com\\\/produit\\\/degrippant-multifonctions-400ml-bardhal\\\/#primaryimage\"},\"thumbnailUrl\":\"https:\\\/\\\/industriemaroc.com\\\/wp-content\\\/uploads\\\/2024\\\/06\\\/1N-3.png\",\"datePublished\":\"2024-06-11T16:22:23+00:00\",\"description\":\"Elimine l\u2019huile, la salet\u00e9 et la graisse et prot\u00e8ge les surfaces m\u00e9talliques de la rouille et de la corrosion. C\u2019est un outil facile \u00e0 utiliser.\",\"breadcrumb\":{\"@id\":\"https:\\\/\\\/industriemaroc.com\\\/produit\\\/degrippant-multifonctions-400ml-bardhal\\\/#breadcrumb\"},\"inLanguage\":\"en-US\",\"potentialAction\":[{\"@type\":\"ReadAction\",\"target\":[\"https:\\\/\\\/industriemaroc.com\\\/produit\\\/degrippant-multifonctions-400ml-bardhal\\\/\"]}]},{\"@type\":\"ImageObject\",\"inLanguage\":\"en-US\",\"@id\":\"https:\\\/\\\/industriemaroc.com\\\/produit\\\/degrippant-multifonctions-400ml-bardhal\\\/#primaryimage\",\"url\":\"https:\\\/\\\/industriemaroc.com\\\/wp-content\\\/uploads\\\/2024\\\/06\\\/1N-3.png\",\"contentUrl\":\"https:\\\/\\\/industriemaroc.com\\\/wp-content\\\/uploads\\\/2024\\\/06\\\/1N-3.png\",\"width\":700,\"height\":700},{\"@type\":\"BreadcrumbList\",\"@id\":\"https:\\\/\\\/industriemaroc.com\\\/produit\\\/degrippant-multifonctions-400ml-bardhal\\\/#breadcrumb\",\"itemListElement\":[{\"@type\":\"ListItem\",\"position\":1,\"name\":\"Home\",\"item\":\"https:\\\/\\\/industriemaroc.com\\\/\"},{\"@type\":\"ListItem\",\"position\":2,\"name\":\"Shop\",\"item\":\"https:\\\/\\\/industriemaroc.com\\\/shop\\\/\"},{\"@type\":\"ListItem\",\"position\":3,\"name\":\"DEGRIPPANT MULTIFONCTIONS 400ml &#8211; BARDHAL\"}]},{\"@type\":\"WebSite\",\"@id\":\"https:\\\/\\\/industriemaroc.com\\\/#website\",\"url\":\"https:\\\/\\\/industriemaroc.com\\\/\",\"name\":\"Industrie Maroc Online\",\"description\":\"Plateforme B2B de mat\u00e9riel professionnel au Maroc\",\"publisher\":{\"@id\":\"https:\\\/\\\/industriemaroc.com\\\/#organization\"},\"potentialAction\":[{\"@type\":\"SearchAction\",\"target\":{\"@type\":\"EntryPoint\",\"urlTemplate\":\"https:\\\/\\\/industriemaroc.com\\\/?s={search_term_string}\"},\"query-input\":{\"@type\":\"PropertyValueSpecification\",\"valueRequired\":true,\"valueName\":\"search_term_string\"}}],\"inLanguage\":\"en-US\"},{\"@type\":\"Organization\",\"@id\":\"https:\\\/\\\/industriemaroc.com\\\/#organization\",\"name\":\"industriemaroc.com\",\"url\":\"https:\\\/\\\/industriemaroc.com\\\/\",\"logo\":{\"@type\":\"ImageObject\",\"inLanguage\":\"en-US\",\"@id\":\"https:\\\/\\\/industriemaroc.com\\\/#\\\/schema\\\/logo\\\/image\\\/\",\"url\":\"https:\\\/\\\/industriemaroc.com\\\/wp-content\\\/uploads\\\/2024\\\/04\\\/IM.jpg\",\"contentUrl\":\"https:\\\/\\\/industriemaroc.com\\\/wp-content\\\/uploads\\\/2024\\\/04\\\/IM.jpg\",\"width\":2500,\"height\":2500,\"caption\":\"industriemaroc.com\"},\"image\":{\"@id\":\"https:\\\/\\\/industriemaroc.com\\\/#\\\/schema\\\/logo\\\/image\\\/\"}}]}<\/script>\n<!-- \/ Yoast SEO plugin. -->","yoast_head_json":{"title":"DEGRIPPANT MULTIFONCTIONS 400ml - BARDHAL - Industrie Maroc Online","description":"Elimine l\u2019huile, la salet\u00e9 et la graisse et prot\u00e8ge les surfaces m\u00e9talliques de la rouille et de la corrosion.  C\u2019est un outil facile \u00e0 utiliser.","robots":{"index":"index","follow":"follow","max-snippet":"max-snippet:-1","max-image-preview":"max-image-preview:large","max-video-preview":"max-video-preview:-1"},"canonical":"https:\/\/industriemaroc.com\/en\/product\/degrippant-multifonctions-400ml-bardhal\/","og_locale":"en_US","og_type":"article","og_title":"DEGRIPPANT MULTIFONCTIONS 400ml - BARDHAL - Industrie Maroc Online","og_description":"Elimine l\u2019huile, la salet\u00e9 et la graisse et prot\u00e8ge les surfaces m\u00e9talliques de la rouille et de la corrosion.  C\u2019est un outil facile \u00e0 utiliser.","og_url":"https:\/\/industriemaroc.com\/en\/product\/degrippant-multifonctions-400ml-bardhal\/","og_site_name":"Industrie Maroc Online","og_image":[{"width":700,"height":700,"url":"https:\/\/industriemaroc.com\/wp-content\/uploads\/2024\/06\/1N-3.png","type":"image\/png"}],"twitter_card":"summary_large_image","twitter_misc":{"Est. reading time":"1 minute"},"schema":{"@context":"https:\/\/schema.org","@graph":[{"@type":"WebPage","@id":"https:\/\/industriemaroc.com\/produit\/degrippant-multifonctions-400ml-bardhal\/","url":"https:\/\/industriemaroc.com\/produit\/degrippant-multifonctions-400ml-bardhal\/","name":"DEGRIPPANT MULTIFONCTIONS 400ml - BARDHAL - Industrie Maroc Online","isPartOf":{"@id":"https:\/\/industriemaroc.com\/#website"},"primaryImageOfPage":{"@id":"https:\/\/industriemaroc.com\/produit\/degrippant-multifonctions-400ml-bardhal\/#primaryimage"},"image":{"@id":"https:\/\/industriemaroc.com\/produit\/degrippant-multifonctions-400ml-bardhal\/#primaryimage"},"thumbnailUrl":"https:\/\/industriemaroc.com\/wp-content\/uploads\/2024\/06\/1N-3.png","datePublished":"2024-06-11T16:22:23+00:00","description":"Elimine l\u2019huile, la salet\u00e9 et la graisse et prot\u00e8ge les surfaces m\u00e9talliques de la rouille et de la corrosion. C\u2019est un outil facile \u00e0 utiliser.","breadcrumb":{"@id":"https:\/\/industriemaroc.com\/produit\/degrippant-multifonctions-400ml-bardhal\/#breadcrumb"},"inLanguage":"en-US","potentialAction":[{"@type":"ReadAction","target":["https:\/\/industriemaroc.com\/produit\/degrippant-multifonctions-400ml-bardhal\/"]}]},{"@type":"ImageObject","inLanguage":"en-US","@id":"https:\/\/industriemaroc.com\/produit\/degrippant-multifonctions-400ml-bardhal\/#primaryimage","url":"https:\/\/industriemaroc.com\/wp-content\/uploads\/2024\/06\/1N-3.png","contentUrl":"https:\/\/industriemaroc.com\/wp-content\/uploads\/2024\/06\/1N-3.png","width":700,"height":700},{"@type":"BreadcrumbList","@id":"https:\/\/industriemaroc.com\/produit\/degrippant-multifonctions-400ml-bardhal\/#breadcrumb","itemListElement":[{"@type":"ListItem","position":1,"name":"Home","item":"https:\/\/industriemaroc.com\/"},{"@type":"ListItem","position":2,"name":"Shop","item":"https:\/\/industriemaroc.com\/shop\/"},{"@type":"ListItem","position":3,"name":"DEGRIPPANT MULTIFONCTIONS 400ml &#8211; BARDHAL"}]},{"@type":"WebSite","@id":"https:\/\/industriemaroc.com\/#website","url":"https:\/\/industriemaroc.com\/","name":"Industrie Maroc Online","description":"Plateforme B2B de mat\u00e9riel professionnel au Maroc","publisher":{"@id":"https:\/\/industriemaroc.com\/#organization"},"potentialAction":[{"@type":"SearchAction","target":{"@type":"EntryPoint","urlTemplate":"https:\/\/industriemaroc.com\/?s={search_term_string}"},"query-input":{"@type":"PropertyValueSpecification","valueRequired":true,"valueName":"search_term_string"}}],"inLanguage":"en-US"},{"@type":"Organization","@id":"https:\/\/industriemaroc.com\/#organization","name":"industriemaroc.com","url":"https:\/\/industriemaroc.com\/","logo":{"@type":"ImageObject","inLanguage":"en-US","@id":"https:\/\/industriemaroc.com\/#\/schema\/logo\/image\/","url":"https:\/\/industriemaroc.com\/wp-content\/uploads\/2024\/04\/IM.jpg","contentUrl":"https:\/\/industriemaroc.com\/wp-content\/uploads\/2024\/04\/IM.jpg","width":2500,"height":2500,"caption":"industriemaroc.com"},"image":{"@id":"https:\/\/industriemaroc.com\/#\/schema\/logo\/image\/"}}]}},"_links":{"self":[{"href":"https:\/\/industriemaroc.com\/en\/wp-json\/wp\/v2\/product\/21838","targetHints":{"allow":["GET"]}}],"collection":[{"href":"https:\/\/industriemaroc.com\/en\/wp-json\/wp\/v2\/product"}],"about":[{"href":"https:\/\/industriemaroc.com\/en\/wp-json\/wp\/v2\/types\/product"}],"replies":[{"embeddable":true,"href":"https:\/\/industriemaroc.com\/en\/wp-json\/wp\/v2\/comments?post=21838"}],"version-history":[{"count":1,"href":"https:\/\/industriemaroc.com\/en\/wp-json\/wp\/v2\/product\/21838\/revisions"}],"predecessor-version":[{"id":21846,"href":"https:\/\/industriemaroc.com\/en\/wp-json\/wp\/v2\/product\/21838\/revisions\/21846"}],"wp:featuredmedia":[{"embeddable":true,"href":"https:\/\/industriemaroc.com\/en\/wp-json\/wp\/v2\/media\/21845"}],"wp:attachment":[{"href":"https:\/\/industriemaroc.com\/en\/wp-json\/wp\/v2\/media?parent=21838"}],"wp:term":[{"taxonomy":"product_brand","embeddable":true,"href":"https:\/\/industriemaroc.com\/en\/wp-json\/wp\/v2\/product_brand?post=21838"},{"taxonomy":"product_cat","embeddable":true,"href":"https:\/\/industriemaroc.com\/en\/wp-json\/wp\/v2\/product_cat?post=21838"},{"taxonomy":"product_tag","embeddable":true,"href":"https:\/\/industriemaroc.com\/en\/wp-json\/wp\/v2\/product_tag?post=21838"}],"curies":[{"name":"wp","href":"https:\/\/api.w.org\/{rel}","templated":true}]}}