{"id":21839,"date":"2024-06-11T18:25:40","date_gmt":"2024-06-11T16:25:40","guid":{"rendered":"https:\/\/industriemaroc.com\/?post_type=product&#038;p=21839"},"modified":"2024-06-11T18:25:40","modified_gmt":"2024-06-11T16:25:40","slug":"ogw-ogc-lubrifiant-noir-polymerise","status":"publish","type":"product","link":"https:\/\/industriemaroc.com\/en\/product\/ogw-ogc-lubrifiant-noir-polymerise\/","title":{"rendered":"OGW OGC Lubrifiant noir polym\u00e9ris\u00e9"},"content":{"rendered":"<p><strong>Description<\/strong><\/p>\n<p>Lubrifiant tr\u00e8s adh\u00e9rant<\/p>\n<p><strong>Propri\u00e9t\u00e9<\/strong><\/p>\n<p>R\u00e9siste \u00e0 l&rsquo;eau de mer.<\/p>\n<p>P\u00e9n\u00e8tre jusqu&rsquo;\u00e0 l&rsquo;\u00e2me des c\u00e2bles pour assurer protection et lubrification des tourillons<\/p>\n<p><strong>Application<\/strong><\/p>\n<p>Recommand\u00e9 pour engrenages nus ou c\u00e2bles soumis aux conditions ext\u00e9rieures, m\u00eame marines<\/p>\n<p>R\u00e9f\u00e9rences<\/p>\n<p><strong>R\u00e9f. 1590 &#8211; Carton de 12 A\u00e9rosols de 400 ml<\/strong><\/p>","protected":false},"excerpt":{"rendered":"<p>R\u00e9siste \u00e0 l&rsquo;eau de mer.<\/p>\n<p>P\u00e9n\u00e8tre jusqu&rsquo;\u00e0 l&rsquo;\u00e2me des c\u00e2bles pour assurer protection et lubrification des tourillons.<\/p>\n<p>Lubrifiant tr\u00e8s adh\u00e9rant.<\/p>","protected":false},"featured_media":21847,"comment_status":"open","ping_status":"closed","template":"","meta":{"om_disable_all_campaigns":false,"_monsterinsights_skip_tracking":false,"_monsterinsights_sitenote_active":false,"_monsterinsights_sitenote_note":"","_monsterinsights_sitenote_category":0,"_uf_show_specific_survey":0,"_uf_disable_surveys":false,"_joinchat":[]},"product_brand":[],"product_cat":[672,1244,1246],"product_tag":[],"class_list":{"0":"post-21839","1":"product","2":"type-product","3":"status-publish","4":"has-post-thumbnail","6":"product_cat-fournitures-industrielles","7":"product_cat-graissage-et-lubrifiant","8":"product_cat-lubrifiant-et-degrippant","10":"first","11":"instock","12":"taxable","13":"shipping-taxable","14":"product-type-simple"},"yoast_head":"<!-- This site is optimized with the Yoast SEO plugin v27.4 - https:\/\/yoast.com\/product\/yoast-seo-wordpress\/ -->\n<title>OGW OGC Lubrifiant noir polym\u00e9ris\u00e9 - Industrie Maroc Online<\/title>\n<meta name=\"description\" content=\"R\u00e9siste \u00e0 l&#039;eau de mer.  P\u00e9n\u00e8tre jusqu&#039;\u00e0 l&#039;\u00e2me des c\u00e2bles pour assurer protection et lubrification des tourillons.  Lubrifiant tr\u00e8s adh\u00e9rant.\" \/>\n<meta name=\"robots\" content=\"index, follow, max-snippet:-1, max-image-preview:large, max-video-preview:-1\" \/>\n<link rel=\"canonical\" href=\"https:\/\/industriemaroc.com\/en\/product\/ogw-ogc-lubrifiant-noir-polymerise\/\" \/>\n<meta property=\"og:locale\" content=\"en_US\" \/>\n<meta property=\"og:type\" content=\"article\" \/>\n<meta property=\"og:title\" content=\"OGW OGC Lubrifiant noir polym\u00e9ris\u00e9 - Industrie Maroc Online\" \/>\n<meta property=\"og:description\" content=\"R\u00e9siste \u00e0 l&#039;eau de mer.  P\u00e9n\u00e8tre jusqu&#039;\u00e0 l&#039;\u00e2me des c\u00e2bles pour assurer protection et lubrification des tourillons.  Lubrifiant tr\u00e8s adh\u00e9rant.\" \/>\n<meta property=\"og:url\" content=\"https:\/\/industriemaroc.com\/en\/product\/ogw-ogc-lubrifiant-noir-polymerise\/\" \/>\n<meta property=\"og:site_name\" content=\"Industrie Maroc Online\" \/>\n<meta property=\"og:image\" content=\"https:\/\/industriemaroc.com\/wp-content\/uploads\/2024\/06\/2N-2.png\" \/>\n\t<meta property=\"og:image:width\" content=\"700\" \/>\n\t<meta property=\"og:image:height\" content=\"700\" \/>\n\t<meta property=\"og:image:type\" content=\"image\/png\" \/>\n<meta name=\"twitter:card\" content=\"summary_large_image\" \/>\n<script type=\"application\/ld+json\" class=\"yoast-schema-graph\">{\"@context\":\"https:\\\/\\\/schema.org\",\"@graph\":[{\"@type\":\"WebPage\",\"@id\":\"https:\\\/\\\/industriemaroc.com\\\/produit\\\/ogw-ogc-lubrifiant-noir-polymerise\\\/\",\"url\":\"https:\\\/\\\/industriemaroc.com\\\/produit\\\/ogw-ogc-lubrifiant-noir-polymerise\\\/\",\"name\":\"OGW OGC Lubrifiant noir polym\u00e9ris\u00e9 - Industrie Maroc Online\",\"isPartOf\":{\"@id\":\"https:\\\/\\\/industriemaroc.com\\\/#website\"},\"primaryImageOfPage\":{\"@id\":\"https:\\\/\\\/industriemaroc.com\\\/produit\\\/ogw-ogc-lubrifiant-noir-polymerise\\\/#primaryimage\"},\"image\":{\"@id\":\"https:\\\/\\\/industriemaroc.com\\\/produit\\\/ogw-ogc-lubrifiant-noir-polymerise\\\/#primaryimage\"},\"thumbnailUrl\":\"https:\\\/\\\/industriemaroc.com\\\/wp-content\\\/uploads\\\/2024\\\/06\\\/2N-2.png\",\"datePublished\":\"2024-06-11T16:25:40+00:00\",\"description\":\"R\u00e9siste \u00e0 l'eau de mer. P\u00e9n\u00e8tre jusqu'\u00e0 l'\u00e2me des c\u00e2bles pour assurer protection et lubrification des tourillons. Lubrifiant tr\u00e8s adh\u00e9rant.\",\"breadcrumb\":{\"@id\":\"https:\\\/\\\/industriemaroc.com\\\/produit\\\/ogw-ogc-lubrifiant-noir-polymerise\\\/#breadcrumb\"},\"inLanguage\":\"en-US\",\"potentialAction\":[{\"@type\":\"ReadAction\",\"target\":[\"https:\\\/\\\/industriemaroc.com\\\/produit\\\/ogw-ogc-lubrifiant-noir-polymerise\\\/\"]}]},{\"@type\":\"ImageObject\",\"inLanguage\":\"en-US\",\"@id\":\"https:\\\/\\\/industriemaroc.com\\\/produit\\\/ogw-ogc-lubrifiant-noir-polymerise\\\/#primaryimage\",\"url\":\"https:\\\/\\\/industriemaroc.com\\\/wp-content\\\/uploads\\\/2024\\\/06\\\/2N-2.png\",\"contentUrl\":\"https:\\\/\\\/industriemaroc.com\\\/wp-content\\\/uploads\\\/2024\\\/06\\\/2N-2.png\",\"width\":700,\"height\":700},{\"@type\":\"BreadcrumbList\",\"@id\":\"https:\\\/\\\/industriemaroc.com\\\/produit\\\/ogw-ogc-lubrifiant-noir-polymerise\\\/#breadcrumb\",\"itemListElement\":[{\"@type\":\"ListItem\",\"position\":1,\"name\":\"Home\",\"item\":\"https:\\\/\\\/industriemaroc.com\\\/\"},{\"@type\":\"ListItem\",\"position\":2,\"name\":\"Shop\",\"item\":\"https:\\\/\\\/industriemaroc.com\\\/shop\\\/\"},{\"@type\":\"ListItem\",\"position\":3,\"name\":\"OGW OGC Lubrifiant noir polym\u00e9ris\u00e9\"}]},{\"@type\":\"WebSite\",\"@id\":\"https:\\\/\\\/industriemaroc.com\\\/#website\",\"url\":\"https:\\\/\\\/industriemaroc.com\\\/\",\"name\":\"Industrie Maroc Online\",\"description\":\"Plateforme B2B de mat\u00e9riel professionnel au Maroc\",\"publisher\":{\"@id\":\"https:\\\/\\\/industriemaroc.com\\\/#organization\"},\"potentialAction\":[{\"@type\":\"SearchAction\",\"target\":{\"@type\":\"EntryPoint\",\"urlTemplate\":\"https:\\\/\\\/industriemaroc.com\\\/?s={search_term_string}\"},\"query-input\":{\"@type\":\"PropertyValueSpecification\",\"valueRequired\":true,\"valueName\":\"search_term_string\"}}],\"inLanguage\":\"en-US\"},{\"@type\":\"Organization\",\"@id\":\"https:\\\/\\\/industriemaroc.com\\\/#organization\",\"name\":\"industriemaroc.com\",\"url\":\"https:\\\/\\\/industriemaroc.com\\\/\",\"logo\":{\"@type\":\"ImageObject\",\"inLanguage\":\"en-US\",\"@id\":\"https:\\\/\\\/industriemaroc.com\\\/#\\\/schema\\\/logo\\\/image\\\/\",\"url\":\"https:\\\/\\\/industriemaroc.com\\\/wp-content\\\/uploads\\\/2024\\\/04\\\/IM.jpg\",\"contentUrl\":\"https:\\\/\\\/industriemaroc.com\\\/wp-content\\\/uploads\\\/2024\\\/04\\\/IM.jpg\",\"width\":2500,\"height\":2500,\"caption\":\"industriemaroc.com\"},\"image\":{\"@id\":\"https:\\\/\\\/industriemaroc.com\\\/#\\\/schema\\\/logo\\\/image\\\/\"}}]}<\/script>\n<!-- \/ Yoast SEO plugin. -->","yoast_head_json":{"title":"OGW OGC Lubrifiant noir polym\u00e9ris\u00e9 - Industrie Maroc Online","description":"R\u00e9siste \u00e0 l'eau de mer.  P\u00e9n\u00e8tre jusqu'\u00e0 l'\u00e2me des c\u00e2bles pour assurer protection et lubrification des tourillons.  Lubrifiant tr\u00e8s adh\u00e9rant.","robots":{"index":"index","follow":"follow","max-snippet":"max-snippet:-1","max-image-preview":"max-image-preview:large","max-video-preview":"max-video-preview:-1"},"canonical":"https:\/\/industriemaroc.com\/en\/product\/ogw-ogc-lubrifiant-noir-polymerise\/","og_locale":"en_US","og_type":"article","og_title":"OGW OGC Lubrifiant noir polym\u00e9ris\u00e9 - Industrie Maroc Online","og_description":"R\u00e9siste \u00e0 l'eau de mer.  P\u00e9n\u00e8tre jusqu'\u00e0 l'\u00e2me des c\u00e2bles pour assurer protection et lubrification des tourillons.  Lubrifiant tr\u00e8s adh\u00e9rant.","og_url":"https:\/\/industriemaroc.com\/en\/product\/ogw-ogc-lubrifiant-noir-polymerise\/","og_site_name":"Industrie Maroc Online","og_image":[{"width":700,"height":700,"url":"https:\/\/industriemaroc.com\/wp-content\/uploads\/2024\/06\/2N-2.png","type":"image\/png"}],"twitter_card":"summary_large_image","schema":{"@context":"https:\/\/schema.org","@graph":[{"@type":"WebPage","@id":"https:\/\/industriemaroc.com\/produit\/ogw-ogc-lubrifiant-noir-polymerise\/","url":"https:\/\/industriemaroc.com\/produit\/ogw-ogc-lubrifiant-noir-polymerise\/","name":"OGW OGC Lubrifiant noir polym\u00e9ris\u00e9 - Industrie Maroc Online","isPartOf":{"@id":"https:\/\/industriemaroc.com\/#website"},"primaryImageOfPage":{"@id":"https:\/\/industriemaroc.com\/produit\/ogw-ogc-lubrifiant-noir-polymerise\/#primaryimage"},"image":{"@id":"https:\/\/industriemaroc.com\/produit\/ogw-ogc-lubrifiant-noir-polymerise\/#primaryimage"},"thumbnailUrl":"https:\/\/industriemaroc.com\/wp-content\/uploads\/2024\/06\/2N-2.png","datePublished":"2024-06-11T16:25:40+00:00","description":"R\u00e9siste \u00e0 l'eau de mer. P\u00e9n\u00e8tre jusqu'\u00e0 l'\u00e2me des c\u00e2bles pour assurer protection et lubrification des tourillons. Lubrifiant tr\u00e8s adh\u00e9rant.","breadcrumb":{"@id":"https:\/\/industriemaroc.com\/produit\/ogw-ogc-lubrifiant-noir-polymerise\/#breadcrumb"},"inLanguage":"en-US","potentialAction":[{"@type":"ReadAction","target":["https:\/\/industriemaroc.com\/produit\/ogw-ogc-lubrifiant-noir-polymerise\/"]}]},{"@type":"ImageObject","inLanguage":"en-US","@id":"https:\/\/industriemaroc.com\/produit\/ogw-ogc-lubrifiant-noir-polymerise\/#primaryimage","url":"https:\/\/industriemaroc.com\/wp-content\/uploads\/2024\/06\/2N-2.png","contentUrl":"https:\/\/industriemaroc.com\/wp-content\/uploads\/2024\/06\/2N-2.png","width":700,"height":700},{"@type":"BreadcrumbList","@id":"https:\/\/industriemaroc.com\/produit\/ogw-ogc-lubrifiant-noir-polymerise\/#breadcrumb","itemListElement":[{"@type":"ListItem","position":1,"name":"Home","item":"https:\/\/industriemaroc.com\/"},{"@type":"ListItem","position":2,"name":"Shop","item":"https:\/\/industriemaroc.com\/shop\/"},{"@type":"ListItem","position":3,"name":"OGW OGC Lubrifiant noir polym\u00e9ris\u00e9"}]},{"@type":"WebSite","@id":"https:\/\/industriemaroc.com\/#website","url":"https:\/\/industriemaroc.com\/","name":"Industrie Maroc Online","description":"Plateforme B2B de mat\u00e9riel professionnel au Maroc","publisher":{"@id":"https:\/\/industriemaroc.com\/#organization"},"potentialAction":[{"@type":"SearchAction","target":{"@type":"EntryPoint","urlTemplate":"https:\/\/industriemaroc.com\/?s={search_term_string}"},"query-input":{"@type":"PropertyValueSpecification","valueRequired":true,"valueName":"search_term_string"}}],"inLanguage":"en-US"},{"@type":"Organization","@id":"https:\/\/industriemaroc.com\/#organization","name":"industriemaroc.com","url":"https:\/\/industriemaroc.com\/","logo":{"@type":"ImageObject","inLanguage":"en-US","@id":"https:\/\/industriemaroc.com\/#\/schema\/logo\/image\/","url":"https:\/\/industriemaroc.com\/wp-content\/uploads\/2024\/04\/IM.jpg","contentUrl":"https:\/\/industriemaroc.com\/wp-content\/uploads\/2024\/04\/IM.jpg","width":2500,"height":2500,"caption":"industriemaroc.com"},"image":{"@id":"https:\/\/industriemaroc.com\/#\/schema\/logo\/image\/"}}]}},"_links":{"self":[{"href":"https:\/\/industriemaroc.com\/en\/wp-json\/wp\/v2\/product\/21839","targetHints":{"allow":["GET"]}}],"collection":[{"href":"https:\/\/industriemaroc.com\/en\/wp-json\/wp\/v2\/product"}],"about":[{"href":"https:\/\/industriemaroc.com\/en\/wp-json\/wp\/v2\/types\/product"}],"replies":[{"embeddable":true,"href":"https:\/\/industriemaroc.com\/en\/wp-json\/wp\/v2\/comments?post=21839"}],"version-history":[{"count":1,"href":"https:\/\/industriemaroc.com\/en\/wp-json\/wp\/v2\/product\/21839\/revisions"}],"predecessor-version":[{"id":21848,"href":"https:\/\/industriemaroc.com\/en\/wp-json\/wp\/v2\/product\/21839\/revisions\/21848"}],"wp:featuredmedia":[{"embeddable":true,"href":"https:\/\/industriemaroc.com\/en\/wp-json\/wp\/v2\/media\/21847"}],"wp:attachment":[{"href":"https:\/\/industriemaroc.com\/en\/wp-json\/wp\/v2\/media?parent=21839"}],"wp:term":[{"taxonomy":"product_brand","embeddable":true,"href":"https:\/\/industriemaroc.com\/en\/wp-json\/wp\/v2\/product_brand?post=21839"},{"taxonomy":"product_cat","embeddable":true,"href":"https:\/\/industriemaroc.com\/en\/wp-json\/wp\/v2\/product_cat?post=21839"},{"taxonomy":"product_tag","embeddable":true,"href":"https:\/\/industriemaroc.com\/en\/wp-json\/wp\/v2\/product_tag?post=21839"}],"curies":[{"name":"wp","href":"https:\/\/api.w.org\/{rel}","templated":true}]}}