{"id":21860,"date":"2024-06-11T18:52:37","date_gmt":"2024-06-11T16:52:37","guid":{"rendered":"https:\/\/industriemaroc.com\/?post_type=product&#038;p=21860"},"modified":"2024-06-11T18:52:38","modified_gmt":"2024-06-11T16:52:38","slug":"degrippant-lubrifiant-600-ml-wd-40","status":"publish","type":"product","link":"https:\/\/industriemaroc.com\/en\/product\/degrippant-lubrifiant-600-ml-wd-40\/","title":{"rendered":"D\u00e9grippant lubrifiant 600 ml &#8211; WD-40"},"content":{"rendered":"<p>Le Produit Multifonction WD-40 prot\u00e8ge le m\u00e9tal de la rouille et de la corrosion, s\u2019ins\u00e8re dans les parties coinc\u00e9es et supprime les grincements, repousse l\u2019humidit\u00e9 et lubrifie quasiment tout. Il \u00e9limine m\u00eame la graisse, la salet\u00e9 et plus encore de la plupart des surfaces.<\/p>\n<p>Supprime les grincements.<br \/>\nChasse l&rsquo;humidit\u00e9.<br \/>\nNettoie et prot\u00e8ge.<br \/>\nD\u00e9grippe les pi\u00e8ces rouill\u00e9es.<br \/>\nDesserre les m\u00e9canismes coinc\u00e9s.<\/p>","protected":false},"excerpt":{"rendered":"<p>Supprime les grincements.<br \/>\nChasse l&rsquo;humidit\u00e9.<br \/>\nNettoie et prot\u00e8ge.<br \/>\nD\u00e9grippe les pi\u00e8ces rouill\u00e9es.<br \/>\nDesserre les m\u00e9canismes coinc\u00e9s.<\/p>","protected":false},"featured_media":21864,"comment_status":"open","ping_status":"closed","template":"","meta":{"om_disable_all_campaigns":false,"_monsterinsights_skip_tracking":false,"_monsterinsights_sitenote_active":false,"_monsterinsights_sitenote_note":"","_monsterinsights_sitenote_category":0,"_uf_show_specific_survey":0,"_uf_disable_surveys":false,"_joinchat":[]},"product_brand":[],"product_cat":[672,1244,1246],"product_tag":[],"class_list":{"0":"post-21860","1":"product","2":"type-product","3":"status-publish","4":"has-post-thumbnail","6":"product_cat-fournitures-industrielles","7":"product_cat-graissage-et-lubrifiant","8":"product_cat-lubrifiant-et-degrippant","10":"first","11":"instock","12":"taxable","13":"shipping-taxable","14":"product-type-simple"},"yoast_head":"<!-- This site is optimized with the Yoast SEO plugin v27.4 - https:\/\/yoast.com\/product\/yoast-seo-wordpress\/ -->\n<title>D\u00e9grippant lubrifiant 600 ml - WD-40 - Industrie Maroc Online<\/title>\n<meta name=\"description\" content=\"Supprime les grincements. Chasse l&#039;humidit\u00e9. Nettoie et prot\u00e8ge. D\u00e9grippe les pi\u00e8ces rouill\u00e9es. Desserre les m\u00e9canismes coinc\u00e9s.\" \/>\n<meta name=\"robots\" content=\"index, follow, max-snippet:-1, max-image-preview:large, max-video-preview:-1\" \/>\n<link rel=\"canonical\" href=\"https:\/\/industriemaroc.com\/en\/product\/degrippant-lubrifiant-600-ml-wd-40\/\" \/>\n<meta property=\"og:locale\" content=\"en_US\" \/>\n<meta property=\"og:type\" content=\"article\" \/>\n<meta property=\"og:title\" content=\"D\u00e9grippant lubrifiant 600 ml - WD-40 - Industrie Maroc Online\" \/>\n<meta property=\"og:description\" content=\"Supprime les grincements. Chasse l&#039;humidit\u00e9. Nettoie et prot\u00e8ge. D\u00e9grippe les pi\u00e8ces rouill\u00e9es. Desserre les m\u00e9canismes coinc\u00e9s.\" \/>\n<meta property=\"og:url\" content=\"https:\/\/industriemaroc.com\/en\/product\/degrippant-lubrifiant-600-ml-wd-40\/\" \/>\n<meta property=\"og:site_name\" content=\"Industrie Maroc Online\" \/>\n<meta property=\"article:modified_time\" content=\"2024-06-11T16:52:38+00:00\" \/>\n<meta property=\"og:image\" content=\"https:\/\/industriemaroc.com\/wp-content\/uploads\/2024\/06\/9N-2.png\" \/>\n\t<meta property=\"og:image:width\" content=\"700\" \/>\n\t<meta property=\"og:image:height\" content=\"700\" \/>\n\t<meta property=\"og:image:type\" content=\"image\/png\" \/>\n<meta name=\"twitter:card\" content=\"summary_large_image\" \/>\n<script type=\"application\/ld+json\" class=\"yoast-schema-graph\">{\"@context\":\"https:\\\/\\\/schema.org\",\"@graph\":[{\"@type\":\"WebPage\",\"@id\":\"https:\\\/\\\/industriemaroc.com\\\/produit\\\/degrippant-lubrifiant-600-ml-wd-40\\\/\",\"url\":\"https:\\\/\\\/industriemaroc.com\\\/produit\\\/degrippant-lubrifiant-600-ml-wd-40\\\/\",\"name\":\"D\u00e9grippant lubrifiant 600 ml - WD-40 - Industrie Maroc Online\",\"isPartOf\":{\"@id\":\"https:\\\/\\\/industriemaroc.com\\\/#website\"},\"primaryImageOfPage\":{\"@id\":\"https:\\\/\\\/industriemaroc.com\\\/produit\\\/degrippant-lubrifiant-600-ml-wd-40\\\/#primaryimage\"},\"image\":{\"@id\":\"https:\\\/\\\/industriemaroc.com\\\/produit\\\/degrippant-lubrifiant-600-ml-wd-40\\\/#primaryimage\"},\"thumbnailUrl\":\"https:\\\/\\\/industriemaroc.com\\\/wp-content\\\/uploads\\\/2024\\\/06\\\/9N-2.png\",\"datePublished\":\"2024-06-11T16:52:37+00:00\",\"dateModified\":\"2024-06-11T16:52:38+00:00\",\"description\":\"Supprime les grincements. Chasse l'humidit\u00e9. Nettoie et prot\u00e8ge. D\u00e9grippe les pi\u00e8ces rouill\u00e9es. Desserre les m\u00e9canismes coinc\u00e9s.\",\"breadcrumb\":{\"@id\":\"https:\\\/\\\/industriemaroc.com\\\/produit\\\/degrippant-lubrifiant-600-ml-wd-40\\\/#breadcrumb\"},\"inLanguage\":\"en-US\",\"potentialAction\":[{\"@type\":\"ReadAction\",\"target\":[\"https:\\\/\\\/industriemaroc.com\\\/produit\\\/degrippant-lubrifiant-600-ml-wd-40\\\/\"]}]},{\"@type\":\"ImageObject\",\"inLanguage\":\"en-US\",\"@id\":\"https:\\\/\\\/industriemaroc.com\\\/produit\\\/degrippant-lubrifiant-600-ml-wd-40\\\/#primaryimage\",\"url\":\"https:\\\/\\\/industriemaroc.com\\\/wp-content\\\/uploads\\\/2024\\\/06\\\/9N-2.png\",\"contentUrl\":\"https:\\\/\\\/industriemaroc.com\\\/wp-content\\\/uploads\\\/2024\\\/06\\\/9N-2.png\",\"width\":700,\"height\":700},{\"@type\":\"BreadcrumbList\",\"@id\":\"https:\\\/\\\/industriemaroc.com\\\/produit\\\/degrippant-lubrifiant-600-ml-wd-40\\\/#breadcrumb\",\"itemListElement\":[{\"@type\":\"ListItem\",\"position\":1,\"name\":\"Home\",\"item\":\"https:\\\/\\\/industriemaroc.com\\\/\"},{\"@type\":\"ListItem\",\"position\":2,\"name\":\"Shop\",\"item\":\"https:\\\/\\\/industriemaroc.com\\\/shop\\\/\"},{\"@type\":\"ListItem\",\"position\":3,\"name\":\"D\u00e9grippant lubrifiant 600 ml &#8211; WD-40\"}]},{\"@type\":\"WebSite\",\"@id\":\"https:\\\/\\\/industriemaroc.com\\\/#website\",\"url\":\"https:\\\/\\\/industriemaroc.com\\\/\",\"name\":\"Industrie Maroc Online\",\"description\":\"Plateforme B2B de mat\u00e9riel professionnel au Maroc\",\"publisher\":{\"@id\":\"https:\\\/\\\/industriemaroc.com\\\/#organization\"},\"potentialAction\":[{\"@type\":\"SearchAction\",\"target\":{\"@type\":\"EntryPoint\",\"urlTemplate\":\"https:\\\/\\\/industriemaroc.com\\\/?s={search_term_string}\"},\"query-input\":{\"@type\":\"PropertyValueSpecification\",\"valueRequired\":true,\"valueName\":\"search_term_string\"}}],\"inLanguage\":\"en-US\"},{\"@type\":\"Organization\",\"@id\":\"https:\\\/\\\/industriemaroc.com\\\/#organization\",\"name\":\"industriemaroc.com\",\"url\":\"https:\\\/\\\/industriemaroc.com\\\/\",\"logo\":{\"@type\":\"ImageObject\",\"inLanguage\":\"en-US\",\"@id\":\"https:\\\/\\\/industriemaroc.com\\\/#\\\/schema\\\/logo\\\/image\\\/\",\"url\":\"https:\\\/\\\/industriemaroc.com\\\/wp-content\\\/uploads\\\/2024\\\/04\\\/IM.jpg\",\"contentUrl\":\"https:\\\/\\\/industriemaroc.com\\\/wp-content\\\/uploads\\\/2024\\\/04\\\/IM.jpg\",\"width\":2500,\"height\":2500,\"caption\":\"industriemaroc.com\"},\"image\":{\"@id\":\"https:\\\/\\\/industriemaroc.com\\\/#\\\/schema\\\/logo\\\/image\\\/\"}}]}<\/script>\n<!-- \/ Yoast SEO plugin. -->","yoast_head_json":{"title":"D\u00e9grippant lubrifiant 600 ml - WD-40 - Industrie Maroc Online","description":"Supprime les grincements. Chasse l'humidit\u00e9. Nettoie et prot\u00e8ge. D\u00e9grippe les pi\u00e8ces rouill\u00e9es. Desserre les m\u00e9canismes coinc\u00e9s.","robots":{"index":"index","follow":"follow","max-snippet":"max-snippet:-1","max-image-preview":"max-image-preview:large","max-video-preview":"max-video-preview:-1"},"canonical":"https:\/\/industriemaroc.com\/en\/product\/degrippant-lubrifiant-600-ml-wd-40\/","og_locale":"en_US","og_type":"article","og_title":"D\u00e9grippant lubrifiant 600 ml - WD-40 - Industrie Maroc Online","og_description":"Supprime les grincements. Chasse l'humidit\u00e9. Nettoie et prot\u00e8ge. D\u00e9grippe les pi\u00e8ces rouill\u00e9es. Desserre les m\u00e9canismes coinc\u00e9s.","og_url":"https:\/\/industriemaroc.com\/en\/product\/degrippant-lubrifiant-600-ml-wd-40\/","og_site_name":"Industrie Maroc Online","article_modified_time":"2024-06-11T16:52:38+00:00","og_image":[{"width":700,"height":700,"url":"https:\/\/industriemaroc.com\/wp-content\/uploads\/2024\/06\/9N-2.png","type":"image\/png"}],"twitter_card":"summary_large_image","schema":{"@context":"https:\/\/schema.org","@graph":[{"@type":"WebPage","@id":"https:\/\/industriemaroc.com\/produit\/degrippant-lubrifiant-600-ml-wd-40\/","url":"https:\/\/industriemaroc.com\/produit\/degrippant-lubrifiant-600-ml-wd-40\/","name":"D\u00e9grippant lubrifiant 600 ml - WD-40 - Industrie Maroc Online","isPartOf":{"@id":"https:\/\/industriemaroc.com\/#website"},"primaryImageOfPage":{"@id":"https:\/\/industriemaroc.com\/produit\/degrippant-lubrifiant-600-ml-wd-40\/#primaryimage"},"image":{"@id":"https:\/\/industriemaroc.com\/produit\/degrippant-lubrifiant-600-ml-wd-40\/#primaryimage"},"thumbnailUrl":"https:\/\/industriemaroc.com\/wp-content\/uploads\/2024\/06\/9N-2.png","datePublished":"2024-06-11T16:52:37+00:00","dateModified":"2024-06-11T16:52:38+00:00","description":"Supprime les grincements. Chasse l'humidit\u00e9. Nettoie et prot\u00e8ge. D\u00e9grippe les pi\u00e8ces rouill\u00e9es. Desserre les m\u00e9canismes coinc\u00e9s.","breadcrumb":{"@id":"https:\/\/industriemaroc.com\/produit\/degrippant-lubrifiant-600-ml-wd-40\/#breadcrumb"},"inLanguage":"en-US","potentialAction":[{"@type":"ReadAction","target":["https:\/\/industriemaroc.com\/produit\/degrippant-lubrifiant-600-ml-wd-40\/"]}]},{"@type":"ImageObject","inLanguage":"en-US","@id":"https:\/\/industriemaroc.com\/produit\/degrippant-lubrifiant-600-ml-wd-40\/#primaryimage","url":"https:\/\/industriemaroc.com\/wp-content\/uploads\/2024\/06\/9N-2.png","contentUrl":"https:\/\/industriemaroc.com\/wp-content\/uploads\/2024\/06\/9N-2.png","width":700,"height":700},{"@type":"BreadcrumbList","@id":"https:\/\/industriemaroc.com\/produit\/degrippant-lubrifiant-600-ml-wd-40\/#breadcrumb","itemListElement":[{"@type":"ListItem","position":1,"name":"Home","item":"https:\/\/industriemaroc.com\/"},{"@type":"ListItem","position":2,"name":"Shop","item":"https:\/\/industriemaroc.com\/shop\/"},{"@type":"ListItem","position":3,"name":"D\u00e9grippant lubrifiant 600 ml &#8211; WD-40"}]},{"@type":"WebSite","@id":"https:\/\/industriemaroc.com\/#website","url":"https:\/\/industriemaroc.com\/","name":"Industrie Maroc Online","description":"Plateforme B2B de mat\u00e9riel professionnel au Maroc","publisher":{"@id":"https:\/\/industriemaroc.com\/#organization"},"potentialAction":[{"@type":"SearchAction","target":{"@type":"EntryPoint","urlTemplate":"https:\/\/industriemaroc.com\/?s={search_term_string}"},"query-input":{"@type":"PropertyValueSpecification","valueRequired":true,"valueName":"search_term_string"}}],"inLanguage":"en-US"},{"@type":"Organization","@id":"https:\/\/industriemaroc.com\/#organization","name":"industriemaroc.com","url":"https:\/\/industriemaroc.com\/","logo":{"@type":"ImageObject","inLanguage":"en-US","@id":"https:\/\/industriemaroc.com\/#\/schema\/logo\/image\/","url":"https:\/\/industriemaroc.com\/wp-content\/uploads\/2024\/04\/IM.jpg","contentUrl":"https:\/\/industriemaroc.com\/wp-content\/uploads\/2024\/04\/IM.jpg","width":2500,"height":2500,"caption":"industriemaroc.com"},"image":{"@id":"https:\/\/industriemaroc.com\/#\/schema\/logo\/image\/"}}]}},"_links":{"self":[{"href":"https:\/\/industriemaroc.com\/en\/wp-json\/wp\/v2\/product\/21860","targetHints":{"allow":["GET"]}}],"collection":[{"href":"https:\/\/industriemaroc.com\/en\/wp-json\/wp\/v2\/product"}],"about":[{"href":"https:\/\/industriemaroc.com\/en\/wp-json\/wp\/v2\/types\/product"}],"replies":[{"embeddable":true,"href":"https:\/\/industriemaroc.com\/en\/wp-json\/wp\/v2\/comments?post=21860"}],"version-history":[{"count":1,"href":"https:\/\/industriemaroc.com\/en\/wp-json\/wp\/v2\/product\/21860\/revisions"}],"predecessor-version":[{"id":21865,"href":"https:\/\/industriemaroc.com\/en\/wp-json\/wp\/v2\/product\/21860\/revisions\/21865"}],"wp:featuredmedia":[{"embeddable":true,"href":"https:\/\/industriemaroc.com\/en\/wp-json\/wp\/v2\/media\/21864"}],"wp:attachment":[{"href":"https:\/\/industriemaroc.com\/en\/wp-json\/wp\/v2\/media?parent=21860"}],"wp:term":[{"taxonomy":"product_brand","embeddable":true,"href":"https:\/\/industriemaroc.com\/en\/wp-json\/wp\/v2\/product_brand?post=21860"},{"taxonomy":"product_cat","embeddable":true,"href":"https:\/\/industriemaroc.com\/en\/wp-json\/wp\/v2\/product_cat?post=21860"},{"taxonomy":"product_tag","embeddable":true,"href":"https:\/\/industriemaroc.com\/en\/wp-json\/wp\/v2\/product_tag?post=21860"}],"curies":[{"name":"wp","href":"https:\/\/api.w.org\/{rel}","templated":true}]}}