{"id":21871,"date":"2024-06-12T22:21:55","date_gmt":"2024-06-12T20:21:55","guid":{"rendered":"https:\/\/industriemaroc.com\/?post_type=product&#038;p=21871"},"modified":"2024-06-12T22:54:40","modified_gmt":"2024-06-12T20:54:40","slug":"chaussure-s3-tribal-s3-src-u-power","status":"publish","type":"product","link":"https:\/\/industriemaroc.com\/en\/product\/chaussure-s3-tribal-s3-src-u-power\/","title":{"rendered":"Chaussure S3 SRC HRO TRIBAL U-POWER"},"content":{"rendered":"<p>Chaussures de s\u00e9curit\u00e9 bottines totalement \u00ab\u00a0sans m\u00e9tal\u00a0\u00bb, confort U-Power de la ligne Concept M, avec empeigne en cuir pull up engraiss\u00e9 hydrofuge, embout en composite, anti perforation, respirabilit\u00e9, semelle antid\u00e9rapante et PU \/ PU, S3 SRC<br \/>\n<strong>TIGE<\/strong><br \/>\nPiel Pull-up, hidr\u00f3fuga<br \/>\n<strong>DOUBLURE<\/strong><br \/>\nDoublure Wing Tex avec tunnel d\u2019air respirante<br \/>\n<strong>EMBOUT<\/strong><br \/>\nAirToe Composite<br \/>\n<strong>ANTIPERFORATION<\/strong><br \/>\nSave &amp; Flex PLUS<br \/>\n<strong>SEMELLE AMOVIBLE<\/strong><br \/>\nAction Dry semelle amovible<br \/>\nanatomique pr\u00e9form\u00e9e suivant la<br \/>\nmorphologie du pied avec support en EVA<br \/>\n<strong>SEMELLE DE CONFORT<\/strong><br \/>\nPU expans\u00e9 souple<br \/>\n<strong>SEMELLE<\/strong><br \/>\nPU compact anti-abrasion<br \/>\n<strong>FORME DE MONTAGE<\/strong><br \/>\nNatural Confort 11 Mondopoint<br \/>\n<strong>POINTURES<\/strong><br \/>\n38-47<\/p>\n<p>EN ISO 20345:2011 S3 HRO SRC<\/p>","protected":false},"excerpt":{"rendered":"<p>TIGE : Piel Pull-up, hidr\u00f3fuga<\/p>\n<p>EMBOUT : AirToe Composite<\/p>\n<p>POINTURES : 38-47<\/p>\n<p>Couleur : Marron.<\/p>\n<p>EN ISO 20345:2011 S3 HRO SRC<\/p>","protected":false},"featured_media":21879,"comment_status":"open","ping_status":"closed","template":"","meta":{"om_disable_all_campaigns":false,"_monsterinsights_skip_tracking":false,"_monsterinsights_sitenote_active":false,"_monsterinsights_sitenote_note":"","_monsterinsights_sitenote_category":0,"_uf_show_specific_survey":0,"_uf_disable_surveys":false,"_joinchat":[]},"product_brand":[],"product_cat":[678,952,686,670],"product_tag":[],"class_list":{"0":"post-21871","1":"product","2":"type-product","3":"status-publish","4":"has-post-thumbnail","6":"product_cat-equipements-de-protection-individuelle-epi","7":"product_cat-gamme-s3","8":"product_cat-chaussure-securite-maroc","9":"product_cat-securite-sante","11":"first","12":"instock","13":"taxable","14":"shipping-taxable","15":"product-type-simple"},"yoast_head":"<!-- This site is optimized with the Yoast SEO plugin v27.4 - https:\/\/yoast.com\/product\/yoast-seo-wordpress\/ -->\n<title>Chaussure S3 SRC HRO TRIBAL U-POWER - Industrie Maroc Online<\/title>\n<meta name=\"description\" content=\"TIGE : Piel Pull-up, hidr\u00f3fuga  EMBOUT : AirToe Composite  POINTURES : 38-47  Couleur : Marron.  EN ISO 20345:2011 S3 HRO SRC\" \/>\n<meta name=\"robots\" content=\"index, follow, max-snippet:-1, max-image-preview:large, max-video-preview:-1\" \/>\n<link rel=\"canonical\" href=\"https:\/\/industriemaroc.com\/en\/product\/chaussure-s3-tribal-s3-src-u-power\/\" \/>\n<meta property=\"og:locale\" content=\"en_US\" \/>\n<meta property=\"og:type\" content=\"article\" \/>\n<meta property=\"og:title\" content=\"Chaussure S3 SRC HRO TRIBAL U-POWER - Industrie Maroc Online\" \/>\n<meta property=\"og:description\" content=\"TIGE : Piel Pull-up, hidr\u00f3fuga  EMBOUT : AirToe Composite  POINTURES : 38-47  Couleur : Marron.  EN ISO 20345:2011 S3 HRO SRC\" \/>\n<meta property=\"og:url\" content=\"https:\/\/industriemaroc.com\/en\/product\/chaussure-s3-tribal-s3-src-u-power\/\" \/>\n<meta property=\"og:site_name\" content=\"Industrie Maroc Online\" \/>\n<meta property=\"article:modified_time\" content=\"2024-06-12T20:54:40+00:00\" \/>\n<meta property=\"og:image\" content=\"https:\/\/industriemaroc.com\/wp-content\/uploads\/2024\/06\/TRIBAL-N.png\" \/>\n\t<meta property=\"og:image:width\" content=\"700\" \/>\n\t<meta property=\"og:image:height\" content=\"700\" \/>\n\t<meta property=\"og:image:type\" content=\"image\/png\" \/>\n<meta name=\"twitter:card\" content=\"summary_large_image\" \/>\n<meta name=\"twitter:label1\" content=\"Est. reading time\" \/>\n\t<meta name=\"twitter:data1\" content=\"1 minute\" \/>\n<script type=\"application\/ld+json\" class=\"yoast-schema-graph\">{\"@context\":\"https:\\\/\\\/schema.org\",\"@graph\":[{\"@type\":\"WebPage\",\"@id\":\"https:\\\/\\\/industriemaroc.com\\\/produit\\\/chaussure-s3-tribal-s3-src-u-power\\\/\",\"url\":\"https:\\\/\\\/industriemaroc.com\\\/produit\\\/chaussure-s3-tribal-s3-src-u-power\\\/\",\"name\":\"Chaussure S3 SRC HRO TRIBAL U-POWER - Industrie Maroc Online\",\"isPartOf\":{\"@id\":\"https:\\\/\\\/industriemaroc.com\\\/#website\"},\"primaryImageOfPage\":{\"@id\":\"https:\\\/\\\/industriemaroc.com\\\/produit\\\/chaussure-s3-tribal-s3-src-u-power\\\/#primaryimage\"},\"image\":{\"@id\":\"https:\\\/\\\/industriemaroc.com\\\/produit\\\/chaussure-s3-tribal-s3-src-u-power\\\/#primaryimage\"},\"thumbnailUrl\":\"https:\\\/\\\/industriemaroc.com\\\/wp-content\\\/uploads\\\/2024\\\/06\\\/TRIBAL-N.png\",\"datePublished\":\"2024-06-12T20:21:55+00:00\",\"dateModified\":\"2024-06-12T20:54:40+00:00\",\"description\":\"TIGE : Piel Pull-up, hidr\u00f3fuga EMBOUT : AirToe Composite POINTURES : 38-47 Couleur : Marron. EN ISO 20345:2011 S3 HRO SRC\",\"breadcrumb\":{\"@id\":\"https:\\\/\\\/industriemaroc.com\\\/produit\\\/chaussure-s3-tribal-s3-src-u-power\\\/#breadcrumb\"},\"inLanguage\":\"en-US\",\"potentialAction\":[{\"@type\":\"ReadAction\",\"target\":[\"https:\\\/\\\/industriemaroc.com\\\/produit\\\/chaussure-s3-tribal-s3-src-u-power\\\/\"]}]},{\"@type\":\"ImageObject\",\"inLanguage\":\"en-US\",\"@id\":\"https:\\\/\\\/industriemaroc.com\\\/produit\\\/chaussure-s3-tribal-s3-src-u-power\\\/#primaryimage\",\"url\":\"https:\\\/\\\/industriemaroc.com\\\/wp-content\\\/uploads\\\/2024\\\/06\\\/TRIBAL-N.png\",\"contentUrl\":\"https:\\\/\\\/industriemaroc.com\\\/wp-content\\\/uploads\\\/2024\\\/06\\\/TRIBAL-N.png\",\"width\":700,\"height\":700},{\"@type\":\"BreadcrumbList\",\"@id\":\"https:\\\/\\\/industriemaroc.com\\\/produit\\\/chaussure-s3-tribal-s3-src-u-power\\\/#breadcrumb\",\"itemListElement\":[{\"@type\":\"ListItem\",\"position\":1,\"name\":\"Home\",\"item\":\"https:\\\/\\\/industriemaroc.com\\\/\"},{\"@type\":\"ListItem\",\"position\":2,\"name\":\"Shop\",\"item\":\"https:\\\/\\\/industriemaroc.com\\\/shop\\\/\"},{\"@type\":\"ListItem\",\"position\":3,\"name\":\"Chaussure S3 SRC HRO TRIBAL U-POWER\"}]},{\"@type\":\"WebSite\",\"@id\":\"https:\\\/\\\/industriemaroc.com\\\/#website\",\"url\":\"https:\\\/\\\/industriemaroc.com\\\/\",\"name\":\"Industrie Maroc Online\",\"description\":\"Plateforme B2B de mat\u00e9riel professionnel au Maroc\",\"publisher\":{\"@id\":\"https:\\\/\\\/industriemaroc.com\\\/#organization\"},\"potentialAction\":[{\"@type\":\"SearchAction\",\"target\":{\"@type\":\"EntryPoint\",\"urlTemplate\":\"https:\\\/\\\/industriemaroc.com\\\/?s={search_term_string}\"},\"query-input\":{\"@type\":\"PropertyValueSpecification\",\"valueRequired\":true,\"valueName\":\"search_term_string\"}}],\"inLanguage\":\"en-US\"},{\"@type\":\"Organization\",\"@id\":\"https:\\\/\\\/industriemaroc.com\\\/#organization\",\"name\":\"industriemaroc.com\",\"url\":\"https:\\\/\\\/industriemaroc.com\\\/\",\"logo\":{\"@type\":\"ImageObject\",\"inLanguage\":\"en-US\",\"@id\":\"https:\\\/\\\/industriemaroc.com\\\/#\\\/schema\\\/logo\\\/image\\\/\",\"url\":\"https:\\\/\\\/industriemaroc.com\\\/wp-content\\\/uploads\\\/2024\\\/04\\\/IM.jpg\",\"contentUrl\":\"https:\\\/\\\/industriemaroc.com\\\/wp-content\\\/uploads\\\/2024\\\/04\\\/IM.jpg\",\"width\":2500,\"height\":2500,\"caption\":\"industriemaroc.com\"},\"image\":{\"@id\":\"https:\\\/\\\/industriemaroc.com\\\/#\\\/schema\\\/logo\\\/image\\\/\"}}]}<\/script>\n<!-- \/ Yoast SEO plugin. -->","yoast_head_json":{"title":"Chaussure S3 SRC HRO TRIBAL U-POWER - Industrie Maroc Online","description":"TIGE : Piel Pull-up, hidr\u00f3fuga  EMBOUT : AirToe Composite  POINTURES : 38-47  Couleur : Marron.  EN ISO 20345:2011 S3 HRO SRC","robots":{"index":"index","follow":"follow","max-snippet":"max-snippet:-1","max-image-preview":"max-image-preview:large","max-video-preview":"max-video-preview:-1"},"canonical":"https:\/\/industriemaroc.com\/en\/product\/chaussure-s3-tribal-s3-src-u-power\/","og_locale":"en_US","og_type":"article","og_title":"Chaussure S3 SRC HRO TRIBAL U-POWER - Industrie Maroc Online","og_description":"TIGE : Piel Pull-up, hidr\u00f3fuga  EMBOUT : AirToe Composite  POINTURES : 38-47  Couleur : Marron.  EN ISO 20345:2011 S3 HRO SRC","og_url":"https:\/\/industriemaroc.com\/en\/product\/chaussure-s3-tribal-s3-src-u-power\/","og_site_name":"Industrie Maroc Online","article_modified_time":"2024-06-12T20:54:40+00:00","og_image":[{"width":700,"height":700,"url":"https:\/\/industriemaroc.com\/wp-content\/uploads\/2024\/06\/TRIBAL-N.png","type":"image\/png"}],"twitter_card":"summary_large_image","twitter_misc":{"Est. reading time":"1 minute"},"schema":{"@context":"https:\/\/schema.org","@graph":[{"@type":"WebPage","@id":"https:\/\/industriemaroc.com\/produit\/chaussure-s3-tribal-s3-src-u-power\/","url":"https:\/\/industriemaroc.com\/produit\/chaussure-s3-tribal-s3-src-u-power\/","name":"Chaussure S3 SRC HRO TRIBAL U-POWER - Industrie Maroc Online","isPartOf":{"@id":"https:\/\/industriemaroc.com\/#website"},"primaryImageOfPage":{"@id":"https:\/\/industriemaroc.com\/produit\/chaussure-s3-tribal-s3-src-u-power\/#primaryimage"},"image":{"@id":"https:\/\/industriemaroc.com\/produit\/chaussure-s3-tribal-s3-src-u-power\/#primaryimage"},"thumbnailUrl":"https:\/\/industriemaroc.com\/wp-content\/uploads\/2024\/06\/TRIBAL-N.png","datePublished":"2024-06-12T20:21:55+00:00","dateModified":"2024-06-12T20:54:40+00:00","description":"TIGE : Piel Pull-up, hidr\u00f3fuga EMBOUT : AirToe Composite POINTURES : 38-47 Couleur : Marron. EN ISO 20345:2011 S3 HRO SRC","breadcrumb":{"@id":"https:\/\/industriemaroc.com\/produit\/chaussure-s3-tribal-s3-src-u-power\/#breadcrumb"},"inLanguage":"en-US","potentialAction":[{"@type":"ReadAction","target":["https:\/\/industriemaroc.com\/produit\/chaussure-s3-tribal-s3-src-u-power\/"]}]},{"@type":"ImageObject","inLanguage":"en-US","@id":"https:\/\/industriemaroc.com\/produit\/chaussure-s3-tribal-s3-src-u-power\/#primaryimage","url":"https:\/\/industriemaroc.com\/wp-content\/uploads\/2024\/06\/TRIBAL-N.png","contentUrl":"https:\/\/industriemaroc.com\/wp-content\/uploads\/2024\/06\/TRIBAL-N.png","width":700,"height":700},{"@type":"BreadcrumbList","@id":"https:\/\/industriemaroc.com\/produit\/chaussure-s3-tribal-s3-src-u-power\/#breadcrumb","itemListElement":[{"@type":"ListItem","position":1,"name":"Home","item":"https:\/\/industriemaroc.com\/"},{"@type":"ListItem","position":2,"name":"Shop","item":"https:\/\/industriemaroc.com\/shop\/"},{"@type":"ListItem","position":3,"name":"Chaussure S3 SRC HRO TRIBAL U-POWER"}]},{"@type":"WebSite","@id":"https:\/\/industriemaroc.com\/#website","url":"https:\/\/industriemaroc.com\/","name":"Industrie Maroc Online","description":"Plateforme B2B de mat\u00e9riel professionnel au Maroc","publisher":{"@id":"https:\/\/industriemaroc.com\/#organization"},"potentialAction":[{"@type":"SearchAction","target":{"@type":"EntryPoint","urlTemplate":"https:\/\/industriemaroc.com\/?s={search_term_string}"},"query-input":{"@type":"PropertyValueSpecification","valueRequired":true,"valueName":"search_term_string"}}],"inLanguage":"en-US"},{"@type":"Organization","@id":"https:\/\/industriemaroc.com\/#organization","name":"industriemaroc.com","url":"https:\/\/industriemaroc.com\/","logo":{"@type":"ImageObject","inLanguage":"en-US","@id":"https:\/\/industriemaroc.com\/#\/schema\/logo\/image\/","url":"https:\/\/industriemaroc.com\/wp-content\/uploads\/2024\/04\/IM.jpg","contentUrl":"https:\/\/industriemaroc.com\/wp-content\/uploads\/2024\/04\/IM.jpg","width":2500,"height":2500,"caption":"industriemaroc.com"},"image":{"@id":"https:\/\/industriemaroc.com\/#\/schema\/logo\/image\/"}}]}},"_links":{"self":[{"href":"https:\/\/industriemaroc.com\/en\/wp-json\/wp\/v2\/product\/21871","targetHints":{"allow":["GET"]}}],"collection":[{"href":"https:\/\/industriemaroc.com\/en\/wp-json\/wp\/v2\/product"}],"about":[{"href":"https:\/\/industriemaroc.com\/en\/wp-json\/wp\/v2\/types\/product"}],"replies":[{"embeddable":true,"href":"https:\/\/industriemaroc.com\/en\/wp-json\/wp\/v2\/comments?post=21871"}],"version-history":[{"count":3,"href":"https:\/\/industriemaroc.com\/en\/wp-json\/wp\/v2\/product\/21871\/revisions"}],"predecessor-version":[{"id":21897,"href":"https:\/\/industriemaroc.com\/en\/wp-json\/wp\/v2\/product\/21871\/revisions\/21897"}],"wp:featuredmedia":[{"embeddable":true,"href":"https:\/\/industriemaroc.com\/en\/wp-json\/wp\/v2\/media\/21879"}],"wp:attachment":[{"href":"https:\/\/industriemaroc.com\/en\/wp-json\/wp\/v2\/media?parent=21871"}],"wp:term":[{"taxonomy":"product_brand","embeddable":true,"href":"https:\/\/industriemaroc.com\/en\/wp-json\/wp\/v2\/product_brand?post=21871"},{"taxonomy":"product_cat","embeddable":true,"href":"https:\/\/industriemaroc.com\/en\/wp-json\/wp\/v2\/product_cat?post=21871"},{"taxonomy":"product_tag","embeddable":true,"href":"https:\/\/industriemaroc.com\/en\/wp-json\/wp\/v2\/product_tag?post=21871"}],"curies":[{"name":"wp","href":"https:\/\/api.w.org\/{rel}","templated":true}]}}