{"id":21872,"date":"2024-06-12T22:32:18","date_gmt":"2024-06-12T20:32:18","guid":{"rendered":"https:\/\/industriemaroc.com\/?post_type=product&#038;p=21872"},"modified":"2024-06-12T22:51:56","modified_gmt":"2024-06-12T20:51:56","slug":"chaussure-s3-hro-src-doublure-3d","status":"publish","type":"product","link":"https:\/\/industriemaroc.com\/en\/product\/chaussure-s3-hro-src-doublure-3d\/","title":{"rendered":"Chaussure S3 SRC HRO DOUBLURE 3D"},"content":{"rendered":"<p>Chaussure avec tige cuir pleine fleur Nubuck Dakar Graiss\u00e9 Hydrofuge.<\/p>\n<p>Doublure 3D Air circulation 320 gr.<\/p>\n<p>Embout de s\u00e9curit\u00e9 composite.<\/p>\n<p>Semelle anti-perforation tiss\u00e9 ZERO (K).<\/p>\n<p>Semelle de propret\u00e9 BLOWFIT respirante et confortable.<\/p>\n<p>Semelle d\u2019usure PU-CAOUTCHOUC VIBRAM HRO r\u00e9sistante \u00e0 la chaleur par contact jusqu\u2019\u00e0 300\u00b0C.<\/p>\n<p>Pointures : 38 -48.<\/p>\n<p>Couleur : Marron.<\/p>\n<p>EN ISO 20345:2011 S3 HRO HI SRC<\/p>\n<p>&nbsp;<\/p>","protected":false},"excerpt":{"rendered":"<p>Embout de s\u00e9curit\u00e9 composite.<\/p>\n<p>Semelle anti-perforation tiss\u00e9 ZERO (K).<\/p>\n<p>Pointures : 38 -48.<\/p>\n<p>Couleur : Marron.<\/p>\n<p>EN ISO 20345:2011 S3 HRO HI SRC<\/p>","protected":false},"featured_media":21882,"comment_status":"open","ping_status":"closed","template":"","meta":{"om_disable_all_campaigns":false,"_monsterinsights_skip_tracking":false,"_monsterinsights_sitenote_active":false,"_monsterinsights_sitenote_note":"","_monsterinsights_sitenote_category":0,"_uf_show_specific_survey":0,"_uf_disable_surveys":false,"_joinchat":[]},"product_brand":[],"product_cat":[678,952,686,670],"product_tag":[],"class_list":{"0":"post-21872","1":"product","2":"type-product","3":"status-publish","4":"has-post-thumbnail","6":"product_cat-equipements-de-protection-individuelle-epi","7":"product_cat-gamme-s3","8":"product_cat-chaussure-securite-maroc","9":"product_cat-securite-sante","11":"first","12":"instock","13":"taxable","14":"shipping-taxable","15":"product-type-simple"},"yoast_head":"<!-- This site is optimized with the Yoast SEO plugin v27.4 - https:\/\/yoast.com\/product\/yoast-seo-wordpress\/ -->\n<title>Chaussure S3 SRC HRO DOUBLURE 3D - Industrie Maroc Online<\/title>\n<meta name=\"description\" content=\"Embout de s\u00e9curit\u00e9 composite.  Semelle anti-perforation tiss\u00e9 ZERO (K).  Pointures : 38 -48.  Couleur : Marron.  EN ISO 20345:2011 S3 HRO HI SRC\" \/>\n<meta name=\"robots\" content=\"index, follow, max-snippet:-1, max-image-preview:large, max-video-preview:-1\" \/>\n<link rel=\"canonical\" href=\"https:\/\/industriemaroc.com\/en\/product\/chaussure-s3-hro-src-doublure-3d\/\" \/>\n<meta property=\"og:locale\" content=\"en_US\" \/>\n<meta property=\"og:type\" content=\"article\" \/>\n<meta property=\"og:title\" content=\"Chaussure S3 SRC HRO DOUBLURE 3D - Industrie Maroc Online\" \/>\n<meta property=\"og:description\" content=\"Embout de s\u00e9curit\u00e9 composite.  Semelle anti-perforation tiss\u00e9 ZERO (K).  Pointures : 38 -48.  Couleur : Marron.  EN ISO 20345:2011 S3 HRO HI SRC\" \/>\n<meta property=\"og:url\" content=\"https:\/\/industriemaroc.com\/en\/product\/chaussure-s3-hro-src-doublure-3d\/\" \/>\n<meta property=\"og:site_name\" content=\"Industrie Maroc Online\" \/>\n<meta property=\"article:modified_time\" content=\"2024-06-12T20:51:56+00:00\" \/>\n<meta property=\"og:image\" content=\"https:\/\/industriemaroc.com\/wp-content\/uploads\/2024\/06\/STELVIO-N.png\" \/>\n\t<meta property=\"og:image:width\" content=\"700\" \/>\n\t<meta property=\"og:image:height\" content=\"700\" \/>\n\t<meta property=\"og:image:type\" content=\"image\/png\" \/>\n<meta name=\"twitter:card\" content=\"summary_large_image\" \/>\n<script type=\"application\/ld+json\" class=\"yoast-schema-graph\">{\"@context\":\"https:\\\/\\\/schema.org\",\"@graph\":[{\"@type\":\"WebPage\",\"@id\":\"https:\\\/\\\/industriemaroc.com\\\/produit\\\/chaussure-s3-hro-src-doublure-3d\\\/\",\"url\":\"https:\\\/\\\/industriemaroc.com\\\/produit\\\/chaussure-s3-hro-src-doublure-3d\\\/\",\"name\":\"Chaussure S3 SRC HRO DOUBLURE 3D - Industrie Maroc Online\",\"isPartOf\":{\"@id\":\"https:\\\/\\\/industriemaroc.com\\\/#website\"},\"primaryImageOfPage\":{\"@id\":\"https:\\\/\\\/industriemaroc.com\\\/produit\\\/chaussure-s3-hro-src-doublure-3d\\\/#primaryimage\"},\"image\":{\"@id\":\"https:\\\/\\\/industriemaroc.com\\\/produit\\\/chaussure-s3-hro-src-doublure-3d\\\/#primaryimage\"},\"thumbnailUrl\":\"https:\\\/\\\/industriemaroc.com\\\/wp-content\\\/uploads\\\/2024\\\/06\\\/STELVIO-N.png\",\"datePublished\":\"2024-06-12T20:32:18+00:00\",\"dateModified\":\"2024-06-12T20:51:56+00:00\",\"description\":\"Embout de s\u00e9curit\u00e9 composite. Semelle anti-perforation tiss\u00e9 ZERO (K). Pointures : 38 -48. Couleur : Marron. EN ISO 20345:2011 S3 HRO HI SRC\",\"breadcrumb\":{\"@id\":\"https:\\\/\\\/industriemaroc.com\\\/produit\\\/chaussure-s3-hro-src-doublure-3d\\\/#breadcrumb\"},\"inLanguage\":\"en-US\",\"potentialAction\":[{\"@type\":\"ReadAction\",\"target\":[\"https:\\\/\\\/industriemaroc.com\\\/produit\\\/chaussure-s3-hro-src-doublure-3d\\\/\"]}]},{\"@type\":\"ImageObject\",\"inLanguage\":\"en-US\",\"@id\":\"https:\\\/\\\/industriemaroc.com\\\/produit\\\/chaussure-s3-hro-src-doublure-3d\\\/#primaryimage\",\"url\":\"https:\\\/\\\/industriemaroc.com\\\/wp-content\\\/uploads\\\/2024\\\/06\\\/STELVIO-N.png\",\"contentUrl\":\"https:\\\/\\\/industriemaroc.com\\\/wp-content\\\/uploads\\\/2024\\\/06\\\/STELVIO-N.png\",\"width\":700,\"height\":700},{\"@type\":\"BreadcrumbList\",\"@id\":\"https:\\\/\\\/industriemaroc.com\\\/produit\\\/chaussure-s3-hro-src-doublure-3d\\\/#breadcrumb\",\"itemListElement\":[{\"@type\":\"ListItem\",\"position\":1,\"name\":\"Home\",\"item\":\"https:\\\/\\\/industriemaroc.com\\\/\"},{\"@type\":\"ListItem\",\"position\":2,\"name\":\"Shop\",\"item\":\"https:\\\/\\\/industriemaroc.com\\\/shop\\\/\"},{\"@type\":\"ListItem\",\"position\":3,\"name\":\"Chaussure S3 SRC HRO DOUBLURE 3D\"}]},{\"@type\":\"WebSite\",\"@id\":\"https:\\\/\\\/industriemaroc.com\\\/#website\",\"url\":\"https:\\\/\\\/industriemaroc.com\\\/\",\"name\":\"Industrie Maroc Online\",\"description\":\"Plateforme B2B de mat\u00e9riel professionnel au Maroc\",\"publisher\":{\"@id\":\"https:\\\/\\\/industriemaroc.com\\\/#organization\"},\"potentialAction\":[{\"@type\":\"SearchAction\",\"target\":{\"@type\":\"EntryPoint\",\"urlTemplate\":\"https:\\\/\\\/industriemaroc.com\\\/?s={search_term_string}\"},\"query-input\":{\"@type\":\"PropertyValueSpecification\",\"valueRequired\":true,\"valueName\":\"search_term_string\"}}],\"inLanguage\":\"en-US\"},{\"@type\":\"Organization\",\"@id\":\"https:\\\/\\\/industriemaroc.com\\\/#organization\",\"name\":\"industriemaroc.com\",\"url\":\"https:\\\/\\\/industriemaroc.com\\\/\",\"logo\":{\"@type\":\"ImageObject\",\"inLanguage\":\"en-US\",\"@id\":\"https:\\\/\\\/industriemaroc.com\\\/#\\\/schema\\\/logo\\\/image\\\/\",\"url\":\"https:\\\/\\\/industriemaroc.com\\\/wp-content\\\/uploads\\\/2024\\\/04\\\/IM.jpg\",\"contentUrl\":\"https:\\\/\\\/industriemaroc.com\\\/wp-content\\\/uploads\\\/2024\\\/04\\\/IM.jpg\",\"width\":2500,\"height\":2500,\"caption\":\"industriemaroc.com\"},\"image\":{\"@id\":\"https:\\\/\\\/industriemaroc.com\\\/#\\\/schema\\\/logo\\\/image\\\/\"}}]}<\/script>\n<!-- \/ Yoast SEO plugin. -->","yoast_head_json":{"title":"Chaussure S3 SRC HRO DOUBLURE 3D - Industrie Maroc Online","description":"Embout de s\u00e9curit\u00e9 composite.  Semelle anti-perforation tiss\u00e9 ZERO (K).  Pointures : 38 -48.  Couleur : Marron.  EN ISO 20345:2011 S3 HRO HI SRC","robots":{"index":"index","follow":"follow","max-snippet":"max-snippet:-1","max-image-preview":"max-image-preview:large","max-video-preview":"max-video-preview:-1"},"canonical":"https:\/\/industriemaroc.com\/en\/product\/chaussure-s3-hro-src-doublure-3d\/","og_locale":"en_US","og_type":"article","og_title":"Chaussure S3 SRC HRO DOUBLURE 3D - Industrie Maroc Online","og_description":"Embout de s\u00e9curit\u00e9 composite.  Semelle anti-perforation tiss\u00e9 ZERO (K).  Pointures : 38 -48.  Couleur : Marron.  EN ISO 20345:2011 S3 HRO HI SRC","og_url":"https:\/\/industriemaroc.com\/en\/product\/chaussure-s3-hro-src-doublure-3d\/","og_site_name":"Industrie Maroc Online","article_modified_time":"2024-06-12T20:51:56+00:00","og_image":[{"width":700,"height":700,"url":"https:\/\/industriemaroc.com\/wp-content\/uploads\/2024\/06\/STELVIO-N.png","type":"image\/png"}],"twitter_card":"summary_large_image","schema":{"@context":"https:\/\/schema.org","@graph":[{"@type":"WebPage","@id":"https:\/\/industriemaroc.com\/produit\/chaussure-s3-hro-src-doublure-3d\/","url":"https:\/\/industriemaroc.com\/produit\/chaussure-s3-hro-src-doublure-3d\/","name":"Chaussure S3 SRC HRO DOUBLURE 3D - Industrie Maroc Online","isPartOf":{"@id":"https:\/\/industriemaroc.com\/#website"},"primaryImageOfPage":{"@id":"https:\/\/industriemaroc.com\/produit\/chaussure-s3-hro-src-doublure-3d\/#primaryimage"},"image":{"@id":"https:\/\/industriemaroc.com\/produit\/chaussure-s3-hro-src-doublure-3d\/#primaryimage"},"thumbnailUrl":"https:\/\/industriemaroc.com\/wp-content\/uploads\/2024\/06\/STELVIO-N.png","datePublished":"2024-06-12T20:32:18+00:00","dateModified":"2024-06-12T20:51:56+00:00","description":"Embout de s\u00e9curit\u00e9 composite. Semelle anti-perforation tiss\u00e9 ZERO (K). Pointures : 38 -48. Couleur : Marron. EN ISO 20345:2011 S3 HRO HI SRC","breadcrumb":{"@id":"https:\/\/industriemaroc.com\/produit\/chaussure-s3-hro-src-doublure-3d\/#breadcrumb"},"inLanguage":"en-US","potentialAction":[{"@type":"ReadAction","target":["https:\/\/industriemaroc.com\/produit\/chaussure-s3-hro-src-doublure-3d\/"]}]},{"@type":"ImageObject","inLanguage":"en-US","@id":"https:\/\/industriemaroc.com\/produit\/chaussure-s3-hro-src-doublure-3d\/#primaryimage","url":"https:\/\/industriemaroc.com\/wp-content\/uploads\/2024\/06\/STELVIO-N.png","contentUrl":"https:\/\/industriemaroc.com\/wp-content\/uploads\/2024\/06\/STELVIO-N.png","width":700,"height":700},{"@type":"BreadcrumbList","@id":"https:\/\/industriemaroc.com\/produit\/chaussure-s3-hro-src-doublure-3d\/#breadcrumb","itemListElement":[{"@type":"ListItem","position":1,"name":"Home","item":"https:\/\/industriemaroc.com\/"},{"@type":"ListItem","position":2,"name":"Shop","item":"https:\/\/industriemaroc.com\/shop\/"},{"@type":"ListItem","position":3,"name":"Chaussure S3 SRC HRO DOUBLURE 3D"}]},{"@type":"WebSite","@id":"https:\/\/industriemaroc.com\/#website","url":"https:\/\/industriemaroc.com\/","name":"Industrie Maroc Online","description":"Plateforme B2B de mat\u00e9riel professionnel au Maroc","publisher":{"@id":"https:\/\/industriemaroc.com\/#organization"},"potentialAction":[{"@type":"SearchAction","target":{"@type":"EntryPoint","urlTemplate":"https:\/\/industriemaroc.com\/?s={search_term_string}"},"query-input":{"@type":"PropertyValueSpecification","valueRequired":true,"valueName":"search_term_string"}}],"inLanguage":"en-US"},{"@type":"Organization","@id":"https:\/\/industriemaroc.com\/#organization","name":"industriemaroc.com","url":"https:\/\/industriemaroc.com\/","logo":{"@type":"ImageObject","inLanguage":"en-US","@id":"https:\/\/industriemaroc.com\/#\/schema\/logo\/image\/","url":"https:\/\/industriemaroc.com\/wp-content\/uploads\/2024\/04\/IM.jpg","contentUrl":"https:\/\/industriemaroc.com\/wp-content\/uploads\/2024\/04\/IM.jpg","width":2500,"height":2500,"caption":"industriemaroc.com"},"image":{"@id":"https:\/\/industriemaroc.com\/#\/schema\/logo\/image\/"}}]}},"_links":{"self":[{"href":"https:\/\/industriemaroc.com\/en\/wp-json\/wp\/v2\/product\/21872","targetHints":{"allow":["GET"]}}],"collection":[{"href":"https:\/\/industriemaroc.com\/en\/wp-json\/wp\/v2\/product"}],"about":[{"href":"https:\/\/industriemaroc.com\/en\/wp-json\/wp\/v2\/types\/product"}],"replies":[{"embeddable":true,"href":"https:\/\/industriemaroc.com\/en\/wp-json\/wp\/v2\/comments?post=21872"}],"version-history":[{"count":2,"href":"https:\/\/industriemaroc.com\/en\/wp-json\/wp\/v2\/product\/21872\/revisions"}],"predecessor-version":[{"id":21895,"href":"https:\/\/industriemaroc.com\/en\/wp-json\/wp\/v2\/product\/21872\/revisions\/21895"}],"wp:featuredmedia":[{"embeddable":true,"href":"https:\/\/industriemaroc.com\/en\/wp-json\/wp\/v2\/media\/21882"}],"wp:attachment":[{"href":"https:\/\/industriemaroc.com\/en\/wp-json\/wp\/v2\/media?parent=21872"}],"wp:term":[{"taxonomy":"product_brand","embeddable":true,"href":"https:\/\/industriemaroc.com\/en\/wp-json\/wp\/v2\/product_brand?post=21872"},{"taxonomy":"product_cat","embeddable":true,"href":"https:\/\/industriemaroc.com\/en\/wp-json\/wp\/v2\/product_cat?post=21872"},{"taxonomy":"product_tag","embeddable":true,"href":"https:\/\/industriemaroc.com\/en\/wp-json\/wp\/v2\/product_tag?post=21872"}],"curies":[{"name":"wp","href":"https:\/\/api.w.org\/{rel}","templated":true}]}}