{"id":22025,"date":"2024-08-01T17:13:45","date_gmt":"2024-08-01T15:13:45","guid":{"rendered":"https:\/\/industriemaroc.com\/?post_type=product&#038;p=22025"},"modified":"2024-08-01T17:18:19","modified_gmt":"2024-08-01T15:18:19","slug":"transpalette-manuel-inox-capacite-2500kg","status":"publish","type":"product","link":"https:\/\/industriemaroc.com\/en\/product\/transpalette-manuel-inox-capacite-2500kg\/","title":{"rendered":"Transpalette Manuel Inox &#8211; Capacit\u00e9 2500KG"},"content":{"rendered":"<ul>\n<li>Adapt\u00e9 pour l&rsquo;industrie alimentaire et chimique, pour les milieux humides et corrosifs<\/li>\n<li>Levage rapide (Quick Lift)<\/li>\n<li>Capacit\u00e9 2500KG<\/li>\n<\/ul>","protected":false},"excerpt":{"rendered":"<ul>\n<li>Adapt\u00e9 pour l&rsquo;industrie alimentaire et chimique, pour les milieux humides et corrosifs<\/li>\n<li>Levage rapide (Quick Lift)<\/li>\n<li>Capacit\u00e9 2500KG<\/li>\n<\/ul>","protected":false},"featured_media":22027,"comment_status":"open","ping_status":"closed","template":"","meta":{"om_disable_all_campaigns":false,"_monsterinsights_skip_tracking":false,"_monsterinsights_sitenote_active":false,"_monsterinsights_sitenote_note":"","_monsterinsights_sitenote_category":0,"_uf_show_specific_survey":0,"_uf_disable_surveys":false,"_joinchat":[]},"product_brand":[],"product_cat":[671,1048,1247],"product_tag":[],"class_list":{"0":"post-22025","1":"product","2":"type-product","3":"status-publish","4":"has-post-thumbnail","6":"product_cat-entrepot","7":"product_cat-manutention","8":"product_cat-transpalette-inox","10":"first","11":"instock","12":"taxable","13":"shipping-taxable","14":"product-type-simple"},"yoast_head":"<!-- This site is optimized with the Yoast SEO plugin v27.4 - https:\/\/yoast.com\/product\/yoast-seo-wordpress\/ -->\n<title>Transpalette Manuel Inox - Capacit\u00e9 2500KG - Industrie Maroc Online<\/title>\n<meta name=\"description\" content=\"Adapt\u00e9 pour l&#039;industrie alimentaire et chimique, pour les milieux humides et corrosifs  Levage rapide (Quick Lift)  Capacit\u00e9 2500KG\" \/>\n<meta name=\"robots\" content=\"index, follow, max-snippet:-1, max-image-preview:large, max-video-preview:-1\" \/>\n<link rel=\"canonical\" href=\"https:\/\/industriemaroc.com\/en\/product\/transpalette-manuel-inox-capacite-2500kg\/\" \/>\n<meta property=\"og:locale\" content=\"en_US\" \/>\n<meta property=\"og:type\" content=\"article\" \/>\n<meta property=\"og:title\" content=\"Transpalette Manuel Inox - Capacit\u00e9 2500KG - Industrie Maroc Online\" \/>\n<meta property=\"og:description\" content=\"Adapt\u00e9 pour l&#039;industrie alimentaire et chimique, pour les milieux humides et corrosifs  Levage rapide (Quick Lift)  Capacit\u00e9 2500KG\" \/>\n<meta property=\"og:url\" content=\"https:\/\/industriemaroc.com\/en\/product\/transpalette-manuel-inox-capacite-2500kg\/\" \/>\n<meta property=\"og:site_name\" content=\"Industrie Maroc Online\" \/>\n<meta property=\"article:modified_time\" content=\"2024-08-01T15:18:19+00:00\" \/>\n<meta property=\"og:image\" content=\"https:\/\/industriemaroc.com\/wp-content\/uploads\/2024\/08\/TRANSPALETTE-INOX-N-1.png\" \/>\n\t<meta property=\"og:image:width\" content=\"700\" \/>\n\t<meta property=\"og:image:height\" content=\"700\" \/>\n\t<meta property=\"og:image:type\" content=\"image\/png\" \/>\n<meta name=\"twitter:card\" content=\"summary_large_image\" \/>\n<script type=\"application\/ld+json\" class=\"yoast-schema-graph\">{\"@context\":\"https:\\\/\\\/schema.org\",\"@graph\":[{\"@type\":\"WebPage\",\"@id\":\"https:\\\/\\\/industriemaroc.com\\\/produit\\\/transpalette-manuel-inox-capacite-2500kg\\\/\",\"url\":\"https:\\\/\\\/industriemaroc.com\\\/produit\\\/transpalette-manuel-inox-capacite-2500kg\\\/\",\"name\":\"Transpalette Manuel Inox - Capacit\u00e9 2500KG - Industrie Maroc Online\",\"isPartOf\":{\"@id\":\"https:\\\/\\\/industriemaroc.com\\\/#website\"},\"primaryImageOfPage\":{\"@id\":\"https:\\\/\\\/industriemaroc.com\\\/produit\\\/transpalette-manuel-inox-capacite-2500kg\\\/#primaryimage\"},\"image\":{\"@id\":\"https:\\\/\\\/industriemaroc.com\\\/produit\\\/transpalette-manuel-inox-capacite-2500kg\\\/#primaryimage\"},\"thumbnailUrl\":\"https:\\\/\\\/industriemaroc.com\\\/wp-content\\\/uploads\\\/2024\\\/08\\\/TRANSPALETTE-INOX-N-1.png\",\"datePublished\":\"2024-08-01T15:13:45+00:00\",\"dateModified\":\"2024-08-01T15:18:19+00:00\",\"description\":\"Adapt\u00e9 pour l'industrie alimentaire et chimique, pour les milieux humides et corrosifs Levage rapide (Quick Lift) Capacit\u00e9 2500KG\",\"breadcrumb\":{\"@id\":\"https:\\\/\\\/industriemaroc.com\\\/produit\\\/transpalette-manuel-inox-capacite-2500kg\\\/#breadcrumb\"},\"inLanguage\":\"en-US\",\"potentialAction\":[{\"@type\":\"ReadAction\",\"target\":[\"https:\\\/\\\/industriemaroc.com\\\/produit\\\/transpalette-manuel-inox-capacite-2500kg\\\/\"]}]},{\"@type\":\"ImageObject\",\"inLanguage\":\"en-US\",\"@id\":\"https:\\\/\\\/industriemaroc.com\\\/produit\\\/transpalette-manuel-inox-capacite-2500kg\\\/#primaryimage\",\"url\":\"https:\\\/\\\/industriemaroc.com\\\/wp-content\\\/uploads\\\/2024\\\/08\\\/TRANSPALETTE-INOX-N-1.png\",\"contentUrl\":\"https:\\\/\\\/industriemaroc.com\\\/wp-content\\\/uploads\\\/2024\\\/08\\\/TRANSPALETTE-INOX-N-1.png\",\"width\":700,\"height\":700},{\"@type\":\"BreadcrumbList\",\"@id\":\"https:\\\/\\\/industriemaroc.com\\\/produit\\\/transpalette-manuel-inox-capacite-2500kg\\\/#breadcrumb\",\"itemListElement\":[{\"@type\":\"ListItem\",\"position\":1,\"name\":\"Home\",\"item\":\"https:\\\/\\\/industriemaroc.com\\\/\"},{\"@type\":\"ListItem\",\"position\":2,\"name\":\"Shop\",\"item\":\"https:\\\/\\\/industriemaroc.com\\\/shop\\\/\"},{\"@type\":\"ListItem\",\"position\":3,\"name\":\"Transpalette Manuel Inox &#8211; Capacit\u00e9 2500KG\"}]},{\"@type\":\"WebSite\",\"@id\":\"https:\\\/\\\/industriemaroc.com\\\/#website\",\"url\":\"https:\\\/\\\/industriemaroc.com\\\/\",\"name\":\"Industrie Maroc Online\",\"description\":\"Plateforme B2B de mat\u00e9riel professionnel au Maroc\",\"publisher\":{\"@id\":\"https:\\\/\\\/industriemaroc.com\\\/#organization\"},\"potentialAction\":[{\"@type\":\"SearchAction\",\"target\":{\"@type\":\"EntryPoint\",\"urlTemplate\":\"https:\\\/\\\/industriemaroc.com\\\/?s={search_term_string}\"},\"query-input\":{\"@type\":\"PropertyValueSpecification\",\"valueRequired\":true,\"valueName\":\"search_term_string\"}}],\"inLanguage\":\"en-US\"},{\"@type\":\"Organization\",\"@id\":\"https:\\\/\\\/industriemaroc.com\\\/#organization\",\"name\":\"industriemaroc.com\",\"url\":\"https:\\\/\\\/industriemaroc.com\\\/\",\"logo\":{\"@type\":\"ImageObject\",\"inLanguage\":\"en-US\",\"@id\":\"https:\\\/\\\/industriemaroc.com\\\/#\\\/schema\\\/logo\\\/image\\\/\",\"url\":\"https:\\\/\\\/industriemaroc.com\\\/wp-content\\\/uploads\\\/2024\\\/04\\\/IM.jpg\",\"contentUrl\":\"https:\\\/\\\/industriemaroc.com\\\/wp-content\\\/uploads\\\/2024\\\/04\\\/IM.jpg\",\"width\":2500,\"height\":2500,\"caption\":\"industriemaroc.com\"},\"image\":{\"@id\":\"https:\\\/\\\/industriemaroc.com\\\/#\\\/schema\\\/logo\\\/image\\\/\"}}]}<\/script>\n<!-- \/ Yoast SEO plugin. -->","yoast_head_json":{"title":"Transpalette Manuel Inox - Capacit\u00e9 2500KG - Industrie Maroc Online","description":"Adapt\u00e9 pour l'industrie alimentaire et chimique, pour les milieux humides et corrosifs  Levage rapide (Quick Lift)  Capacit\u00e9 2500KG","robots":{"index":"index","follow":"follow","max-snippet":"max-snippet:-1","max-image-preview":"max-image-preview:large","max-video-preview":"max-video-preview:-1"},"canonical":"https:\/\/industriemaroc.com\/en\/product\/transpalette-manuel-inox-capacite-2500kg\/","og_locale":"en_US","og_type":"article","og_title":"Transpalette Manuel Inox - Capacit\u00e9 2500KG - Industrie Maroc Online","og_description":"Adapt\u00e9 pour l'industrie alimentaire et chimique, pour les milieux humides et corrosifs  Levage rapide (Quick Lift)  Capacit\u00e9 2500KG","og_url":"https:\/\/industriemaroc.com\/en\/product\/transpalette-manuel-inox-capacite-2500kg\/","og_site_name":"Industrie Maroc Online","article_modified_time":"2024-08-01T15:18:19+00:00","og_image":[{"width":700,"height":700,"url":"https:\/\/industriemaroc.com\/wp-content\/uploads\/2024\/08\/TRANSPALETTE-INOX-N-1.png","type":"image\/png"}],"twitter_card":"summary_large_image","schema":{"@context":"https:\/\/schema.org","@graph":[{"@type":"WebPage","@id":"https:\/\/industriemaroc.com\/produit\/transpalette-manuel-inox-capacite-2500kg\/","url":"https:\/\/industriemaroc.com\/produit\/transpalette-manuel-inox-capacite-2500kg\/","name":"Transpalette Manuel Inox - Capacit\u00e9 2500KG - Industrie Maroc Online","isPartOf":{"@id":"https:\/\/industriemaroc.com\/#website"},"primaryImageOfPage":{"@id":"https:\/\/industriemaroc.com\/produit\/transpalette-manuel-inox-capacite-2500kg\/#primaryimage"},"image":{"@id":"https:\/\/industriemaroc.com\/produit\/transpalette-manuel-inox-capacite-2500kg\/#primaryimage"},"thumbnailUrl":"https:\/\/industriemaroc.com\/wp-content\/uploads\/2024\/08\/TRANSPALETTE-INOX-N-1.png","datePublished":"2024-08-01T15:13:45+00:00","dateModified":"2024-08-01T15:18:19+00:00","description":"Adapt\u00e9 pour l'industrie alimentaire et chimique, pour les milieux humides et corrosifs Levage rapide (Quick Lift) Capacit\u00e9 2500KG","breadcrumb":{"@id":"https:\/\/industriemaroc.com\/produit\/transpalette-manuel-inox-capacite-2500kg\/#breadcrumb"},"inLanguage":"en-US","potentialAction":[{"@type":"ReadAction","target":["https:\/\/industriemaroc.com\/produit\/transpalette-manuel-inox-capacite-2500kg\/"]}]},{"@type":"ImageObject","inLanguage":"en-US","@id":"https:\/\/industriemaroc.com\/produit\/transpalette-manuel-inox-capacite-2500kg\/#primaryimage","url":"https:\/\/industriemaroc.com\/wp-content\/uploads\/2024\/08\/TRANSPALETTE-INOX-N-1.png","contentUrl":"https:\/\/industriemaroc.com\/wp-content\/uploads\/2024\/08\/TRANSPALETTE-INOX-N-1.png","width":700,"height":700},{"@type":"BreadcrumbList","@id":"https:\/\/industriemaroc.com\/produit\/transpalette-manuel-inox-capacite-2500kg\/#breadcrumb","itemListElement":[{"@type":"ListItem","position":1,"name":"Home","item":"https:\/\/industriemaroc.com\/"},{"@type":"ListItem","position":2,"name":"Shop","item":"https:\/\/industriemaroc.com\/shop\/"},{"@type":"ListItem","position":3,"name":"Transpalette Manuel Inox &#8211; Capacit\u00e9 2500KG"}]},{"@type":"WebSite","@id":"https:\/\/industriemaroc.com\/#website","url":"https:\/\/industriemaroc.com\/","name":"Industrie Maroc Online","description":"Plateforme B2B de mat\u00e9riel professionnel au Maroc","publisher":{"@id":"https:\/\/industriemaroc.com\/#organization"},"potentialAction":[{"@type":"SearchAction","target":{"@type":"EntryPoint","urlTemplate":"https:\/\/industriemaroc.com\/?s={search_term_string}"},"query-input":{"@type":"PropertyValueSpecification","valueRequired":true,"valueName":"search_term_string"}}],"inLanguage":"en-US"},{"@type":"Organization","@id":"https:\/\/industriemaroc.com\/#organization","name":"industriemaroc.com","url":"https:\/\/industriemaroc.com\/","logo":{"@type":"ImageObject","inLanguage":"en-US","@id":"https:\/\/industriemaroc.com\/#\/schema\/logo\/image\/","url":"https:\/\/industriemaroc.com\/wp-content\/uploads\/2024\/04\/IM.jpg","contentUrl":"https:\/\/industriemaroc.com\/wp-content\/uploads\/2024\/04\/IM.jpg","width":2500,"height":2500,"caption":"industriemaroc.com"},"image":{"@id":"https:\/\/industriemaroc.com\/#\/schema\/logo\/image\/"}}]}},"_links":{"self":[{"href":"https:\/\/industriemaroc.com\/en\/wp-json\/wp\/v2\/product\/22025","targetHints":{"allow":["GET"]}}],"collection":[{"href":"https:\/\/industriemaroc.com\/en\/wp-json\/wp\/v2\/product"}],"about":[{"href":"https:\/\/industriemaroc.com\/en\/wp-json\/wp\/v2\/types\/product"}],"replies":[{"embeddable":true,"href":"https:\/\/industriemaroc.com\/en\/wp-json\/wp\/v2\/comments?post=22025"}],"version-history":[{"count":1,"href":"https:\/\/industriemaroc.com\/en\/wp-json\/wp\/v2\/product\/22025\/revisions"}],"predecessor-version":[{"id":22026,"href":"https:\/\/industriemaroc.com\/en\/wp-json\/wp\/v2\/product\/22025\/revisions\/22026"}],"wp:featuredmedia":[{"embeddable":true,"href":"https:\/\/industriemaroc.com\/en\/wp-json\/wp\/v2\/media\/22027"}],"wp:attachment":[{"href":"https:\/\/industriemaroc.com\/en\/wp-json\/wp\/v2\/media?parent=22025"}],"wp:term":[{"taxonomy":"product_brand","embeddable":true,"href":"https:\/\/industriemaroc.com\/en\/wp-json\/wp\/v2\/product_brand?post=22025"},{"taxonomy":"product_cat","embeddable":true,"href":"https:\/\/industriemaroc.com\/en\/wp-json\/wp\/v2\/product_cat?post=22025"},{"taxonomy":"product_tag","embeddable":true,"href":"https:\/\/industriemaroc.com\/en\/wp-json\/wp\/v2\/product_tag?post=22025"}],"curies":[{"name":"wp","href":"https:\/\/api.w.org\/{rel}","templated":true}]}}