{"id":23898,"date":"2025-04-17T22:02:04","date_gmt":"2025-04-17T20:02:04","guid":{"rendered":"https:\/\/industriemaroc.com\/?post_type=product&#038;p=23898"},"modified":"2025-11-17T14:53:01","modified_gmt":"2025-11-17T13:53:01","slug":"scelle-en-fil-acier-pour-compteur","status":"publish","type":"product","link":"https:\/\/industriemaroc.com\/en\/product\/scelle-en-fil-acier-pour-compteur\/","title":{"rendered":"Scell\u00e9 de S\u00e9curit\u00e9 pour Compteur &#8211; Paquet de 100"},"content":{"rendered":"<h1 class=\"\" data-start=\"1487\" data-end=\"1585\"><strong data-start=\"1489\" data-end=\"1585\">Scell\u00e9 de S\u00e9curit\u00e9 pour Compteur au Maroc \u2013 Solution Antifraude pour Eau, \u00c9lectricit\u00e9 et Gaz<\/strong><\/h1>\n<h2 class=\"\" data-start=\"1587\" data-end=\"1683\"><strong data-start=\"1590\" data-end=\"1683\">Une protection essentielle pour la tra\u00e7abilit\u00e9 et la s\u00e9curit\u00e9 des \u00e9quipements de comptage<\/strong><\/h2>\n<p class=\"\" data-start=\"1685\" data-end=\"2093\">Le <strong data-start=\"1688\" data-end=\"1724\">scell\u00e9 de s\u00e9curit\u00e9 pour compteur<\/strong> est un dispositif indispensable pour pr\u00e9venir la fraude, garantir l\u2019int\u00e9grit\u00e9 des donn\u00e9es de consommation, et assurer le contr\u00f4le des installations de mesure.<\/p>\n<p class=\"\" data-start=\"1685\" data-end=\"2093\">Utilis\u00e9 massivement par les <strong data-start=\"1912\" data-end=\"1976\">r\u00e9gies, distributeurs, industriels et collectivit\u00e9s au Maroc<\/strong>, il permet de sceller les <strong data-start=\"2003\" data-end=\"2070\">compteurs d\u2019eau, d\u2019\u00e9lectricit\u00e9, de gaz ou de t\u00e9l\u00e9communications<\/strong> de mani\u00e8re inviolable.<\/p>\n<p class=\"\" data-start=\"2095\" data-end=\"2355\">Gr\u00e2ce \u00e0 sa <strong data-start=\"2106\" data-end=\"2142\">conception en plastique renforc\u00e9<\/strong> et son <strong data-start=\"2150\" data-end=\"2192\">m\u00e9canisme de verrouillage irr\u00e9versible<\/strong>, toute tentative de manipulation devient imm\u00e9diatement visible. De plus, chaque scell\u00e9 est <strong data-start=\"2284\" data-end=\"2314\">num\u00e9rot\u00e9 de mani\u00e8re unique<\/strong> pour permettre une tra\u00e7abilit\u00e9 parfaite.<\/p>\n<h2 class=\"\" data-start=\"2357\" data-end=\"2410\"><strong data-start=\"2360\" data-end=\"2410\">Caract\u00e9ristiques techniques du scell\u00e9 de s\u00e9curit\u00e9 pour compteur Maroc<\/strong><\/h2>\n<ul data-start=\"2412\" data-end=\"2956\">\n<li class=\"\" data-start=\"2412\" data-end=\"2475\">\n<p class=\"\" data-start=\"2414\" data-end=\"2475\"><strong data-start=\"2414\" data-end=\"2422\">Type<\/strong> : scell\u00e9 plastique inviolable \u00e0 insertion manuelle<\/p>\n<\/li>\n<li class=\"\" data-start=\"2664\" data-end=\"2732\">\n<p class=\"\" data-start=\"2666\" data-end=\"2732\"><strong data-start=\"2666\" data-end=\"2682\">Num\u00e9rotation<\/strong> : unique, s\u00e9quentielle, avec option code-barres<\/p>\n<\/li>\n<li class=\"\" data-start=\"2733\" data-end=\"2794\">\n<p class=\"\" data-start=\"2735\" data-end=\"2794\"><strong data-start=\"2735\" data-end=\"2755\">Personnalisation<\/strong> : logo &amp; Nom<\/p>\n<\/li>\n<li class=\"\" data-start=\"2795\" data-end=\"2848\">\n<p class=\"\" data-start=\"2797\" data-end=\"2848\"><strong data-start=\"2797\" data-end=\"2830\">Temp\u00e9rature de fonctionnement<\/strong> : -20\u00b0C \u00e0 +80\u00b0C<\/p>\n<\/li>\n<li class=\"\" data-start=\"2849\" data-end=\"2905\">\n<p class=\"\" data-start=\"2851\" data-end=\"2905\"><strong data-start=\"2851\" data-end=\"2870\">Conditionnement<\/strong> : par sacs de 100 ou 1000 pi\u00e8ces<\/p>\n<\/li>\n<li class=\"\" data-start=\"2906\" data-end=\"2956\">\n<p class=\"\" data-start=\"2908\" data-end=\"2956\"><strong data-start=\"2908\" data-end=\"2923\">Utilisation<\/strong> : insertion manuelle, sans outil<\/p>\n<\/li>\n<\/ul>\n<h2 class=\"\" data-start=\"2958\" data-end=\"3008\"><strong data-start=\"2961\" data-end=\"3008\">Avantages du scell\u00e9 de s\u00e9curit\u00e9 pour compteurs au Maroc<\/strong><\/h2>\n<ul data-start=\"3010\" data-end=\"3367\">\n<li class=\"\" data-start=\"3010\" data-end=\"3082\">\n<p class=\"\" data-start=\"3012\" data-end=\"3082\">\u2705 <strong data-start=\"3014\" data-end=\"3040\">Inviolabilit\u00e9 garantie<\/strong> \u2013 toute tentative de fraude est visible<\/p>\n<\/li>\n<li class=\"\" data-start=\"3083\" data-end=\"3137\">\n<p class=\"\" data-start=\"3085\" data-end=\"3137\">\u2705 <strong data-start=\"3087\" data-end=\"3111\">Tra\u00e7abilit\u00e9 compl\u00e8te<\/strong> gr\u00e2ce \u00e0 la num\u00e9rotation<\/p>\n<\/li>\n<li class=\"\" data-start=\"3138\" data-end=\"3202\">\n<p class=\"\" data-start=\"3140\" data-end=\"3202\">\u2705 <strong data-start=\"3142\" data-end=\"3165\">Installation rapide<\/strong> sans besoin de mat\u00e9riel sp\u00e9cifique<\/p>\n<\/li>\n<li class=\"\" data-start=\"3203\" data-end=\"3263\">\n<p class=\"\" data-start=\"3205\" data-end=\"3263\">\u2705 <strong data-start=\"3207\" data-end=\"3261\">Adapt\u00e9 aux environnements int\u00e9rieurs et ext\u00e9rieurs<\/strong><\/p>\n<\/li>\n<li class=\"\" data-start=\"3264\" data-end=\"3317\">\n<p class=\"\" data-start=\"3266\" data-end=\"3317\">\u2705 <strong data-start=\"3268\" data-end=\"3291\">Solution \u00e9conomique<\/strong> pour les grandes s\u00e9ries<\/p>\n<\/li>\n<li class=\"\" data-start=\"3318\" data-end=\"3367\">\n<p class=\"\" data-start=\"3320\" data-end=\"3367\">\u2705 <strong data-start=\"3322\" data-end=\"3367\">Personnalisable selon vos besoins m\u00e9tiers<\/strong><\/p>\n<\/li>\n<\/ul>\n<h2 class=\"\" data-start=\"3369\" data-end=\"3425\"><strong data-start=\"3372\" data-end=\"3425\">Applications courantes dans l\u2019industrie marocaine<\/strong><\/h2>\n<ul data-start=\"3427\" data-end=\"3734\">\n<li class=\"\" data-start=\"3427\" data-end=\"3493\">\n<p class=\"\" data-start=\"3429\" data-end=\"3493\">Scellage de <strong data-start=\"3441\" data-end=\"3491\">compteurs \u00e9lectriques basse ou moyenne tension<\/strong><\/p>\n<\/li>\n<li class=\"\" data-start=\"3494\" data-end=\"3543\">\n<p class=\"\" data-start=\"3496\" data-end=\"3543\">S\u00e9curisation de <strong data-start=\"3512\" data-end=\"3541\">compteurs d\u2019eau ou de gaz<\/strong><\/p>\n<\/li>\n<li class=\"\" data-start=\"3544\" data-end=\"3603\">\n<p class=\"\" data-start=\"3546\" data-end=\"3603\">Usage par les <strong data-start=\"3560\" data-end=\"3601\">r\u00e9gies publiques et op\u00e9rateurs priv\u00e9s<\/strong><\/p>\n<\/li>\n<li class=\"\" data-start=\"3604\" data-end=\"3670\">\n<p class=\"\" data-start=\"3606\" data-end=\"3670\">Scellage de <strong data-start=\"3618\" data-end=\"3668\">bo\u00eetiers de t\u00e9l\u00e9communication ou fibre optique<\/strong><\/p>\n<\/li>\n<li class=\"\" data-start=\"3671\" data-end=\"3734\">\n<p class=\"\" data-start=\"3673\" data-end=\"3734\"><strong data-start=\"3673\" data-end=\"3734\">Contr\u00f4le des \u00e9quipements de mesure en zones industrielles<\/strong><\/p>\n<\/li>\n<\/ul>\n<h2 class=\"\" data-start=\"3736\" data-end=\"3788\"><strong data-start=\"3739\" data-end=\"3788\">Commandez vos scell\u00e9s chez Industriemaroc.com<\/strong><\/h2>\n<p class=\"\" data-start=\"3790\" data-end=\"4039\">Avec <strong data-start=\"3795\" data-end=\"3817\">Industriemaroc.com<\/strong>, profitez d\u2019un <strong data-start=\"3833\" data-end=\"3868\">large stock disponible au Maroc<\/strong>, d\u2019une <strong data-start=\"3876\" data-end=\"3896\">livraison rapide<\/strong>, et de la possibilit\u00e9 de <strong data-start=\"3922\" data-end=\"3953\">personnalisation sur mesure<\/strong>. Nous accompagnons les professionnels marocains pour garantir s\u00e9curit\u00e9 et conformit\u00e9.<\/p>\n<p class=\"\" data-start=\"4041\" data-end=\"4170\">\ud83d\udcde Contactez-nous pour un devis adapt\u00e9 \u00e0 vos quantit\u00e9s<br data-start=\"4095\" data-end=\"4098\" \/>\ud83d\udce6 Livraison dans tout le Royaume<\/p>\n<p>D\u00e9couvrez notre Gamme Large des scell\u00e9s sur\u00a0<a href=\"https:\/\/industriemaroc.com\/en\/product-category\/emballage\/scelle-securite\/\">https:\/\/industriemaroc.com\/product-category\/emballage\/scelle-securite\/<\/a><\/p>","protected":false},"excerpt":{"rendered":"<p>\ud83d\udd12 Scell\u00e9 plastique inviolable pour compteurs<br data-start=\"1254\" data-end=\"1257\" \/>\ud83d\udd22 Num\u00e9rotation unique et personnalisable<br data-start=\"1298\" data-end=\"1301\" \/>\ud83d\udd27 Installation simple sans outil<br data-start=\"1334\" data-end=\"1337\" \/>\ud83d\udce6 Id\u00e9al pour eau, \u00e9lectricit\u00e9, gaz, t\u00e9l\u00e9coms<br data-start=\"1382\" data-end=\"1385\" \/>\ud83d\udccd Livraison rapide partout au Maroc<\/p>\n<p>&nbsp;<\/p>","protected":false},"featured_media":23904,"comment_status":"open","ping_status":"closed","template":"","meta":{"om_disable_all_campaigns":false,"_monsterinsights_skip_tracking":false,"_monsterinsights_sitenote_active":false,"_monsterinsights_sitenote_note":"","_monsterinsights_sitenote_category":0,"_uf_show_specific_survey":0,"_uf_disable_surveys":false,"_joinchat":[]},"product_brand":[],"product_cat":[768,673,1053],"product_tag":[],"class_list":{"0":"post-23898","1":"product","2":"type-product","3":"status-publish","4":"has-post-thumbnail","6":"product_cat-consommable-emballage-maroc","7":"product_cat-emballage-maroc","8":"product_cat-scelle-securite","10":"first","11":"instock","12":"taxable","13":"shipping-taxable","14":"purchasable","15":"product-type-simple"},"yoast_head":"<!-- This site is optimized with the Yoast SEO plugin v27.4 - https:\/\/yoast.com\/product\/yoast-seo-wordpress\/ -->\n<title>Scell\u00e9 de S\u00e9curit\u00e9 pour Compteur au Maroc | industriemaroc.com<\/title>\n<meta name=\"description\" content=\"D\u00e9couvrez notre scell\u00e9 de s\u00e9curit\u00e9 pour compteur au Maroc. Possibilit\u00e9 de personnaliser Nom + Logo. Livraison partout. Commandez sur industriemaroc.com !\" \/>\n<meta name=\"robots\" content=\"index, follow, max-snippet:-1, max-image-preview:large, max-video-preview:-1\" \/>\n<link rel=\"canonical\" href=\"https:\/\/industriemaroc.com\/en\/product\/scelle-en-fil-acier-pour-compteur\/\" \/>\n<meta property=\"og:locale\" content=\"en_US\" \/>\n<meta property=\"og:type\" content=\"article\" \/>\n<meta property=\"og:title\" content=\"Scell\u00e9 de S\u00e9curit\u00e9 pour Compteur au Maroc | industriemaroc.com\" \/>\n<meta property=\"og:description\" content=\"D\u00e9couvrez notre scell\u00e9 de s\u00e9curit\u00e9 pour compteur au Maroc. Possibilit\u00e9 de personnaliser Nom + Logo. Livraison partout. Commandez sur industriemaroc.com !\" \/>\n<meta property=\"og:url\" content=\"https:\/\/industriemaroc.com\/en\/product\/scelle-en-fil-acier-pour-compteur\/\" \/>\n<meta property=\"og:site_name\" content=\"Industrie Maroc Online\" \/>\n<meta property=\"article:modified_time\" content=\"2025-11-17T13:53:01+00:00\" \/>\n<meta property=\"og:image\" content=\"https:\/\/industriemaroc.com\/wp-content\/uploads\/2025\/04\/scelle-compteur-maroc-1.png\" \/>\n\t<meta property=\"og:image:width\" content=\"700\" \/>\n\t<meta property=\"og:image:height\" content=\"700\" \/>\n\t<meta property=\"og:image:type\" content=\"image\/png\" \/>\n<meta name=\"twitter:card\" content=\"summary_large_image\" \/>\n<meta name=\"twitter:label1\" content=\"Est. reading time\" \/>\n\t<meta name=\"twitter:data1\" content=\"2 minutes\" \/>\n<script type=\"application\/ld+json\" class=\"yoast-schema-graph\">{\"@context\":\"https:\\\/\\\/schema.org\",\"@graph\":[{\"@type\":\"WebPage\",\"@id\":\"https:\\\/\\\/industriemaroc.com\\\/produit\\\/scelle-en-fil-acier-pour-compteur\\\/\",\"url\":\"https:\\\/\\\/industriemaroc.com\\\/produit\\\/scelle-en-fil-acier-pour-compteur\\\/\",\"name\":\"Scell\u00e9 de S\u00e9curit\u00e9 pour Compteur au Maroc | industriemaroc.com\",\"isPartOf\":{\"@id\":\"https:\\\/\\\/industriemaroc.com\\\/#website\"},\"primaryImageOfPage\":{\"@id\":\"https:\\\/\\\/industriemaroc.com\\\/produit\\\/scelle-en-fil-acier-pour-compteur\\\/#primaryimage\"},\"image\":{\"@id\":\"https:\\\/\\\/industriemaroc.com\\\/produit\\\/scelle-en-fil-acier-pour-compteur\\\/#primaryimage\"},\"thumbnailUrl\":\"https:\\\/\\\/industriemaroc.com\\\/wp-content\\\/uploads\\\/2025\\\/04\\\/scelle-compteur-maroc-1.png\",\"datePublished\":\"2025-04-17T20:02:04+00:00\",\"dateModified\":\"2025-11-17T13:53:01+00:00\",\"description\":\"D\u00e9couvrez notre scell\u00e9 de s\u00e9curit\u00e9 pour compteur au Maroc. Possibilit\u00e9 de personnaliser Nom + Logo. Livraison partout. Commandez sur industriemaroc.com !\",\"breadcrumb\":{\"@id\":\"https:\\\/\\\/industriemaroc.com\\\/produit\\\/scelle-en-fil-acier-pour-compteur\\\/#breadcrumb\"},\"inLanguage\":\"en-US\",\"potentialAction\":[{\"@type\":\"ReadAction\",\"target\":[\"https:\\\/\\\/industriemaroc.com\\\/produit\\\/scelle-en-fil-acier-pour-compteur\\\/\"]}]},{\"@type\":\"ImageObject\",\"inLanguage\":\"en-US\",\"@id\":\"https:\\\/\\\/industriemaroc.com\\\/produit\\\/scelle-en-fil-acier-pour-compteur\\\/#primaryimage\",\"url\":\"https:\\\/\\\/industriemaroc.com\\\/wp-content\\\/uploads\\\/2025\\\/04\\\/scelle-compteur-maroc-1.png\",\"contentUrl\":\"https:\\\/\\\/industriemaroc.com\\\/wp-content\\\/uploads\\\/2025\\\/04\\\/scelle-compteur-maroc-1.png\",\"width\":700,\"height\":700,\"caption\":\"Scell\u00e9 compteur \u2013 s\u00e9curit\u00e9 et tra\u00e7abilit\u00e9 pour \u00e9quipements de mesure\"},{\"@type\":\"BreadcrumbList\",\"@id\":\"https:\\\/\\\/industriemaroc.com\\\/produit\\\/scelle-en-fil-acier-pour-compteur\\\/#breadcrumb\",\"itemListElement\":[{\"@type\":\"ListItem\",\"position\":1,\"name\":\"Home\",\"item\":\"https:\\\/\\\/industriemaroc.com\\\/\"},{\"@type\":\"ListItem\",\"position\":2,\"name\":\"Shop\",\"item\":\"https:\\\/\\\/industriemaroc.com\\\/shop\\\/\"},{\"@type\":\"ListItem\",\"position\":3,\"name\":\"Scell\u00e9 de S\u00e9curit\u00e9 pour Compteur &#8211; Paquet de 100\"}]},{\"@type\":\"WebSite\",\"@id\":\"https:\\\/\\\/industriemaroc.com\\\/#website\",\"url\":\"https:\\\/\\\/industriemaroc.com\\\/\",\"name\":\"Industrie Maroc Online\",\"description\":\"Plateforme B2B de mat\u00e9riel professionnel au Maroc\",\"publisher\":{\"@id\":\"https:\\\/\\\/industriemaroc.com\\\/#organization\"},\"potentialAction\":[{\"@type\":\"SearchAction\",\"target\":{\"@type\":\"EntryPoint\",\"urlTemplate\":\"https:\\\/\\\/industriemaroc.com\\\/?s={search_term_string}\"},\"query-input\":{\"@type\":\"PropertyValueSpecification\",\"valueRequired\":true,\"valueName\":\"search_term_string\"}}],\"inLanguage\":\"en-US\"},{\"@type\":\"Organization\",\"@id\":\"https:\\\/\\\/industriemaroc.com\\\/#organization\",\"name\":\"industriemaroc.com\",\"url\":\"https:\\\/\\\/industriemaroc.com\\\/\",\"logo\":{\"@type\":\"ImageObject\",\"inLanguage\":\"en-US\",\"@id\":\"https:\\\/\\\/industriemaroc.com\\\/#\\\/schema\\\/logo\\\/image\\\/\",\"url\":\"https:\\\/\\\/industriemaroc.com\\\/wp-content\\\/uploads\\\/2024\\\/04\\\/IM.jpg\",\"contentUrl\":\"https:\\\/\\\/industriemaroc.com\\\/wp-content\\\/uploads\\\/2024\\\/04\\\/IM.jpg\",\"width\":2500,\"height\":2500,\"caption\":\"industriemaroc.com\"},\"image\":{\"@id\":\"https:\\\/\\\/industriemaroc.com\\\/#\\\/schema\\\/logo\\\/image\\\/\"}}]}<\/script>\n<!-- \/ Yoast SEO plugin. -->","yoast_head_json":{"title":"Scell\u00e9 de S\u00e9curit\u00e9 pour Compteur au Maroc | industriemaroc.com","description":"D\u00e9couvrez notre scell\u00e9 de s\u00e9curit\u00e9 pour compteur au Maroc. Possibilit\u00e9 de personnaliser Nom + Logo. Livraison partout. Commandez sur industriemaroc.com !","robots":{"index":"index","follow":"follow","max-snippet":"max-snippet:-1","max-image-preview":"max-image-preview:large","max-video-preview":"max-video-preview:-1"},"canonical":"https:\/\/industriemaroc.com\/en\/product\/scelle-en-fil-acier-pour-compteur\/","og_locale":"en_US","og_type":"article","og_title":"Scell\u00e9 de S\u00e9curit\u00e9 pour Compteur au Maroc | industriemaroc.com","og_description":"D\u00e9couvrez notre scell\u00e9 de s\u00e9curit\u00e9 pour compteur au Maroc. Possibilit\u00e9 de personnaliser Nom + Logo. Livraison partout. Commandez sur industriemaroc.com !","og_url":"https:\/\/industriemaroc.com\/en\/product\/scelle-en-fil-acier-pour-compteur\/","og_site_name":"Industrie Maroc Online","article_modified_time":"2025-11-17T13:53:01+00:00","og_image":[{"width":700,"height":700,"url":"https:\/\/industriemaroc.com\/wp-content\/uploads\/2025\/04\/scelle-compteur-maroc-1.png","type":"image\/png"}],"twitter_card":"summary_large_image","twitter_misc":{"Est. reading time":"2 minutes"},"schema":{"@context":"https:\/\/schema.org","@graph":[{"@type":"WebPage","@id":"https:\/\/industriemaroc.com\/produit\/scelle-en-fil-acier-pour-compteur\/","url":"https:\/\/industriemaroc.com\/produit\/scelle-en-fil-acier-pour-compteur\/","name":"Scell\u00e9 de S\u00e9curit\u00e9 pour Compteur au Maroc | industriemaroc.com","isPartOf":{"@id":"https:\/\/industriemaroc.com\/#website"},"primaryImageOfPage":{"@id":"https:\/\/industriemaroc.com\/produit\/scelle-en-fil-acier-pour-compteur\/#primaryimage"},"image":{"@id":"https:\/\/industriemaroc.com\/produit\/scelle-en-fil-acier-pour-compteur\/#primaryimage"},"thumbnailUrl":"https:\/\/industriemaroc.com\/wp-content\/uploads\/2025\/04\/scelle-compteur-maroc-1.png","datePublished":"2025-04-17T20:02:04+00:00","dateModified":"2025-11-17T13:53:01+00:00","description":"D\u00e9couvrez notre scell\u00e9 de s\u00e9curit\u00e9 pour compteur au Maroc. Possibilit\u00e9 de personnaliser Nom + Logo. Livraison partout. Commandez sur industriemaroc.com !","breadcrumb":{"@id":"https:\/\/industriemaroc.com\/produit\/scelle-en-fil-acier-pour-compteur\/#breadcrumb"},"inLanguage":"en-US","potentialAction":[{"@type":"ReadAction","target":["https:\/\/industriemaroc.com\/produit\/scelle-en-fil-acier-pour-compteur\/"]}]},{"@type":"ImageObject","inLanguage":"en-US","@id":"https:\/\/industriemaroc.com\/produit\/scelle-en-fil-acier-pour-compteur\/#primaryimage","url":"https:\/\/industriemaroc.com\/wp-content\/uploads\/2025\/04\/scelle-compteur-maroc-1.png","contentUrl":"https:\/\/industriemaroc.com\/wp-content\/uploads\/2025\/04\/scelle-compteur-maroc-1.png","width":700,"height":700,"caption":"Scell\u00e9 compteur \u2013 s\u00e9curit\u00e9 et tra\u00e7abilit\u00e9 pour \u00e9quipements de mesure"},{"@type":"BreadcrumbList","@id":"https:\/\/industriemaroc.com\/produit\/scelle-en-fil-acier-pour-compteur\/#breadcrumb","itemListElement":[{"@type":"ListItem","position":1,"name":"Home","item":"https:\/\/industriemaroc.com\/"},{"@type":"ListItem","position":2,"name":"Shop","item":"https:\/\/industriemaroc.com\/shop\/"},{"@type":"ListItem","position":3,"name":"Scell\u00e9 de S\u00e9curit\u00e9 pour Compteur &#8211; Paquet de 100"}]},{"@type":"WebSite","@id":"https:\/\/industriemaroc.com\/#website","url":"https:\/\/industriemaroc.com\/","name":"Industrie Maroc Online","description":"Plateforme B2B de mat\u00e9riel professionnel au Maroc","publisher":{"@id":"https:\/\/industriemaroc.com\/#organization"},"potentialAction":[{"@type":"SearchAction","target":{"@type":"EntryPoint","urlTemplate":"https:\/\/industriemaroc.com\/?s={search_term_string}"},"query-input":{"@type":"PropertyValueSpecification","valueRequired":true,"valueName":"search_term_string"}}],"inLanguage":"en-US"},{"@type":"Organization","@id":"https:\/\/industriemaroc.com\/#organization","name":"industriemaroc.com","url":"https:\/\/industriemaroc.com\/","logo":{"@type":"ImageObject","inLanguage":"en-US","@id":"https:\/\/industriemaroc.com\/#\/schema\/logo\/image\/","url":"https:\/\/industriemaroc.com\/wp-content\/uploads\/2024\/04\/IM.jpg","contentUrl":"https:\/\/industriemaroc.com\/wp-content\/uploads\/2024\/04\/IM.jpg","width":2500,"height":2500,"caption":"industriemaroc.com"},"image":{"@id":"https:\/\/industriemaroc.com\/#\/schema\/logo\/image\/"}}]}},"_links":{"self":[{"href":"https:\/\/industriemaroc.com\/en\/wp-json\/wp\/v2\/product\/23898","targetHints":{"allow":["GET"]}}],"collection":[{"href":"https:\/\/industriemaroc.com\/en\/wp-json\/wp\/v2\/product"}],"about":[{"href":"https:\/\/industriemaroc.com\/en\/wp-json\/wp\/v2\/types\/product"}],"replies":[{"embeddable":true,"href":"https:\/\/industriemaroc.com\/en\/wp-json\/wp\/v2\/comments?post=23898"}],"version-history":[{"count":5,"href":"https:\/\/industriemaroc.com\/en\/wp-json\/wp\/v2\/product\/23898\/revisions"}],"predecessor-version":[{"id":24129,"href":"https:\/\/industriemaroc.com\/en\/wp-json\/wp\/v2\/product\/23898\/revisions\/24129"}],"wp:featuredmedia":[{"embeddable":true,"href":"https:\/\/industriemaroc.com\/en\/wp-json\/wp\/v2\/media\/23904"}],"wp:attachment":[{"href":"https:\/\/industriemaroc.com\/en\/wp-json\/wp\/v2\/media?parent=23898"}],"wp:term":[{"taxonomy":"product_brand","embeddable":true,"href":"https:\/\/industriemaroc.com\/en\/wp-json\/wp\/v2\/product_brand?post=23898"},{"taxonomy":"product_cat","embeddable":true,"href":"https:\/\/industriemaroc.com\/en\/wp-json\/wp\/v2\/product_cat?post=23898"},{"taxonomy":"product_tag","embeddable":true,"href":"https:\/\/industriemaroc.com\/en\/wp-json\/wp\/v2\/product_tag?post=23898"}],"curies":[{"name":"wp","href":"https:\/\/api.w.org\/{rel}","templated":true}]}}