{"id":23899,"date":"2025-04-17T22:21:29","date_gmt":"2025-04-17T20:21:29","guid":{"rendered":"https:\/\/industriemaroc.com\/?post_type=product&#038;p=23899"},"modified":"2025-11-17T14:58:34","modified_gmt":"2025-11-17T13:58:34","slug":"scelle-de-securite-metallique-hexagonal","status":"publish","type":"product","link":"https:\/\/industriemaroc.com\/en\/product\/scelle-de-securite-metallique-hexagonal\/","title":{"rendered":"Scell\u00e9 de S\u00e9curit\u00e9 M\u00e9tallique Hexagonal &#8211; Paquet de 100"},"content":{"rendered":"<p>Scell\u00e9 de s\u00e9curit\u00e9 m\u00e9tallique Hexagonal au Maroc.<\/p>\n<p>Conception robuste pour une s\u00e9curit\u00e9 maximale.<\/p>\n<p>Utilisation avec fil en acier galvanis\u00e9 ou inoxydable.<\/p>\n<p>Forme hexagonale emp\u00eachant toute rotation ou manipulation une fois ferm\u00e9.<\/p>\n<p>Verrouillage d\u00e9finitif, ouverture uniquement par coupe.<\/p>\n<p>Num\u00e9rotation unique grav\u00e9e sur le corps m\u00e9tallique.<\/p>\n<p>Marquage personnalis\u00e9 disponible (Logo, Code).<\/p>\n<p>Haute r\u00e9sistance aux tentatives de fraude.<\/p>\n<p>R\u00e9sistant aux intemp\u00e9ries, \u00e0 la corrosion et aux environnements industriels.<\/p>\n<p>Id\u00e9al pour s\u00e9curiser compteurs, vannes, containers et \u00e9quipements sensibles.<\/p>\n<p>Installation rapide sans outil sp\u00e9cifique.<\/p>\n<p>Longueur de fil ajustable selon l\u2019application.<\/p>\n<p>Solution fiable pour la tra\u00e7abilit\u00e9 et le contr\u00f4le d\u2019acc\u00e8s.<\/p>\n<p>D\u00e9couvrez notre Large Gamme des scell\u00e9s sur\u00a0<a href=\"https:\/\/industriemaroc.com\/en\/product-category\/emballage-maroc\/scelle-securite\/\">https:\/\/industriemaroc.com\/product-category\/emballage-maroc\/scelle-securite\/<\/a><\/p>","protected":false},"excerpt":{"rendered":"<p>Scell\u00e9 de s\u00e9curit\u00e9 m\u00e9tallique \u00e0 t\u00eate hexagonale au Maroc.<\/p>\n<p>Installation rapide sans outil sp\u00e9cifique.<\/p>\n<p>Num\u00e9rotation unique grav\u00e9e sur le corps m\u00e9tallique.<\/p>\n<p>&nbsp;<\/p>\n<p>R\u00e9sistant aux intemp\u00e9ries, \u00e0 la corrosion et aux environnements industriels.<\/p>\n<p>Solution fiable pour la tra\u00e7abilit\u00e9 et le contr\u00f4le d\u2019acc\u00e8s.<\/p>","protected":false},"featured_media":23906,"comment_status":"open","ping_status":"closed","template":"","meta":{"om_disable_all_campaigns":false,"_monsterinsights_skip_tracking":false,"_monsterinsights_sitenote_active":false,"_monsterinsights_sitenote_note":"","_monsterinsights_sitenote_category":0,"_uf_show_specific_survey":0,"_uf_disable_surveys":false,"_joinchat":[]},"product_brand":[],"product_cat":[768,673,1053],"product_tag":[],"class_list":{"0":"post-23899","1":"product","2":"type-product","3":"status-publish","4":"has-post-thumbnail","6":"product_cat-consommable-emballage-maroc","7":"product_cat-emballage-maroc","8":"product_cat-scelle-securite","10":"first","11":"instock","12":"taxable","13":"shipping-taxable","14":"purchasable","15":"product-type-simple"},"yoast_head":"<!-- This site is optimized with the Yoast SEO plugin v27.4 - https:\/\/yoast.com\/product\/yoast-seo-wordpress\/ -->\n<title>Scell\u00e9 de s\u00e9curit\u00e9 m\u00e9tallique Hexagonal au Maroc<\/title>\n<meta name=\"description\" content=\"Scell\u00e9 de s\u00e9curit\u00e9 m\u00e9tallique Hexagonal au Maroc. Possibilit\u00e9 de personnaliser Nom et Logo. Livraison rapide partout. Achetez sur industriemaroc.com !\" \/>\n<meta name=\"robots\" content=\"index, follow, max-snippet:-1, max-image-preview:large, max-video-preview:-1\" \/>\n<link rel=\"canonical\" href=\"https:\/\/industriemaroc.com\/en\/product\/scelle-de-securite-metallique-hexagonal\/\" \/>\n<meta property=\"og:locale\" content=\"en_US\" \/>\n<meta property=\"og:type\" content=\"article\" \/>\n<meta property=\"og:title\" content=\"Scell\u00e9 de s\u00e9curit\u00e9 m\u00e9tallique Hexagonal au Maroc\" \/>\n<meta property=\"og:description\" content=\"Scell\u00e9 de s\u00e9curit\u00e9 m\u00e9tallique Hexagonal au Maroc. Possibilit\u00e9 de personnaliser Nom et Logo. Livraison rapide partout. Achetez sur industriemaroc.com !\" \/>\n<meta property=\"og:url\" content=\"https:\/\/industriemaroc.com\/en\/product\/scelle-de-securite-metallique-hexagonal\/\" \/>\n<meta property=\"og:site_name\" content=\"Industrie Maroc Online\" \/>\n<meta property=\"article:modified_time\" content=\"2025-11-17T13:58:34+00:00\" \/>\n<meta property=\"og:image\" content=\"https:\/\/industriemaroc.com\/wp-content\/uploads\/2025\/04\/scelle-metallique-hexagonal.png\" \/>\n\t<meta property=\"og:image:width\" content=\"700\" \/>\n\t<meta property=\"og:image:height\" content=\"700\" \/>\n\t<meta property=\"og:image:type\" content=\"image\/png\" \/>\n<meta name=\"twitter:card\" content=\"summary_large_image\" \/>\n<meta name=\"twitter:label1\" content=\"Est. reading time\" \/>\n\t<meta name=\"twitter:data1\" content=\"1 minute\" \/>\n<script type=\"application\/ld+json\" class=\"yoast-schema-graph\">{\"@context\":\"https:\\\/\\\/schema.org\",\"@graph\":[{\"@type\":\"WebPage\",\"@id\":\"https:\\\/\\\/industriemaroc.com\\\/produit\\\/scelle-de-securite-metallique-hexagonal\\\/\",\"url\":\"https:\\\/\\\/industriemaroc.com\\\/produit\\\/scelle-de-securite-metallique-hexagonal\\\/\",\"name\":\"Scell\u00e9 de s\u00e9curit\u00e9 m\u00e9tallique Hexagonal au Maroc\",\"isPartOf\":{\"@id\":\"https:\\\/\\\/industriemaroc.com\\\/#website\"},\"primaryImageOfPage\":{\"@id\":\"https:\\\/\\\/industriemaroc.com\\\/produit\\\/scelle-de-securite-metallique-hexagonal\\\/#primaryimage\"},\"image\":{\"@id\":\"https:\\\/\\\/industriemaroc.com\\\/produit\\\/scelle-de-securite-metallique-hexagonal\\\/#primaryimage\"},\"thumbnailUrl\":\"https:\\\/\\\/industriemaroc.com\\\/wp-content\\\/uploads\\\/2025\\\/04\\\/scelle-metallique-hexagonal.png\",\"datePublished\":\"2025-04-17T20:21:29+00:00\",\"dateModified\":\"2025-11-17T13:58:34+00:00\",\"description\":\"Scell\u00e9 de s\u00e9curit\u00e9 m\u00e9tallique Hexagonal au Maroc. Possibilit\u00e9 de personnaliser Nom et Logo. Livraison rapide partout. Achetez sur industriemaroc.com !\",\"breadcrumb\":{\"@id\":\"https:\\\/\\\/industriemaroc.com\\\/produit\\\/scelle-de-securite-metallique-hexagonal\\\/#breadcrumb\"},\"inLanguage\":\"en-US\",\"potentialAction\":[{\"@type\":\"ReadAction\",\"target\":[\"https:\\\/\\\/industriemaroc.com\\\/produit\\\/scelle-de-securite-metallique-hexagonal\\\/\"]}]},{\"@type\":\"ImageObject\",\"inLanguage\":\"en-US\",\"@id\":\"https:\\\/\\\/industriemaroc.com\\\/produit\\\/scelle-de-securite-metallique-hexagonal\\\/#primaryimage\",\"url\":\"https:\\\/\\\/industriemaroc.com\\\/wp-content\\\/uploads\\\/2025\\\/04\\\/scelle-metallique-hexagonal.png\",\"contentUrl\":\"https:\\\/\\\/industriemaroc.com\\\/wp-content\\\/uploads\\\/2025\\\/04\\\/scelle-metallique-hexagonal.png\",\"width\":700,\"height\":700,\"caption\":\"scell\u00e9 de s\u00e9curit\u00e9 m\u00e9tallique Hexagonal avec num\u00e9ro de s\u00e9rie\"},{\"@type\":\"BreadcrumbList\",\"@id\":\"https:\\\/\\\/industriemaroc.com\\\/produit\\\/scelle-de-securite-metallique-hexagonal\\\/#breadcrumb\",\"itemListElement\":[{\"@type\":\"ListItem\",\"position\":1,\"name\":\"Home\",\"item\":\"https:\\\/\\\/industriemaroc.com\\\/\"},{\"@type\":\"ListItem\",\"position\":2,\"name\":\"Shop\",\"item\":\"https:\\\/\\\/industriemaroc.com\\\/shop\\\/\"},{\"@type\":\"ListItem\",\"position\":3,\"name\":\"Scell\u00e9 de S\u00e9curit\u00e9 M\u00e9tallique Hexagonal &#8211; Paquet de 100\"}]},{\"@type\":\"WebSite\",\"@id\":\"https:\\\/\\\/industriemaroc.com\\\/#website\",\"url\":\"https:\\\/\\\/industriemaroc.com\\\/\",\"name\":\"Industrie Maroc Online\",\"description\":\"Plateforme B2B de mat\u00e9riel professionnel au Maroc\",\"publisher\":{\"@id\":\"https:\\\/\\\/industriemaroc.com\\\/#organization\"},\"potentialAction\":[{\"@type\":\"SearchAction\",\"target\":{\"@type\":\"EntryPoint\",\"urlTemplate\":\"https:\\\/\\\/industriemaroc.com\\\/?s={search_term_string}\"},\"query-input\":{\"@type\":\"PropertyValueSpecification\",\"valueRequired\":true,\"valueName\":\"search_term_string\"}}],\"inLanguage\":\"en-US\"},{\"@type\":\"Organization\",\"@id\":\"https:\\\/\\\/industriemaroc.com\\\/#organization\",\"name\":\"industriemaroc.com\",\"url\":\"https:\\\/\\\/industriemaroc.com\\\/\",\"logo\":{\"@type\":\"ImageObject\",\"inLanguage\":\"en-US\",\"@id\":\"https:\\\/\\\/industriemaroc.com\\\/#\\\/schema\\\/logo\\\/image\\\/\",\"url\":\"https:\\\/\\\/industriemaroc.com\\\/wp-content\\\/uploads\\\/2024\\\/04\\\/IM.jpg\",\"contentUrl\":\"https:\\\/\\\/industriemaroc.com\\\/wp-content\\\/uploads\\\/2024\\\/04\\\/IM.jpg\",\"width\":2500,\"height\":2500,\"caption\":\"industriemaroc.com\"},\"image\":{\"@id\":\"https:\\\/\\\/industriemaroc.com\\\/#\\\/schema\\\/logo\\\/image\\\/\"}}]}<\/script>\n<!-- \/ Yoast SEO plugin. -->","yoast_head_json":{"title":"Scell\u00e9 de s\u00e9curit\u00e9 m\u00e9tallique Hexagonal au Maroc","description":"Scell\u00e9 de s\u00e9curit\u00e9 m\u00e9tallique Hexagonal au Maroc. Possibilit\u00e9 de personnaliser Nom et Logo. Livraison rapide partout. Achetez sur industriemaroc.com !","robots":{"index":"index","follow":"follow","max-snippet":"max-snippet:-1","max-image-preview":"max-image-preview:large","max-video-preview":"max-video-preview:-1"},"canonical":"https:\/\/industriemaroc.com\/en\/product\/scelle-de-securite-metallique-hexagonal\/","og_locale":"en_US","og_type":"article","og_title":"Scell\u00e9 de s\u00e9curit\u00e9 m\u00e9tallique Hexagonal au Maroc","og_description":"Scell\u00e9 de s\u00e9curit\u00e9 m\u00e9tallique Hexagonal au Maroc. Possibilit\u00e9 de personnaliser Nom et Logo. Livraison rapide partout. Achetez sur industriemaroc.com !","og_url":"https:\/\/industriemaroc.com\/en\/product\/scelle-de-securite-metallique-hexagonal\/","og_site_name":"Industrie Maroc Online","article_modified_time":"2025-11-17T13:58:34+00:00","og_image":[{"width":700,"height":700,"url":"https:\/\/industriemaroc.com\/wp-content\/uploads\/2025\/04\/scelle-metallique-hexagonal.png","type":"image\/png"}],"twitter_card":"summary_large_image","twitter_misc":{"Est. reading time":"1 minute"},"schema":{"@context":"https:\/\/schema.org","@graph":[{"@type":"WebPage","@id":"https:\/\/industriemaroc.com\/produit\/scelle-de-securite-metallique-hexagonal\/","url":"https:\/\/industriemaroc.com\/produit\/scelle-de-securite-metallique-hexagonal\/","name":"Scell\u00e9 de s\u00e9curit\u00e9 m\u00e9tallique Hexagonal au Maroc","isPartOf":{"@id":"https:\/\/industriemaroc.com\/#website"},"primaryImageOfPage":{"@id":"https:\/\/industriemaroc.com\/produit\/scelle-de-securite-metallique-hexagonal\/#primaryimage"},"image":{"@id":"https:\/\/industriemaroc.com\/produit\/scelle-de-securite-metallique-hexagonal\/#primaryimage"},"thumbnailUrl":"https:\/\/industriemaroc.com\/wp-content\/uploads\/2025\/04\/scelle-metallique-hexagonal.png","datePublished":"2025-04-17T20:21:29+00:00","dateModified":"2025-11-17T13:58:34+00:00","description":"Scell\u00e9 de s\u00e9curit\u00e9 m\u00e9tallique Hexagonal au Maroc. Possibilit\u00e9 de personnaliser Nom et Logo. Livraison rapide partout. Achetez sur industriemaroc.com !","breadcrumb":{"@id":"https:\/\/industriemaroc.com\/produit\/scelle-de-securite-metallique-hexagonal\/#breadcrumb"},"inLanguage":"en-US","potentialAction":[{"@type":"ReadAction","target":["https:\/\/industriemaroc.com\/produit\/scelle-de-securite-metallique-hexagonal\/"]}]},{"@type":"ImageObject","inLanguage":"en-US","@id":"https:\/\/industriemaroc.com\/produit\/scelle-de-securite-metallique-hexagonal\/#primaryimage","url":"https:\/\/industriemaroc.com\/wp-content\/uploads\/2025\/04\/scelle-metallique-hexagonal.png","contentUrl":"https:\/\/industriemaroc.com\/wp-content\/uploads\/2025\/04\/scelle-metallique-hexagonal.png","width":700,"height":700,"caption":"scell\u00e9 de s\u00e9curit\u00e9 m\u00e9tallique Hexagonal avec num\u00e9ro de s\u00e9rie"},{"@type":"BreadcrumbList","@id":"https:\/\/industriemaroc.com\/produit\/scelle-de-securite-metallique-hexagonal\/#breadcrumb","itemListElement":[{"@type":"ListItem","position":1,"name":"Home","item":"https:\/\/industriemaroc.com\/"},{"@type":"ListItem","position":2,"name":"Shop","item":"https:\/\/industriemaroc.com\/shop\/"},{"@type":"ListItem","position":3,"name":"Scell\u00e9 de S\u00e9curit\u00e9 M\u00e9tallique Hexagonal &#8211; Paquet de 100"}]},{"@type":"WebSite","@id":"https:\/\/industriemaroc.com\/#website","url":"https:\/\/industriemaroc.com\/","name":"Industrie Maroc Online","description":"Plateforme B2B de mat\u00e9riel professionnel au Maroc","publisher":{"@id":"https:\/\/industriemaroc.com\/#organization"},"potentialAction":[{"@type":"SearchAction","target":{"@type":"EntryPoint","urlTemplate":"https:\/\/industriemaroc.com\/?s={search_term_string}"},"query-input":{"@type":"PropertyValueSpecification","valueRequired":true,"valueName":"search_term_string"}}],"inLanguage":"en-US"},{"@type":"Organization","@id":"https:\/\/industriemaroc.com\/#organization","name":"industriemaroc.com","url":"https:\/\/industriemaroc.com\/","logo":{"@type":"ImageObject","inLanguage":"en-US","@id":"https:\/\/industriemaroc.com\/#\/schema\/logo\/image\/","url":"https:\/\/industriemaroc.com\/wp-content\/uploads\/2024\/04\/IM.jpg","contentUrl":"https:\/\/industriemaroc.com\/wp-content\/uploads\/2024\/04\/IM.jpg","width":2500,"height":2500,"caption":"industriemaroc.com"},"image":{"@id":"https:\/\/industriemaroc.com\/#\/schema\/logo\/image\/"}}]}},"_links":{"self":[{"href":"https:\/\/industriemaroc.com\/en\/wp-json\/wp\/v2\/product\/23899","targetHints":{"allow":["GET"]}}],"collection":[{"href":"https:\/\/industriemaroc.com\/en\/wp-json\/wp\/v2\/product"}],"about":[{"href":"https:\/\/industriemaroc.com\/en\/wp-json\/wp\/v2\/types\/product"}],"replies":[{"embeddable":true,"href":"https:\/\/industriemaroc.com\/en\/wp-json\/wp\/v2\/comments?post=23899"}],"version-history":[{"count":4,"href":"https:\/\/industriemaroc.com\/en\/wp-json\/wp\/v2\/product\/23899\/revisions"}],"predecessor-version":[{"id":24131,"href":"https:\/\/industriemaroc.com\/en\/wp-json\/wp\/v2\/product\/23899\/revisions\/24131"}],"wp:featuredmedia":[{"embeddable":true,"href":"https:\/\/industriemaroc.com\/en\/wp-json\/wp\/v2\/media\/23906"}],"wp:attachment":[{"href":"https:\/\/industriemaroc.com\/en\/wp-json\/wp\/v2\/media?parent=23899"}],"wp:term":[{"taxonomy":"product_brand","embeddable":true,"href":"https:\/\/industriemaroc.com\/en\/wp-json\/wp\/v2\/product_brand?post=23899"},{"taxonomy":"product_cat","embeddable":true,"href":"https:\/\/industriemaroc.com\/en\/wp-json\/wp\/v2\/product_cat?post=23899"},{"taxonomy":"product_tag","embeddable":true,"href":"https:\/\/industriemaroc.com\/en\/wp-json\/wp\/v2\/product_tag?post=23899"}],"curies":[{"name":"wp","href":"https:\/\/api.w.org\/{rel}","templated":true}]}}