{"id":23923,"date":"2025-04-29T15:43:39","date_gmt":"2025-04-29T13:43:39","guid":{"rendered":"https:\/\/industriemaroc.com\/?post_type=product&#038;p=23923"},"modified":"2025-09-11T21:16:20","modified_gmt":"2025-09-11T19:16:20","slug":"strapping-machine-feuillard-pp-pet","status":"publish","type":"product","link":"https:\/\/industriemaroc.com\/en\/product\/strapping-machine-feuillard-pp-pet\/","title":{"rendered":"Strapping Machine &#8211; Feuillard PP \/ PET"},"content":{"rendered":"<h2 data-start=\"1527\" data-end=\"1558\">Description G\u00e9n\u00e9rale<\/h2>\n<blockquote data-start=\"1559\" data-end=\"1840\">\n<p class=\"\" data-start=\"1561\" data-end=\"1840\">La strapping machine professionnelle pour feuillard <strong data-start=\"1613\" data-end=\"1626\">PP et PET<\/strong> est con\u00e7ue pour le cerclage rapide et s\u00e9curis\u00e9 de colis, palettes et cartons dans les environnements industriels. Elle assure une <strong data-start=\"1757\" data-end=\"1778\">tension constante<\/strong>, un <strong data-start=\"1783\" data-end=\"1808\">temps de cycle r\u00e9duit<\/strong>, et une <strong data-start=\"1817\" data-end=\"1839\">fiabilit\u00e9 maximale<\/strong>.<\/p>\n<\/blockquote>\n<h2 data-start=\"1842\" data-end=\"1880\">\ud83d\udd27 <strong style=\"color: #1b1919; font-size: 24px;\" data-start=\"227\" data-end=\"279\">Caract\u00e9ristiques Techniques \u2013 Cercleuse JDC13\/16<\/strong><\/h2>\n<div class=\"group pointer-events-none relative flex justify-center *:pointer-events-auto\">\n<p>&nbsp;<\/p>\n<div class=\"tableContainer horzScrollShadows relative\">\n<table class=\"min-w-full\" data-start=\"281\" data-end=\"2345\">\n<thead data-start=\"281\" data-end=\"392\">\n<tr data-start=\"281\" data-end=\"392\">\n<th data-start=\"281\" data-end=\"314\"><strong data-start=\"283\" data-end=\"300\">Sp\u00e9cification<\/strong><\/th>\n<th data-start=\"314\" data-end=\"392\"><strong data-start=\"316\" data-end=\"326\">D\u00e9tail<\/strong><\/th>\n<\/tr>\n<\/thead>\n<tbody data-start=\"505\" data-end=\"2345\">\n<tr data-start=\"505\" data-end=\"616\">\n<td class=\"max-w-[calc(var(--thread-content-max-width)*2\/3)]\" data-start=\"505\" data-end=\"538\"><strong data-start=\"507\" data-end=\"517\">Mod\u00e8le<\/strong><\/td>\n<td class=\"max-w-[calc(var(--thread-content-max-width)*2\/3)]\" data-start=\"538\" data-end=\"616\">JDC13\/16<\/td>\n<\/tr>\n<tr data-start=\"617\" data-end=\"728\">\n<td class=\"max-w-[calc(var(--thread-content-max-width)*2\/3)]\" data-start=\"617\" data-end=\"650\"><strong data-start=\"619\" data-end=\"640\">Type de feuillard<\/strong><\/td>\n<td class=\"max-w-[calc(var(--thread-content-max-width)*2\/3)]\" data-start=\"650\" data-end=\"728\">Polypropyl\u00e8ne (PP) et Polyester (PET)<\/td>\n<\/tr>\n<tr data-start=\"729\" data-end=\"840\">\n<td class=\"max-w-[calc(var(--thread-content-max-width)*2\/3)]\" data-start=\"729\" data-end=\"762\"><strong data-start=\"731\" data-end=\"755\">Largeur du feuillard<\/strong><\/td>\n<td class=\"max-w-[calc(var(--thread-content-max-width)*2\/3)]\" data-start=\"762\" data-end=\"840\">13 \u00e0 16 mm<\/td>\n<\/tr>\n<tr data-start=\"841\" data-end=\"953\">\n<td class=\"max-w-[calc(var(--thread-content-max-width)*2\/3)]\" data-start=\"841\" data-end=\"874\"><strong data-start=\"843\" data-end=\"869\">\u00c9paisseur du feuillard<\/strong><\/td>\n<td class=\"max-w-[calc(var(--thread-content-max-width)*2\/3)]\" data-start=\"874\" data-end=\"953\">0,5 \u00e0 1,2 mm<\/td>\n<\/tr>\n<tr data-start=\"954\" data-end=\"1065\">\n<td class=\"max-w-[calc(var(--thread-content-max-width)*2\/3)]\" data-start=\"954\" data-end=\"987\"><strong data-start=\"956\" data-end=\"978\">M\u00e9thode de soudure<\/strong><\/td>\n<td class=\"max-w-[calc(var(--thread-content-max-width)*2\/3)]\" data-start=\"987\" data-end=\"1065\">Soudure par friction<\/td>\n<\/tr>\n<tr data-start=\"1066\" data-end=\"1199\">\n<td class=\"max-w-[calc(var(--thread-content-max-width)*2\/3)]\" data-start=\"1066\" data-end=\"1099\"><strong data-start=\"1068\" data-end=\"1088\">Force de tension<\/strong><\/td>\n<td class=\"max-w-[calc(var(--thread-content-max-width)*2\/3)] min-w-[calc(var(--thread-content-max-width)\/3)]\" data-start=\"1099\" data-end=\"1199\">R\u00e9glable de 60 \u00e0 2800 N (jusqu&rsquo;\u00e0 3200 N selon les mod\u00e8les)<\/td>\n<\/tr>\n<tr data-start=\"1200\" data-end=\"1312\">\n<td class=\"max-w-[calc(var(--thread-content-max-width)*2\/3)]\" data-start=\"1200\" data-end=\"1233\"><strong data-start=\"1202\" data-end=\"1224\">Vitesse de tension<\/strong><\/td>\n<td class=\"max-w-[calc(var(--thread-content-max-width)*2\/3)]\" data-start=\"1233\" data-end=\"1312\">100 \u00e0 200 mm\/s<\/td>\n<\/tr>\n<tr data-start=\"1313\" data-end=\"1425\">\n<td class=\"max-w-[calc(var(--thread-content-max-width)*2\/3)]\" data-start=\"1313\" data-end=\"1346\"><strong data-start=\"1315\" data-end=\"1335\">Temps de soudure<\/strong><\/td>\n<td class=\"max-w-[calc(var(--thread-content-max-width)*2\/3)]\" data-start=\"1346\" data-end=\"1425\">2 \u00e0 3 secondes<\/td>\n<\/tr>\n<tr data-start=\"1426\" data-end=\"1538\">\n<td class=\"max-w-[calc(var(--thread-content-max-width)*2\/3)]\" data-start=\"1426\" data-end=\"1459\"><strong data-start=\"1428\" data-end=\"1454\">Dimensions (L \u00d7 l \u00d7 H)<\/strong><\/td>\n<td class=\"max-w-[calc(var(--thread-content-max-width)*2\/3)]\" data-start=\"1459\" data-end=\"1538\">340 \u00d7 130 \u00d7 118 mm<\/td>\n<\/tr>\n<tr data-start=\"1539\" data-end=\"1651\">\n<td class=\"max-w-[calc(var(--thread-content-max-width)*2\/3)]\" data-start=\"1539\" data-end=\"1572\"><strong data-start=\"1541\" data-end=\"1564\">Poids de la machine<\/strong><\/td>\n<td class=\"max-w-[calc(var(--thread-content-max-width)*2\/3)]\" data-start=\"1572\" data-end=\"1651\">2,7 kg (sans batterie)<\/td>\n<\/tr>\n<tr data-start=\"1652\" data-end=\"1764\">\n<td class=\"max-w-[calc(var(--thread-content-max-width)*2\/3)]\" data-start=\"1652\" data-end=\"1685\"><strong data-start=\"1654\" data-end=\"1678\">Poids de la batterie<\/strong><\/td>\n<td class=\"max-w-[calc(var(--thread-content-max-width)*2\/3)]\" data-start=\"1685\" data-end=\"1764\">0,35 kg<\/td>\n<\/tr>\n<tr data-start=\"1765\" data-end=\"1896\">\n<td class=\"max-w-[calc(var(--thread-content-max-width)*2\/3)]\" data-start=\"1765\" data-end=\"1798\"><strong data-start=\"1767\" data-end=\"1779\">Batterie<\/strong><\/td>\n<td class=\"max-w-[calc(var(--thread-content-max-width)*2\/3)] min-w-[calc(var(--thread-content-max-width)\/3)]\" data-start=\"1798\" data-end=\"1896\">Lithium 12V, 4.0 Ah (jusqu&rsquo;\u00e0 6000 mAh selon les mod\u00e8les)<\/td>\n<\/tr>\n<tr data-start=\"1897\" data-end=\"2009\">\n<td class=\"max-w-[calc(var(--thread-content-max-width)*2\/3)]\" data-start=\"1897\" data-end=\"1930\"><strong data-start=\"1899\" data-end=\"1918\">Temps de charge<\/strong><\/td>\n<td class=\"max-w-[calc(var(--thread-content-max-width)*2\/3)] min-w-[calc(var(--thread-content-max-width)\/3)]\" data-start=\"1930\" data-end=\"2009\">Environ 90 minutes pour 100 \u00e0 220 cycles de cerclage<\/td>\n<\/tr>\n<tr data-start=\"2010\" data-end=\"2114\">\n<td class=\"max-w-[calc(var(--thread-content-max-width)*2\/3)]\" data-start=\"2010\" data-end=\"2043\"><strong data-start=\"2012\" data-end=\"2040\">Autonomie de la batterie<\/strong><\/td>\n<td class=\"max-w-[calc(var(--thread-content-max-width)*2\/3)]\" data-start=\"2043\" data-end=\"2114\">Jusqu&rsquo;\u00e0 2000 cycles de charge<\/td>\n<\/tr>\n<tr data-start=\"2115\" data-end=\"2229\">\n<td class=\"max-w-[calc(var(--thread-content-max-width)*2\/3)]\" data-start=\"2115\" data-end=\"2148\"><strong data-start=\"2117\" data-end=\"2145\">Alimentation du chargeur<\/strong><\/td>\n<td class=\"max-w-[calc(var(--thread-content-max-width)*2\/3)] min-w-[calc(var(--thread-content-max-width)\/3)]\" data-start=\"2148\" data-end=\"2229\">100V\u2013245V AC, 50\u201360 Hz, DC 12.6V \u2013 4.0A<\/td>\n<\/tr>\n<tr data-start=\"2230\" data-end=\"2345\">\n<td class=\"max-w-[calc(var(--thread-content-max-width)*2\/3)]\" data-start=\"2230\" data-end=\"2266\"><strong data-start=\"2232\" data-end=\"2265\">Temp\u00e9rature de fonctionnement<\/strong><\/td>\n<td class=\"max-w-[calc(var(--thread-content-max-width)*2\/3)]\" data-start=\"2266\" data-end=\"2345\">5\u00b0C \u00e0 45\u00b0C<\/td>\n<\/tr>\n<\/tbody>\n<\/table>\n<\/div>\n<\/div>\n<h2 class=\"\" data-start=\"2352\" data-end=\"2375\">\u2705 <strong data-start=\"2357\" data-end=\"2375\">Avantages Cl\u00e9s<\/strong><\/h2>\n<ul data-start=\"2377\" data-end=\"2882\">\n<li class=\"\" data-start=\"2377\" data-end=\"2452\">\n<p class=\"\" data-start=\"2379\" data-end=\"2452\"><strong data-start=\"2379\" data-end=\"2394\">Polyvalence<\/strong> : Compatible avec les feuillards PP et PET de 13 \u00e0 16 mm.<\/p>\n<\/li>\n<li class=\"\" data-start=\"2453\" data-end=\"2531\">\n<p class=\"\" data-start=\"2455\" data-end=\"2531\"><strong data-start=\"2455\" data-end=\"2470\">Performance<\/strong> : Tension r\u00e9glable jusqu&rsquo;\u00e0 2800 N pour un cerclage s\u00e9curis\u00e9.<\/p>\n<\/li>\n<li class=\"\" data-start=\"2532\" data-end=\"2609\">\n<p class=\"\" data-start=\"2534\" data-end=\"2609\"><strong data-start=\"2534\" data-end=\"2548\">Efficacit\u00e9<\/strong> : Vitesse de tension rapide et soudure en quelques secondes.<\/p>\n<\/li>\n<li class=\"\" data-start=\"2610\" data-end=\"2683\">\n<p class=\"\" data-start=\"2612\" data-end=\"2683\"><strong data-start=\"2612\" data-end=\"2625\">Autonomie<\/strong> : Batterie lithium offrant jusqu&rsquo;\u00e0 220 cycles par charge.<\/p>\n<\/li>\n<li class=\"\" data-start=\"2684\" data-end=\"2754\">\n<p class=\"\" data-start=\"2686\" data-end=\"2754\"><strong data-start=\"2686\" data-end=\"2699\">Ergonomie<\/strong> : Design compact et l\u00e9ger pour une utilisation facile.<\/p>\n<\/li>\n<\/ul>\n<p>&nbsp;<\/p>\n<ul data-start=\"2377\" data-end=\"2882\">\n<li class=\"\" data-start=\"2755\" data-end=\"2882\">\n<p class=\"\" data-start=\"2757\" data-end=\"2882\"><span style=\"color: #1b1919; font-size: 24px;\">\ud83d\udce6 <\/span><strong style=\"color: #1b1919; font-size: 24px;\" data-start=\"2895\" data-end=\"2924\">Applications Recommand\u00e9es<\/strong><\/p>\n<ul data-start=\"2926\" data-end=\"3090\">\n<li class=\"\" data-start=\"2926\" data-end=\"2986\">\n<p class=\"\" data-start=\"2928\" data-end=\"2986\">Cerclage de palettes, cartons, bois, m\u00e9tal, textiles, etc.<\/p>\n<\/li>\n<li class=\"\" data-start=\"2987\" data-end=\"3090\">\n<p class=\"\" data-start=\"2989\" data-end=\"3090\">Utilisation dans les secteurs de la logistique, de l&rsquo;agroalimentaire, de l&rsquo;industrie et du transport.<\/p>\n<\/li>\n<li class=\"\" data-start=\"2322\" data-end=\"2349\">\n<p class=\"\" data-start=\"2324\" data-end=\"2349\">Centres de distribution<\/p>\n<\/li>\n<li class=\"\" data-start=\"2350\" data-end=\"2398\">\n<p class=\"\" data-start=\"2352\" data-end=\"2398\">Emballage de cartons, colis lourds ou palettes<\/p>\n<\/li>\n<\/ul>\n<\/li>\n<\/ul>\n<h2 data-start=\"2400\" data-end=\"2420\">Avantages<\/h2>\n<ul data-start=\"2421\" data-end=\"2645\">\n<li class=\"\" data-start=\"2421\" data-end=\"2476\">\n<p class=\"\" data-start=\"2423\" data-end=\"2476\">\u2705 <strong data-start=\"2425\" data-end=\"2442\">Gain de temps<\/strong> : cerclage rapide en 2 secondes<\/p>\n<\/li>\n<li class=\"\" data-start=\"2477\" data-end=\"2545\">\n<p class=\"\" data-start=\"2479\" data-end=\"2545\">\u2705 <strong data-start=\"2481\" data-end=\"2496\">Polyvalente<\/strong> : compatible avec plusieurs types de feuillard<\/p>\n<\/li>\n<li class=\"\" data-start=\"2546\" data-end=\"2604\">\n<p class=\"\" data-start=\"2548\" data-end=\"2604\">\u2705 <strong data-start=\"2550\" data-end=\"2576\">Fiabilit\u00e9 industrielle<\/strong> : usage intensif possible<\/p>\n<\/li>\n<\/ul>\n<p>&nbsp;<\/p>\n<p>D\u00e9couvrez notre Gamme Emballege\u00a0<a href=\"https:\/\/industriemaroc.com\/en\/product-category\/emballage-maroc\/\">https:\/\/industriemaroc.com\/product-category\/emballage-maroc\/<\/a><\/p>\n<p>Pour garantir un usage s\u00fbr de votre cercleuse automatique, consultez les normes de s\u00e9curit\u00e9 recommand\u00e9es par\u00a0<a href=\"https:\/\/www.boutique.afnor.org\/fr-fr\/norme\/nf-en-4158\/securite-des-machines-demballage-partie-8-cercleuses\/fa135152\/30975\" target=\"_blank\" rel=\"noopener\">https:\/\/www.boutique.afnor.org\/fr-fr\/norme\/nf-en-4158\/securite-des-machines-demballage-partie-8-cercleuses\/fa135152\/30975<\/a><\/p>\n<hr class=\"\" data-start=\"2953\" data-end=\"2956\" \/>\n<p class=\"\" data-start=\"3194\" data-end=\"3225\">","protected":false},"excerpt":{"rendered":"<ul>\n<li class=\"\" data-start=\"120\" data-end=\"154\">\n<p class=\"\" data-start=\"122\" data-end=\"154\">Cercleuse portative \u00e0 batterie.<\/p>\n<\/li>\n<li class=\"\" data-start=\"155\" data-end=\"193\">\n<p class=\"\" data-start=\"157\" data-end=\"193\">Pour feuillard PP &amp; PET.<\/p>\n<\/li>\n<li class=\"\" data-start=\"155\" data-end=\"193\">\n<p class=\"\" data-start=\"157\" data-end=\"193\">Tension r\u00e9glable.<\/p>\n<\/li>\n<li class=\"\" data-start=\"230\" data-end=\"266\">\n<p class=\"\" data-start=\"232\" data-end=\"266\">Soudure par friction, sans chape<\/p>\n<\/li>\n<li class=\"\" data-start=\"267\" data-end=\"304\">\n<p class=\"\" data-start=\"269\" data-end=\"304\">L\u00e9ger, compact, facile \u00e0 utiliser<\/p>\n<\/li>\n<\/ul>\n<p>&nbsp;<\/p>","protected":false},"featured_media":23924,"comment_status":"open","ping_status":"closed","template":"","meta":{"om_disable_all_campaigns":false,"_monsterinsights_skip_tracking":false,"_monsterinsights_sitenote_active":false,"_monsterinsights_sitenote_note":"","_monsterinsights_sitenote_category":0,"_uf_show_specific_survey":0,"_uf_disable_surveys":false,"_joinchat":[]},"product_brand":[],"product_cat":[779,673,769],"product_tag":[],"class_list":{"0":"post-23923","1":"product","2":"type-product","3":"status-publish","4":"has-post-thumbnail","6":"product_cat-cercleuse-emballage-maroc","7":"product_cat-emballage-maroc","8":"product_cat-machine","10":"first","11":"instock","12":"taxable","13":"shipping-taxable","14":"product-type-simple"},"yoast_head":"<!-- This site is optimized with the Yoast SEO plugin v27.4 - https:\/\/yoast.com\/product\/yoast-seo-wordpress\/ -->\n<title>Strapping Machine - Feuillard PP \/ PET - Industrie Maroc Online<\/title>\n<meta name=\"description\" content=\"Cercleuse portative \u00e0 batterie.    Pour feuillard PP &amp; PET.    Tension r\u00e9glable.    Soudure par friction, sans chape    L\u00e9ger, compact, facile \u00e0 utiliser   &nbsp;\" \/>\n<meta name=\"robots\" content=\"index, follow, max-snippet:-1, max-image-preview:large, max-video-preview:-1\" \/>\n<link rel=\"canonical\" href=\"https:\/\/industriemaroc.com\/en\/product\/strapping-machine-feuillard-pp-pet\/\" \/>\n<meta property=\"og:locale\" content=\"en_US\" \/>\n<meta property=\"og:type\" content=\"article\" \/>\n<meta property=\"og:title\" content=\"Strapping Machine - Feuillard PP \/ PET - Industrie Maroc Online\" \/>\n<meta property=\"og:description\" content=\"Cercleuse portative \u00e0 batterie.    Pour feuillard PP &amp; PET.    Tension r\u00e9glable.    Soudure par friction, sans chape    L\u00e9ger, compact, facile \u00e0 utiliser   &nbsp;\" \/>\n<meta property=\"og:url\" content=\"https:\/\/industriemaroc.com\/en\/product\/strapping-machine-feuillard-pp-pet\/\" \/>\n<meta property=\"og:site_name\" content=\"Industrie Maroc Online\" \/>\n<meta property=\"article:modified_time\" content=\"2025-09-11T19:16:20+00:00\" \/>\n<meta property=\"og:image\" content=\"https:\/\/industriemaroc.com\/wp-content\/uploads\/2025\/04\/strapping-machine-maroc.png\" \/>\n\t<meta property=\"og:image:width\" content=\"700\" \/>\n\t<meta property=\"og:image:height\" content=\"700\" \/>\n\t<meta property=\"og:image:type\" content=\"image\/png\" \/>\n<meta name=\"twitter:card\" content=\"summary_large_image\" \/>\n<meta name=\"twitter:label1\" content=\"Est. reading time\" \/>\n\t<meta name=\"twitter:data1\" content=\"2 minutes\" \/>\n<script type=\"application\/ld+json\" class=\"yoast-schema-graph\">{\"@context\":\"https:\\\/\\\/schema.org\",\"@graph\":[{\"@type\":\"WebPage\",\"@id\":\"https:\\\/\\\/industriemaroc.com\\\/produit\\\/strapping-machine-feuillard-pp-pet\\\/\",\"url\":\"https:\\\/\\\/industriemaroc.com\\\/produit\\\/strapping-machine-feuillard-pp-pet\\\/\",\"name\":\"Strapping Machine - Feuillard PP \\\/ PET - Industrie Maroc Online\",\"isPartOf\":{\"@id\":\"https:\\\/\\\/industriemaroc.com\\\/#website\"},\"primaryImageOfPage\":{\"@id\":\"https:\\\/\\\/industriemaroc.com\\\/produit\\\/strapping-machine-feuillard-pp-pet\\\/#primaryimage\"},\"image\":{\"@id\":\"https:\\\/\\\/industriemaroc.com\\\/produit\\\/strapping-machine-feuillard-pp-pet\\\/#primaryimage\"},\"thumbnailUrl\":\"https:\\\/\\\/industriemaroc.com\\\/wp-content\\\/uploads\\\/2025\\\/04\\\/strapping-machine-maroc.png\",\"datePublished\":\"2025-04-29T13:43:39+00:00\",\"dateModified\":\"2025-09-11T19:16:20+00:00\",\"description\":\"Cercleuse portative \u00e0 batterie. Pour feuillard PP &amp; PET. Tension r\u00e9glable. Soudure par friction, sans chape L\u00e9ger, compact, facile \u00e0 utiliser &nbsp;\",\"breadcrumb\":{\"@id\":\"https:\\\/\\\/industriemaroc.com\\\/produit\\\/strapping-machine-feuillard-pp-pet\\\/#breadcrumb\"},\"inLanguage\":\"en-US\",\"potentialAction\":[{\"@type\":\"ReadAction\",\"target\":[\"https:\\\/\\\/industriemaroc.com\\\/produit\\\/strapping-machine-feuillard-pp-pet\\\/\"]}]},{\"@type\":\"ImageObject\",\"inLanguage\":\"en-US\",\"@id\":\"https:\\\/\\\/industriemaroc.com\\\/produit\\\/strapping-machine-feuillard-pp-pet\\\/#primaryimage\",\"url\":\"https:\\\/\\\/industriemaroc.com\\\/wp-content\\\/uploads\\\/2025\\\/04\\\/strapping-machine-maroc.png\",\"contentUrl\":\"https:\\\/\\\/industriemaroc.com\\\/wp-content\\\/uploads\\\/2025\\\/04\\\/strapping-machine-maroc.png\",\"width\":700,\"height\":700,\"caption\":\"Strapping machine haute performance pour applications industrielles\"},{\"@type\":\"BreadcrumbList\",\"@id\":\"https:\\\/\\\/industriemaroc.com\\\/produit\\\/strapping-machine-feuillard-pp-pet\\\/#breadcrumb\",\"itemListElement\":[{\"@type\":\"ListItem\",\"position\":1,\"name\":\"Home\",\"item\":\"https:\\\/\\\/industriemaroc.com\\\/\"},{\"@type\":\"ListItem\",\"position\":2,\"name\":\"Shop\",\"item\":\"https:\\\/\\\/industriemaroc.com\\\/shop\\\/\"},{\"@type\":\"ListItem\",\"position\":3,\"name\":\"Strapping Machine &#8211; Feuillard PP \\\/ PET\"}]},{\"@type\":\"WebSite\",\"@id\":\"https:\\\/\\\/industriemaroc.com\\\/#website\",\"url\":\"https:\\\/\\\/industriemaroc.com\\\/\",\"name\":\"Industrie Maroc Online\",\"description\":\"Plateforme B2B de mat\u00e9riel professionnel au Maroc\",\"publisher\":{\"@id\":\"https:\\\/\\\/industriemaroc.com\\\/#organization\"},\"potentialAction\":[{\"@type\":\"SearchAction\",\"target\":{\"@type\":\"EntryPoint\",\"urlTemplate\":\"https:\\\/\\\/industriemaroc.com\\\/?s={search_term_string}\"},\"query-input\":{\"@type\":\"PropertyValueSpecification\",\"valueRequired\":true,\"valueName\":\"search_term_string\"}}],\"inLanguage\":\"en-US\"},{\"@type\":\"Organization\",\"@id\":\"https:\\\/\\\/industriemaroc.com\\\/#organization\",\"name\":\"industriemaroc.com\",\"url\":\"https:\\\/\\\/industriemaroc.com\\\/\",\"logo\":{\"@type\":\"ImageObject\",\"inLanguage\":\"en-US\",\"@id\":\"https:\\\/\\\/industriemaroc.com\\\/#\\\/schema\\\/logo\\\/image\\\/\",\"url\":\"https:\\\/\\\/industriemaroc.com\\\/wp-content\\\/uploads\\\/2024\\\/04\\\/IM.jpg\",\"contentUrl\":\"https:\\\/\\\/industriemaroc.com\\\/wp-content\\\/uploads\\\/2024\\\/04\\\/IM.jpg\",\"width\":2500,\"height\":2500,\"caption\":\"industriemaroc.com\"},\"image\":{\"@id\":\"https:\\\/\\\/industriemaroc.com\\\/#\\\/schema\\\/logo\\\/image\\\/\"}}]}<\/script>\n<!-- \/ Yoast SEO plugin. -->","yoast_head_json":{"title":"Strapping Machine - Feuillard PP \/ PET - Industrie Maroc Online","description":"Cercleuse portative \u00e0 batterie.    Pour feuillard PP &amp; PET.    Tension r\u00e9glable.    Soudure par friction, sans chape    L\u00e9ger, compact, facile \u00e0 utiliser   &nbsp;","robots":{"index":"index","follow":"follow","max-snippet":"max-snippet:-1","max-image-preview":"max-image-preview:large","max-video-preview":"max-video-preview:-1"},"canonical":"https:\/\/industriemaroc.com\/en\/product\/strapping-machine-feuillard-pp-pet\/","og_locale":"en_US","og_type":"article","og_title":"Strapping Machine - Feuillard PP \/ PET - Industrie Maroc Online","og_description":"Cercleuse portative \u00e0 batterie.    Pour feuillard PP &amp; PET.    Tension r\u00e9glable.    Soudure par friction, sans chape    L\u00e9ger, compact, facile \u00e0 utiliser   &nbsp;","og_url":"https:\/\/industriemaroc.com\/en\/product\/strapping-machine-feuillard-pp-pet\/","og_site_name":"Industrie Maroc Online","article_modified_time":"2025-09-11T19:16:20+00:00","og_image":[{"width":700,"height":700,"url":"https:\/\/industriemaroc.com\/wp-content\/uploads\/2025\/04\/strapping-machine-maroc.png","type":"image\/png"}],"twitter_card":"summary_large_image","twitter_misc":{"Est. reading time":"2 minutes"},"schema":{"@context":"https:\/\/schema.org","@graph":[{"@type":"WebPage","@id":"https:\/\/industriemaroc.com\/produit\/strapping-machine-feuillard-pp-pet\/","url":"https:\/\/industriemaroc.com\/produit\/strapping-machine-feuillard-pp-pet\/","name":"Strapping Machine - Feuillard PP \/ PET - Industrie Maroc Online","isPartOf":{"@id":"https:\/\/industriemaroc.com\/#website"},"primaryImageOfPage":{"@id":"https:\/\/industriemaroc.com\/produit\/strapping-machine-feuillard-pp-pet\/#primaryimage"},"image":{"@id":"https:\/\/industriemaroc.com\/produit\/strapping-machine-feuillard-pp-pet\/#primaryimage"},"thumbnailUrl":"https:\/\/industriemaroc.com\/wp-content\/uploads\/2025\/04\/strapping-machine-maroc.png","datePublished":"2025-04-29T13:43:39+00:00","dateModified":"2025-09-11T19:16:20+00:00","description":"Cercleuse portative \u00e0 batterie. Pour feuillard PP &amp; PET. Tension r\u00e9glable. Soudure par friction, sans chape L\u00e9ger, compact, facile \u00e0 utiliser &nbsp;","breadcrumb":{"@id":"https:\/\/industriemaroc.com\/produit\/strapping-machine-feuillard-pp-pet\/#breadcrumb"},"inLanguage":"en-US","potentialAction":[{"@type":"ReadAction","target":["https:\/\/industriemaroc.com\/produit\/strapping-machine-feuillard-pp-pet\/"]}]},{"@type":"ImageObject","inLanguage":"en-US","@id":"https:\/\/industriemaroc.com\/produit\/strapping-machine-feuillard-pp-pet\/#primaryimage","url":"https:\/\/industriemaroc.com\/wp-content\/uploads\/2025\/04\/strapping-machine-maroc.png","contentUrl":"https:\/\/industriemaroc.com\/wp-content\/uploads\/2025\/04\/strapping-machine-maroc.png","width":700,"height":700,"caption":"Strapping machine haute performance pour applications industrielles"},{"@type":"BreadcrumbList","@id":"https:\/\/industriemaroc.com\/produit\/strapping-machine-feuillard-pp-pet\/#breadcrumb","itemListElement":[{"@type":"ListItem","position":1,"name":"Home","item":"https:\/\/industriemaroc.com\/"},{"@type":"ListItem","position":2,"name":"Shop","item":"https:\/\/industriemaroc.com\/shop\/"},{"@type":"ListItem","position":3,"name":"Strapping Machine &#8211; Feuillard PP \/ PET"}]},{"@type":"WebSite","@id":"https:\/\/industriemaroc.com\/#website","url":"https:\/\/industriemaroc.com\/","name":"Industrie Maroc Online","description":"Plateforme B2B de mat\u00e9riel professionnel au Maroc","publisher":{"@id":"https:\/\/industriemaroc.com\/#organization"},"potentialAction":[{"@type":"SearchAction","target":{"@type":"EntryPoint","urlTemplate":"https:\/\/industriemaroc.com\/?s={search_term_string}"},"query-input":{"@type":"PropertyValueSpecification","valueRequired":true,"valueName":"search_term_string"}}],"inLanguage":"en-US"},{"@type":"Organization","@id":"https:\/\/industriemaroc.com\/#organization","name":"industriemaroc.com","url":"https:\/\/industriemaroc.com\/","logo":{"@type":"ImageObject","inLanguage":"en-US","@id":"https:\/\/industriemaroc.com\/#\/schema\/logo\/image\/","url":"https:\/\/industriemaroc.com\/wp-content\/uploads\/2024\/04\/IM.jpg","contentUrl":"https:\/\/industriemaroc.com\/wp-content\/uploads\/2024\/04\/IM.jpg","width":2500,"height":2500,"caption":"industriemaroc.com"},"image":{"@id":"https:\/\/industriemaroc.com\/#\/schema\/logo\/image\/"}}]}},"_links":{"self":[{"href":"https:\/\/industriemaroc.com\/en\/wp-json\/wp\/v2\/product\/23923","targetHints":{"allow":["GET"]}}],"collection":[{"href":"https:\/\/industriemaroc.com\/en\/wp-json\/wp\/v2\/product"}],"about":[{"href":"https:\/\/industriemaroc.com\/en\/wp-json\/wp\/v2\/types\/product"}],"replies":[{"embeddable":true,"href":"https:\/\/industriemaroc.com\/en\/wp-json\/wp\/v2\/comments?post=23923"}],"version-history":[{"count":5,"href":"https:\/\/industriemaroc.com\/en\/wp-json\/wp\/v2\/product\/23923\/revisions"}],"predecessor-version":[{"id":24037,"href":"https:\/\/industriemaroc.com\/en\/wp-json\/wp\/v2\/product\/23923\/revisions\/24037"}],"wp:featuredmedia":[{"embeddable":true,"href":"https:\/\/industriemaroc.com\/en\/wp-json\/wp\/v2\/media\/23924"}],"wp:attachment":[{"href":"https:\/\/industriemaroc.com\/en\/wp-json\/wp\/v2\/media?parent=23923"}],"wp:term":[{"taxonomy":"product_brand","embeddable":true,"href":"https:\/\/industriemaroc.com\/en\/wp-json\/wp\/v2\/product_brand?post=23923"},{"taxonomy":"product_cat","embeddable":true,"href":"https:\/\/industriemaroc.com\/en\/wp-json\/wp\/v2\/product_cat?post=23923"},{"taxonomy":"product_tag","embeddable":true,"href":"https:\/\/industriemaroc.com\/en\/wp-json\/wp\/v2\/product_tag?post=23923"}],"curies":[{"name":"wp","href":"https:\/\/api.w.org\/{rel}","templated":true}]}}