{"id":23929,"date":"2025-04-29T16:26:20","date_gmt":"2025-04-29T14:26:20","guid":{"rendered":"https:\/\/industriemaroc.com\/?post_type=product&#038;p=23929"},"modified":"2025-11-17T12:29:19","modified_gmt":"2025-11-17T11:29:19","slug":"papier-toilette-350g-maroc","status":"publish","type":"product","link":"https:\/\/industriemaroc.com\/en\/product\/papier-toilette-350g-maroc\/","title":{"rendered":"Papier Toilette 350 G &#8211; Pack de 18 Rouleaux"},"content":{"rendered":"<h1>Papier Toilette 350g Maroc \u2013 Rouleau Industriel Grande Capacit\u00e9<\/h1>\n<h2 data-start=\"1265\" data-end=\"1296\">Description G\u00e9n\u00e9rale<\/h2>\n<p class=\"\" data-start=\"1297\" data-end=\"1496\">Papier toilette <strong data-start=\"1313\" data-end=\"1328\">350 grammes<\/strong>, con\u00e7u pour les environnements \u00e0 fort trafic. Il offre un excellent rapport r\u00e9sistance\/douceur, tout en assurant une autonomie prolong\u00e9e gr\u00e2ce \u00e0 son format \u00e9conomique.<\/p>\n<h2 data-start=\"1498\" data-end=\"1536\">Caract\u00e9ristiques Techniques<\/h2>\n<ul data-start=\"1537\" data-end=\"1832\">\n<li class=\"\" data-start=\"1537\" data-end=\"1564\">\n<p class=\"\" data-start=\"1539\" data-end=\"1564\">Poids : 350 g \/ rouleau<\/p>\n<\/li>\n<li class=\"\" data-start=\"1565\" data-end=\"1599\">\n<p class=\"\" data-start=\"1567\" data-end=\"1599\">Longueur approximative : 300 m<\/p>\n<\/li>\n<li class=\"\" data-start=\"1600\" data-end=\"1633\">\n<p class=\"\" data-start=\"1602\" data-end=\"1633\">Diam\u00e8tre du rouleau : \u00b1 20 cm<\/p>\n<\/li>\n<li class=\"\" data-start=\"1634\" data-end=\"1690\">\n<p class=\"\" data-start=\"1636\" data-end=\"1690\">Mandrin : 60 mm (adapt\u00e9 aux distributeurs standards)<\/p>\n<\/li>\n<li class=\"\" data-start=\"1691\" data-end=\"1713\">\n<p class=\"\" data-start=\"1693\" data-end=\"1713\">\u00c9paisseur : 2 plis<\/p>\n<\/li>\n<li class=\"\" data-start=\"1714\" data-end=\"1735\">\n<p class=\"\" data-start=\"1716\" data-end=\"1735\">Texture : gaufr\u00e9e \/ Lisse<\/p>\n<\/li>\n<li class=\"\" data-start=\"1736\" data-end=\"1792\">\n<p class=\"\" data-start=\"1738\" data-end=\"1792\">Mat\u00e9riau : 100 % cellulose ou recycl\u00e9 (selon mod\u00e8le)<\/p>\n<\/li>\n<li class=\"\" data-start=\"1793\" data-end=\"1832\">\n<p class=\"\" data-start=\"1795\" data-end=\"1832\">Emballage : Paquet de 18 rouleaux<\/p>\n<\/li>\n<\/ul>\n<h2 data-start=\"1834\" data-end=\"1854\">Avantages<\/h2>\n<ul data-start=\"1855\" data-end=\"2072\">\n<li class=\"\" data-start=\"1855\" data-end=\"1899\">\n<p class=\"\" data-start=\"1857\" data-end=\"1899\">\u2705 Format \u00e9conomique \u2013 moins de recharges<\/p>\n<\/li>\n<li class=\"\" data-start=\"1900\" data-end=\"1925\">\n<p class=\"\" data-start=\"1902\" data-end=\"1925\">\u2705 Douceur et solidit\u00e9<\/p>\n<\/li>\n<li class=\"\" data-start=\"1926\" data-end=\"1979\">\n<p class=\"\" data-start=\"1928\" data-end=\"1979\">\u2705 Id\u00e9al pour toilettes publiques et industrielles<\/p>\n<\/li>\n<li class=\"\" data-start=\"1980\" data-end=\"2021\">\n<p class=\"\" data-start=\"1982\" data-end=\"2021\">\u2705 Compatible avec distributeurs jumbo<\/p>\n<\/li>\n<li class=\"\" data-start=\"2022\" data-end=\"2072\">\n<p class=\"\" data-start=\"2024\" data-end=\"2072\">\u2705 Fabriqu\u00e9 selon les normes d\u2019hygi\u00e8ne en vigueur<\/p>\n<\/li>\n<\/ul>\n<h2 data-start=\"2074\" data-end=\"2107\">Domaines d\u2019Utilisation<\/h2>\n<ul data-start=\"2108\" data-end=\"2250\">\n<li class=\"\" data-start=\"2108\" data-end=\"2136\">\n<p class=\"\" data-start=\"2110\" data-end=\"2136\">\u00c9tablissements scolaires<\/p>\n<\/li>\n<li class=\"\" data-start=\"2137\" data-end=\"2161\">\n<p class=\"\" data-start=\"2139\" data-end=\"2161\">H\u00f4pitaux &amp; cliniques<\/p>\n<\/li>\n<li class=\"\" data-start=\"2162\" data-end=\"2186\">\n<p class=\"\" data-start=\"2164\" data-end=\"2186\">Restaurants &amp; h\u00f4tels<\/p>\n<\/li>\n<li class=\"\" data-start=\"2187\" data-end=\"2216\">\n<p class=\"\" data-start=\"2189\" data-end=\"2216\">Entreprises industrielles<\/p>\n<\/li>\n<li class=\"\" data-start=\"2217\" data-end=\"2250\">\n<p class=\"\" data-start=\"2219\" data-end=\"2250\">Administrations &amp; collectivit\u00e9s<\/p>\n<\/li>\n<\/ul>\n<p>D\u00e9couvrez notre Large Gamme Hygi\u00e8ne\u00a0<a href=\"https:\/\/industriemaroc.com\/en\/product-category\/hygiene\/\">https:\/\/industriemaroc.com\/product-category\/hygiene\/<\/a><\/p>\n<p>ISO 14001 \u2013 Management environnemental\u00a0<a href=\"https:\/\/www.iso.org\/fr\/iso-14001-environmental-management.html\">https:\/\/www.iso.org\/fr\/iso-14001-environmental-management.html<\/a><\/p>\n<p>&nbsp;<\/p>","protected":false},"excerpt":{"rendered":"<ul>\n<li class=\"\" data-start=\"2305\" data-end=\"2336\">\n<p class=\"\" data-start=\"2307\" data-end=\"2336\">Papier toilette\u00a0 350 g<\/p>\n<\/li>\n<li class=\"\" data-start=\"2401\" data-end=\"2431\">\n<p class=\"\" data-start=\"2403\" data-end=\"2431\">Haute r\u00e9sistance &amp; confort<\/p>\n<\/li>\n<li class=\"\" data-start=\"2432\" data-end=\"2467\">\n<p class=\"\" data-start=\"2434\" data-end=\"2467\">Id\u00e9al pour lieux \u00e0 fort passage<\/p>\n<\/li>\n<li class=\"\" data-start=\"2468\" data-end=\"2504\">\n<p class=\"\" data-start=\"2470\" data-end=\"2504\">Emballage \u00e9conomique (18 rouleaux)<\/p>\n<\/li>\n<\/ul>","protected":false},"featured_media":23930,"comment_status":"open","ping_status":"closed","template":"","meta":{"om_disable_all_campaigns":false,"_monsterinsights_skip_tracking":false,"_monsterinsights_sitenote_active":false,"_monsterinsights_sitenote_note":"","_monsterinsights_sitenote_category":0,"_uf_show_specific_survey":0,"_uf_disable_surveys":false,"_joinchat":[]},"product_brand":[],"product_cat":[674,801,799,784],"product_tag":[],"class_list":{"0":"post-23929","1":"product","2":"type-product","3":"status-publish","4":"has-post-thumbnail","6":"product_cat-hygiene","7":"product_cat-papier-toilette","8":"product_cat-papier","9":"product_cat-produit-nettoyage","11":"first","12":"instock","13":"taxable","14":"shipping-taxable","15":"purchasable","16":"product-type-simple"},"yoast_head":"<!-- This site is optimized with the Yoast SEO plugin v27.4 - https:\/\/yoast.com\/product\/yoast-seo-wordpress\/ -->\n<title>Papier Toilette 350G au Maroc | industriemaroc.com<\/title>\n<meta name=\"description\" content=\"Papier Toilette 350G Maroc. Paquet de 18 rouleaux. Livraison rapide partout au Maroc. Commandez maintenant sur industriemaroc.com !\" \/>\n<meta name=\"robots\" content=\"index, follow, max-snippet:-1, max-image-preview:large, max-video-preview:-1\" \/>\n<link rel=\"canonical\" href=\"https:\/\/industriemaroc.com\/en\/product\/papier-toilette-350g-maroc\/\" \/>\n<meta property=\"og:locale\" content=\"en_US\" \/>\n<meta property=\"og:type\" content=\"article\" \/>\n<meta property=\"og:title\" content=\"Papier Toilette 350G au Maroc | industriemaroc.com\" \/>\n<meta property=\"og:description\" content=\"Papier Toilette 350G Maroc. Paquet de 18 rouleaux. Livraison rapide partout au Maroc. Commandez maintenant sur industriemaroc.com !\" \/>\n<meta property=\"og:url\" content=\"https:\/\/industriemaroc.com\/en\/product\/papier-toilette-350g-maroc\/\" \/>\n<meta property=\"og:site_name\" content=\"Industrie Maroc Online\" \/>\n<meta property=\"article:modified_time\" content=\"2025-11-17T11:29:19+00:00\" \/>\n<meta property=\"og:image\" content=\"https:\/\/industriemaroc.com\/wp-content\/uploads\/2025\/04\/papier-toilette-maroc.png\" \/>\n\t<meta property=\"og:image:width\" content=\"700\" \/>\n\t<meta property=\"og:image:height\" content=\"700\" \/>\n\t<meta property=\"og:image:type\" content=\"image\/png\" \/>\n<meta name=\"twitter:card\" content=\"summary_large_image\" \/>\n<meta name=\"twitter:label1\" content=\"Est. reading time\" \/>\n\t<meta name=\"twitter:data1\" content=\"1 minute\" \/>\n<script type=\"application\/ld+json\" class=\"yoast-schema-graph\">{\"@context\":\"https:\\\/\\\/schema.org\",\"@graph\":[{\"@type\":\"WebPage\",\"@id\":\"https:\\\/\\\/industriemaroc.com\\\/produit\\\/papier-toilette-350g-maroc\\\/\",\"url\":\"https:\\\/\\\/industriemaroc.com\\\/produit\\\/papier-toilette-350g-maroc\\\/\",\"name\":\"Papier Toilette 350G au Maroc | industriemaroc.com\",\"isPartOf\":{\"@id\":\"https:\\\/\\\/industriemaroc.com\\\/#website\"},\"primaryImageOfPage\":{\"@id\":\"https:\\\/\\\/industriemaroc.com\\\/produit\\\/papier-toilette-350g-maroc\\\/#primaryimage\"},\"image\":{\"@id\":\"https:\\\/\\\/industriemaroc.com\\\/produit\\\/papier-toilette-350g-maroc\\\/#primaryimage\"},\"thumbnailUrl\":\"https:\\\/\\\/industriemaroc.com\\\/wp-content\\\/uploads\\\/2025\\\/04\\\/papier-toilette-maroc.png\",\"datePublished\":\"2025-04-29T14:26:20+00:00\",\"dateModified\":\"2025-11-17T11:29:19+00:00\",\"description\":\"Papier Toilette 350G Maroc. Paquet de 18 rouleaux. Livraison rapide partout au Maroc. Commandez maintenant sur industriemaroc.com !\",\"breadcrumb\":{\"@id\":\"https:\\\/\\\/industriemaroc.com\\\/produit\\\/papier-toilette-350g-maroc\\\/#breadcrumb\"},\"inLanguage\":\"en-US\",\"potentialAction\":[{\"@type\":\"ReadAction\",\"target\":[\"https:\\\/\\\/industriemaroc.com\\\/produit\\\/papier-toilette-350g-maroc\\\/\"]}]},{\"@type\":\"ImageObject\",\"inLanguage\":\"en-US\",\"@id\":\"https:\\\/\\\/industriemaroc.com\\\/produit\\\/papier-toilette-350g-maroc\\\/#primaryimage\",\"url\":\"https:\\\/\\\/industriemaroc.com\\\/wp-content\\\/uploads\\\/2025\\\/04\\\/papier-toilette-maroc.png\",\"contentUrl\":\"https:\\\/\\\/industriemaroc.com\\\/wp-content\\\/uploads\\\/2025\\\/04\\\/papier-toilette-maroc.png\",\"width\":700,\"height\":700,\"caption\":\"Papier toilette 100G en petit format, id\u00e9al pour les petits espaces professionnels\"},{\"@type\":\"BreadcrumbList\",\"@id\":\"https:\\\/\\\/industriemaroc.com\\\/produit\\\/papier-toilette-350g-maroc\\\/#breadcrumb\",\"itemListElement\":[{\"@type\":\"ListItem\",\"position\":1,\"name\":\"Home\",\"item\":\"https:\\\/\\\/industriemaroc.com\\\/\"},{\"@type\":\"ListItem\",\"position\":2,\"name\":\"Shop\",\"item\":\"https:\\\/\\\/industriemaroc.com\\\/shop\\\/\"},{\"@type\":\"ListItem\",\"position\":3,\"name\":\"Papier Toilette 350 G &#8211; Pack de 18 Rouleaux\"}]},{\"@type\":\"WebSite\",\"@id\":\"https:\\\/\\\/industriemaroc.com\\\/#website\",\"url\":\"https:\\\/\\\/industriemaroc.com\\\/\",\"name\":\"Industrie Maroc Online\",\"description\":\"Plateforme B2B de mat\u00e9riel professionnel au Maroc\",\"publisher\":{\"@id\":\"https:\\\/\\\/industriemaroc.com\\\/#organization\"},\"potentialAction\":[{\"@type\":\"SearchAction\",\"target\":{\"@type\":\"EntryPoint\",\"urlTemplate\":\"https:\\\/\\\/industriemaroc.com\\\/?s={search_term_string}\"},\"query-input\":{\"@type\":\"PropertyValueSpecification\",\"valueRequired\":true,\"valueName\":\"search_term_string\"}}],\"inLanguage\":\"en-US\"},{\"@type\":\"Organization\",\"@id\":\"https:\\\/\\\/industriemaroc.com\\\/#organization\",\"name\":\"industriemaroc.com\",\"url\":\"https:\\\/\\\/industriemaroc.com\\\/\",\"logo\":{\"@type\":\"ImageObject\",\"inLanguage\":\"en-US\",\"@id\":\"https:\\\/\\\/industriemaroc.com\\\/#\\\/schema\\\/logo\\\/image\\\/\",\"url\":\"https:\\\/\\\/industriemaroc.com\\\/wp-content\\\/uploads\\\/2024\\\/04\\\/IM.jpg\",\"contentUrl\":\"https:\\\/\\\/industriemaroc.com\\\/wp-content\\\/uploads\\\/2024\\\/04\\\/IM.jpg\",\"width\":2500,\"height\":2500,\"caption\":\"industriemaroc.com\"},\"image\":{\"@id\":\"https:\\\/\\\/industriemaroc.com\\\/#\\\/schema\\\/logo\\\/image\\\/\"}}]}<\/script>\n<!-- \/ Yoast SEO plugin. -->","yoast_head_json":{"title":"Papier Toilette 350G au Maroc | industriemaroc.com","description":"Papier Toilette 350G Maroc. Paquet de 18 rouleaux. Livraison rapide partout au Maroc. Commandez maintenant sur industriemaroc.com !","robots":{"index":"index","follow":"follow","max-snippet":"max-snippet:-1","max-image-preview":"max-image-preview:large","max-video-preview":"max-video-preview:-1"},"canonical":"https:\/\/industriemaroc.com\/en\/product\/papier-toilette-350g-maroc\/","og_locale":"en_US","og_type":"article","og_title":"Papier Toilette 350G au Maroc | industriemaroc.com","og_description":"Papier Toilette 350G Maroc. Paquet de 18 rouleaux. Livraison rapide partout au Maroc. Commandez maintenant sur industriemaroc.com !","og_url":"https:\/\/industriemaroc.com\/en\/product\/papier-toilette-350g-maroc\/","og_site_name":"Industrie Maroc Online","article_modified_time":"2025-11-17T11:29:19+00:00","og_image":[{"width":700,"height":700,"url":"https:\/\/industriemaroc.com\/wp-content\/uploads\/2025\/04\/papier-toilette-maroc.png","type":"image\/png"}],"twitter_card":"summary_large_image","twitter_misc":{"Est. reading time":"1 minute"},"schema":{"@context":"https:\/\/schema.org","@graph":[{"@type":"WebPage","@id":"https:\/\/industriemaroc.com\/produit\/papier-toilette-350g-maroc\/","url":"https:\/\/industriemaroc.com\/produit\/papier-toilette-350g-maroc\/","name":"Papier Toilette 350G au Maroc | industriemaroc.com","isPartOf":{"@id":"https:\/\/industriemaroc.com\/#website"},"primaryImageOfPage":{"@id":"https:\/\/industriemaroc.com\/produit\/papier-toilette-350g-maroc\/#primaryimage"},"image":{"@id":"https:\/\/industriemaroc.com\/produit\/papier-toilette-350g-maroc\/#primaryimage"},"thumbnailUrl":"https:\/\/industriemaroc.com\/wp-content\/uploads\/2025\/04\/papier-toilette-maroc.png","datePublished":"2025-04-29T14:26:20+00:00","dateModified":"2025-11-17T11:29:19+00:00","description":"Papier Toilette 350G Maroc. Paquet de 18 rouleaux. Livraison rapide partout au Maroc. Commandez maintenant sur industriemaroc.com !","breadcrumb":{"@id":"https:\/\/industriemaroc.com\/produit\/papier-toilette-350g-maroc\/#breadcrumb"},"inLanguage":"en-US","potentialAction":[{"@type":"ReadAction","target":["https:\/\/industriemaroc.com\/produit\/papier-toilette-350g-maroc\/"]}]},{"@type":"ImageObject","inLanguage":"en-US","@id":"https:\/\/industriemaroc.com\/produit\/papier-toilette-350g-maroc\/#primaryimage","url":"https:\/\/industriemaroc.com\/wp-content\/uploads\/2025\/04\/papier-toilette-maroc.png","contentUrl":"https:\/\/industriemaroc.com\/wp-content\/uploads\/2025\/04\/papier-toilette-maroc.png","width":700,"height":700,"caption":"Papier toilette 100G en petit format, id\u00e9al pour les petits espaces professionnels"},{"@type":"BreadcrumbList","@id":"https:\/\/industriemaroc.com\/produit\/papier-toilette-350g-maroc\/#breadcrumb","itemListElement":[{"@type":"ListItem","position":1,"name":"Home","item":"https:\/\/industriemaroc.com\/"},{"@type":"ListItem","position":2,"name":"Shop","item":"https:\/\/industriemaroc.com\/shop\/"},{"@type":"ListItem","position":3,"name":"Papier Toilette 350 G &#8211; Pack de 18 Rouleaux"}]},{"@type":"WebSite","@id":"https:\/\/industriemaroc.com\/#website","url":"https:\/\/industriemaroc.com\/","name":"Industrie Maroc Online","description":"Plateforme B2B de mat\u00e9riel professionnel au Maroc","publisher":{"@id":"https:\/\/industriemaroc.com\/#organization"},"potentialAction":[{"@type":"SearchAction","target":{"@type":"EntryPoint","urlTemplate":"https:\/\/industriemaroc.com\/?s={search_term_string}"},"query-input":{"@type":"PropertyValueSpecification","valueRequired":true,"valueName":"search_term_string"}}],"inLanguage":"en-US"},{"@type":"Organization","@id":"https:\/\/industriemaroc.com\/#organization","name":"industriemaroc.com","url":"https:\/\/industriemaroc.com\/","logo":{"@type":"ImageObject","inLanguage":"en-US","@id":"https:\/\/industriemaroc.com\/#\/schema\/logo\/image\/","url":"https:\/\/industriemaroc.com\/wp-content\/uploads\/2024\/04\/IM.jpg","contentUrl":"https:\/\/industriemaroc.com\/wp-content\/uploads\/2024\/04\/IM.jpg","width":2500,"height":2500,"caption":"industriemaroc.com"},"image":{"@id":"https:\/\/industriemaroc.com\/#\/schema\/logo\/image\/"}}]}},"_links":{"self":[{"href":"https:\/\/industriemaroc.com\/en\/wp-json\/wp\/v2\/product\/23929","targetHints":{"allow":["GET"]}}],"collection":[{"href":"https:\/\/industriemaroc.com\/en\/wp-json\/wp\/v2\/product"}],"about":[{"href":"https:\/\/industriemaroc.com\/en\/wp-json\/wp\/v2\/types\/product"}],"replies":[{"embeddable":true,"href":"https:\/\/industriemaroc.com\/en\/wp-json\/wp\/v2\/comments?post=23929"}],"version-history":[{"count":1,"href":"https:\/\/industriemaroc.com\/en\/wp-json\/wp\/v2\/product\/23929\/revisions"}],"predecessor-version":[{"id":23931,"href":"https:\/\/industriemaroc.com\/en\/wp-json\/wp\/v2\/product\/23929\/revisions\/23931"}],"wp:featuredmedia":[{"embeddable":true,"href":"https:\/\/industriemaroc.com\/en\/wp-json\/wp\/v2\/media\/23930"}],"wp:attachment":[{"href":"https:\/\/industriemaroc.com\/en\/wp-json\/wp\/v2\/media?parent=23929"}],"wp:term":[{"taxonomy":"product_brand","embeddable":true,"href":"https:\/\/industriemaroc.com\/en\/wp-json\/wp\/v2\/product_brand?post=23929"},{"taxonomy":"product_cat","embeddable":true,"href":"https:\/\/industriemaroc.com\/en\/wp-json\/wp\/v2\/product_cat?post=23929"},{"taxonomy":"product_tag","embeddable":true,"href":"https:\/\/industriemaroc.com\/en\/wp-json\/wp\/v2\/product_tag?post=23929"}],"curies":[{"name":"wp","href":"https:\/\/api.w.org\/{rel}","templated":true}]}}