{"id":23932,"date":"2025-04-29T16:38:32","date_gmt":"2025-04-29T14:38:32","guid":{"rendered":"https:\/\/industriemaroc.com\/?post_type=product&#038;p=23932"},"modified":"2025-11-17T12:41:42","modified_gmt":"2025-11-17T11:41:42","slug":"papier-toilette-industriel-450g","status":"publish","type":"product","link":"https:\/\/industriemaroc.com\/en\/product\/papier-toilette-industriel-450g\/","title":{"rendered":"Papier Toilette 450G &#8211; Paquet de 18 Rouleaux"},"content":{"rendered":"<h1 data-start=\"1532\" data-end=\"1563\">Papier Toilette industriel 450G<\/h1>\n<h2 data-start=\"1532\" data-end=\"1563\">Description G\u00e9n\u00e9rale<\/h2>\n<p class=\"\" data-start=\"1564\" data-end=\"1784\">Le <strong data-start=\"1567\" data-end=\"1602\">papier toilette industriel 450g<\/strong> est id\u00e9al pour les environnements \u00e0 fort trafic tels que les \u00e9tablissements publics, h\u00f4pitaux, entreprises ou \u00e9coles. Son format jumbo permet de limiter les remplacements fr\u00e9quents.<\/p>\n<h2 data-start=\"1786\" data-end=\"1824\">Caract\u00e9ristiques Techniques<\/h2>\n<ul data-start=\"1825\" data-end=\"2133\">\n<li class=\"\" data-start=\"1825\" data-end=\"1854\">\n<p class=\"\" data-start=\"1827\" data-end=\"1854\">Poids : 450 g par rouleau<\/p>\n<\/li>\n<li class=\"\" data-start=\"1855\" data-end=\"1890\">\n<p class=\"\" data-start=\"1857\" data-end=\"1890\">Longueur estim\u00e9e : \u00b1 400 m\u00e8tres<\/p>\n<\/li>\n<li class=\"\" data-start=\"1891\" data-end=\"1911\">\n<p class=\"\" data-start=\"1893\" data-end=\"1911\">Largeur : \u00b1 9 cm<\/p>\n<\/li>\n<li class=\"\" data-start=\"1912\" data-end=\"1945\">\n<p class=\"\" data-start=\"1914\" data-end=\"1945\">Diam\u00e8tre du rouleau : \u00b1 24 cm<\/p>\n<\/li>\n<li class=\"\" data-start=\"1996\" data-end=\"2018\">\n<p class=\"\" data-start=\"1998\" data-end=\"2018\">\u00c9paisseur : 2 plis<\/p>\n<\/li>\n<li class=\"\" data-start=\"2019\" data-end=\"2040\">\n<p class=\"\" data-start=\"2021\" data-end=\"2040\">Texture : Gaufr\u00e9e \/ Lisse<\/p>\n<\/li>\n<li class=\"\" data-start=\"2041\" data-end=\"2097\">\n<p class=\"\" data-start=\"2043\" data-end=\"2097\">Mat\u00e9riau : 100 % cellulose ou recycl\u00e9 (selon mod\u00e8le)<\/p>\n<\/li>\n<li class=\"\" data-start=\"2098\" data-end=\"2133\">\n<p class=\"\" data-start=\"2100\" data-end=\"2133\">Emballage : paquet de 18 rouleaux<\/p>\n<\/li>\n<\/ul>\n<h2 data-start=\"2135\" data-end=\"2155\">Avantages<\/h2>\n<ul data-start=\"2156\" data-end=\"2374\">\n<li class=\"\" data-start=\"2156\" data-end=\"2203\">\n<p class=\"\" data-start=\"2158\" data-end=\"2203\">\u2705 R\u00e9duction de la fr\u00e9quence de remplacement<\/p>\n<\/li>\n<li class=\"\" data-start=\"2204\" data-end=\"2236\">\n<p class=\"\" data-start=\"2206\" data-end=\"2236\">\u2705 \u00c9conomie sur le long terme<\/p>\n<\/li>\n<li class=\"\" data-start=\"2237\" data-end=\"2272\">\n<p class=\"\" data-start=\"2239\" data-end=\"2272\">\u2705 Bonne r\u00e9sistance \u00e0 l\u2019humidit\u00e9<\/p>\n<\/li>\n<li class=\"\" data-start=\"2273\" data-end=\"2315\">\n<p class=\"\" data-start=\"2275\" data-end=\"2315\">\u2705 Douceur adapt\u00e9e aux usages intensifs<\/p>\n<\/li>\n<li class=\"\" data-start=\"2316\" data-end=\"2374\">\n<p class=\"\" data-start=\"2318\" data-end=\"2374\">\u2705 Compatibilit\u00e9 avec la plupart des distributeurs muraux<\/p>\n<\/li>\n<\/ul>\n<h2 data-start=\"2376\" data-end=\"2409\">Domaines d\u2019utilisation<\/h2>\n<ul data-start=\"2410\" data-end=\"2585\">\n<li class=\"\" data-start=\"2410\" data-end=\"2435\">\n<p class=\"\" data-start=\"2412\" data-end=\"2435\">\u00c9coles et universit\u00e9s<\/p>\n<\/li>\n<li class=\"\" data-start=\"2436\" data-end=\"2482\">\n<p class=\"\" data-start=\"2438\" data-end=\"2482\">Toilettes publiques et centres commerciaux<\/p>\n<\/li>\n<li class=\"\" data-start=\"2483\" data-end=\"2508\">\n<p class=\"\" data-start=\"2485\" data-end=\"2508\">H\u00f4pitaux et cliniques<\/p>\n<\/li>\n<li class=\"\" data-start=\"2509\" data-end=\"2543\">\n<p class=\"\" data-start=\"2511\" data-end=\"2543\">Bureaux et espaces industriels<\/p>\n<\/li>\n<li class=\"\" data-start=\"2544\" data-end=\"2585\">\n<p class=\"\" data-start=\"2546\" data-end=\"2585\">Administrations &amp; collectivit\u00e9s locales<\/p>\n<\/li>\n<\/ul>\n<p>D\u00e9couvrez notre Large Gamme Hygi\u00e8ne\u00a0<a href=\"https:\/\/industriemaroc.com\/en\/product-category\/hygiene\/\">https:\/\/industriemaroc.com\/product-category\/hygiene\/<\/a><\/p>\n<p>ISO 14001 \u2013 Management environnemental\u00a0<a href=\"https:\/\/www.iso.org\/fr\/iso-14001-environmental-management.html\">https:\/\/www.iso.org\/fr\/iso-14001-environmental-management.html<\/a><\/p>","protected":false},"excerpt":{"rendered":"<ul>\n<li class=\"\" data-start=\"1237\" data-end=\"1267\">\n<p class=\"\" data-start=\"1239\" data-end=\"1267\">Papier toilette industriel 450g<\/p>\n<\/li>\n<li class=\"\" data-start=\"1342\" data-end=\"1381\">\n<p class=\"\" data-start=\"1344\" data-end=\"1381\">R\u00e9sistance optimale, usage intensif<\/p>\n<\/li>\n<li class=\"\" data-start=\"1382\" data-end=\"1425\">\n<p class=\"\" data-start=\"1384\" data-end=\"1425\">Parfait pour collectivit\u00e9s &amp; industries<\/p>\n<\/li>\n<li class=\"\" data-start=\"1426\" data-end=\"1462\">\n<p class=\"\" data-start=\"1428\" data-end=\"1462\">Emballage \u00e9conomique (18 rouleaux)<\/p>\n<\/li>\n<\/ul>","protected":false},"featured_media":23930,"comment_status":"open","ping_status":"closed","template":"","meta":{"om_disable_all_campaigns":false,"_monsterinsights_skip_tracking":false,"_monsterinsights_sitenote_active":false,"_monsterinsights_sitenote_note":"","_monsterinsights_sitenote_category":0,"_uf_show_specific_survey":0,"_uf_disable_surveys":false,"_joinchat":[]},"product_brand":[],"product_cat":[674,801,799,784],"product_tag":[],"class_list":{"0":"post-23932","1":"product","2":"type-product","3":"status-publish","4":"has-post-thumbnail","6":"product_cat-hygiene","7":"product_cat-papier-toilette","8":"product_cat-papier","9":"product_cat-produit-nettoyage","11":"first","12":"instock","13":"taxable","14":"shipping-taxable","15":"purchasable","16":"product-type-simple"},"yoast_head":"<!-- This site is optimized with the Yoast SEO plugin v27.4 - https:\/\/yoast.com\/product\/yoast-seo-wordpress\/ -->\n<title>Papier Toilette industriel 450G au Maroc | industriemaroc.com<\/title>\n<meta name=\"description\" content=\"Papier Toilette industriel 450G au Maroc. Paquet de 18 rouleaux. Livraison rapide partout au Maroc. Commandez maintenant sur industriemaroc.com\" \/>\n<meta name=\"robots\" content=\"index, follow, max-snippet:-1, max-image-preview:large, max-video-preview:-1\" \/>\n<link rel=\"canonical\" href=\"https:\/\/industriemaroc.com\/en\/product\/papier-toilette-industriel-450g\/\" \/>\n<meta property=\"og:locale\" content=\"en_US\" \/>\n<meta property=\"og:type\" content=\"article\" \/>\n<meta property=\"og:title\" content=\"Papier Toilette industriel 450G au Maroc | industriemaroc.com\" \/>\n<meta property=\"og:description\" content=\"Papier Toilette industriel 450G au Maroc. Paquet de 18 rouleaux. Livraison rapide partout au Maroc. Commandez maintenant sur industriemaroc.com\" \/>\n<meta property=\"og:url\" content=\"https:\/\/industriemaroc.com\/en\/product\/papier-toilette-industriel-450g\/\" \/>\n<meta property=\"og:site_name\" content=\"Industrie Maroc Online\" \/>\n<meta property=\"article:modified_time\" content=\"2025-11-17T11:41:42+00:00\" \/>\n<meta property=\"og:image\" content=\"https:\/\/industriemaroc.com\/wp-content\/uploads\/2025\/04\/papier-toilette-maroc.png\" \/>\n\t<meta property=\"og:image:width\" content=\"700\" \/>\n\t<meta property=\"og:image:height\" content=\"700\" \/>\n\t<meta property=\"og:image:type\" content=\"image\/png\" \/>\n<meta name=\"twitter:card\" content=\"summary_large_image\" \/>\n<meta name=\"twitter:label1\" content=\"Est. reading time\" \/>\n\t<meta name=\"twitter:data1\" content=\"1 minute\" \/>\n<script type=\"application\/ld+json\" class=\"yoast-schema-graph\">{\"@context\":\"https:\\\/\\\/schema.org\",\"@graph\":[{\"@type\":\"WebPage\",\"@id\":\"https:\\\/\\\/industriemaroc.com\\\/produit\\\/papier-toilette-industriel-450g\\\/\",\"url\":\"https:\\\/\\\/industriemaroc.com\\\/produit\\\/papier-toilette-industriel-450g\\\/\",\"name\":\"Papier Toilette industriel 450G au Maroc | industriemaroc.com\",\"isPartOf\":{\"@id\":\"https:\\\/\\\/industriemaroc.com\\\/#website\"},\"primaryImageOfPage\":{\"@id\":\"https:\\\/\\\/industriemaroc.com\\\/produit\\\/papier-toilette-industriel-450g\\\/#primaryimage\"},\"image\":{\"@id\":\"https:\\\/\\\/industriemaroc.com\\\/produit\\\/papier-toilette-industriel-450g\\\/#primaryimage\"},\"thumbnailUrl\":\"https:\\\/\\\/industriemaroc.com\\\/wp-content\\\/uploads\\\/2025\\\/04\\\/papier-toilette-maroc.png\",\"datePublished\":\"2025-04-29T14:38:32+00:00\",\"dateModified\":\"2025-11-17T11:41:42+00:00\",\"description\":\"Papier Toilette industriel 450G au Maroc. Paquet de 18 rouleaux. Livraison rapide partout au Maroc. Commandez maintenant sur industriemaroc.com\",\"breadcrumb\":{\"@id\":\"https:\\\/\\\/industriemaroc.com\\\/produit\\\/papier-toilette-industriel-450g\\\/#breadcrumb\"},\"inLanguage\":\"en-US\",\"potentialAction\":[{\"@type\":\"ReadAction\",\"target\":[\"https:\\\/\\\/industriemaroc.com\\\/produit\\\/papier-toilette-industriel-450g\\\/\"]}]},{\"@type\":\"ImageObject\",\"inLanguage\":\"en-US\",\"@id\":\"https:\\\/\\\/industriemaroc.com\\\/produit\\\/papier-toilette-industriel-450g\\\/#primaryimage\",\"url\":\"https:\\\/\\\/industriemaroc.com\\\/wp-content\\\/uploads\\\/2025\\\/04\\\/papier-toilette-maroc.png\",\"contentUrl\":\"https:\\\/\\\/industriemaroc.com\\\/wp-content\\\/uploads\\\/2025\\\/04\\\/papier-toilette-maroc.png\",\"width\":700,\"height\":700,\"caption\":\"Papier toilette 100G en petit format, id\u00e9al pour les petits espaces professionnels\"},{\"@type\":\"BreadcrumbList\",\"@id\":\"https:\\\/\\\/industriemaroc.com\\\/produit\\\/papier-toilette-industriel-450g\\\/#breadcrumb\",\"itemListElement\":[{\"@type\":\"ListItem\",\"position\":1,\"name\":\"Home\",\"item\":\"https:\\\/\\\/industriemaroc.com\\\/\"},{\"@type\":\"ListItem\",\"position\":2,\"name\":\"Shop\",\"item\":\"https:\\\/\\\/industriemaroc.com\\\/shop\\\/\"},{\"@type\":\"ListItem\",\"position\":3,\"name\":\"Papier Toilette 450G &#8211; Paquet de 18 Rouleaux\"}]},{\"@type\":\"WebSite\",\"@id\":\"https:\\\/\\\/industriemaroc.com\\\/#website\",\"url\":\"https:\\\/\\\/industriemaroc.com\\\/\",\"name\":\"Industrie Maroc Online\",\"description\":\"Plateforme B2B de mat\u00e9riel professionnel au Maroc\",\"publisher\":{\"@id\":\"https:\\\/\\\/industriemaroc.com\\\/#organization\"},\"potentialAction\":[{\"@type\":\"SearchAction\",\"target\":{\"@type\":\"EntryPoint\",\"urlTemplate\":\"https:\\\/\\\/industriemaroc.com\\\/?s={search_term_string}\"},\"query-input\":{\"@type\":\"PropertyValueSpecification\",\"valueRequired\":true,\"valueName\":\"search_term_string\"}}],\"inLanguage\":\"en-US\"},{\"@type\":\"Organization\",\"@id\":\"https:\\\/\\\/industriemaroc.com\\\/#organization\",\"name\":\"industriemaroc.com\",\"url\":\"https:\\\/\\\/industriemaroc.com\\\/\",\"logo\":{\"@type\":\"ImageObject\",\"inLanguage\":\"en-US\",\"@id\":\"https:\\\/\\\/industriemaroc.com\\\/#\\\/schema\\\/logo\\\/image\\\/\",\"url\":\"https:\\\/\\\/industriemaroc.com\\\/wp-content\\\/uploads\\\/2024\\\/04\\\/IM.jpg\",\"contentUrl\":\"https:\\\/\\\/industriemaroc.com\\\/wp-content\\\/uploads\\\/2024\\\/04\\\/IM.jpg\",\"width\":2500,\"height\":2500,\"caption\":\"industriemaroc.com\"},\"image\":{\"@id\":\"https:\\\/\\\/industriemaroc.com\\\/#\\\/schema\\\/logo\\\/image\\\/\"}}]}<\/script>\n<!-- \/ Yoast SEO plugin. -->","yoast_head_json":{"title":"Papier Toilette industriel 450G au Maroc | industriemaroc.com","description":"Papier Toilette industriel 450G au Maroc. Paquet de 18 rouleaux. Livraison rapide partout au Maroc. Commandez maintenant sur industriemaroc.com","robots":{"index":"index","follow":"follow","max-snippet":"max-snippet:-1","max-image-preview":"max-image-preview:large","max-video-preview":"max-video-preview:-1"},"canonical":"https:\/\/industriemaroc.com\/en\/product\/papier-toilette-industriel-450g\/","og_locale":"en_US","og_type":"article","og_title":"Papier Toilette industriel 450G au Maroc | industriemaroc.com","og_description":"Papier Toilette industriel 450G au Maroc. Paquet de 18 rouleaux. Livraison rapide partout au Maroc. Commandez maintenant sur industriemaroc.com","og_url":"https:\/\/industriemaroc.com\/en\/product\/papier-toilette-industriel-450g\/","og_site_name":"Industrie Maroc Online","article_modified_time":"2025-11-17T11:41:42+00:00","og_image":[{"width":700,"height":700,"url":"https:\/\/industriemaroc.com\/wp-content\/uploads\/2025\/04\/papier-toilette-maroc.png","type":"image\/png"}],"twitter_card":"summary_large_image","twitter_misc":{"Est. reading time":"1 minute"},"schema":{"@context":"https:\/\/schema.org","@graph":[{"@type":"WebPage","@id":"https:\/\/industriemaroc.com\/produit\/papier-toilette-industriel-450g\/","url":"https:\/\/industriemaroc.com\/produit\/papier-toilette-industriel-450g\/","name":"Papier Toilette industriel 450G au Maroc | industriemaroc.com","isPartOf":{"@id":"https:\/\/industriemaroc.com\/#website"},"primaryImageOfPage":{"@id":"https:\/\/industriemaroc.com\/produit\/papier-toilette-industriel-450g\/#primaryimage"},"image":{"@id":"https:\/\/industriemaroc.com\/produit\/papier-toilette-industriel-450g\/#primaryimage"},"thumbnailUrl":"https:\/\/industriemaroc.com\/wp-content\/uploads\/2025\/04\/papier-toilette-maroc.png","datePublished":"2025-04-29T14:38:32+00:00","dateModified":"2025-11-17T11:41:42+00:00","description":"Papier Toilette industriel 450G au Maroc. Paquet de 18 rouleaux. Livraison rapide partout au Maroc. Commandez maintenant sur industriemaroc.com","breadcrumb":{"@id":"https:\/\/industriemaroc.com\/produit\/papier-toilette-industriel-450g\/#breadcrumb"},"inLanguage":"en-US","potentialAction":[{"@type":"ReadAction","target":["https:\/\/industriemaroc.com\/produit\/papier-toilette-industriel-450g\/"]}]},{"@type":"ImageObject","inLanguage":"en-US","@id":"https:\/\/industriemaroc.com\/produit\/papier-toilette-industriel-450g\/#primaryimage","url":"https:\/\/industriemaroc.com\/wp-content\/uploads\/2025\/04\/papier-toilette-maroc.png","contentUrl":"https:\/\/industriemaroc.com\/wp-content\/uploads\/2025\/04\/papier-toilette-maroc.png","width":700,"height":700,"caption":"Papier toilette 100G en petit format, id\u00e9al pour les petits espaces professionnels"},{"@type":"BreadcrumbList","@id":"https:\/\/industriemaroc.com\/produit\/papier-toilette-industriel-450g\/#breadcrumb","itemListElement":[{"@type":"ListItem","position":1,"name":"Home","item":"https:\/\/industriemaroc.com\/"},{"@type":"ListItem","position":2,"name":"Shop","item":"https:\/\/industriemaroc.com\/shop\/"},{"@type":"ListItem","position":3,"name":"Papier Toilette 450G &#8211; Paquet de 18 Rouleaux"}]},{"@type":"WebSite","@id":"https:\/\/industriemaroc.com\/#website","url":"https:\/\/industriemaroc.com\/","name":"Industrie Maroc Online","description":"Plateforme B2B de mat\u00e9riel professionnel au Maroc","publisher":{"@id":"https:\/\/industriemaroc.com\/#organization"},"potentialAction":[{"@type":"SearchAction","target":{"@type":"EntryPoint","urlTemplate":"https:\/\/industriemaroc.com\/?s={search_term_string}"},"query-input":{"@type":"PropertyValueSpecification","valueRequired":true,"valueName":"search_term_string"}}],"inLanguage":"en-US"},{"@type":"Organization","@id":"https:\/\/industriemaroc.com\/#organization","name":"industriemaroc.com","url":"https:\/\/industriemaroc.com\/","logo":{"@type":"ImageObject","inLanguage":"en-US","@id":"https:\/\/industriemaroc.com\/#\/schema\/logo\/image\/","url":"https:\/\/industriemaroc.com\/wp-content\/uploads\/2024\/04\/IM.jpg","contentUrl":"https:\/\/industriemaroc.com\/wp-content\/uploads\/2024\/04\/IM.jpg","width":2500,"height":2500,"caption":"industriemaroc.com"},"image":{"@id":"https:\/\/industriemaroc.com\/#\/schema\/logo\/image\/"}}]}},"_links":{"self":[{"href":"https:\/\/industriemaroc.com\/en\/wp-json\/wp\/v2\/product\/23932","targetHints":{"allow":["GET"]}}],"collection":[{"href":"https:\/\/industriemaroc.com\/en\/wp-json\/wp\/v2\/product"}],"about":[{"href":"https:\/\/industriemaroc.com\/en\/wp-json\/wp\/v2\/types\/product"}],"replies":[{"embeddable":true,"href":"https:\/\/industriemaroc.com\/en\/wp-json\/wp\/v2\/comments?post=23932"}],"version-history":[{"count":1,"href":"https:\/\/industriemaroc.com\/en\/wp-json\/wp\/v2\/product\/23932\/revisions"}],"predecessor-version":[{"id":23933,"href":"https:\/\/industriemaroc.com\/en\/wp-json\/wp\/v2\/product\/23932\/revisions\/23933"}],"wp:featuredmedia":[{"embeddable":true,"href":"https:\/\/industriemaroc.com\/en\/wp-json\/wp\/v2\/media\/23930"}],"wp:attachment":[{"href":"https:\/\/industriemaroc.com\/en\/wp-json\/wp\/v2\/media?parent=23932"}],"wp:term":[{"taxonomy":"product_brand","embeddable":true,"href":"https:\/\/industriemaroc.com\/en\/wp-json\/wp\/v2\/product_brand?post=23932"},{"taxonomy":"product_cat","embeddable":true,"href":"https:\/\/industriemaroc.com\/en\/wp-json\/wp\/v2\/product_cat?post=23932"},{"taxonomy":"product_tag","embeddable":true,"href":"https:\/\/industriemaroc.com\/en\/wp-json\/wp\/v2\/product_tag?post=23932"}],"curies":[{"name":"wp","href":"https:\/\/api.w.org\/{rel}","templated":true}]}}