{"id":23950,"date":"2025-05-07T15:40:46","date_gmt":"2025-05-07T13:40:46","guid":{"rendered":"https:\/\/industriemaroc.com\/?post_type=product&#038;p=23950"},"modified":"2025-05-07T16:48:36","modified_gmt":"2025-05-07T14:48:36","slug":"feuillard-polyester-vert-16mm-pet","status":"publish","type":"product","link":"https:\/\/industriemaroc.com\/en\/product\/feuillard-polyester-vert-16mm-pet\/","title":{"rendered":"Feuillard PET Vert 16*1MM &#8211; Polyester"},"content":{"rendered":"<h1 class=\"\" data-start=\"185\" data-end=\"269\"><strong data-start=\"187\" data-end=\"269\">Feuillard PET Vert 16mm au Maroc \u2013 Cerclage Professionnel pour Charges Lourdes<\/strong><\/h1>\n<h2 class=\"\" data-start=\"271\" data-end=\"340\"><strong data-start=\"274\" data-end=\"340\">Une solution robuste et \u00e9cologique pour le cerclage industriel<\/strong><\/h2>\n<p class=\"\" data-start=\"342\" data-end=\"942\">Le feuillard PET vert 16mm est une solution de cerclage hautement r\u00e9sistante, con\u00e7ue pour r\u00e9pondre aux exigences du secteur industriel au Maroc.<\/p>\n<p class=\"\" data-start=\"342\" data-end=\"942\">Fabriqu\u00e9 en polyester recycl\u00e9 (PET), ce feuillard est utilis\u00e9 pour s\u00e9curiser les charges lourdes telles que les palettes, mat\u00e9riaux de construction, cartons ou \u00e9l\u00e9ments m\u00e9talliques.<br data-start=\"668\" data-end=\"671\" \/>L\u00e9ger, durable et facile \u00e0 manipuler, il constitue une alternative s\u00fbre et \u00e9conomique au feuillard en acier.<\/p>\n<p class=\"\" data-start=\"342\" data-end=\"942\">Disponible sur Industriemaroc.com, il est id\u00e9al pour les entreprises marocaines qui recherchent un emballage fiable et conforme aux normes de s\u00e9curit\u00e9 logistique.<\/p>\n<h3 class=\"\" data-start=\"944\" data-end=\"1001\"><strong data-start=\"948\" data-end=\"1001\">Caract\u00e9ristiques techniques du feuillard PET 16mm<\/strong><\/h3>\n<ul data-start=\"1003\" data-end=\"1271\">\n<li class=\"\" data-start=\"1003\" data-end=\"1022\">\n<p class=\"\" data-start=\"1005\" data-end=\"1022\">Largeur : 16 mm<\/p>\n<\/li>\n<li class=\"\" data-start=\"1023\" data-end=\"1055\">\n<p class=\"\" data-start=\"1025\" data-end=\"1055\">\u00c9paisseur : 1 mm<\/p>\n<\/li>\n<li class=\"\" data-start=\"1056\" data-end=\"1101\">\n<p class=\"\" data-start=\"1058\" data-end=\"1101\">R\u00e9sistance \u00e0 la traction : jusqu\u2019\u00e0 600 kg<\/p>\n<\/li>\n<li class=\"\" data-start=\"1102\" data-end=\"1120\">\n<p class=\"\" data-start=\"1104\" data-end=\"1120\">Couleur : Vert<\/p>\n<\/li>\n<li class=\"\" data-start=\"1121\" data-end=\"1168\">\n<p class=\"\" data-start=\"1123\" data-end=\"1168\">Mat\u00e9riau : Polyester (PET) 100 % recyclable<\/p>\n<\/li>\n<li class=\"\" data-start=\"1169\" data-end=\"1218\">\n<p class=\"\" data-start=\"1171\" data-end=\"1218\">Longueur par rouleau : 1200 m<\/p>\n<\/li>\n<li class=\"\" data-start=\"1219\" data-end=\"1271\">\n<p class=\"\" data-start=\"1221\" data-end=\"1271\">Diam\u00e8tre du mandrin : 400mm (standard industriel)<\/p>\n<\/li>\n<\/ul>\n<h3 class=\"\" data-start=\"1273\" data-end=\"1328\"><strong data-start=\"1277\" data-end=\"1328\">Les avantages pour les professionnels marocains<\/strong><\/h3>\n<ul data-start=\"1330\" data-end=\"1706\">\n<li class=\"\" data-start=\"1330\" data-end=\"1394\">\n<p class=\"\" data-start=\"1332\" data-end=\"1394\">Haute r\u00e9sistance m\u00e9canique et excellente tenue dans le temps<\/p>\n<\/li>\n<li class=\"\" data-start=\"1395\" data-end=\"1480\">\n<p class=\"\" data-start=\"1397\" data-end=\"1480\">Compatible avec les outils de cerclage manuels, semi-automatiques ou automatiques<\/p>\n<\/li>\n<li class=\"\" data-start=\"1481\" data-end=\"1576\">\n<p class=\"\" data-start=\"1483\" data-end=\"1576\">Stabilit\u00e9 aux UV, \u00e0 l\u2019humidit\u00e9 et aux temp\u00e9ratures \u00e9lev\u00e9es, parfait pour le climat marocain<\/p>\n<\/li>\n<li class=\"\" data-start=\"1577\" data-end=\"1651\">\n<p class=\"\" data-start=\"1579\" data-end=\"1651\">S\u00e9curit\u00e9 accrue lors de la manipulation par rapport au feuillard acier<\/p>\n<\/li>\n<li class=\"\" data-start=\"1652\" data-end=\"1706\">\n<p class=\"\" data-start=\"1654\" data-end=\"1706\">Produit recyclable et respectueux de l\u2019environnement<\/p>\n<\/li>\n<\/ul>\n<h3 class=\"\" data-start=\"1708\" data-end=\"1747\"><strong data-start=\"1712\" data-end=\"1747\">Domaines d&rsquo;application au Maroc<\/strong><\/h3>\n<p class=\"\" data-start=\"1749\" data-end=\"2045\">Le feuillard PET 16mm est couramment utilis\u00e9 par les entreprises marocaines dans divers secteurs : logistique, construction, menuiserie, agroalimentaire, exportation, etc. Il permet de maintenir efficacement les charges lourdes durant le transport, le stockage ou les exp\u00e9ditions internationales.<\/p>\n<h3 class=\"\" data-start=\"2047\" data-end=\"2089\"><strong data-start=\"2051\" data-end=\"2089\">Disponible chez Industriemaroc.com<\/strong><\/h3>\n<p class=\"\" data-start=\"2091\" data-end=\"2392\">Commandez d\u00e8s aujourd\u2019hui votre feuillard PET vert 16mm sur Industriemaroc.com, le sp\u00e9cialiste de la fourniture industrielle B2B au Maroc. B\u00e9n\u00e9ficiez d\u2019un service professionnel, de prix comp\u00e9titifs et d\u2019une livraison rapide dans toutes les villes du royaume. Contactez-nous pour un devis personnalis\u00e9.<\/p>\n<p data-start=\"2091\" data-end=\"2392\">D\u00e9couvrez notre catalogue de Feuillards sur\u00a0<a href=\"https:\/\/industriemaroc.com\/en\/product-category\/emballage-maroc\/feuillard-cerclage-emballage-maroc\/\">https:\/\/industriemaroc.com\/product-category\/emballage-maroc\/feuillard-cerclage-emballage-maroc\/<\/a><\/p>\n<p data-start=\"2091\" data-end=\"2392\"><a href=\"http:\/\/\ud83d\udd17 Les diff\u00e9rents types de feuillards de cerclage et comment choisir \u2013 Presse \u00e0 Balle\">http:\/\/\ud83d\udd17 Les diff\u00e9rents types de feuillards de cerclage et comment choisir \u2013 Presse \u00e0 Balle<\/a><\/p>","protected":false},"excerpt":{"rendered":"<p>\u2022 Largeur : 16mm &amp; \u00c9paisseur 1mm.<br data-start=\"243\" data-end=\"246\" \/>\u2022 Bobine de 1200 m\u00e8tres.<br data-start=\"302\" data-end=\"305\" \/>\u2022 Id\u00e9al pour le cerclage de charges lourdes et palettes<br data-start=\"459\" data-end=\"462\" \/>\u2022 Compatible avec cercleuses manuelles et automatiques<br data-start=\"516\" data-end=\"519\" \/>\u2022 Utilisation dans la logistique, l\u2019industrie et l\u2019export<\/p>","protected":false},"featured_media":23952,"comment_status":"open","ping_status":"closed","template":"","meta":{"om_disable_all_campaigns":false,"_monsterinsights_skip_tracking":false,"_monsterinsights_sitenote_active":false,"_monsterinsights_sitenote_note":"","_monsterinsights_sitenote_category":0,"_uf_show_specific_survey":0,"_uf_disable_surveys":false,"_joinchat":[]},"product_brand":[],"product_cat":[673,773],"product_tag":[],"class_list":{"0":"post-23950","1":"product","2":"type-product","3":"status-publish","4":"has-post-thumbnail","6":"product_cat-emballage-maroc","7":"product_cat-feuillard-cerclage-emballage-maroc","9":"first","10":"instock","11":"taxable","12":"shipping-taxable","13":"product-type-simple"},"yoast_head":"<!-- This site is optimized with the Yoast SEO plugin v27.4 - https:\/\/yoast.com\/product\/yoast-seo-wordpress\/ -->\n<title>Feuillard PET Vert 16mm au Maroc | industriemaroc.com<\/title>\n<meta name=\"description\" content=\"Achetez votre feuillard PET vert 16mm au Maroc chez industriemaroc.com Id\u00e9al pour le cerclage de charges lourdes. R\u00e9sistant, \u00e9conomique, livraison rapide\" \/>\n<meta name=\"robots\" content=\"index, follow, max-snippet:-1, max-image-preview:large, max-video-preview:-1\" \/>\n<link rel=\"canonical\" href=\"https:\/\/industriemaroc.com\/en\/product\/feuillard-polyester-vert-16mm-pet\/\" \/>\n<meta property=\"og:locale\" content=\"en_US\" \/>\n<meta property=\"og:type\" content=\"article\" \/>\n<meta property=\"og:title\" content=\"Feuillard PET Vert 16mm au Maroc | industriemaroc.com\" \/>\n<meta property=\"og:description\" content=\"Achetez votre feuillard PET vert 16mm au Maroc chez industriemaroc.com Id\u00e9al pour le cerclage de charges lourdes. R\u00e9sistant, \u00e9conomique, livraison rapide\" \/>\n<meta property=\"og:url\" content=\"https:\/\/industriemaroc.com\/en\/product\/feuillard-polyester-vert-16mm-pet\/\" \/>\n<meta property=\"og:site_name\" content=\"Industrie Maroc Online\" \/>\n<meta property=\"article:modified_time\" content=\"2025-05-07T14:48:36+00:00\" \/>\n<meta property=\"og:image\" content=\"https:\/\/industriemaroc.com\/wp-content\/uploads\/2025\/05\/feuillard-pet-16mm.png\" \/>\n\t<meta property=\"og:image:width\" content=\"700\" \/>\n\t<meta property=\"og:image:height\" content=\"700\" \/>\n\t<meta property=\"og:image:type\" content=\"image\/png\" \/>\n<meta name=\"twitter:card\" content=\"summary_large_image\" \/>\n<meta name=\"twitter:label1\" content=\"Est. reading time\" \/>\n\t<meta name=\"twitter:data1\" content=\"2 minutes\" \/>\n<script type=\"application\/ld+json\" class=\"yoast-schema-graph\">{\"@context\":\"https:\\\/\\\/schema.org\",\"@graph\":[{\"@type\":\"WebPage\",\"@id\":\"https:\\\/\\\/industriemaroc.com\\\/produit\\\/feuillard-polyester-vert-16mm-pet\\\/\",\"url\":\"https:\\\/\\\/industriemaroc.com\\\/produit\\\/feuillard-polyester-vert-16mm-pet\\\/\",\"name\":\"Feuillard PET Vert 16mm au Maroc | industriemaroc.com\",\"isPartOf\":{\"@id\":\"https:\\\/\\\/industriemaroc.com\\\/#website\"},\"primaryImageOfPage\":{\"@id\":\"https:\\\/\\\/industriemaroc.com\\\/produit\\\/feuillard-polyester-vert-16mm-pet\\\/#primaryimage\"},\"image\":{\"@id\":\"https:\\\/\\\/industriemaroc.com\\\/produit\\\/feuillard-polyester-vert-16mm-pet\\\/#primaryimage\"},\"thumbnailUrl\":\"https:\\\/\\\/industriemaroc.com\\\/wp-content\\\/uploads\\\/2025\\\/05\\\/feuillard-pet-16mm.png\",\"datePublished\":\"2025-05-07T13:40:46+00:00\",\"dateModified\":\"2025-05-07T14:48:36+00:00\",\"description\":\"Achetez votre feuillard PET vert 16mm au Maroc chez industriemaroc.com Id\u00e9al pour le cerclage de charges lourdes. R\u00e9sistant, \u00e9conomique, livraison rapide\",\"breadcrumb\":{\"@id\":\"https:\\\/\\\/industriemaroc.com\\\/produit\\\/feuillard-polyester-vert-16mm-pet\\\/#breadcrumb\"},\"inLanguage\":\"en-US\",\"potentialAction\":[{\"@type\":\"ReadAction\",\"target\":[\"https:\\\/\\\/industriemaroc.com\\\/produit\\\/feuillard-polyester-vert-16mm-pet\\\/\"]}]},{\"@type\":\"ImageObject\",\"inLanguage\":\"en-US\",\"@id\":\"https:\\\/\\\/industriemaroc.com\\\/produit\\\/feuillard-polyester-vert-16mm-pet\\\/#primaryimage\",\"url\":\"https:\\\/\\\/industriemaroc.com\\\/wp-content\\\/uploads\\\/2025\\\/05\\\/feuillard-pet-16mm.png\",\"contentUrl\":\"https:\\\/\\\/industriemaroc.com\\\/wp-content\\\/uploads\\\/2025\\\/05\\\/feuillard-pet-16mm.png\",\"width\":700,\"height\":700,\"caption\":\"Feuillard PET vert 16mm \u2013 id\u00e9al pour charges lourdes et conditions climatiques du Maroc\"},{\"@type\":\"BreadcrumbList\",\"@id\":\"https:\\\/\\\/industriemaroc.com\\\/produit\\\/feuillard-polyester-vert-16mm-pet\\\/#breadcrumb\",\"itemListElement\":[{\"@type\":\"ListItem\",\"position\":1,\"name\":\"Home\",\"item\":\"https:\\\/\\\/industriemaroc.com\\\/\"},{\"@type\":\"ListItem\",\"position\":2,\"name\":\"Shop\",\"item\":\"https:\\\/\\\/industriemaroc.com\\\/shop\\\/\"},{\"@type\":\"ListItem\",\"position\":3,\"name\":\"Feuillard PET Vert 16*1MM &#8211; Polyester\"}]},{\"@type\":\"WebSite\",\"@id\":\"https:\\\/\\\/industriemaroc.com\\\/#website\",\"url\":\"https:\\\/\\\/industriemaroc.com\\\/\",\"name\":\"Industrie Maroc Online\",\"description\":\"Plateforme B2B de mat\u00e9riel professionnel au Maroc\",\"publisher\":{\"@id\":\"https:\\\/\\\/industriemaroc.com\\\/#organization\"},\"potentialAction\":[{\"@type\":\"SearchAction\",\"target\":{\"@type\":\"EntryPoint\",\"urlTemplate\":\"https:\\\/\\\/industriemaroc.com\\\/?s={search_term_string}\"},\"query-input\":{\"@type\":\"PropertyValueSpecification\",\"valueRequired\":true,\"valueName\":\"search_term_string\"}}],\"inLanguage\":\"en-US\"},{\"@type\":\"Organization\",\"@id\":\"https:\\\/\\\/industriemaroc.com\\\/#organization\",\"name\":\"industriemaroc.com\",\"url\":\"https:\\\/\\\/industriemaroc.com\\\/\",\"logo\":{\"@type\":\"ImageObject\",\"inLanguage\":\"en-US\",\"@id\":\"https:\\\/\\\/industriemaroc.com\\\/#\\\/schema\\\/logo\\\/image\\\/\",\"url\":\"https:\\\/\\\/industriemaroc.com\\\/wp-content\\\/uploads\\\/2024\\\/04\\\/IM.jpg\",\"contentUrl\":\"https:\\\/\\\/industriemaroc.com\\\/wp-content\\\/uploads\\\/2024\\\/04\\\/IM.jpg\",\"width\":2500,\"height\":2500,\"caption\":\"industriemaroc.com\"},\"image\":{\"@id\":\"https:\\\/\\\/industriemaroc.com\\\/#\\\/schema\\\/logo\\\/image\\\/\"}}]}<\/script>\n<!-- \/ Yoast SEO plugin. -->","yoast_head_json":{"title":"Feuillard PET Vert 16mm au Maroc | industriemaroc.com","description":"Achetez votre feuillard PET vert 16mm au Maroc chez industriemaroc.com Id\u00e9al pour le cerclage de charges lourdes. R\u00e9sistant, \u00e9conomique, livraison rapide","robots":{"index":"index","follow":"follow","max-snippet":"max-snippet:-1","max-image-preview":"max-image-preview:large","max-video-preview":"max-video-preview:-1"},"canonical":"https:\/\/industriemaroc.com\/en\/product\/feuillard-polyester-vert-16mm-pet\/","og_locale":"en_US","og_type":"article","og_title":"Feuillard PET Vert 16mm au Maroc | industriemaroc.com","og_description":"Achetez votre feuillard PET vert 16mm au Maroc chez industriemaroc.com Id\u00e9al pour le cerclage de charges lourdes. R\u00e9sistant, \u00e9conomique, livraison rapide","og_url":"https:\/\/industriemaroc.com\/en\/product\/feuillard-polyester-vert-16mm-pet\/","og_site_name":"Industrie Maroc Online","article_modified_time":"2025-05-07T14:48:36+00:00","og_image":[{"width":700,"height":700,"url":"https:\/\/industriemaroc.com\/wp-content\/uploads\/2025\/05\/feuillard-pet-16mm.png","type":"image\/png"}],"twitter_card":"summary_large_image","twitter_misc":{"Est. reading time":"2 minutes"},"schema":{"@context":"https:\/\/schema.org","@graph":[{"@type":"WebPage","@id":"https:\/\/industriemaroc.com\/produit\/feuillard-polyester-vert-16mm-pet\/","url":"https:\/\/industriemaroc.com\/produit\/feuillard-polyester-vert-16mm-pet\/","name":"Feuillard PET Vert 16mm au Maroc | industriemaroc.com","isPartOf":{"@id":"https:\/\/industriemaroc.com\/#website"},"primaryImageOfPage":{"@id":"https:\/\/industriemaroc.com\/produit\/feuillard-polyester-vert-16mm-pet\/#primaryimage"},"image":{"@id":"https:\/\/industriemaroc.com\/produit\/feuillard-polyester-vert-16mm-pet\/#primaryimage"},"thumbnailUrl":"https:\/\/industriemaroc.com\/wp-content\/uploads\/2025\/05\/feuillard-pet-16mm.png","datePublished":"2025-05-07T13:40:46+00:00","dateModified":"2025-05-07T14:48:36+00:00","description":"Achetez votre feuillard PET vert 16mm au Maroc chez industriemaroc.com Id\u00e9al pour le cerclage de charges lourdes. R\u00e9sistant, \u00e9conomique, livraison rapide","breadcrumb":{"@id":"https:\/\/industriemaroc.com\/produit\/feuillard-polyester-vert-16mm-pet\/#breadcrumb"},"inLanguage":"en-US","potentialAction":[{"@type":"ReadAction","target":["https:\/\/industriemaroc.com\/produit\/feuillard-polyester-vert-16mm-pet\/"]}]},{"@type":"ImageObject","inLanguage":"en-US","@id":"https:\/\/industriemaroc.com\/produit\/feuillard-polyester-vert-16mm-pet\/#primaryimage","url":"https:\/\/industriemaroc.com\/wp-content\/uploads\/2025\/05\/feuillard-pet-16mm.png","contentUrl":"https:\/\/industriemaroc.com\/wp-content\/uploads\/2025\/05\/feuillard-pet-16mm.png","width":700,"height":700,"caption":"Feuillard PET vert 16mm \u2013 id\u00e9al pour charges lourdes et conditions climatiques du Maroc"},{"@type":"BreadcrumbList","@id":"https:\/\/industriemaroc.com\/produit\/feuillard-polyester-vert-16mm-pet\/#breadcrumb","itemListElement":[{"@type":"ListItem","position":1,"name":"Home","item":"https:\/\/industriemaroc.com\/"},{"@type":"ListItem","position":2,"name":"Shop","item":"https:\/\/industriemaroc.com\/shop\/"},{"@type":"ListItem","position":3,"name":"Feuillard PET Vert 16*1MM &#8211; Polyester"}]},{"@type":"WebSite","@id":"https:\/\/industriemaroc.com\/#website","url":"https:\/\/industriemaroc.com\/","name":"Industrie Maroc Online","description":"Plateforme B2B de mat\u00e9riel professionnel au Maroc","publisher":{"@id":"https:\/\/industriemaroc.com\/#organization"},"potentialAction":[{"@type":"SearchAction","target":{"@type":"EntryPoint","urlTemplate":"https:\/\/industriemaroc.com\/?s={search_term_string}"},"query-input":{"@type":"PropertyValueSpecification","valueRequired":true,"valueName":"search_term_string"}}],"inLanguage":"en-US"},{"@type":"Organization","@id":"https:\/\/industriemaroc.com\/#organization","name":"industriemaroc.com","url":"https:\/\/industriemaroc.com\/","logo":{"@type":"ImageObject","inLanguage":"en-US","@id":"https:\/\/industriemaroc.com\/#\/schema\/logo\/image\/","url":"https:\/\/industriemaroc.com\/wp-content\/uploads\/2024\/04\/IM.jpg","contentUrl":"https:\/\/industriemaroc.com\/wp-content\/uploads\/2024\/04\/IM.jpg","width":2500,"height":2500,"caption":"industriemaroc.com"},"image":{"@id":"https:\/\/industriemaroc.com\/#\/schema\/logo\/image\/"}}]}},"_links":{"self":[{"href":"https:\/\/industriemaroc.com\/en\/wp-json\/wp\/v2\/product\/23950","targetHints":{"allow":["GET"]}}],"collection":[{"href":"https:\/\/industriemaroc.com\/en\/wp-json\/wp\/v2\/product"}],"about":[{"href":"https:\/\/industriemaroc.com\/en\/wp-json\/wp\/v2\/types\/product"}],"replies":[{"embeddable":true,"href":"https:\/\/industriemaroc.com\/en\/wp-json\/wp\/v2\/comments?post=23950"}],"version-history":[{"count":3,"href":"https:\/\/industriemaroc.com\/en\/wp-json\/wp\/v2\/product\/23950\/revisions"}],"predecessor-version":[{"id":23972,"href":"https:\/\/industriemaroc.com\/en\/wp-json\/wp\/v2\/product\/23950\/revisions\/23972"}],"wp:featuredmedia":[{"embeddable":true,"href":"https:\/\/industriemaroc.com\/en\/wp-json\/wp\/v2\/media\/23952"}],"wp:attachment":[{"href":"https:\/\/industriemaroc.com\/en\/wp-json\/wp\/v2\/media?parent=23950"}],"wp:term":[{"taxonomy":"product_brand","embeddable":true,"href":"https:\/\/industriemaroc.com\/en\/wp-json\/wp\/v2\/product_brand?post=23950"},{"taxonomy":"product_cat","embeddable":true,"href":"https:\/\/industriemaroc.com\/en\/wp-json\/wp\/v2\/product_cat?post=23950"},{"taxonomy":"product_tag","embeddable":true,"href":"https:\/\/industriemaroc.com\/en\/wp-json\/wp\/v2\/product_tag?post=23950"}],"curies":[{"name":"wp","href":"https:\/\/api.w.org\/{rel}","templated":true}]}}