{"id":23964,"date":"2025-05-07T17:09:12","date_gmt":"2025-05-07T15:09:12","guid":{"rendered":"https:\/\/industriemaroc.com\/?post_type=product&#038;p=23964"},"modified":"2025-05-07T17:09:12","modified_gmt":"2025-05-07T15:09:12","slug":"feuillard-pet-9mm","status":"publish","type":"product","link":"https:\/\/industriemaroc.com\/en\/product\/feuillard-pet-9mm\/","title":{"rendered":"Feuillard PET Vert 9*0.5MM &#8211; Polyester"},"content":{"rendered":"<h1 class=\"\" data-start=\"1053\" data-end=\"1132\"><strong data-start=\"1055\" data-end=\"1132\">Feuillard PET Vert 9mm au Maroc \u2013 Cerclage L\u00e9ger, R\u00e9sistant et \u00c9cologique<\/strong><\/h1>\n<h2 class=\"\" data-start=\"1134\" data-end=\"1205\"><strong data-start=\"1137\" data-end=\"1205\">Une solution de cerclage adapt\u00e9e aux charges l\u00e9g\u00e8res et moyennes<\/strong><\/h2>\n<p class=\"\" data-start=\"1207\" data-end=\"1560\">Le <strong data-start=\"1210\" data-end=\"1236\">feuillard PET vert 9mm<\/strong> est une solution de cerclage id\u00e9ale pour les entreprises marocaines \u00e0 la recherche d\u2019un feuillard <strong data-start=\"1335\" data-end=\"1364\">l\u00e9ger, souple, \u00e9conomique<\/strong>, mais <strong data-start=\"1371\" data-end=\"1381\">fiable<\/strong>. Con\u00e7u pour le cerclage de <strong data-start=\"1409\" data-end=\"1473\">petits colis, cartons, produits l\u00e9gers ou moyennement lourds<\/strong>, il permet de maintenir la stabilit\u00e9 des charges tout en \u00e9tant <strong data-start=\"1537\" data-end=\"1559\">facile \u00e0 manipuler<\/strong>.<\/p>\n<p class=\"\" data-start=\"1562\" data-end=\"1779\">Ce feuillard est parfait pour les entreprises de <strong data-start=\"1611\" data-end=\"1670\">conditionnement, logistique, agroalimentaire ou textile<\/strong>. Il est propos\u00e9 par <strong data-start=\"1691\" data-end=\"1713\">Industriemaroc.com<\/strong>, distributeur B2B de mat\u00e9riel industriel \u00e0 travers tout le Maroc.<\/p>\n<h3 class=\"\" data-start=\"1781\" data-end=\"1837\"><strong data-start=\"1785\" data-end=\"1837\">Caract\u00e9ristiques techniques du feuillard PET 9mm<\/strong><\/h3>\n<ul data-start=\"1839\" data-end=\"2093\">\n<li class=\"\" data-start=\"1839\" data-end=\"1861\">\n<p class=\"\" data-start=\"1841\" data-end=\"1861\"><strong data-start=\"1841\" data-end=\"1852\">Largeur<\/strong> : 9 mm<\/p>\n<\/li>\n<li class=\"\" data-start=\"1862\" data-end=\"1894\">\n<p class=\"\" data-start=\"1864\" data-end=\"1894\"><strong data-start=\"1864\" data-end=\"1877\">\u00c9paisseur<\/strong> : 0,5mm<\/p>\n<\/li>\n<li class=\"\" data-start=\"1895\" data-end=\"1942\">\n<p class=\"\" data-start=\"1897\" data-end=\"1942\"><strong data-start=\"1897\" data-end=\"1925\">R\u00e9sistance \u00e0 la traction<\/strong> : 280 kg<\/p>\n<\/li>\n<li class=\"\" data-start=\"1943\" data-end=\"1965\">\n<p class=\"\" data-start=\"1945\" data-end=\"1965\"><strong data-start=\"1945\" data-end=\"1956\">Couleur<\/strong> : Vert<\/p>\n<\/li>\n<li class=\"\" data-start=\"1966\" data-end=\"2008\">\n<p class=\"\" data-start=\"1968\" data-end=\"2008\"><strong data-start=\"1968\" data-end=\"1980\">Mat\u00e9riau<\/strong> : Polyester recycl\u00e9 (PET)<\/p>\n<\/li>\n<li class=\"\" data-start=\"2009\" data-end=\"2061\">\n<p class=\"\" data-start=\"2011\" data-end=\"2061\"><strong data-start=\"2011\" data-end=\"2034\">Longueur du rouleau<\/strong> : 4500 m<\/p>\n<\/li>\n<li class=\"\" data-start=\"2062\" data-end=\"2093\">\n<p class=\"\" data-start=\"2064\" data-end=\"2093\"><strong data-start=\"2064\" data-end=\"2075\">Mandrin<\/strong> : 400 mm standard<\/p>\n<\/li>\n<\/ul>\n<h3 class=\"\" data-start=\"2095\" data-end=\"2145\"><strong data-start=\"2099\" data-end=\"2145\">Avantages pour les professionnels au Maroc<\/strong><\/h3>\n<ul data-start=\"2147\" data-end=\"2519\">\n<li class=\"\" data-start=\"2147\" data-end=\"2211\">\n<p class=\"\" data-start=\"2149\" data-end=\"2211\">Convient parfaitement aux charges l\u00e9g\u00e8res ou colis multiples<\/p>\n<\/li>\n<li class=\"\" data-start=\"2212\" data-end=\"2277\">\n<p class=\"\" data-start=\"2214\" data-end=\"2277\">Facile \u00e0 manipuler, souple et sans danger pour les op\u00e9rateurs<\/p>\n<\/li>\n<li class=\"\" data-start=\"2278\" data-end=\"2330\">\n<p class=\"\" data-start=\"2280\" data-end=\"2330\">Compatible avec les tendeurs et pinces manuelles<\/p>\n<\/li>\n<li class=\"\" data-start=\"2331\" data-end=\"2396\">\n<p class=\"\" data-start=\"2333\" data-end=\"2396\">Produit 100 % recyclable, plus \u00e9cologique que le feuillard PP<\/p>\n<\/li>\n<li class=\"\" data-start=\"2397\" data-end=\"2453\">\n<p class=\"\" data-start=\"2399\" data-end=\"2453\">Bon rapport qualit\u00e9\/prix pour les volumes importants<\/p>\n<\/li>\n<li class=\"\" data-start=\"2454\" data-end=\"2519\">\n<p class=\"\" data-start=\"2456\" data-end=\"2519\">Excellente tenue aux variations climatiques (chaleur, humidit\u00e9)<\/p>\n<\/li>\n<\/ul>\n<h3 class=\"\" data-start=\"2521\" data-end=\"2576\"><strong data-start=\"2525\" data-end=\"2576\">Applications industrielles du feuillard PET 9mm<\/strong><\/h3>\n<p class=\"\" data-start=\"2578\" data-end=\"2633\">Le feuillard PET 9mm est particuli\u00e8rement adapt\u00e9 pour :<\/p>\n<ul data-start=\"2635\" data-end=\"2837\">\n<li class=\"\" data-start=\"2635\" data-end=\"2670\">\n<p class=\"\" data-start=\"2637\" data-end=\"2670\">Cartons, petits colis et bo\u00eetes<\/p>\n<\/li>\n<li class=\"\" data-start=\"2671\" data-end=\"2713\">\n<p class=\"\" data-start=\"2673\" data-end=\"2713\">Produits agroalimentaires conditionn\u00e9s<\/p>\n<\/li>\n<li class=\"\" data-start=\"2714\" data-end=\"2751\">\n<p class=\"\" data-start=\"2716\" data-end=\"2751\">Secteur textile ou pharmaceutique<\/p>\n<\/li>\n<li class=\"\" data-start=\"2752\" data-end=\"2780\">\n<p class=\"\" data-start=\"2754\" data-end=\"2780\">Petites palettes l\u00e9g\u00e8res<\/p>\n<\/li>\n<li class=\"\" data-start=\"2781\" data-end=\"2837\">\n<p class=\"\" data-start=\"2783\" data-end=\"2837\">Produits export\u00e9s n\u00e9cessitant une s\u00e9curisation de base<\/p>\n<\/li>\n<\/ul>\n<h3 class=\"\" data-start=\"2839\" data-end=\"2880\"><strong data-start=\"2843\" data-end=\"2880\">Disponible sur Industriemaroc.com<\/strong><\/h3>\n<p class=\"\" data-start=\"2882\" data-end=\"3135\">Commandez d\u00e8s maintenant le <strong data-start=\"2910\" data-end=\"2931\">feuillard PET 9mm<\/strong> sur <strong data-start=\"2936\" data-end=\"2958\">Industriemaroc.com<\/strong>, votre plateforme B2B au Maroc.<br data-start=\"2990\" data-end=\"2993\" \/>\u2714 Tarifs comp\u00e9titifs pour les professionnels<br data-start=\"3037\" data-end=\"3040\" \/>\u2714 Livraison rapide dans toutes les villes du royaume<br data-start=\"3092\" data-end=\"3095\" \/>\u2714 Devis personnalis\u00e9s sur simple demande<\/p>\n<p data-start=\"2882\" data-end=\"3135\">D\u00e9couvrez notre catalogue de Feuillards sur\u00a0<a href=\"https:\/\/industriemaroc.com\/en\/product-category\/emballage-maroc\/feuillard-cerclage-emballage-maroc\/\">https:\/\/industriemaroc.com\/product-category\/emballage-maroc\/feuillard-cerclage-emballage-maroc\/<\/a><\/p>\n<p data-start=\"2882\" data-end=\"3135\"><a href=\"http:\/\/\ud83d\udd17 Les diff\u00e9rents types de feuillards de cerclage et comment choisir \u2013 Presse \u00e0 Balle\">http:\/\/\ud83d\udd17 Les diff\u00e9rents types de feuillards de cerclage et comment choisir \u2013 Presse \u00e0 Balle<\/a><\/p>","protected":false},"excerpt":{"rendered":"<p>\u2022 Largeur : 9mm &amp; \u00c9paisseur 0.5mm.<br data-start=\"243\" data-end=\"246\" \/>\u2022 Bobine de 4500 m\u00e8tres.<br data-start=\"302\" data-end=\"305\" \/>\u2022 Id\u00e9al pour le cerclage de charges lourdes et palettes<br data-start=\"459\" data-end=\"462\" \/>\u2022 Compatible avec cercleuses manuelles et automatiques<br data-start=\"516\" data-end=\"519\" \/>\u2022 Utilisation dans la logistique, l\u2019industrie et l\u2019export<\/p>","protected":false},"featured_media":23976,"comment_status":"open","ping_status":"closed","template":"","meta":{"om_disable_all_campaigns":false,"_monsterinsights_skip_tracking":false,"_monsterinsights_sitenote_active":false,"_monsterinsights_sitenote_note":"","_monsterinsights_sitenote_category":0,"_uf_show_specific_survey":0,"_uf_disable_surveys":false,"_joinchat":[]},"product_brand":[],"product_cat":[673,773],"product_tag":[],"class_list":{"0":"post-23964","1":"product","2":"type-product","3":"status-publish","4":"has-post-thumbnail","6":"product_cat-emballage-maroc","7":"product_cat-feuillard-cerclage-emballage-maroc","9":"first","10":"instock","11":"taxable","12":"shipping-taxable","13":"product-type-simple"},"yoast_head":"<!-- This site is optimized with the Yoast SEO plugin v27.4 - https:\/\/yoast.com\/product\/yoast-seo-wordpress\/ -->\n<title>Feuillard PET Vert 9mm au Maroc \u2013 Cerclage L\u00e9ger et Fiable<\/title>\n<meta name=\"description\" content=\"Achetez votre feuillard PET vert 9mm au Maroc chez industriemaroc.com Parfait pour le cerclage l\u00e9ger et \u00e9conomique. R\u00e9sistant, souple et 100 % recyclable.\" \/>\n<meta name=\"robots\" content=\"index, follow, max-snippet:-1, max-image-preview:large, max-video-preview:-1\" \/>\n<link rel=\"canonical\" href=\"https:\/\/industriemaroc.com\/en\/product\/feuillard-pet-9mm\/\" \/>\n<meta property=\"og:locale\" content=\"en_US\" \/>\n<meta property=\"og:type\" content=\"article\" \/>\n<meta property=\"og:title\" content=\"Feuillard PET Vert 9mm au Maroc \u2013 Cerclage L\u00e9ger et Fiable\" \/>\n<meta property=\"og:description\" content=\"Achetez votre feuillard PET vert 9mm au Maroc chez industriemaroc.com Parfait pour le cerclage l\u00e9ger et \u00e9conomique. R\u00e9sistant, souple et 100 % recyclable.\" \/>\n<meta property=\"og:url\" content=\"https:\/\/industriemaroc.com\/en\/product\/feuillard-pet-9mm\/\" \/>\n<meta property=\"og:site_name\" content=\"Industrie Maroc Online\" \/>\n<meta property=\"og:image\" content=\"https:\/\/industriemaroc.com\/wp-content\/uploads\/2025\/05\/feuillard-pet-9mm.png\" \/>\n\t<meta property=\"og:image:width\" content=\"700\" \/>\n\t<meta property=\"og:image:height\" content=\"700\" \/>\n\t<meta property=\"og:image:type\" content=\"image\/png\" \/>\n<meta name=\"twitter:card\" content=\"summary_large_image\" \/>\n<meta name=\"twitter:label1\" content=\"Est. reading time\" \/>\n\t<meta name=\"twitter:data1\" content=\"2 minutes\" \/>\n<script type=\"application\/ld+json\" class=\"yoast-schema-graph\">{\"@context\":\"https:\\\/\\\/schema.org\",\"@graph\":[{\"@type\":\"WebPage\",\"@id\":\"https:\\\/\\\/industriemaroc.com\\\/produit\\\/feuillard-pet-9mm\\\/\",\"url\":\"https:\\\/\\\/industriemaroc.com\\\/produit\\\/feuillard-pet-9mm\\\/\",\"name\":\"Feuillard PET Vert 9mm au Maroc \u2013 Cerclage L\u00e9ger et Fiable\",\"isPartOf\":{\"@id\":\"https:\\\/\\\/industriemaroc.com\\\/#website\"},\"primaryImageOfPage\":{\"@id\":\"https:\\\/\\\/industriemaroc.com\\\/produit\\\/feuillard-pet-9mm\\\/#primaryimage\"},\"image\":{\"@id\":\"https:\\\/\\\/industriemaroc.com\\\/produit\\\/feuillard-pet-9mm\\\/#primaryimage\"},\"thumbnailUrl\":\"https:\\\/\\\/industriemaroc.com\\\/wp-content\\\/uploads\\\/2025\\\/05\\\/feuillard-pet-9mm.png\",\"datePublished\":\"2025-05-07T15:09:12+00:00\",\"description\":\"Achetez votre feuillard PET vert 9mm au Maroc chez industriemaroc.com Parfait pour le cerclage l\u00e9ger et \u00e9conomique. R\u00e9sistant, souple et 100 % recyclable.\",\"breadcrumb\":{\"@id\":\"https:\\\/\\\/industriemaroc.com\\\/produit\\\/feuillard-pet-9mm\\\/#breadcrumb\"},\"inLanguage\":\"en-US\",\"potentialAction\":[{\"@type\":\"ReadAction\",\"target\":[\"https:\\\/\\\/industriemaroc.com\\\/produit\\\/feuillard-pet-9mm\\\/\"]}]},{\"@type\":\"ImageObject\",\"inLanguage\":\"en-US\",\"@id\":\"https:\\\/\\\/industriemaroc.com\\\/produit\\\/feuillard-pet-9mm\\\/#primaryimage\",\"url\":\"https:\\\/\\\/industriemaroc.com\\\/wp-content\\\/uploads\\\/2025\\\/05\\\/feuillard-pet-9mm.png\",\"contentUrl\":\"https:\\\/\\\/industriemaroc.com\\\/wp-content\\\/uploads\\\/2025\\\/05\\\/feuillard-pet-9mm.png\",\"width\":700,\"height\":700,\"caption\":\"Feuillard PET vert 9mm \u2013 id\u00e9al pour cerclage de petits colis ou charges l\u00e9g\u00e8res\"},{\"@type\":\"BreadcrumbList\",\"@id\":\"https:\\\/\\\/industriemaroc.com\\\/produit\\\/feuillard-pet-9mm\\\/#breadcrumb\",\"itemListElement\":[{\"@type\":\"ListItem\",\"position\":1,\"name\":\"Home\",\"item\":\"https:\\\/\\\/industriemaroc.com\\\/\"},{\"@type\":\"ListItem\",\"position\":2,\"name\":\"Shop\",\"item\":\"https:\\\/\\\/industriemaroc.com\\\/shop\\\/\"},{\"@type\":\"ListItem\",\"position\":3,\"name\":\"Feuillard PET Vert 9*0.5MM &#8211; Polyester\"}]},{\"@type\":\"WebSite\",\"@id\":\"https:\\\/\\\/industriemaroc.com\\\/#website\",\"url\":\"https:\\\/\\\/industriemaroc.com\\\/\",\"name\":\"Industrie Maroc Online\",\"description\":\"Plateforme B2B de mat\u00e9riel professionnel au Maroc\",\"publisher\":{\"@id\":\"https:\\\/\\\/industriemaroc.com\\\/#organization\"},\"potentialAction\":[{\"@type\":\"SearchAction\",\"target\":{\"@type\":\"EntryPoint\",\"urlTemplate\":\"https:\\\/\\\/industriemaroc.com\\\/?s={search_term_string}\"},\"query-input\":{\"@type\":\"PropertyValueSpecification\",\"valueRequired\":true,\"valueName\":\"search_term_string\"}}],\"inLanguage\":\"en-US\"},{\"@type\":\"Organization\",\"@id\":\"https:\\\/\\\/industriemaroc.com\\\/#organization\",\"name\":\"industriemaroc.com\",\"url\":\"https:\\\/\\\/industriemaroc.com\\\/\",\"logo\":{\"@type\":\"ImageObject\",\"inLanguage\":\"en-US\",\"@id\":\"https:\\\/\\\/industriemaroc.com\\\/#\\\/schema\\\/logo\\\/image\\\/\",\"url\":\"https:\\\/\\\/industriemaroc.com\\\/wp-content\\\/uploads\\\/2024\\\/04\\\/IM.jpg\",\"contentUrl\":\"https:\\\/\\\/industriemaroc.com\\\/wp-content\\\/uploads\\\/2024\\\/04\\\/IM.jpg\",\"width\":2500,\"height\":2500,\"caption\":\"industriemaroc.com\"},\"image\":{\"@id\":\"https:\\\/\\\/industriemaroc.com\\\/#\\\/schema\\\/logo\\\/image\\\/\"}}]}<\/script>\n<!-- \/ Yoast SEO plugin. -->","yoast_head_json":{"title":"Feuillard PET Vert 9mm au Maroc \u2013 Cerclage L\u00e9ger et Fiable","description":"Achetez votre feuillard PET vert 9mm au Maroc chez industriemaroc.com Parfait pour le cerclage l\u00e9ger et \u00e9conomique. R\u00e9sistant, souple et 100 % recyclable.","robots":{"index":"index","follow":"follow","max-snippet":"max-snippet:-1","max-image-preview":"max-image-preview:large","max-video-preview":"max-video-preview:-1"},"canonical":"https:\/\/industriemaroc.com\/en\/product\/feuillard-pet-9mm\/","og_locale":"en_US","og_type":"article","og_title":"Feuillard PET Vert 9mm au Maroc \u2013 Cerclage L\u00e9ger et Fiable","og_description":"Achetez votre feuillard PET vert 9mm au Maroc chez industriemaroc.com Parfait pour le cerclage l\u00e9ger et \u00e9conomique. R\u00e9sistant, souple et 100 % recyclable.","og_url":"https:\/\/industriemaroc.com\/en\/product\/feuillard-pet-9mm\/","og_site_name":"Industrie Maroc Online","og_image":[{"width":700,"height":700,"url":"https:\/\/industriemaroc.com\/wp-content\/uploads\/2025\/05\/feuillard-pet-9mm.png","type":"image\/png"}],"twitter_card":"summary_large_image","twitter_misc":{"Est. reading time":"2 minutes"},"schema":{"@context":"https:\/\/schema.org","@graph":[{"@type":"WebPage","@id":"https:\/\/industriemaroc.com\/produit\/feuillard-pet-9mm\/","url":"https:\/\/industriemaroc.com\/produit\/feuillard-pet-9mm\/","name":"Feuillard PET Vert 9mm au Maroc \u2013 Cerclage L\u00e9ger et Fiable","isPartOf":{"@id":"https:\/\/industriemaroc.com\/#website"},"primaryImageOfPage":{"@id":"https:\/\/industriemaroc.com\/produit\/feuillard-pet-9mm\/#primaryimage"},"image":{"@id":"https:\/\/industriemaroc.com\/produit\/feuillard-pet-9mm\/#primaryimage"},"thumbnailUrl":"https:\/\/industriemaroc.com\/wp-content\/uploads\/2025\/05\/feuillard-pet-9mm.png","datePublished":"2025-05-07T15:09:12+00:00","description":"Achetez votre feuillard PET vert 9mm au Maroc chez industriemaroc.com Parfait pour le cerclage l\u00e9ger et \u00e9conomique. R\u00e9sistant, souple et 100 % recyclable.","breadcrumb":{"@id":"https:\/\/industriemaroc.com\/produit\/feuillard-pet-9mm\/#breadcrumb"},"inLanguage":"en-US","potentialAction":[{"@type":"ReadAction","target":["https:\/\/industriemaroc.com\/produit\/feuillard-pet-9mm\/"]}]},{"@type":"ImageObject","inLanguage":"en-US","@id":"https:\/\/industriemaroc.com\/produit\/feuillard-pet-9mm\/#primaryimage","url":"https:\/\/industriemaroc.com\/wp-content\/uploads\/2025\/05\/feuillard-pet-9mm.png","contentUrl":"https:\/\/industriemaroc.com\/wp-content\/uploads\/2025\/05\/feuillard-pet-9mm.png","width":700,"height":700,"caption":"Feuillard PET vert 9mm \u2013 id\u00e9al pour cerclage de petits colis ou charges l\u00e9g\u00e8res"},{"@type":"BreadcrumbList","@id":"https:\/\/industriemaroc.com\/produit\/feuillard-pet-9mm\/#breadcrumb","itemListElement":[{"@type":"ListItem","position":1,"name":"Home","item":"https:\/\/industriemaroc.com\/"},{"@type":"ListItem","position":2,"name":"Shop","item":"https:\/\/industriemaroc.com\/shop\/"},{"@type":"ListItem","position":3,"name":"Feuillard PET Vert 9*0.5MM &#8211; Polyester"}]},{"@type":"WebSite","@id":"https:\/\/industriemaroc.com\/#website","url":"https:\/\/industriemaroc.com\/","name":"Industrie Maroc Online","description":"Plateforme B2B de mat\u00e9riel professionnel au Maroc","publisher":{"@id":"https:\/\/industriemaroc.com\/#organization"},"potentialAction":[{"@type":"SearchAction","target":{"@type":"EntryPoint","urlTemplate":"https:\/\/industriemaroc.com\/?s={search_term_string}"},"query-input":{"@type":"PropertyValueSpecification","valueRequired":true,"valueName":"search_term_string"}}],"inLanguage":"en-US"},{"@type":"Organization","@id":"https:\/\/industriemaroc.com\/#organization","name":"industriemaroc.com","url":"https:\/\/industriemaroc.com\/","logo":{"@type":"ImageObject","inLanguage":"en-US","@id":"https:\/\/industriemaroc.com\/#\/schema\/logo\/image\/","url":"https:\/\/industriemaroc.com\/wp-content\/uploads\/2024\/04\/IM.jpg","contentUrl":"https:\/\/industriemaroc.com\/wp-content\/uploads\/2024\/04\/IM.jpg","width":2500,"height":2500,"caption":"industriemaroc.com"},"image":{"@id":"https:\/\/industriemaroc.com\/#\/schema\/logo\/image\/"}}]}},"_links":{"self":[{"href":"https:\/\/industriemaroc.com\/en\/wp-json\/wp\/v2\/product\/23964","targetHints":{"allow":["GET"]}}],"collection":[{"href":"https:\/\/industriemaroc.com\/en\/wp-json\/wp\/v2\/product"}],"about":[{"href":"https:\/\/industriemaroc.com\/en\/wp-json\/wp\/v2\/types\/product"}],"replies":[{"embeddable":true,"href":"https:\/\/industriemaroc.com\/en\/wp-json\/wp\/v2\/comments?post=23964"}],"version-history":[{"count":1,"href":"https:\/\/industriemaroc.com\/en\/wp-json\/wp\/v2\/product\/23964\/revisions"}],"predecessor-version":[{"id":23977,"href":"https:\/\/industriemaroc.com\/en\/wp-json\/wp\/v2\/product\/23964\/revisions\/23977"}],"wp:featuredmedia":[{"embeddable":true,"href":"https:\/\/industriemaroc.com\/en\/wp-json\/wp\/v2\/media\/23976"}],"wp:attachment":[{"href":"https:\/\/industriemaroc.com\/en\/wp-json\/wp\/v2\/media?parent=23964"}],"wp:term":[{"taxonomy":"product_brand","embeddable":true,"href":"https:\/\/industriemaroc.com\/en\/wp-json\/wp\/v2\/product_brand?post=23964"},{"taxonomy":"product_cat","embeddable":true,"href":"https:\/\/industriemaroc.com\/en\/wp-json\/wp\/v2\/product_cat?post=23964"},{"taxonomy":"product_tag","embeddable":true,"href":"https:\/\/industriemaroc.com\/en\/wp-json\/wp\/v2\/product_tag?post=23964"}],"curies":[{"name":"wp","href":"https:\/\/api.w.org\/{rel}","templated":true}]}}