{"id":23978,"date":"2025-05-07T17:21:04","date_gmt":"2025-05-07T15:21:04","guid":{"rendered":"https:\/\/industriemaroc.com\/?post_type=product&#038;p=23978"},"modified":"2025-05-07T17:54:28","modified_gmt":"2025-05-07T15:54:28","slug":"feuillard-pp-16mm-maroc","status":"publish","type":"product","link":"https:\/\/industriemaroc.com\/en\/product\/feuillard-pp-16mm-maroc\/","title":{"rendered":"Feuillard PP 16*0.8MM &#8211; Polypropyl\u00e8ne"},"content":{"rendered":"<h1 class=\"\" data-start=\"1120\" data-end=\"1227\"><strong data-start=\"1122\" data-end=\"1227\">Feuillard Polypropyl\u00e8ne 16mm au Maroc \u2013 Cerclage \u00c9conomique et Fiable pour Charges L\u00e9g\u00e8res \u00e0 Moyennes<\/strong><\/h1>\n<h2 class=\"\" data-start=\"1229\" data-end=\"1290\"><strong data-start=\"1232\" data-end=\"1290\">Le feuillard PP 16mm pour les professionnels marocains<\/strong><\/h2>\n<p class=\"\" data-start=\"1292\" data-end=\"1711\">Le <strong data-start=\"1295\" data-end=\"1332\">feuillard polypropyl\u00e8ne (PP) 16mm<\/strong> est con\u00e7u pour le cerclage de <strong data-start=\"1363\" data-end=\"1411\">colis, cartons, palettes l\u00e9g\u00e8res et moyennes<\/strong>, dans les environnements industriels, logistiques et commerciaux.<\/p>\n<p class=\"\" data-start=\"1292\" data-end=\"1711\">Sa <strong data-start=\"1481\" data-end=\"1494\">souplesse<\/strong>, sa <strong data-start=\"1499\" data-end=\"1511\">l\u00e9g\u00e8ret\u00e9<\/strong> et sa <strong data-start=\"1518\" data-end=\"1544\">facilit\u00e9 d\u2019utilisation<\/strong> en font une solution id\u00e9ale pour les entreprises marocaines \u00e0 la recherche d\u2019un <strong data-start=\"1625\" data-end=\"1648\">cerclage \u00e9conomique<\/strong>, que ce soit en manuel ou avec des machines semi-automatiques.<\/p>\n<p class=\"\" data-start=\"1713\" data-end=\"1825\">Disponible chez <strong data-start=\"1729\" data-end=\"1751\">Industriemaroc.com<\/strong>, ce feuillard est parfaitement adapt\u00e9 aux besoins du march\u00e9 B2B au Maroc.<\/p>\n<h3 class=\"\" data-start=\"1827\" data-end=\"1883\"><strong data-start=\"1831\" data-end=\"1883\">Caract\u00e9ristiques techniques du feuillard PP 16mm<\/strong><\/h3>\n<ul data-start=\"1885\" data-end=\"2210\">\n<li class=\"\" data-start=\"1885\" data-end=\"1908\">\n<p class=\"\" data-start=\"1887\" data-end=\"1908\"><strong data-start=\"1887\" data-end=\"1898\">Largeur<\/strong> : 16 mm<\/p>\n<\/li>\n<li class=\"\" data-start=\"1909\" data-end=\"1939\">\n<p class=\"\" data-start=\"1911\" data-end=\"1939\"><strong data-start=\"1911\" data-end=\"1924\">\u00c9paisseur<\/strong> : 0,8 mm<\/p>\n<\/li>\n<li class=\"\" data-start=\"1940\" data-end=\"1977\">\n<p class=\"\" data-start=\"1942\" data-end=\"1977\"><strong data-start=\"1942\" data-end=\"1954\">Mat\u00e9riau<\/strong> : Polypropyl\u00e8ne (PP)<\/p>\n<\/li>\n<li class=\"\" data-start=\"1978\" data-end=\"2033\">\n<p class=\"\" data-start=\"1980\" data-end=\"2033\"><strong data-start=\"1980\" data-end=\"2008\">R\u00e9sistance \u00e0 la traction<\/strong> : 330 kg<\/p>\n<\/li>\n<li class=\"\" data-start=\"2034\" data-end=\"2082\">\n<p class=\"\" data-start=\"2036\" data-end=\"2082\"><strong data-start=\"2036\" data-end=\"2059\">Longueur du rouleau<\/strong> : 1300 m\u00e8tres<\/p>\n<\/li>\n<li class=\"\" data-start=\"2083\" data-end=\"2144\">\n<p class=\"\" data-start=\"2085\" data-end=\"2144\"><strong data-start=\"2085\" data-end=\"2096\">Mandrin<\/strong> : 200 mm<\/p>\n<\/li>\n<li class=\"\" data-start=\"2145\" data-end=\"2210\">\n<p class=\"\" data-start=\"2147\" data-end=\"2210\"><strong data-start=\"2147\" data-end=\"2158\">Couleur<\/strong> : Noir, bleu ou blanc (personnalisable sur demande)<\/p>\n<\/li>\n<li data-start=\"2145\" data-end=\"2210\"><strong data-start=\"1695\" data-end=\"1712\">Compatibilit\u00e9<\/strong> : outils manuels, machines semi-automatiques ou automatiques<\/li>\n<\/ul>\n<p>Ce produit est con\u00e7u pour une utilisation s\u00e9curis\u00e9e, m\u00eame par les op\u00e9rateurs non sp\u00e9cialis\u00e9s, gr\u00e2ce \u00e0 sa <strong data-start=\"1880\" data-end=\"1893\">souplesse<\/strong> et sa <strong data-start=\"1900\" data-end=\"1928\">facilit\u00e9 de manipulation<\/strong>.<\/p>\n<h3 class=\"\" data-start=\"2212\" data-end=\"2259\"><strong data-start=\"2216\" data-end=\"2259\">Avantages pour les entreprises au Maroc<\/strong><\/h3>\n<ul data-start=\"2261\" data-end=\"2628\">\n<li class=\"\" data-start=\"2261\" data-end=\"2322\">\n<p class=\"\" data-start=\"2263\" data-end=\"2322\">Excellent rapport qualit\u00e9\/prix pour les besoins standards<\/p>\n<\/li>\n<li class=\"\" data-start=\"2323\" data-end=\"2389\">\n<p class=\"\" data-start=\"2325\" data-end=\"2389\">L\u00e9ger et facile \u00e0 manipuler : r\u00e9duit la fatigue des op\u00e9rateurs<\/p>\n<\/li>\n<li class=\"\" data-start=\"2390\" data-end=\"2439\">\n<p class=\"\" data-start=\"2392\" data-end=\"2439\">Compatible avec tendeurs, pinces et soudeuses<\/p>\n<\/li>\n<li class=\"\" data-start=\"2440\" data-end=\"2496\">\n<p class=\"\" data-start=\"2442\" data-end=\"2496\">Recyclable et plus \u00e9cologique que le feuillard acier<\/p>\n<\/li>\n<li class=\"\" data-start=\"2497\" data-end=\"2561\">\n<p class=\"\" data-start=\"2499\" data-end=\"2561\">N\u2019ab\u00eeme pas les surfaces fragiles comme le carton ou le bois<\/p>\n<\/li>\n<li class=\"\" data-start=\"2562\" data-end=\"2628\">\n<p class=\"\" data-start=\"2564\" data-end=\"2628\">Souplesse permettant un bon maintien sans endommager l\u2019emballage<\/p>\n<\/li>\n<\/ul>\n<h3 class=\"\" data-start=\"2630\" data-end=\"2668\"><strong data-start=\"2634\" data-end=\"2668\">Applications typiques au Maroc<\/strong><\/h3>\n<p class=\"\" data-start=\"2670\" data-end=\"2727\">Le feuillard PP 16mm est recommand\u00e9 pour le cerclage de :<\/p>\n<ul data-start=\"2729\" data-end=\"2948\">\n<li class=\"\" data-start=\"2729\" data-end=\"2757\">\n<p class=\"\" data-start=\"2731\" data-end=\"2757\"><strong data-start=\"2731\" data-end=\"2755\">Cartons d\u2019exp\u00e9dition<\/strong><\/p>\n<\/li>\n<li class=\"\" data-start=\"2758\" data-end=\"2800\">\n<p class=\"\" data-start=\"2760\" data-end=\"2800\"><strong data-start=\"2760\" data-end=\"2798\">Lots de produits l\u00e9gers ou en vrac<\/strong><\/p>\n<\/li>\n<li class=\"\" data-start=\"2801\" data-end=\"2839\">\n<p class=\"\" data-start=\"2803\" data-end=\"2839\"><strong data-start=\"2803\" data-end=\"2837\">Petites palettes industrielles<\/strong><\/p>\n<\/li>\n<li class=\"\" data-start=\"2840\" data-end=\"2884\">\n<p class=\"\" data-start=\"2842\" data-end=\"2884\"><strong data-start=\"2842\" data-end=\"2882\">Colis dans les entrep\u00f4ts logistiques<\/strong><\/p>\n<\/li>\n<li class=\"\" data-start=\"2885\" data-end=\"2948\">\n<p class=\"\" data-start=\"2887\" data-end=\"2948\"><strong data-start=\"2887\" data-end=\"2948\">Produits agroalimentaires ou pharmaceutiques conditionn\u00e9s<\/strong><\/p>\n<\/li>\n<\/ul>\n<h3 class=\"\" data-start=\"2950\" data-end=\"3017\"><strong data-start=\"2954\" data-end=\"3017\">Achetez sur Industriemaroc.com \u2013 Livraison partout au Maroc<\/strong><\/h3>\n<p class=\"\" data-start=\"3019\" data-end=\"3265\">Avec <strong data-start=\"3024\" data-end=\"3046\">Industriemaroc.com<\/strong>, les professionnels marocains ont acc\u00e8s \u00e0 un stock local de feuillards PP de qualit\u00e9.<br data-start=\"3132\" data-end=\"3135\" \/>\ud83d\udce6 Livraison rapide<br data-start=\"3154\" data-end=\"3157\" \/>\ud83d\udcde Accompagnement technique<br data-start=\"3184\" data-end=\"3187\" \/>\ud83d\udcbc Tarifs adapt\u00e9s aux volumes industriels<br data-start=\"3228\" data-end=\"3231\" \/>\ud83d\udce9 Devis personnalis\u00e9s disponibles<\/p>\n<p data-start=\"3019\" data-end=\"3265\">D\u00e9couvrez notre catalogue de Feuillards sur\u00a0<a href=\"https:\/\/industriemaroc.com\/en\/product-category\/emballage-maroc\/feuillard-cerclage-emballage-maroc\/\">https:\/\/industriemaroc.com\/product-category\/emballage-maroc\/feuillard-cerclage-emballage-maroc\/<\/a><\/p>\n<p data-start=\"3019\" data-end=\"3265\"><a href=\"http:\/\/\ud83d\udd17 Les diff\u00e9rents types de feuillards de cerclage et comment choisir \u2013 Presse \u00e0 Balle\">http:\/\/\ud83d\udd17 Les diff\u00e9rents types de feuillards de cerclage et comment choisir \u2013 Presse \u00e0 Balle<\/a><\/p>","protected":false},"excerpt":{"rendered":"<p>\u2022 Largeur : 16mm &amp; Epaisseur 0.8mm<br data-start=\"323\" data-end=\"326\" \/>\u2022 Longueur de bobine : 1300 m\u00e8tres<br data-start=\"387\" data-end=\"390\" \/>\u2022 Couleur : Blanc, Noir, Bleu (autres sur-commande)<br data-start=\"539\" data-end=\"542\" \/>\u2022 Convient pour l\u2019industrie, la logistique et la grande distribution<\/p>","protected":false},"featured_media":23979,"comment_status":"open","ping_status":"closed","template":"","meta":{"om_disable_all_campaigns":false,"_monsterinsights_skip_tracking":false,"_monsterinsights_sitenote_active":false,"_monsterinsights_sitenote_note":"","_monsterinsights_sitenote_category":0,"_uf_show_specific_survey":0,"_uf_disable_surveys":false,"_joinchat":[]},"product_brand":[],"product_cat":[673,773],"product_tag":[],"class_list":{"0":"post-23978","1":"product","2":"type-product","3":"status-publish","4":"has-post-thumbnail","6":"product_cat-emballage-maroc","7":"product_cat-feuillard-cerclage-emballage-maroc","9":"first","10":"instock","11":"taxable","12":"shipping-taxable","13":"product-type-simple"},"yoast_head":"<!-- This site is optimized with the Yoast SEO plugin v27.4 - https:\/\/yoast.com\/product\/yoast-seo-wordpress\/ -->\n<title>Feuillard Polypropyl\u00e8ne 16mm au Maroc | Cerclage L\u00e9ger<\/title>\n<meta name=\"description\" content=\"Commandez votre feuillard polypropyl\u00e8ne 16mm au Maroc sur Industriemaroc.com Id\u00e9al pour le cerclage manuel ou semi-automatique de colis l\u00e9gers \u00e0 moyens.\" \/>\n<meta name=\"robots\" content=\"index, follow, max-snippet:-1, max-image-preview:large, max-video-preview:-1\" \/>\n<link rel=\"canonical\" href=\"https:\/\/industriemaroc.com\/en\/product\/feuillard-pp-16mm-maroc\/\" \/>\n<meta property=\"og:locale\" content=\"en_US\" \/>\n<meta property=\"og:type\" content=\"article\" \/>\n<meta property=\"og:title\" content=\"Feuillard Polypropyl\u00e8ne 16mm au Maroc | Cerclage L\u00e9ger\" \/>\n<meta property=\"og:description\" content=\"Commandez votre feuillard polypropyl\u00e8ne 16mm au Maroc sur Industriemaroc.com Id\u00e9al pour le cerclage manuel ou semi-automatique de colis l\u00e9gers \u00e0 moyens.\" \/>\n<meta property=\"og:url\" content=\"https:\/\/industriemaroc.com\/en\/product\/feuillard-pp-16mm-maroc\/\" \/>\n<meta property=\"og:site_name\" content=\"Industrie Maroc Online\" \/>\n<meta property=\"article:modified_time\" content=\"2025-05-07T15:54:28+00:00\" \/>\n<meta property=\"og:image\" content=\"https:\/\/industriemaroc.com\/wp-content\/uploads\/2025\/05\/feuillard-pp-16mm.png\" \/>\n\t<meta property=\"og:image:width\" content=\"700\" \/>\n\t<meta property=\"og:image:height\" content=\"700\" \/>\n\t<meta property=\"og:image:type\" content=\"image\/png\" \/>\n<meta name=\"twitter:card\" content=\"summary_large_image\" \/>\n<meta name=\"twitter:label1\" content=\"Est. reading time\" \/>\n\t<meta name=\"twitter:data1\" content=\"2 minutes\" \/>\n<script type=\"application\/ld+json\" class=\"yoast-schema-graph\">{\"@context\":\"https:\\\/\\\/schema.org\",\"@graph\":[{\"@type\":\"WebPage\",\"@id\":\"https:\\\/\\\/industriemaroc.com\\\/produit\\\/feuillard-pp-16mm-maroc\\\/\",\"url\":\"https:\\\/\\\/industriemaroc.com\\\/produit\\\/feuillard-pp-16mm-maroc\\\/\",\"name\":\"Feuillard Polypropyl\u00e8ne 16mm au Maroc | Cerclage L\u00e9ger\",\"isPartOf\":{\"@id\":\"https:\\\/\\\/industriemaroc.com\\\/#website\"},\"primaryImageOfPage\":{\"@id\":\"https:\\\/\\\/industriemaroc.com\\\/produit\\\/feuillard-pp-16mm-maroc\\\/#primaryimage\"},\"image\":{\"@id\":\"https:\\\/\\\/industriemaroc.com\\\/produit\\\/feuillard-pp-16mm-maroc\\\/#primaryimage\"},\"thumbnailUrl\":\"https:\\\/\\\/industriemaroc.com\\\/wp-content\\\/uploads\\\/2025\\\/05\\\/feuillard-pp-16mm.png\",\"datePublished\":\"2025-05-07T15:21:04+00:00\",\"dateModified\":\"2025-05-07T15:54:28+00:00\",\"description\":\"Commandez votre feuillard polypropyl\u00e8ne 16mm au Maroc sur Industriemaroc.com Id\u00e9al pour le cerclage manuel ou semi-automatique de colis l\u00e9gers \u00e0 moyens.\",\"breadcrumb\":{\"@id\":\"https:\\\/\\\/industriemaroc.com\\\/produit\\\/feuillard-pp-16mm-maroc\\\/#breadcrumb\"},\"inLanguage\":\"en-US\",\"potentialAction\":[{\"@type\":\"ReadAction\",\"target\":[\"https:\\\/\\\/industriemaroc.com\\\/produit\\\/feuillard-pp-16mm-maroc\\\/\"]}]},{\"@type\":\"ImageObject\",\"inLanguage\":\"en-US\",\"@id\":\"https:\\\/\\\/industriemaroc.com\\\/produit\\\/feuillard-pp-16mm-maroc\\\/#primaryimage\",\"url\":\"https:\\\/\\\/industriemaroc.com\\\/wp-content\\\/uploads\\\/2025\\\/05\\\/feuillard-pp-16mm.png\",\"contentUrl\":\"https:\\\/\\\/industriemaroc.com\\\/wp-content\\\/uploads\\\/2025\\\/05\\\/feuillard-pp-16mm.png\",\"width\":700,\"height\":700,\"caption\":\"Feuillard polypropyl\u00e8ne 16mm \u2013 l\u00e9ger, souple et id\u00e9al pour colis industriels au Maroc\"},{\"@type\":\"BreadcrumbList\",\"@id\":\"https:\\\/\\\/industriemaroc.com\\\/produit\\\/feuillard-pp-16mm-maroc\\\/#breadcrumb\",\"itemListElement\":[{\"@type\":\"ListItem\",\"position\":1,\"name\":\"Home\",\"item\":\"https:\\\/\\\/industriemaroc.com\\\/\"},{\"@type\":\"ListItem\",\"position\":2,\"name\":\"Shop\",\"item\":\"https:\\\/\\\/industriemaroc.com\\\/shop\\\/\"},{\"@type\":\"ListItem\",\"position\":3,\"name\":\"Feuillard PP 16*0.8MM &#8211; Polypropyl\u00e8ne\"}]},{\"@type\":\"WebSite\",\"@id\":\"https:\\\/\\\/industriemaroc.com\\\/#website\",\"url\":\"https:\\\/\\\/industriemaroc.com\\\/\",\"name\":\"Industrie Maroc Online\",\"description\":\"Plateforme B2B de mat\u00e9riel professionnel au Maroc\",\"publisher\":{\"@id\":\"https:\\\/\\\/industriemaroc.com\\\/#organization\"},\"potentialAction\":[{\"@type\":\"SearchAction\",\"target\":{\"@type\":\"EntryPoint\",\"urlTemplate\":\"https:\\\/\\\/industriemaroc.com\\\/?s={search_term_string}\"},\"query-input\":{\"@type\":\"PropertyValueSpecification\",\"valueRequired\":true,\"valueName\":\"search_term_string\"}}],\"inLanguage\":\"en-US\"},{\"@type\":\"Organization\",\"@id\":\"https:\\\/\\\/industriemaroc.com\\\/#organization\",\"name\":\"industriemaroc.com\",\"url\":\"https:\\\/\\\/industriemaroc.com\\\/\",\"logo\":{\"@type\":\"ImageObject\",\"inLanguage\":\"en-US\",\"@id\":\"https:\\\/\\\/industriemaroc.com\\\/#\\\/schema\\\/logo\\\/image\\\/\",\"url\":\"https:\\\/\\\/industriemaroc.com\\\/wp-content\\\/uploads\\\/2024\\\/04\\\/IM.jpg\",\"contentUrl\":\"https:\\\/\\\/industriemaroc.com\\\/wp-content\\\/uploads\\\/2024\\\/04\\\/IM.jpg\",\"width\":2500,\"height\":2500,\"caption\":\"industriemaroc.com\"},\"image\":{\"@id\":\"https:\\\/\\\/industriemaroc.com\\\/#\\\/schema\\\/logo\\\/image\\\/\"}}]}<\/script>\n<!-- \/ Yoast SEO plugin. -->","yoast_head_json":{"title":"Feuillard Polypropyl\u00e8ne 16mm au Maroc | Cerclage L\u00e9ger","description":"Commandez votre feuillard polypropyl\u00e8ne 16mm au Maroc sur Industriemaroc.com Id\u00e9al pour le cerclage manuel ou semi-automatique de colis l\u00e9gers \u00e0 moyens.","robots":{"index":"index","follow":"follow","max-snippet":"max-snippet:-1","max-image-preview":"max-image-preview:large","max-video-preview":"max-video-preview:-1"},"canonical":"https:\/\/industriemaroc.com\/en\/product\/feuillard-pp-16mm-maroc\/","og_locale":"en_US","og_type":"article","og_title":"Feuillard Polypropyl\u00e8ne 16mm au Maroc | Cerclage L\u00e9ger","og_description":"Commandez votre feuillard polypropyl\u00e8ne 16mm au Maroc sur Industriemaroc.com Id\u00e9al pour le cerclage manuel ou semi-automatique de colis l\u00e9gers \u00e0 moyens.","og_url":"https:\/\/industriemaroc.com\/en\/product\/feuillard-pp-16mm-maroc\/","og_site_name":"Industrie Maroc Online","article_modified_time":"2025-05-07T15:54:28+00:00","og_image":[{"width":700,"height":700,"url":"https:\/\/industriemaroc.com\/wp-content\/uploads\/2025\/05\/feuillard-pp-16mm.png","type":"image\/png"}],"twitter_card":"summary_large_image","twitter_misc":{"Est. reading time":"2 minutes"},"schema":{"@context":"https:\/\/schema.org","@graph":[{"@type":"WebPage","@id":"https:\/\/industriemaroc.com\/produit\/feuillard-pp-16mm-maroc\/","url":"https:\/\/industriemaroc.com\/produit\/feuillard-pp-16mm-maroc\/","name":"Feuillard Polypropyl\u00e8ne 16mm au Maroc | Cerclage L\u00e9ger","isPartOf":{"@id":"https:\/\/industriemaroc.com\/#website"},"primaryImageOfPage":{"@id":"https:\/\/industriemaroc.com\/produit\/feuillard-pp-16mm-maroc\/#primaryimage"},"image":{"@id":"https:\/\/industriemaroc.com\/produit\/feuillard-pp-16mm-maroc\/#primaryimage"},"thumbnailUrl":"https:\/\/industriemaroc.com\/wp-content\/uploads\/2025\/05\/feuillard-pp-16mm.png","datePublished":"2025-05-07T15:21:04+00:00","dateModified":"2025-05-07T15:54:28+00:00","description":"Commandez votre feuillard polypropyl\u00e8ne 16mm au Maroc sur Industriemaroc.com Id\u00e9al pour le cerclage manuel ou semi-automatique de colis l\u00e9gers \u00e0 moyens.","breadcrumb":{"@id":"https:\/\/industriemaroc.com\/produit\/feuillard-pp-16mm-maroc\/#breadcrumb"},"inLanguage":"en-US","potentialAction":[{"@type":"ReadAction","target":["https:\/\/industriemaroc.com\/produit\/feuillard-pp-16mm-maroc\/"]}]},{"@type":"ImageObject","inLanguage":"en-US","@id":"https:\/\/industriemaroc.com\/produit\/feuillard-pp-16mm-maroc\/#primaryimage","url":"https:\/\/industriemaroc.com\/wp-content\/uploads\/2025\/05\/feuillard-pp-16mm.png","contentUrl":"https:\/\/industriemaroc.com\/wp-content\/uploads\/2025\/05\/feuillard-pp-16mm.png","width":700,"height":700,"caption":"Feuillard polypropyl\u00e8ne 16mm \u2013 l\u00e9ger, souple et id\u00e9al pour colis industriels au Maroc"},{"@type":"BreadcrumbList","@id":"https:\/\/industriemaroc.com\/produit\/feuillard-pp-16mm-maroc\/#breadcrumb","itemListElement":[{"@type":"ListItem","position":1,"name":"Home","item":"https:\/\/industriemaroc.com\/"},{"@type":"ListItem","position":2,"name":"Shop","item":"https:\/\/industriemaroc.com\/shop\/"},{"@type":"ListItem","position":3,"name":"Feuillard PP 16*0.8MM &#8211; Polypropyl\u00e8ne"}]},{"@type":"WebSite","@id":"https:\/\/industriemaroc.com\/#website","url":"https:\/\/industriemaroc.com\/","name":"Industrie Maroc Online","description":"Plateforme B2B de mat\u00e9riel professionnel au Maroc","publisher":{"@id":"https:\/\/industriemaroc.com\/#organization"},"potentialAction":[{"@type":"SearchAction","target":{"@type":"EntryPoint","urlTemplate":"https:\/\/industriemaroc.com\/?s={search_term_string}"},"query-input":{"@type":"PropertyValueSpecification","valueRequired":true,"valueName":"search_term_string"}}],"inLanguage":"en-US"},{"@type":"Organization","@id":"https:\/\/industriemaroc.com\/#organization","name":"industriemaroc.com","url":"https:\/\/industriemaroc.com\/","logo":{"@type":"ImageObject","inLanguage":"en-US","@id":"https:\/\/industriemaroc.com\/#\/schema\/logo\/image\/","url":"https:\/\/industriemaroc.com\/wp-content\/uploads\/2024\/04\/IM.jpg","contentUrl":"https:\/\/industriemaroc.com\/wp-content\/uploads\/2024\/04\/IM.jpg","width":2500,"height":2500,"caption":"industriemaroc.com"},"image":{"@id":"https:\/\/industriemaroc.com\/#\/schema\/logo\/image\/"}}]}},"_links":{"self":[{"href":"https:\/\/industriemaroc.com\/en\/wp-json\/wp\/v2\/product\/23978","targetHints":{"allow":["GET"]}}],"collection":[{"href":"https:\/\/industriemaroc.com\/en\/wp-json\/wp\/v2\/product"}],"about":[{"href":"https:\/\/industriemaroc.com\/en\/wp-json\/wp\/v2\/types\/product"}],"replies":[{"embeddable":true,"href":"https:\/\/industriemaroc.com\/en\/wp-json\/wp\/v2\/comments?post=23978"}],"version-history":[{"count":4,"href":"https:\/\/industriemaroc.com\/en\/wp-json\/wp\/v2\/product\/23978\/revisions"}],"predecessor-version":[{"id":23987,"href":"https:\/\/industriemaroc.com\/en\/wp-json\/wp\/v2\/product\/23978\/revisions\/23987"}],"wp:featuredmedia":[{"embeddable":true,"href":"https:\/\/industriemaroc.com\/en\/wp-json\/wp\/v2\/media\/23979"}],"wp:attachment":[{"href":"https:\/\/industriemaroc.com\/en\/wp-json\/wp\/v2\/media?parent=23978"}],"wp:term":[{"taxonomy":"product_brand","embeddable":true,"href":"https:\/\/industriemaroc.com\/en\/wp-json\/wp\/v2\/product_brand?post=23978"},{"taxonomy":"product_cat","embeddable":true,"href":"https:\/\/industriemaroc.com\/en\/wp-json\/wp\/v2\/product_cat?post=23978"},{"taxonomy":"product_tag","embeddable":true,"href":"https:\/\/industriemaroc.com\/en\/wp-json\/wp\/v2\/product_tag?post=23978"}],"curies":[{"name":"wp","href":"https:\/\/api.w.org\/{rel}","templated":true}]}}