{"id":23983,"date":"2025-05-07T17:48:13","date_gmt":"2025-05-07T15:48:13","guid":{"rendered":"https:\/\/industriemaroc.com\/?post_type=product&#038;p=23983"},"modified":"2026-01-27T19:30:01","modified_gmt":"2026-01-27T18:30:01","slug":"feuillard-pp-12mm","status":"publish","type":"product","link":"https:\/\/industriemaroc.com\/en\/product\/feuillard-pp-12mm\/","title":{"rendered":"Feuillard PP 12*0.7MM \u2013 Polypropyl\u00e8ne"},"content":{"rendered":"<h1 class=\"\" data-start=\"1169\" data-end=\"1264\"><strong data-start=\"1171\" data-end=\"1264\">Feuillard PP Polypropyl\u00e8ne 12mm au Maroc \u2013 Solution de Cerclage \u00c9conomique pour Colis L\u00e9gers<\/strong><\/h1>\n<h2 class=\"\" data-start=\"1266\" data-end=\"1331\"><strong data-start=\"1269\" data-end=\"1331\">L\u00e9ger, pratique et adapt\u00e9 aux besoins industriels au Maroc<\/strong><\/h2>\n<p class=\"\" data-start=\"1333\" data-end=\"1827\">Le <strong data-start=\"1336\" data-end=\"1373\">feuillard polypropyl\u00e8ne (PP) 12mm<\/strong> est la solution id\u00e9ale pour le cerclage de <strong data-start=\"1417\" data-end=\"1471\">cartons, colis l\u00e9gers, paquets et petites palettes<\/strong> dans les secteurs de la logistique, de l\u2019industrie l\u00e9g\u00e8re, de l\u2019agroalimentaire ou du e-commerce.<\/p>\n<p class=\"\" data-start=\"1333\" data-end=\"1827\">Tr\u00e8s utilis\u00e9 dans les entrep\u00f4ts, ateliers ou centres de distribution au <strong data-start=\"1642\" data-end=\"1651\">Morocco<\/strong>, ce feuillard est appr\u00e9ci\u00e9 pour sa <strong data-start=\"1687\" data-end=\"1700\">souplesse<\/strong>, son <strong data-start=\"1706\" data-end=\"1721\">co\u00fbt r\u00e9duit<\/strong>, sa <strong data-start=\"1726\" data-end=\"1741\">maniabilit\u00e9<\/strong> et sa compatibilit\u00e9 avec les <strong data-start=\"1771\" data-end=\"1826\">machines de cerclage manuelles ou semi-automatiques<\/strong>.<\/p>\n<p class=\"\" data-start=\"1829\" data-end=\"2069\">Distribu\u00e9 par <strong data-start=\"1843\" data-end=\"1865\">Industriemaroc.com<\/strong>, ce produit fait partie des essentiels de l\u2019emballage industriel.<\/p>\n<p class=\"\" data-start=\"1829\" data-end=\"2069\">Il est con\u00e7u pour s\u00e9curiser les envois tout en respectant l\u2019int\u00e9grit\u00e9 des colis, gr\u00e2ce \u00e0 une tension adapt\u00e9e et une \u00e9lasticit\u00e9 ma\u00eetris\u00e9e.<\/p>\n<h2 class=\"\" data-start=\"2071\" data-end=\"2126\"><strong data-start=\"2074\" data-end=\"2126\">Caract\u00e9ristiques techniques du feuillard PP 12mm<\/strong><\/h2>\n<ul data-start=\"2128\" data-end=\"2465\">\n<li class=\"\" data-start=\"2128\" data-end=\"2151\">\n<p class=\"\" data-start=\"2130\" data-end=\"2151\"><strong data-start=\"2130\" data-end=\"2141\">Largeur<\/strong> : 12 mm<\/p>\n<\/li>\n<li class=\"\" data-start=\"2152\" data-end=\"2187\">\n<p class=\"\" data-start=\"2154\" data-end=\"2187\"><strong data-start=\"2154\" data-end=\"2167\">\u00c9paisseur<\/strong> : 0.7 mm<\/p>\n<\/li>\n<li class=\"\" data-start=\"2188\" data-end=\"2236\">\n<p class=\"\" data-start=\"2190\" data-end=\"2236\"><strong data-start=\"2190\" data-end=\"2213\">Longueur du rouleau<\/strong> : 2500 m\u00e8tres<\/p>\n<\/li>\n<li class=\"\" data-start=\"2237\" data-end=\"2287\">\n<p class=\"\" data-start=\"2239\" data-end=\"2287\"><strong data-start=\"2239\" data-end=\"2251\">Mat\u00e9riau<\/strong> : Polypropyl\u00e8ne vierge ou recycl\u00e9<\/p>\n<\/li>\n<li class=\"\" data-start=\"2288\" data-end=\"2343\">\n<p class=\"\" data-start=\"2290\" data-end=\"2343\"><strong data-start=\"2290\" data-end=\"2318\">R\u00e9sistance \u00e0 la traction<\/strong> : 140 kg<\/p>\n<\/li>\n<li class=\"\" data-start=\"2344\" data-end=\"2401\">\n<p class=\"\" data-start=\"2346\" data-end=\"2401\"><strong data-start=\"2346\" data-end=\"2357\">Couleur<\/strong> : Blanc, bleu, noir (autres sur commande)<\/p>\n<\/li>\n<li class=\"\" data-start=\"2402\" data-end=\"2465\">\n<p class=\"\" data-start=\"2404\" data-end=\"2465\"><strong data-start=\"2404\" data-end=\"2415\">Mandrin<\/strong> : 200 mm<\/p>\n<\/li>\n<\/ul>\n<p class=\"\" data-start=\"2467\" data-end=\"2601\">Ce feuillard est compatible avec les <strong data-start=\"2504\" data-end=\"2524\">tendeurs manuels<\/strong>, <strong data-start=\"2526\" data-end=\"2548\">boucles plastiques<\/strong>, <strong data-start=\"2550\" data-end=\"2573\">boucles m\u00e9talliques<\/strong>, et <strong data-start=\"2578\" data-end=\"2600\">machines \u00e0 cercler<\/strong>.<\/p>\n<h2 class=\"\" data-start=\"2603\" data-end=\"2671\"><strong data-start=\"2606\" data-end=\"2671\">Avantages du feuillard 12mm pour les professionnels marocains<\/strong><\/h2>\n<ul data-start=\"2673\" data-end=\"2945\">\n<li class=\"\" data-start=\"2673\" data-end=\"2713\">\n<p class=\"\" data-start=\"2675\" data-end=\"2713\">\u2705 Excellent rapport <strong data-start=\"2695\" data-end=\"2711\">qualit\u00e9\/prix<\/strong><\/p>\n<\/li>\n<li class=\"\" data-start=\"2714\" data-end=\"2754\">\n<p class=\"\" data-start=\"2716\" data-end=\"2754\">\u2705 <strong data-start=\"2718\" data-end=\"2740\">Facile \u00e0 manipuler<\/strong> et \u00e0 couper<\/p>\n<\/li>\n<li class=\"\" data-start=\"2755\" data-end=\"2799\">\n<p class=\"\" data-start=\"2757\" data-end=\"2799\">\u2705 Ne n\u00e9cessite pas d&rsquo;\u00e9quipements co\u00fbteux<\/p>\n<\/li>\n<li class=\"\" data-start=\"2800\" data-end=\"2841\">\n<p class=\"\" data-start=\"2802\" data-end=\"2841\">\u2705 <strong data-start=\"2804\" data-end=\"2818\">\u00c9cologique<\/strong> : recyclable \u00e0 100 %<\/p>\n<\/li>\n<li class=\"\" data-start=\"2842\" data-end=\"2889\">\n<p class=\"\" data-start=\"2844\" data-end=\"2889\">\u2705 Adapt\u00e9 aux <strong data-start=\"2857\" data-end=\"2875\">volumes \u00e9lev\u00e9s<\/strong> de colisage<\/p>\n<\/li>\n<li class=\"\" data-start=\"2890\" data-end=\"2945\">\n<p class=\"\" data-start=\"2892\" data-end=\"2945\">\u2705 Limite les risques de blessure gr\u00e2ce \u00e0 sa souplesse<\/p>\n<\/li>\n<\/ul>\n<h2 class=\"\" data-start=\"2947\" data-end=\"2985\"><strong data-start=\"2950\" data-end=\"2985\">Domaines d\u2019application typiques<\/strong><\/h2>\n<ul data-start=\"2987\" data-end=\"3247\">\n<li class=\"\" data-start=\"2987\" data-end=\"3042\">\n<p class=\"\" data-start=\"2989\" data-end=\"3042\"><strong data-start=\"2989\" data-end=\"3040\">Cerclage de cartons d\u2019exp\u00e9dition ou de stockage<\/strong><\/p>\n<\/li>\n<li class=\"\" data-start=\"3043\" data-end=\"3080\">\n<p class=\"\" data-start=\"3045\" data-end=\"3080\"><strong data-start=\"3045\" data-end=\"3078\">Fermeture de colis e-commerce<\/strong><\/p>\n<\/li>\n<li class=\"\" data-start=\"3081\" data-end=\"3135\">\n<p class=\"\" data-start=\"3083\" data-end=\"3135\"><strong data-start=\"3083\" data-end=\"3133\">Conditionnement de produits l\u00e9gers ou fragiles<\/strong><\/p>\n<\/li>\n<li class=\"\" data-start=\"3136\" data-end=\"3204\">\n<p class=\"\" data-start=\"3138\" data-end=\"3204\"><strong data-start=\"3138\" data-end=\"3202\">Regroupement de produits agroalimentaires ou pharmaceutiques<\/strong><\/p>\n<\/li>\n<li class=\"\" data-start=\"3205\" data-end=\"3247\">\n<p class=\"\" data-start=\"3207\" data-end=\"3247\"><strong data-start=\"3207\" data-end=\"3247\">Pr\u00e9paration de commandes en entrep\u00f4t<\/strong><\/p>\n<\/li>\n<\/ul>\n<h2 class=\"\" data-start=\"3249\" data-end=\"3304\"><strong data-start=\"3252\" data-end=\"3304\">Commandez d\u00e8s aujourd\u2019hui sur Industriemaroc.com<\/strong><\/h2>\n<p class=\"\" data-start=\"3306\" data-end=\"3538\"><strong data-start=\"3306\" data-end=\"3328\">Industriemaroc.com<\/strong> met \u00e0 disposition des professionnels une gamme compl\u00e8te de feuillards PP adapt\u00e9s \u00e0 leurs contraintes budg\u00e9taires et techniques. Le <strong data-start=\"3460\" data-end=\"3475\">mod\u00e8le 12mm<\/strong> est en stock pour une <strong data-start=\"3498\" data-end=\"3537\">livraison rapide dans tout le Maroc<\/strong>.<\/p>\n<p class=\"\" data-start=\"3540\" data-end=\"3665\">\ud83d\udce6 Devis sur demande<br data-start=\"3560\" data-end=\"3563\" \/>\ud83d\udcde Accompagnement technique<br data-start=\"3590\" data-end=\"3593\" \/>\ud83d\udccd Livraison partout au Maroc<\/p>\n<p data-start=\"3540\" data-end=\"3665\">D\u00e9couvrez notre catalogue de Feuillards sur\u00a0<a href=\"https:\/\/industriemaroc.com\/en\/product-category\/emballage-maroc\/feuillard-cerclage-emballage-maroc\/\">https:\/\/industriemaroc.com\/product-category\/emballage-maroc\/feuillard-cerclage-emballage-maroc\/<\/a><\/p>\n<p data-start=\"3540\" data-end=\"3665\"><a href=\"http:\/\/\ud83d\udd17 Les diff\u00e9rents types de feuillards de cerclage et comment choisir \u2013 Presse \u00e0 Balle\">http:\/\/\ud83d\udd17 Les diff\u00e9rents types de feuillards de cerclage et comment choisir \u2013 Presse \u00e0 Balle<\/a><\/p>\n<p data-start=\"3540\" data-end=\"3665\">","protected":false},"excerpt":{"rendered":"<p>\u2022 Largeur : 12mm &amp; Epaisseur 0.7mm<br data-start=\"323\" data-end=\"326\" \/>\u2022 Longueur de bobine : 2500 m\u00e8tres<br data-start=\"387\" data-end=\"390\" \/>\u2022 Couleur : Blanc, Noir, Bleu (autres sur-commande)<br data-start=\"539\" data-end=\"542\" \/>\u2022 Convient pour l\u2019industrie, la logistique et la grande distribution<\/p>","protected":false},"featured_media":23984,"comment_status":"open","ping_status":"closed","template":"","meta":{"om_disable_all_campaigns":false,"_monsterinsights_skip_tracking":false,"_monsterinsights_sitenote_active":false,"_monsterinsights_sitenote_note":"","_monsterinsights_sitenote_category":0,"_uf_show_specific_survey":0,"_uf_disable_surveys":false,"_joinchat":[]},"product_brand":[],"product_cat":[673,773],"product_tag":[],"class_list":{"0":"post-23983","1":"product","2":"type-product","3":"status-publish","4":"has-post-thumbnail","6":"product_cat-emballage-maroc","7":"product_cat-feuillard-cerclage-emballage-maroc","9":"first","10":"instock","11":"taxable","12":"shipping-taxable","13":"product-type-simple"},"yoast_head":"<!-- This site is optimized with the Yoast SEO plugin v27.4 - https:\/\/yoast.com\/product\/yoast-seo-wordpress\/ -->\n<title>Feuillard PP 12mm au Maroc | industriemaroc.com<\/title>\n<meta name=\"description\" content=\"Achetez le feuillard PP polypropyl\u00e8ne 12mm au Maroc chez industriemaroc.com Id\u00e9al pour le cerclage manuel de colis l\u00e9gers. Livraison partout au Maroc\" \/>\n<meta name=\"robots\" content=\"index, follow, max-snippet:-1, max-image-preview:large, max-video-preview:-1\" \/>\n<link rel=\"canonical\" href=\"https:\/\/industriemaroc.com\/en\/product\/feuillard-pp-12mm\/\" \/>\n<meta property=\"og:locale\" content=\"en_US\" \/>\n<meta property=\"og:type\" content=\"article\" \/>\n<meta property=\"og:title\" content=\"Feuillard PP 12mm au Maroc | industriemaroc.com\" \/>\n<meta property=\"og:description\" content=\"Achetez le feuillard PP polypropyl\u00e8ne 12mm au Maroc chez industriemaroc.com Id\u00e9al pour le cerclage manuel de colis l\u00e9gers. Livraison partout au Maroc\" \/>\n<meta property=\"og:url\" content=\"https:\/\/industriemaroc.com\/en\/product\/feuillard-pp-12mm\/\" \/>\n<meta property=\"og:site_name\" content=\"Industrie Maroc Online\" \/>\n<meta property=\"article:modified_time\" content=\"2026-01-27T18:30:01+00:00\" \/>\n<meta property=\"og:image\" content=\"https:\/\/industriemaroc.com\/wp-content\/uploads\/2025\/05\/feuillard-pp-12mm.png\" \/>\n\t<meta property=\"og:image:width\" content=\"700\" \/>\n\t<meta property=\"og:image:height\" content=\"700\" \/>\n\t<meta property=\"og:image:type\" content=\"image\/png\" \/>\n<meta name=\"twitter:card\" content=\"summary_large_image\" \/>\n<meta name=\"twitter:label1\" content=\"Est. reading time\" \/>\n\t<meta name=\"twitter:data1\" content=\"2 minutes\" \/>\n<script type=\"application\/ld+json\" class=\"yoast-schema-graph\">{\"@context\":\"https:\\\/\\\/schema.org\",\"@graph\":[{\"@type\":\"WebPage\",\"@id\":\"https:\\\/\\\/industriemaroc.com\\\/produit\\\/feuillard-pp-12mm\\\/\",\"url\":\"https:\\\/\\\/industriemaroc.com\\\/produit\\\/feuillard-pp-12mm\\\/\",\"name\":\"Feuillard PP 12mm au Maroc | industriemaroc.com\",\"isPartOf\":{\"@id\":\"https:\\\/\\\/industriemaroc.com\\\/#website\"},\"primaryImageOfPage\":{\"@id\":\"https:\\\/\\\/industriemaroc.com\\\/produit\\\/feuillard-pp-12mm\\\/#primaryimage\"},\"image\":{\"@id\":\"https:\\\/\\\/industriemaroc.com\\\/produit\\\/feuillard-pp-12mm\\\/#primaryimage\"},\"thumbnailUrl\":\"https:\\\/\\\/industriemaroc.com\\\/wp-content\\\/uploads\\\/2025\\\/05\\\/feuillard-pp-12mm.png\",\"datePublished\":\"2025-05-07T15:48:13+00:00\",\"dateModified\":\"2026-01-27T18:30:01+00:00\",\"description\":\"Achetez le feuillard PP polypropyl\u00e8ne 12mm au Maroc chez industriemaroc.com Id\u00e9al pour le cerclage manuel de colis l\u00e9gers. Livraison partout au Maroc\",\"breadcrumb\":{\"@id\":\"https:\\\/\\\/industriemaroc.com\\\/produit\\\/feuillard-pp-12mm\\\/#breadcrumb\"},\"inLanguage\":\"en-US\",\"potentialAction\":[{\"@type\":\"ReadAction\",\"target\":[\"https:\\\/\\\/industriemaroc.com\\\/produit\\\/feuillard-pp-12mm\\\/\"]}]},{\"@type\":\"ImageObject\",\"inLanguage\":\"en-US\",\"@id\":\"https:\\\/\\\/industriemaroc.com\\\/produit\\\/feuillard-pp-12mm\\\/#primaryimage\",\"url\":\"https:\\\/\\\/industriemaroc.com\\\/wp-content\\\/uploads\\\/2025\\\/05\\\/feuillard-pp-12mm.png\",\"contentUrl\":\"https:\\\/\\\/industriemaroc.com\\\/wp-content\\\/uploads\\\/2025\\\/05\\\/feuillard-pp-12mm.png\",\"width\":700,\"height\":700,\"caption\":\"Feuillard PP 12mm \u2013 parfait pour s\u00e9curiser cartons et colis l\u00e9gers\"},{\"@type\":\"BreadcrumbList\",\"@id\":\"https:\\\/\\\/industriemaroc.com\\\/produit\\\/feuillard-pp-12mm\\\/#breadcrumb\",\"itemListElement\":[{\"@type\":\"ListItem\",\"position\":1,\"name\":\"Home\",\"item\":\"https:\\\/\\\/industriemaroc.com\\\/\"},{\"@type\":\"ListItem\",\"position\":2,\"name\":\"Shop\",\"item\":\"https:\\\/\\\/industriemaroc.com\\\/shop\\\/\"},{\"@type\":\"ListItem\",\"position\":3,\"name\":\"Feuillard PP 12*0.7MM \u2013 Polypropyl\u00e8ne\"}]},{\"@type\":\"WebSite\",\"@id\":\"https:\\\/\\\/industriemaroc.com\\\/#website\",\"url\":\"https:\\\/\\\/industriemaroc.com\\\/\",\"name\":\"Industrie Maroc Online\",\"description\":\"Plateforme B2B de mat\u00e9riel professionnel au Maroc\",\"publisher\":{\"@id\":\"https:\\\/\\\/industriemaroc.com\\\/#organization\"},\"potentialAction\":[{\"@type\":\"SearchAction\",\"target\":{\"@type\":\"EntryPoint\",\"urlTemplate\":\"https:\\\/\\\/industriemaroc.com\\\/?s={search_term_string}\"},\"query-input\":{\"@type\":\"PropertyValueSpecification\",\"valueRequired\":true,\"valueName\":\"search_term_string\"}}],\"inLanguage\":\"en-US\"},{\"@type\":\"Organization\",\"@id\":\"https:\\\/\\\/industriemaroc.com\\\/#organization\",\"name\":\"industriemaroc.com\",\"url\":\"https:\\\/\\\/industriemaroc.com\\\/\",\"logo\":{\"@type\":\"ImageObject\",\"inLanguage\":\"en-US\",\"@id\":\"https:\\\/\\\/industriemaroc.com\\\/#\\\/schema\\\/logo\\\/image\\\/\",\"url\":\"https:\\\/\\\/industriemaroc.com\\\/wp-content\\\/uploads\\\/2024\\\/04\\\/IM.jpg\",\"contentUrl\":\"https:\\\/\\\/industriemaroc.com\\\/wp-content\\\/uploads\\\/2024\\\/04\\\/IM.jpg\",\"width\":2500,\"height\":2500,\"caption\":\"industriemaroc.com\"},\"image\":{\"@id\":\"https:\\\/\\\/industriemaroc.com\\\/#\\\/schema\\\/logo\\\/image\\\/\"}}]}<\/script>\n<!-- \/ Yoast SEO plugin. -->","yoast_head_json":{"title":"Feuillard PP 12mm au Maroc | industriemaroc.com","description":"Achetez le feuillard PP polypropyl\u00e8ne 12mm au Maroc chez industriemaroc.com Id\u00e9al pour le cerclage manuel de colis l\u00e9gers. Livraison partout au Maroc","robots":{"index":"index","follow":"follow","max-snippet":"max-snippet:-1","max-image-preview":"max-image-preview:large","max-video-preview":"max-video-preview:-1"},"canonical":"https:\/\/industriemaroc.com\/en\/product\/feuillard-pp-12mm\/","og_locale":"en_US","og_type":"article","og_title":"Feuillard PP 12mm au Maroc | industriemaroc.com","og_description":"Achetez le feuillard PP polypropyl\u00e8ne 12mm au Maroc chez industriemaroc.com Id\u00e9al pour le cerclage manuel de colis l\u00e9gers. Livraison partout au Maroc","og_url":"https:\/\/industriemaroc.com\/en\/product\/feuillard-pp-12mm\/","og_site_name":"Industrie Maroc Online","article_modified_time":"2026-01-27T18:30:01+00:00","og_image":[{"width":700,"height":700,"url":"https:\/\/industriemaroc.com\/wp-content\/uploads\/2025\/05\/feuillard-pp-12mm.png","type":"image\/png"}],"twitter_card":"summary_large_image","twitter_misc":{"Est. reading time":"2 minutes"},"schema":{"@context":"https:\/\/schema.org","@graph":[{"@type":"WebPage","@id":"https:\/\/industriemaroc.com\/produit\/feuillard-pp-12mm\/","url":"https:\/\/industriemaroc.com\/produit\/feuillard-pp-12mm\/","name":"Feuillard PP 12mm au Maroc | industriemaroc.com","isPartOf":{"@id":"https:\/\/industriemaroc.com\/#website"},"primaryImageOfPage":{"@id":"https:\/\/industriemaroc.com\/produit\/feuillard-pp-12mm\/#primaryimage"},"image":{"@id":"https:\/\/industriemaroc.com\/produit\/feuillard-pp-12mm\/#primaryimage"},"thumbnailUrl":"https:\/\/industriemaroc.com\/wp-content\/uploads\/2025\/05\/feuillard-pp-12mm.png","datePublished":"2025-05-07T15:48:13+00:00","dateModified":"2026-01-27T18:30:01+00:00","description":"Achetez le feuillard PP polypropyl\u00e8ne 12mm au Maroc chez industriemaroc.com Id\u00e9al pour le cerclage manuel de colis l\u00e9gers. Livraison partout au Maroc","breadcrumb":{"@id":"https:\/\/industriemaroc.com\/produit\/feuillard-pp-12mm\/#breadcrumb"},"inLanguage":"en-US","potentialAction":[{"@type":"ReadAction","target":["https:\/\/industriemaroc.com\/produit\/feuillard-pp-12mm\/"]}]},{"@type":"ImageObject","inLanguage":"en-US","@id":"https:\/\/industriemaroc.com\/produit\/feuillard-pp-12mm\/#primaryimage","url":"https:\/\/industriemaroc.com\/wp-content\/uploads\/2025\/05\/feuillard-pp-12mm.png","contentUrl":"https:\/\/industriemaroc.com\/wp-content\/uploads\/2025\/05\/feuillard-pp-12mm.png","width":700,"height":700,"caption":"Feuillard PP 12mm \u2013 parfait pour s\u00e9curiser cartons et colis l\u00e9gers"},{"@type":"BreadcrumbList","@id":"https:\/\/industriemaroc.com\/produit\/feuillard-pp-12mm\/#breadcrumb","itemListElement":[{"@type":"ListItem","position":1,"name":"Home","item":"https:\/\/industriemaroc.com\/"},{"@type":"ListItem","position":2,"name":"Shop","item":"https:\/\/industriemaroc.com\/shop\/"},{"@type":"ListItem","position":3,"name":"Feuillard PP 12*0.7MM \u2013 Polypropyl\u00e8ne"}]},{"@type":"WebSite","@id":"https:\/\/industriemaroc.com\/#website","url":"https:\/\/industriemaroc.com\/","name":"Industrie Maroc Online","description":"Plateforme B2B de mat\u00e9riel professionnel au Maroc","publisher":{"@id":"https:\/\/industriemaroc.com\/#organization"},"potentialAction":[{"@type":"SearchAction","target":{"@type":"EntryPoint","urlTemplate":"https:\/\/industriemaroc.com\/?s={search_term_string}"},"query-input":{"@type":"PropertyValueSpecification","valueRequired":true,"valueName":"search_term_string"}}],"inLanguage":"en-US"},{"@type":"Organization","@id":"https:\/\/industriemaroc.com\/#organization","name":"industriemaroc.com","url":"https:\/\/industriemaroc.com\/","logo":{"@type":"ImageObject","inLanguage":"en-US","@id":"https:\/\/industriemaroc.com\/#\/schema\/logo\/image\/","url":"https:\/\/industriemaroc.com\/wp-content\/uploads\/2024\/04\/IM.jpg","contentUrl":"https:\/\/industriemaroc.com\/wp-content\/uploads\/2024\/04\/IM.jpg","width":2500,"height":2500,"caption":"industriemaroc.com"},"image":{"@id":"https:\/\/industriemaroc.com\/#\/schema\/logo\/image\/"}}]}},"_links":{"self":[{"href":"https:\/\/industriemaroc.com\/en\/wp-json\/wp\/v2\/product\/23983","targetHints":{"allow":["GET"]}}],"collection":[{"href":"https:\/\/industriemaroc.com\/en\/wp-json\/wp\/v2\/product"}],"about":[{"href":"https:\/\/industriemaroc.com\/en\/wp-json\/wp\/v2\/types\/product"}],"replies":[{"embeddable":true,"href":"https:\/\/industriemaroc.com\/en\/wp-json\/wp\/v2\/comments?post=23983"}],"version-history":[{"count":2,"href":"https:\/\/industriemaroc.com\/en\/wp-json\/wp\/v2\/product\/23983\/revisions"}],"predecessor-version":[{"id":23986,"href":"https:\/\/industriemaroc.com\/en\/wp-json\/wp\/v2\/product\/23983\/revisions\/23986"}],"wp:featuredmedia":[{"embeddable":true,"href":"https:\/\/industriemaroc.com\/en\/wp-json\/wp\/v2\/media\/23984"}],"wp:attachment":[{"href":"https:\/\/industriemaroc.com\/en\/wp-json\/wp\/v2\/media?parent=23983"}],"wp:term":[{"taxonomy":"product_brand","embeddable":true,"href":"https:\/\/industriemaroc.com\/en\/wp-json\/wp\/v2\/product_brand?post=23983"},{"taxonomy":"product_cat","embeddable":true,"href":"https:\/\/industriemaroc.com\/en\/wp-json\/wp\/v2\/product_cat?post=23983"},{"taxonomy":"product_tag","embeddable":true,"href":"https:\/\/industriemaroc.com\/en\/wp-json\/wp\/v2\/product_tag?post=23983"}],"curies":[{"name":"wp","href":"https:\/\/api.w.org\/{rel}","templated":true}]}}