{"id":23988,"date":"2025-05-08T16:24:41","date_gmt":"2025-05-08T14:24:41","guid":{"rendered":"https:\/\/industriemaroc.com\/?post_type=product&#038;p=23988"},"modified":"2025-05-08T16:24:41","modified_gmt":"2025-05-08T14:24:41","slug":"feuillard-pp-80-6mm-polypropylene","status":"publish","type":"product","link":"https:\/\/industriemaroc.com\/en\/product\/feuillard-pp-80-6mm-polypropylene\/","title":{"rendered":"Feuillard PP 8*0.6MM \u2013 Polypropyl\u00e8ne"},"content":{"rendered":"<h1 class=\"\" data-start=\"278\" data-end=\"352\">Feuillard PP 8mm au Maroc \u2013 Cerclage R\u00e9sistant pour Emballage Professionnel<\/h1>\n<h2 class=\"\" data-start=\"354\" data-end=\"377\">Description g\u00e9n\u00e9rale<\/h2>\n<p class=\"\" data-start=\"379\" data-end=\"714\">Le <strong data-start=\"382\" data-end=\"408\">feuillard PP 8mm<\/strong>\u00a0est une solution de cerclage souple et r\u00e9sistante, con\u00e7ue pour r\u00e9pondre aux besoins des professionnels au Maroc.<\/p>\n<p class=\"\" data-start=\"379\" data-end=\"714\">Fabriqu\u00e9 en polypropyl\u00e8ne (PP) de haute qualit\u00e9, ce feuillard garantit une excellente tenue, que ce soit pour s\u00e9curiser des colis, des cartons ou des palettes lors du stockage ou du transport.<\/p>\n<p class=\"\" data-start=\"716\" data-end=\"987\">Compatible avec les tendeurs manuels et les machines de cerclage semi-automatiques, ce produit offre une performance fiable et constante.<\/p>\n<p class=\"\" data-start=\"716\" data-end=\"987\">Que vous soyez dans l\u2019industrie agroalimentaire, la logistique ou le commerce, ce feuillard est adapt\u00e9 \u00e0 vos op\u00e9rations quotidiennes.<\/p>\n<p class=\"\" data-start=\"989\" data-end=\"1149\">Disponible sur notre boutique en ligne <strong data-start=\"1028\" data-end=\"1050\">industriemaroc.com<\/strong>, ce feuillard est livr\u00e9 rapidement partout au Maroc, avec des tarifs d\u00e9gressifs selon la quantit\u00e9.<\/p>\n<h2 class=\"\" data-start=\"1151\" data-end=\"1181\">Caract\u00e9ristiques techniques<\/h2>\n<ul data-start=\"1183\" data-end=\"1658\">\n<li class=\"\" data-start=\"1183\" data-end=\"1205\">\n<p class=\"\" data-start=\"1185\" data-end=\"1205\"><strong data-start=\"1185\" data-end=\"1198\">Largeur :<\/strong> 8 mm<\/p>\n<\/li>\n<li class=\"\" data-start=\"1206\" data-end=\"1262\">\n<p class=\"\" data-start=\"1208\" data-end=\"1262\"><strong data-start=\"1208\" data-end=\"1223\">\u00c9paisseur :<\/strong> 0,6 mm<\/p>\n<\/li>\n<li class=\"\" data-start=\"1263\" data-end=\"1316\">\n<p class=\"\" data-start=\"1265\" data-end=\"1316\"><strong data-start=\"1265\" data-end=\"1278\">Mati\u00e8re :<\/strong> Polypropyl\u00e8ne (PP) haute r\u00e9sistance<\/p>\n<\/li>\n<li class=\"\" data-start=\"1317\" data-end=\"1372\">\n<p class=\"\" data-start=\"1319\" data-end=\"1372\"><strong data-start=\"1319\" data-end=\"1343\">Type d\u2019utilisation :<\/strong> Manuel ou semi-automatique<\/p>\n<\/li>\n<li class=\"\" data-start=\"1373\" data-end=\"1422\">\n<p class=\"\" data-start=\"1375\" data-end=\"1422\"><strong data-start=\"1375\" data-end=\"1405\">R\u00e9sistance \u00e0 la traction :<\/strong> 105 kg<\/p>\n<\/li>\n<li class=\"\" data-start=\"1423\" data-end=\"1477\">\n<p class=\"\" data-start=\"1425\" data-end=\"1477\"><strong data-start=\"1425\" data-end=\"1446\">Conditionnement :<\/strong> Bobine de 4000 m\u00e8tres<\/p>\n<\/li>\n<li class=\"\" data-start=\"1478\" data-end=\"1525\">\n<p class=\"\" data-start=\"1480\" data-end=\"1525\"><strong data-start=\"1480\" data-end=\"1510\">Mandrin de la bobine :<\/strong> 200 mm<\/p>\n<\/li>\n<li class=\"\" data-start=\"1526\" data-end=\"1606\">\n<p class=\"\" data-start=\"1528\" data-end=\"1606\"><strong data-start=\"1528\" data-end=\"1550\">Couleur standard :<\/strong> Noir, blanc, bleu (autres couleurs disponibles sur demande)<\/p>\n<\/li>\n<\/ul>\n<h2 class=\"\" data-start=\"1660\" data-end=\"1688\">Applications et avantages<\/h2>\n<h3 class=\"\" data-start=\"1690\" data-end=\"1725\">Domaines d\u2019utilisation au Maroc<\/h3>\n<ul data-start=\"1727\" data-end=\"1854\">\n<li class=\"\" data-start=\"1727\" data-end=\"1754\">\n<p class=\"\" data-start=\"1729\" data-end=\"1754\">Plateformes logistiques<\/p>\n<\/li>\n<li class=\"\" data-start=\"1755\" data-end=\"1780\">\n<p class=\"\" data-start=\"1757\" data-end=\"1780\">Entrep\u00f4ts industriels<\/p>\n<\/li>\n<li class=\"\" data-start=\"1781\" data-end=\"1805\">\n<p class=\"\" data-start=\"1783\" data-end=\"1805\">Usines de production<\/p>\n<\/li>\n<li class=\"\" data-start=\"1806\" data-end=\"1827\">\n<p class=\"\" data-start=\"1808\" data-end=\"1827\">Commerces de gros<\/p>\n<\/li>\n<li class=\"\" data-start=\"1828\" data-end=\"1854\">\n<p class=\"\" data-start=\"1830\" data-end=\"1854\">Transport et livraison<\/p>\n<\/li>\n<\/ul>\n<h3 class=\"\" data-start=\"1856\" data-end=\"1895\">Avantages du feuillard PP 8mm<\/h3>\n<ul data-start=\"1897\" data-end=\"2176\">\n<li class=\"\" data-start=\"1897\" data-end=\"1940\">\n<p class=\"\" data-start=\"1899\" data-end=\"1940\">Facile \u00e0 utiliser avec tendeur et pince<\/p>\n<\/li>\n<li class=\"\" data-start=\"1941\" data-end=\"2008\">\n<p class=\"\" data-start=\"1943\" data-end=\"2008\">Ne blesse pas les mains (contrairement au feuillard m\u00e9tallique)<\/p>\n<\/li>\n<li class=\"\" data-start=\"2009\" data-end=\"2064\">\n<p class=\"\" data-start=\"2011\" data-end=\"2064\">R\u00e9sistant \u00e0 l&rsquo;humidit\u00e9, \u00e0 la poussi\u00e8re et aux chocs<\/p>\n<\/li>\n<li class=\"\" data-start=\"2065\" data-end=\"2096\">\n<p class=\"\" data-start=\"2067\" data-end=\"2096\">L\u00e9ger, souple et recyclable<\/p>\n<\/li>\n<li class=\"\" data-start=\"2097\" data-end=\"2176\">\n<p class=\"\" data-start=\"2099\" data-end=\"2176\">Livraison rapide via <strong data-start=\"2120\" data-end=\"2142\">industriemaroc.com<\/strong>, avec stock disponible au Maroc<\/p>\n<\/li>\n<\/ul>\n<p class=\"\" data-start=\"2178\" data-end=\"2474\">En commandant votre <strong data-start=\"2198\" data-end=\"2224\">feuillard PP 8mm<\/strong>\u00a0sur <strong data-start=\"2229\" data-end=\"2251\">industriemaroc.com<\/strong>, vous b\u00e9n\u00e9ficiez d\u2019un produit de qualit\u00e9 professionnelle, adapt\u00e9 aux exigences locales et livr\u00e9 rapidement.<\/p>\n<p class=\"\" data-start=\"2178\" data-end=\"2474\">Notre plateforme B2B est sp\u00e9cialis\u00e9e dans la distribution de mat\u00e9riel d\u2019emballage pour les entreprises marocaines.<\/p>\n<p data-start=\"2178\" data-end=\"2474\">D\u00e9couvrez notre catalogue de Feuillards sur\u00a0<a href=\"https:\/\/industriemaroc.com\/en\/product-category\/emballage-maroc\/feuillard-cerclage-emballage-maroc\/\">https:\/\/industriemaroc.com\/product-category\/emballage-maroc\/feuillard-cerclage-emballage-maroc\/<\/a><\/p>\n<p data-start=\"2178\" data-end=\"2474\"><a href=\"http:\/\/\ud83d\udd17 Les diff\u00e9rents types de feuillards de cerclage et comment choisir \u2013 Presse \u00e0 Balle\">http:\/\/\ud83d\udd17 Les diff\u00e9rents types de feuillards de cerclage et comment choisir \u2013 Presse \u00e0 Balle<\/a><\/p>","protected":false},"excerpt":{"rendered":"<p>\u2022 Largeur : 8mm &amp; Epaisseur 0.6mm<br data-start=\"323\" data-end=\"326\" \/>\u2022 Longueur de bobine : 4000 m\u00e8tres<br data-start=\"387\" data-end=\"390\" \/>\u2022 Couleur : Blanc, Noir, Bleu (autres sur-commande)<br data-start=\"539\" data-end=\"542\" \/>\u2022 Convient pour l\u2019industrie, la logistique et la grande distribution<\/p>","protected":false},"featured_media":23989,"comment_status":"open","ping_status":"closed","template":"","meta":{"om_disable_all_campaigns":false,"_monsterinsights_skip_tracking":false,"_monsterinsights_sitenote_active":false,"_monsterinsights_sitenote_note":"","_monsterinsights_sitenote_category":0,"_uf_show_specific_survey":0,"_uf_disable_surveys":false,"_joinchat":[]},"product_brand":[],"product_cat":[673,773],"product_tag":[],"class_list":{"0":"post-23988","1":"product","2":"type-product","3":"status-publish","4":"has-post-thumbnail","6":"product_cat-emballage-maroc","7":"product_cat-feuillard-cerclage-emballage-maroc","9":"first","10":"instock","11":"taxable","12":"shipping-taxable","13":"product-type-simple"},"yoast_head":"<!-- This site is optimized with the Yoast SEO plugin v27.4 - https:\/\/yoast.com\/product\/yoast-seo-wordpress\/ -->\n<title>Feuillard PP 8mm Maroc \u2013 Cerclage R\u00e9sistant pour Professionnels<\/title>\n<meta name=\"description\" content=\"Achetez votre feuillard PP 8mm au Maroc. Id\u00e9al pour le cerclage manuel ou machine. Qualit\u00e9 pro, livraison rapide au Maroc.\" \/>\n<meta name=\"robots\" content=\"index, follow, max-snippet:-1, max-image-preview:large, max-video-preview:-1\" \/>\n<link rel=\"canonical\" href=\"https:\/\/industriemaroc.com\/en\/product\/feuillard-pp-80-6mm-polypropylene\/\" \/>\n<meta property=\"og:locale\" content=\"en_US\" \/>\n<meta property=\"og:type\" content=\"article\" \/>\n<meta property=\"og:title\" content=\"Feuillard PP 8mm Maroc \u2013 Cerclage R\u00e9sistant pour Professionnels\" \/>\n<meta property=\"og:description\" content=\"Achetez votre feuillard PP 8mm au Maroc. Id\u00e9al pour le cerclage manuel ou machine. Qualit\u00e9 pro, livraison rapide au Maroc.\" \/>\n<meta property=\"og:url\" content=\"https:\/\/industriemaroc.com\/en\/product\/feuillard-pp-80-6mm-polypropylene\/\" \/>\n<meta property=\"og:site_name\" content=\"Industrie Maroc Online\" \/>\n<meta property=\"og:image\" content=\"https:\/\/industriemaroc.com\/wp-content\/uploads\/2025\/05\/feuillard-pp-8mm.png\" \/>\n\t<meta property=\"og:image:width\" content=\"700\" \/>\n\t<meta property=\"og:image:height\" content=\"700\" \/>\n\t<meta property=\"og:image:type\" content=\"image\/png\" \/>\n<meta name=\"twitter:card\" content=\"summary_large_image\" \/>\n<meta name=\"twitter:label1\" content=\"Est. reading time\" \/>\n\t<meta name=\"twitter:data1\" content=\"2 minutes\" \/>\n<script type=\"application\/ld+json\" class=\"yoast-schema-graph\">{\"@context\":\"https:\\\/\\\/schema.org\",\"@graph\":[{\"@type\":\"WebPage\",\"@id\":\"https:\\\/\\\/industriemaroc.com\\\/produit\\\/feuillard-pp-80-6mm-polypropylene\\\/\",\"url\":\"https:\\\/\\\/industriemaroc.com\\\/produit\\\/feuillard-pp-80-6mm-polypropylene\\\/\",\"name\":\"Feuillard PP 8mm Maroc \u2013 Cerclage R\u00e9sistant pour Professionnels\",\"isPartOf\":{\"@id\":\"https:\\\/\\\/industriemaroc.com\\\/#website\"},\"primaryImageOfPage\":{\"@id\":\"https:\\\/\\\/industriemaroc.com\\\/produit\\\/feuillard-pp-80-6mm-polypropylene\\\/#primaryimage\"},\"image\":{\"@id\":\"https:\\\/\\\/industriemaroc.com\\\/produit\\\/feuillard-pp-80-6mm-polypropylene\\\/#primaryimage\"},\"thumbnailUrl\":\"https:\\\/\\\/industriemaroc.com\\\/wp-content\\\/uploads\\\/2025\\\/05\\\/feuillard-pp-8mm.png\",\"datePublished\":\"2025-05-08T14:24:41+00:00\",\"description\":\"Achetez votre feuillard PP 8mm au Maroc. Id\u00e9al pour le cerclage manuel ou machine. Qualit\u00e9 pro, livraison rapide au Maroc.\",\"breadcrumb\":{\"@id\":\"https:\\\/\\\/industriemaroc.com\\\/produit\\\/feuillard-pp-80-6mm-polypropylene\\\/#breadcrumb\"},\"inLanguage\":\"en-US\",\"potentialAction\":[{\"@type\":\"ReadAction\",\"target\":[\"https:\\\/\\\/industriemaroc.com\\\/produit\\\/feuillard-pp-80-6mm-polypropylene\\\/\"]}]},{\"@type\":\"ImageObject\",\"inLanguage\":\"en-US\",\"@id\":\"https:\\\/\\\/industriemaroc.com\\\/produit\\\/feuillard-pp-80-6mm-polypropylene\\\/#primaryimage\",\"url\":\"https:\\\/\\\/industriemaroc.com\\\/wp-content\\\/uploads\\\/2025\\\/05\\\/feuillard-pp-8mm.png\",\"contentUrl\":\"https:\\\/\\\/industriemaroc.com\\\/wp-content\\\/uploads\\\/2025\\\/05\\\/feuillard-pp-8mm.png\",\"width\":700,\"height\":700,\"caption\":\"Feuillard PP 8mm \u2013 Emballage professionnel au Maroc\"},{\"@type\":\"BreadcrumbList\",\"@id\":\"https:\\\/\\\/industriemaroc.com\\\/produit\\\/feuillard-pp-80-6mm-polypropylene\\\/#breadcrumb\",\"itemListElement\":[{\"@type\":\"ListItem\",\"position\":1,\"name\":\"Home\",\"item\":\"https:\\\/\\\/industriemaroc.com\\\/\"},{\"@type\":\"ListItem\",\"position\":2,\"name\":\"Shop\",\"item\":\"https:\\\/\\\/industriemaroc.com\\\/shop\\\/\"},{\"@type\":\"ListItem\",\"position\":3,\"name\":\"Feuillard PP 8*0.6MM \u2013 Polypropyl\u00e8ne\"}]},{\"@type\":\"WebSite\",\"@id\":\"https:\\\/\\\/industriemaroc.com\\\/#website\",\"url\":\"https:\\\/\\\/industriemaroc.com\\\/\",\"name\":\"Industrie Maroc Online\",\"description\":\"Plateforme B2B de mat\u00e9riel professionnel au Maroc\",\"publisher\":{\"@id\":\"https:\\\/\\\/industriemaroc.com\\\/#organization\"},\"potentialAction\":[{\"@type\":\"SearchAction\",\"target\":{\"@type\":\"EntryPoint\",\"urlTemplate\":\"https:\\\/\\\/industriemaroc.com\\\/?s={search_term_string}\"},\"query-input\":{\"@type\":\"PropertyValueSpecification\",\"valueRequired\":true,\"valueName\":\"search_term_string\"}}],\"inLanguage\":\"en-US\"},{\"@type\":\"Organization\",\"@id\":\"https:\\\/\\\/industriemaroc.com\\\/#organization\",\"name\":\"industriemaroc.com\",\"url\":\"https:\\\/\\\/industriemaroc.com\\\/\",\"logo\":{\"@type\":\"ImageObject\",\"inLanguage\":\"en-US\",\"@id\":\"https:\\\/\\\/industriemaroc.com\\\/#\\\/schema\\\/logo\\\/image\\\/\",\"url\":\"https:\\\/\\\/industriemaroc.com\\\/wp-content\\\/uploads\\\/2024\\\/04\\\/IM.jpg\",\"contentUrl\":\"https:\\\/\\\/industriemaroc.com\\\/wp-content\\\/uploads\\\/2024\\\/04\\\/IM.jpg\",\"width\":2500,\"height\":2500,\"caption\":\"industriemaroc.com\"},\"image\":{\"@id\":\"https:\\\/\\\/industriemaroc.com\\\/#\\\/schema\\\/logo\\\/image\\\/\"}}]}<\/script>\n<!-- \/ Yoast SEO plugin. -->","yoast_head_json":{"title":"Feuillard PP 8mm Maroc \u2013 Cerclage R\u00e9sistant pour Professionnels","description":"Achetez votre feuillard PP 8mm au Maroc. Id\u00e9al pour le cerclage manuel ou machine. Qualit\u00e9 pro, livraison rapide au Maroc.","robots":{"index":"index","follow":"follow","max-snippet":"max-snippet:-1","max-image-preview":"max-image-preview:large","max-video-preview":"max-video-preview:-1"},"canonical":"https:\/\/industriemaroc.com\/en\/product\/feuillard-pp-80-6mm-polypropylene\/","og_locale":"en_US","og_type":"article","og_title":"Feuillard PP 8mm Maroc \u2013 Cerclage R\u00e9sistant pour Professionnels","og_description":"Achetez votre feuillard PP 8mm au Maroc. Id\u00e9al pour le cerclage manuel ou machine. Qualit\u00e9 pro, livraison rapide au Maroc.","og_url":"https:\/\/industriemaroc.com\/en\/product\/feuillard-pp-80-6mm-polypropylene\/","og_site_name":"Industrie Maroc Online","og_image":[{"width":700,"height":700,"url":"https:\/\/industriemaroc.com\/wp-content\/uploads\/2025\/05\/feuillard-pp-8mm.png","type":"image\/png"}],"twitter_card":"summary_large_image","twitter_misc":{"Est. reading time":"2 minutes"},"schema":{"@context":"https:\/\/schema.org","@graph":[{"@type":"WebPage","@id":"https:\/\/industriemaroc.com\/produit\/feuillard-pp-80-6mm-polypropylene\/","url":"https:\/\/industriemaroc.com\/produit\/feuillard-pp-80-6mm-polypropylene\/","name":"Feuillard PP 8mm Maroc \u2013 Cerclage R\u00e9sistant pour Professionnels","isPartOf":{"@id":"https:\/\/industriemaroc.com\/#website"},"primaryImageOfPage":{"@id":"https:\/\/industriemaroc.com\/produit\/feuillard-pp-80-6mm-polypropylene\/#primaryimage"},"image":{"@id":"https:\/\/industriemaroc.com\/produit\/feuillard-pp-80-6mm-polypropylene\/#primaryimage"},"thumbnailUrl":"https:\/\/industriemaroc.com\/wp-content\/uploads\/2025\/05\/feuillard-pp-8mm.png","datePublished":"2025-05-08T14:24:41+00:00","description":"Achetez votre feuillard PP 8mm au Maroc. Id\u00e9al pour le cerclage manuel ou machine. Qualit\u00e9 pro, livraison rapide au Maroc.","breadcrumb":{"@id":"https:\/\/industriemaroc.com\/produit\/feuillard-pp-80-6mm-polypropylene\/#breadcrumb"},"inLanguage":"en-US","potentialAction":[{"@type":"ReadAction","target":["https:\/\/industriemaroc.com\/produit\/feuillard-pp-80-6mm-polypropylene\/"]}]},{"@type":"ImageObject","inLanguage":"en-US","@id":"https:\/\/industriemaroc.com\/produit\/feuillard-pp-80-6mm-polypropylene\/#primaryimage","url":"https:\/\/industriemaroc.com\/wp-content\/uploads\/2025\/05\/feuillard-pp-8mm.png","contentUrl":"https:\/\/industriemaroc.com\/wp-content\/uploads\/2025\/05\/feuillard-pp-8mm.png","width":700,"height":700,"caption":"Feuillard PP 8mm \u2013 Emballage professionnel au Maroc"},{"@type":"BreadcrumbList","@id":"https:\/\/industriemaroc.com\/produit\/feuillard-pp-80-6mm-polypropylene\/#breadcrumb","itemListElement":[{"@type":"ListItem","position":1,"name":"Home","item":"https:\/\/industriemaroc.com\/"},{"@type":"ListItem","position":2,"name":"Shop","item":"https:\/\/industriemaroc.com\/shop\/"},{"@type":"ListItem","position":3,"name":"Feuillard PP 8*0.6MM \u2013 Polypropyl\u00e8ne"}]},{"@type":"WebSite","@id":"https:\/\/industriemaroc.com\/#website","url":"https:\/\/industriemaroc.com\/","name":"Industrie Maroc Online","description":"Plateforme B2B de mat\u00e9riel professionnel au Maroc","publisher":{"@id":"https:\/\/industriemaroc.com\/#organization"},"potentialAction":[{"@type":"SearchAction","target":{"@type":"EntryPoint","urlTemplate":"https:\/\/industriemaroc.com\/?s={search_term_string}"},"query-input":{"@type":"PropertyValueSpecification","valueRequired":true,"valueName":"search_term_string"}}],"inLanguage":"en-US"},{"@type":"Organization","@id":"https:\/\/industriemaroc.com\/#organization","name":"industriemaroc.com","url":"https:\/\/industriemaroc.com\/","logo":{"@type":"ImageObject","inLanguage":"en-US","@id":"https:\/\/industriemaroc.com\/#\/schema\/logo\/image\/","url":"https:\/\/industriemaroc.com\/wp-content\/uploads\/2024\/04\/IM.jpg","contentUrl":"https:\/\/industriemaroc.com\/wp-content\/uploads\/2024\/04\/IM.jpg","width":2500,"height":2500,"caption":"industriemaroc.com"},"image":{"@id":"https:\/\/industriemaroc.com\/#\/schema\/logo\/image\/"}}]}},"_links":{"self":[{"href":"https:\/\/industriemaroc.com\/en\/wp-json\/wp\/v2\/product\/23988","targetHints":{"allow":["GET"]}}],"collection":[{"href":"https:\/\/industriemaroc.com\/en\/wp-json\/wp\/v2\/product"}],"about":[{"href":"https:\/\/industriemaroc.com\/en\/wp-json\/wp\/v2\/types\/product"}],"replies":[{"embeddable":true,"href":"https:\/\/industriemaroc.com\/en\/wp-json\/wp\/v2\/comments?post=23988"}],"version-history":[{"count":1,"href":"https:\/\/industriemaroc.com\/en\/wp-json\/wp\/v2\/product\/23988\/revisions"}],"predecessor-version":[{"id":23990,"href":"https:\/\/industriemaroc.com\/en\/wp-json\/wp\/v2\/product\/23988\/revisions\/23990"}],"wp:featuredmedia":[{"embeddable":true,"href":"https:\/\/industriemaroc.com\/en\/wp-json\/wp\/v2\/media\/23989"}],"wp:attachment":[{"href":"https:\/\/industriemaroc.com\/en\/wp-json\/wp\/v2\/media?parent=23988"}],"wp:term":[{"taxonomy":"product_brand","embeddable":true,"href":"https:\/\/industriemaroc.com\/en\/wp-json\/wp\/v2\/product_brand?post=23988"},{"taxonomy":"product_cat","embeddable":true,"href":"https:\/\/industriemaroc.com\/en\/wp-json\/wp\/v2\/product_cat?post=23988"},{"taxonomy":"product_tag","embeddable":true,"href":"https:\/\/industriemaroc.com\/en\/wp-json\/wp\/v2\/product_tag?post=23988"}],"curies":[{"name":"wp","href":"https:\/\/api.w.org\/{rel}","templated":true}]}}