{"id":24005,"date":"2025-06-11T17:50:59","date_gmt":"2025-06-11T15:50:59","guid":{"rendered":"https:\/\/industriemaroc.com\/?post_type=product&#038;p=24005"},"modified":"2025-06-11T17:50:59","modified_gmt":"2025-06-11T15:50:59","slug":"boucle-metallique-pour-feuillard","status":"publish","type":"product","link":"https:\/\/industriemaroc.com\/en\/product\/boucle-metallique-pour-feuillard\/","title":{"rendered":"Boucle M\u00e9tallique Pour Feuillard"},"content":{"rendered":"<h1 data-start=\"1363\" data-end=\"1465\"><strong data-start=\"1365\" data-end=\"1465\">Boucle Manuelle M\u00e9tallique pour Feuillard \u2013 Cerclage S\u00e9curis\u00e9 et \u00c9conomique pour le B2B au Maroc<\/strong><\/h1>\n<h2 data-start=\"1467\" data-end=\"1554\"><strong data-start=\"1470\" data-end=\"1554\">Une solution simple et efficace pour le cerclage manuel de vos colis et palettes<\/strong><\/h2>\n<p data-start=\"1556\" data-end=\"1876\">La <strong data-start=\"1559\" data-end=\"1589\">boucle manuelle m\u00e9tallique<\/strong> est un accessoire essentiel pour les op\u00e9rations de <strong data-start=\"1641\" data-end=\"1660\">cerclage manuel<\/strong> avec <strong data-start=\"1666\" data-end=\"1698\">feuillard polypropyl\u00e8ne (PP)<\/strong> ou <strong data-start=\"1702\" data-end=\"1721\">polyester (PET)<\/strong>.<\/p>\n<p data-start=\"1556\" data-end=\"1876\">Fabriqu\u00e9e en <strong data-start=\"1736\" data-end=\"1755\">acier galvanis\u00e9<\/strong>, elle est con\u00e7ue pour offrir une <strong data-start=\"1789\" data-end=\"1824\">r\u00e9sistance \u00e9lev\u00e9e \u00e0 la traction<\/strong> et assurer une <strong data-start=\"1840\" data-end=\"1875\">fixation fiable sans glissement<\/strong>.<\/p>\n<p data-start=\"1878\" data-end=\"2212\">Utilis\u00e9e couramment dans les secteurs <strong data-start=\"1916\" data-end=\"1967\">logistique, transport, entreposage et industrie<\/strong>, cette boucle permet un cerclage <strong data-start=\"2001\" data-end=\"2011\">manuel<\/strong> sans outil complexe.<\/p>\n<p data-start=\"1878\" data-end=\"2212\">Elle est compatible avec un tendeur manuel ou peut \u00eatre pos\u00e9e simplement \u00e0 la main en utilisant la <strong data-start=\"2132\" data-end=\"2185\">friction du feuillard sur les angles de la boucle<\/strong> pour maintenir la tension.<\/p>\n<h2 data-start=\"2214\" data-end=\"2248\"><strong data-start=\"2217\" data-end=\"2248\">Caract\u00e9ristiques techniques Boucle m\u00e9tallique pour Feuillard :<\/strong><\/h2>\n<ul data-start=\"2250\" data-end=\"2735\">\n<li data-start=\"2250\" data-end=\"2284\">\n<p data-start=\"2252\" data-end=\"2284\"><strong data-start=\"2252\" data-end=\"2264\">Mat\u00e9riau<\/strong> : acier galvanis\u00e9<\/p>\n<\/li>\n<li data-start=\"2285\" data-end=\"2347\">\n<p data-start=\"2287\" data-end=\"2347\"><strong data-start=\"2287\" data-end=\"2295\">Type<\/strong> : boucle carr\u00e9e ou trap\u00e9zo\u00efdale \u00e0 angles arrondis<\/p>\n<\/li>\n<li data-start=\"2348\" data-end=\"2407\">\n<p data-start=\"2350\" data-end=\"2407\"><strong data-start=\"2350\" data-end=\"2376\">Dimensions disponibles<\/strong> : 12 mm, 16 mm, 19 mm, 25 mm<\/p>\n<\/li>\n<li data-start=\"2408\" data-end=\"2452\">\n<p data-start=\"2410\" data-end=\"2452\"><strong data-start=\"2410\" data-end=\"2423\">\u00c9paisseur<\/strong> : 3 \u00e0 5 mm selon la taille<\/p>\n<\/li>\n<li data-start=\"2453\" data-end=\"2505\">\n<p data-start=\"2455\" data-end=\"2505\"><strong data-start=\"2455\" data-end=\"2467\">Finition<\/strong> : galvanis\u00e9e pour \u00e9viter la rouille<\/p>\n<\/li>\n<li data-start=\"2506\" data-end=\"2558\">\n<p data-start=\"2508\" data-end=\"2558\"><strong data-start=\"2508\" data-end=\"2525\">Compatibilit\u00e9<\/strong> : feuillard PET et PP (manuel)<\/p>\n<\/li>\n<li data-start=\"2559\" data-end=\"2621\">\n<p data-start=\"2561\" data-end=\"2621\"><strong data-start=\"2561\" data-end=\"2589\">R\u00e9sistance \u00e0 la traction<\/strong> : jusqu\u2019\u00e0 500 kg selon mod\u00e8le<\/p>\n<\/li>\n<li data-start=\"2622\" data-end=\"2681\">\n<p data-start=\"2624\" data-end=\"2681\"><strong data-start=\"2624\" data-end=\"2643\">Conditionnement<\/strong> : sachets ou cartons de 1000 pi\u00e8ces<\/p>\n<\/li>\n<li data-start=\"2682\" data-end=\"2735\">\n<p data-start=\"2684\" data-end=\"2735\"><strong data-start=\"2684\" data-end=\"2699\">Utilisation<\/strong> : manuelle ou avec tendeur standard<\/p>\n<\/li>\n<\/ul>\n<h2 data-start=\"2737\" data-end=\"2787\"><strong data-start=\"2740\" data-end=\"2787\">Avantages pour les professionnels marocains<\/strong><\/h2>\n<ul data-start=\"2789\" data-end=\"3088\">\n<li data-start=\"2789\" data-end=\"2837\">\n<p data-start=\"2791\" data-end=\"2837\">\u2705 <strong data-start=\"2793\" data-end=\"2835\">Fixation rapide sans soudure ni agrafe<\/strong><\/p>\n<\/li>\n<li data-start=\"2838\" data-end=\"2897\">\n<p data-start=\"2840\" data-end=\"2897\">\u2705 <strong data-start=\"2842\" data-end=\"2895\">\u00c9conomie d\u2019\u00e9quipement : pas de machine n\u00e9cessaire<\/strong><\/p>\n<\/li>\n<li data-start=\"2898\" data-end=\"2961\">\n<p data-start=\"2900\" data-end=\"2961\">\u2705 <strong data-start=\"2902\" data-end=\"2959\">R\u00e9utilisable sur certaines applications non critiques<\/strong><\/p>\n<\/li>\n<li data-start=\"2962\" data-end=\"3019\">\n<p data-start=\"2964\" data-end=\"3019\">\u2705 <strong data-start=\"2966\" data-end=\"3017\">Stock disponible au Maroc pour livraison rapide<\/strong><\/p>\n<\/li>\n<li data-start=\"3020\" data-end=\"3088\">\n<p data-start=\"3022\" data-end=\"3088\">\u2705 <strong data-start=\"3024\" data-end=\"3088\">Convient pour le cerclage de charges lourdes ou irr\u00e9guli\u00e8res<\/strong><\/p>\n<\/li>\n<\/ul>\n<h2 data-start=\"3090\" data-end=\"3118\"><strong data-start=\"3093\" data-end=\"3118\">Applications au Maroc<\/strong><\/h2>\n<ul data-start=\"3120\" data-end=\"3430\">\n<li data-start=\"3120\" data-end=\"3172\">\n<p data-start=\"3122\" data-end=\"3172\">\ud83d\udce6 Cerclage de colis pour exp\u00e9dition ou stockage<\/p>\n<\/li>\n<li data-start=\"3173\" data-end=\"3233\">\n<p data-start=\"3175\" data-end=\"3233\">\ud83c\udfd7 Palettisation de mat\u00e9riaux industriels ou de chantier<\/p>\n<\/li>\n<li data-start=\"3234\" data-end=\"3294\">\n<p data-start=\"3236\" data-end=\"3294\">\ud83d\ude9b S\u00e9curisation de chargements dans le transport routier<\/p>\n<\/li>\n<li data-start=\"3295\" data-end=\"3372\">\n<p data-start=\"3297\" data-end=\"3372\">\ud83e\uddf1 Logistique de produits de construction, agroalimentaire ou m\u00e9tallurgie<\/p>\n<\/li>\n<li data-start=\"3373\" data-end=\"3430\">\n<p data-start=\"3375\" data-end=\"3430\">\ud83e\uddf0 Utilisation en entrep\u00f4ts, usines, chantiers ou ports<\/p>\n<\/li>\n<\/ul>\n<hr data-start=\"3432\" data-end=\"3435\" \/>\n<h2 data-start=\"3437\" data-end=\"3509\"><strong data-start=\"3440\" data-end=\"3509\">Achetez boucle manuelle m\u00e9tallique pour feuillard chez Industriemaroc.com<\/strong><\/h2>\n<p data-start=\"3511\" data-end=\"3821\">Notre gamme de <strong data-start=\"3526\" data-end=\"3561\">boucles de cerclage m\u00e9talliques<\/strong> est id\u00e9ale pour un usage professionnel au Maroc. Disponibles en plusieurs tailles, elles sont compatibles avec tous types de feuillards manuels.<\/p>\n<p data-start=\"3511\" data-end=\"3821\">Livraison rapide partout au Maroc.<\/p>\n<p data-start=\"3823\" data-end=\"3920\">\ud83d\udcde Besoin d\u2019un conseil ou d\u2019un devis en gros ? Contactez notre \u00e9quipe commerciale d\u00e8s maintenant.<\/p>\n<p data-start=\"3823\" data-end=\"3920\">D\u00e9couvrez notre gamme compl\u00e8te d&#8217;emballage sur\u00a0<a href=\"https:\/\/industriemaroc.com\/en\/product-category\/emballage-maroc\/\">https:\/\/industriemaroc.com\/product-category\/emballage-maroc\/<\/a><\/p>\n<p data-start=\"3823\" data-end=\"3920\">","protected":false},"excerpt":{"rendered":"<p>\ud83d\udd29 Boucle en acier galvanis\u00e9 haute r\u00e9sistance<br data-start=\"1091\" data-end=\"1094\" \/>\ud83d\udd90 Utilisation manuelle sans tendeur (ou avec tendeur manuel)<br data-start=\"1155\" data-end=\"1158\" \/>\ud83d\udce6 Compatible avec feuillards PET &amp; PP<br data-start=\"1196\" data-end=\"1199\" \/>\ud83e\uddf1 Id\u00e9ale pour palettisation, colis lourds et charges industrielles<br data-start=\"1266\" data-end=\"1269\" \/>\ud83d\udccd Livraison rapide au Maroc<\/p>","protected":false},"featured_media":24006,"comment_status":"open","ping_status":"closed","template":"","meta":{"om_disable_all_campaigns":false,"_monsterinsights_skip_tracking":false,"_monsterinsights_sitenote_active":false,"_monsterinsights_sitenote_note":"","_monsterinsights_sitenote_category":0,"_uf_show_specific_survey":0,"_uf_disable_surveys":false,"_joinchat":[]},"product_brand":[],"product_cat":[768,673],"product_tag":[],"class_list":{"0":"post-24005","1":"product","2":"type-product","3":"status-publish","4":"has-post-thumbnail","6":"product_cat-consommable-emballage-maroc","7":"product_cat-emballage-maroc","9":"first","10":"instock","11":"taxable","12":"shipping-taxable","13":"product-type-simple"},"yoast_head":"<!-- This site is optimized with the Yoast SEO plugin v27.4 - https:\/\/yoast.com\/product\/yoast-seo-wordpress\/ -->\n<title>Boucle Manuelle M\u00e9tallique pour Feuillard au Maroc<\/title>\n<meta name=\"description\" content=\"D\u00e9couvrez nos boucles manuelles m\u00e9talliques pour feuillard sur Industriemaroc.com. Solution de cerclage fiable pour feuillard PET et PP. Boite de 1000.\" \/>\n<meta name=\"robots\" content=\"index, follow, max-snippet:-1, max-image-preview:large, max-video-preview:-1\" \/>\n<link rel=\"canonical\" href=\"https:\/\/industriemaroc.com\/en\/product\/boucle-metallique-pour-feuillard\/\" \/>\n<meta property=\"og:locale\" content=\"en_US\" \/>\n<meta property=\"og:type\" content=\"article\" \/>\n<meta property=\"og:title\" content=\"Boucle Manuelle M\u00e9tallique pour Feuillard au Maroc\" \/>\n<meta property=\"og:description\" content=\"D\u00e9couvrez nos boucles manuelles m\u00e9talliques pour feuillard sur Industriemaroc.com. Solution de cerclage fiable pour feuillard PET et PP. Boite de 1000.\" \/>\n<meta property=\"og:url\" content=\"https:\/\/industriemaroc.com\/en\/product\/boucle-metallique-pour-feuillard\/\" \/>\n<meta property=\"og:site_name\" content=\"Industrie Maroc Online\" \/>\n<meta property=\"og:image\" content=\"https:\/\/industriemaroc.com\/wp-content\/uploads\/2025\/06\/boucle-metallique-feuillard.png\" \/>\n\t<meta property=\"og:image:width\" content=\"700\" \/>\n\t<meta property=\"og:image:height\" content=\"700\" \/>\n\t<meta property=\"og:image:type\" content=\"image\/png\" \/>\n<meta name=\"twitter:card\" content=\"summary_large_image\" \/>\n<meta name=\"twitter:label1\" content=\"Est. reading time\" \/>\n\t<meta name=\"twitter:data1\" content=\"2 minutes\" \/>\n<script type=\"application\/ld+json\" class=\"yoast-schema-graph\">{\"@context\":\"https:\\\/\\\/schema.org\",\"@graph\":[{\"@type\":\"WebPage\",\"@id\":\"https:\\\/\\\/industriemaroc.com\\\/produit\\\/boucle-metallique-pour-feuillard\\\/\",\"url\":\"https:\\\/\\\/industriemaroc.com\\\/produit\\\/boucle-metallique-pour-feuillard\\\/\",\"name\":\"Boucle Manuelle M\u00e9tallique pour Feuillard au Maroc\",\"isPartOf\":{\"@id\":\"https:\\\/\\\/industriemaroc.com\\\/#website\"},\"primaryImageOfPage\":{\"@id\":\"https:\\\/\\\/industriemaroc.com\\\/produit\\\/boucle-metallique-pour-feuillard\\\/#primaryimage\"},\"image\":{\"@id\":\"https:\\\/\\\/industriemaroc.com\\\/produit\\\/boucle-metallique-pour-feuillard\\\/#primaryimage\"},\"thumbnailUrl\":\"https:\\\/\\\/industriemaroc.com\\\/wp-content\\\/uploads\\\/2025\\\/06\\\/boucle-metallique-feuillard.png\",\"datePublished\":\"2025-06-11T15:50:59+00:00\",\"description\":\"D\u00e9couvrez nos boucles manuelles m\u00e9talliques pour feuillard sur Industriemaroc.com. Solution de cerclage fiable pour feuillard PET et PP. Boite de 1000.\",\"breadcrumb\":{\"@id\":\"https:\\\/\\\/industriemaroc.com\\\/produit\\\/boucle-metallique-pour-feuillard\\\/#breadcrumb\"},\"inLanguage\":\"en-US\",\"potentialAction\":[{\"@type\":\"ReadAction\",\"target\":[\"https:\\\/\\\/industriemaroc.com\\\/produit\\\/boucle-metallique-pour-feuillard\\\/\"]}]},{\"@type\":\"ImageObject\",\"inLanguage\":\"en-US\",\"@id\":\"https:\\\/\\\/industriemaroc.com\\\/produit\\\/boucle-metallique-pour-feuillard\\\/#primaryimage\",\"url\":\"https:\\\/\\\/industriemaroc.com\\\/wp-content\\\/uploads\\\/2025\\\/06\\\/boucle-metallique-feuillard.png\",\"contentUrl\":\"https:\\\/\\\/industriemaroc.com\\\/wp-content\\\/uploads\\\/2025\\\/06\\\/boucle-metallique-feuillard.png\",\"width\":700,\"height\":700,\"caption\":\"Boucle manuelle m\u00e9tallique pour feuillard \u2013 fixation solide sans outil\"},{\"@type\":\"BreadcrumbList\",\"@id\":\"https:\\\/\\\/industriemaroc.com\\\/produit\\\/boucle-metallique-pour-feuillard\\\/#breadcrumb\",\"itemListElement\":[{\"@type\":\"ListItem\",\"position\":1,\"name\":\"Home\",\"item\":\"https:\\\/\\\/industriemaroc.com\\\/\"},{\"@type\":\"ListItem\",\"position\":2,\"name\":\"Shop\",\"item\":\"https:\\\/\\\/industriemaroc.com\\\/shop\\\/\"},{\"@type\":\"ListItem\",\"position\":3,\"name\":\"Boucle M\u00e9tallique Pour Feuillard\"}]},{\"@type\":\"WebSite\",\"@id\":\"https:\\\/\\\/industriemaroc.com\\\/#website\",\"url\":\"https:\\\/\\\/industriemaroc.com\\\/\",\"name\":\"Industrie Maroc Online\",\"description\":\"Plateforme B2B de mat\u00e9riel professionnel au Maroc\",\"publisher\":{\"@id\":\"https:\\\/\\\/industriemaroc.com\\\/#organization\"},\"potentialAction\":[{\"@type\":\"SearchAction\",\"target\":{\"@type\":\"EntryPoint\",\"urlTemplate\":\"https:\\\/\\\/industriemaroc.com\\\/?s={search_term_string}\"},\"query-input\":{\"@type\":\"PropertyValueSpecification\",\"valueRequired\":true,\"valueName\":\"search_term_string\"}}],\"inLanguage\":\"en-US\"},{\"@type\":\"Organization\",\"@id\":\"https:\\\/\\\/industriemaroc.com\\\/#organization\",\"name\":\"industriemaroc.com\",\"url\":\"https:\\\/\\\/industriemaroc.com\\\/\",\"logo\":{\"@type\":\"ImageObject\",\"inLanguage\":\"en-US\",\"@id\":\"https:\\\/\\\/industriemaroc.com\\\/#\\\/schema\\\/logo\\\/image\\\/\",\"url\":\"https:\\\/\\\/industriemaroc.com\\\/wp-content\\\/uploads\\\/2024\\\/04\\\/IM.jpg\",\"contentUrl\":\"https:\\\/\\\/industriemaroc.com\\\/wp-content\\\/uploads\\\/2024\\\/04\\\/IM.jpg\",\"width\":2500,\"height\":2500,\"caption\":\"industriemaroc.com\"},\"image\":{\"@id\":\"https:\\\/\\\/industriemaroc.com\\\/#\\\/schema\\\/logo\\\/image\\\/\"}}]}<\/script>\n<!-- \/ Yoast SEO plugin. -->","yoast_head_json":{"title":"Boucle Manuelle M\u00e9tallique pour Feuillard au Maroc","description":"D\u00e9couvrez nos boucles manuelles m\u00e9talliques pour feuillard sur Industriemaroc.com. Solution de cerclage fiable pour feuillard PET et PP. Boite de 1000.","robots":{"index":"index","follow":"follow","max-snippet":"max-snippet:-1","max-image-preview":"max-image-preview:large","max-video-preview":"max-video-preview:-1"},"canonical":"https:\/\/industriemaroc.com\/en\/product\/boucle-metallique-pour-feuillard\/","og_locale":"en_US","og_type":"article","og_title":"Boucle Manuelle M\u00e9tallique pour Feuillard au Maroc","og_description":"D\u00e9couvrez nos boucles manuelles m\u00e9talliques pour feuillard sur Industriemaroc.com. Solution de cerclage fiable pour feuillard PET et PP. Boite de 1000.","og_url":"https:\/\/industriemaroc.com\/en\/product\/boucle-metallique-pour-feuillard\/","og_site_name":"Industrie Maroc Online","og_image":[{"width":700,"height":700,"url":"https:\/\/industriemaroc.com\/wp-content\/uploads\/2025\/06\/boucle-metallique-feuillard.png","type":"image\/png"}],"twitter_card":"summary_large_image","twitter_misc":{"Est. reading time":"2 minutes"},"schema":{"@context":"https:\/\/schema.org","@graph":[{"@type":"WebPage","@id":"https:\/\/industriemaroc.com\/produit\/boucle-metallique-pour-feuillard\/","url":"https:\/\/industriemaroc.com\/produit\/boucle-metallique-pour-feuillard\/","name":"Boucle Manuelle M\u00e9tallique pour Feuillard au Maroc","isPartOf":{"@id":"https:\/\/industriemaroc.com\/#website"},"primaryImageOfPage":{"@id":"https:\/\/industriemaroc.com\/produit\/boucle-metallique-pour-feuillard\/#primaryimage"},"image":{"@id":"https:\/\/industriemaroc.com\/produit\/boucle-metallique-pour-feuillard\/#primaryimage"},"thumbnailUrl":"https:\/\/industriemaroc.com\/wp-content\/uploads\/2025\/06\/boucle-metallique-feuillard.png","datePublished":"2025-06-11T15:50:59+00:00","description":"D\u00e9couvrez nos boucles manuelles m\u00e9talliques pour feuillard sur Industriemaroc.com. Solution de cerclage fiable pour feuillard PET et PP. Boite de 1000.","breadcrumb":{"@id":"https:\/\/industriemaroc.com\/produit\/boucle-metallique-pour-feuillard\/#breadcrumb"},"inLanguage":"en-US","potentialAction":[{"@type":"ReadAction","target":["https:\/\/industriemaroc.com\/produit\/boucle-metallique-pour-feuillard\/"]}]},{"@type":"ImageObject","inLanguage":"en-US","@id":"https:\/\/industriemaroc.com\/produit\/boucle-metallique-pour-feuillard\/#primaryimage","url":"https:\/\/industriemaroc.com\/wp-content\/uploads\/2025\/06\/boucle-metallique-feuillard.png","contentUrl":"https:\/\/industriemaroc.com\/wp-content\/uploads\/2025\/06\/boucle-metallique-feuillard.png","width":700,"height":700,"caption":"Boucle manuelle m\u00e9tallique pour feuillard \u2013 fixation solide sans outil"},{"@type":"BreadcrumbList","@id":"https:\/\/industriemaroc.com\/produit\/boucle-metallique-pour-feuillard\/#breadcrumb","itemListElement":[{"@type":"ListItem","position":1,"name":"Home","item":"https:\/\/industriemaroc.com\/"},{"@type":"ListItem","position":2,"name":"Shop","item":"https:\/\/industriemaroc.com\/shop\/"},{"@type":"ListItem","position":3,"name":"Boucle M\u00e9tallique Pour Feuillard"}]},{"@type":"WebSite","@id":"https:\/\/industriemaroc.com\/#website","url":"https:\/\/industriemaroc.com\/","name":"Industrie Maroc Online","description":"Plateforme B2B de mat\u00e9riel professionnel au Maroc","publisher":{"@id":"https:\/\/industriemaroc.com\/#organization"},"potentialAction":[{"@type":"SearchAction","target":{"@type":"EntryPoint","urlTemplate":"https:\/\/industriemaroc.com\/?s={search_term_string}"},"query-input":{"@type":"PropertyValueSpecification","valueRequired":true,"valueName":"search_term_string"}}],"inLanguage":"en-US"},{"@type":"Organization","@id":"https:\/\/industriemaroc.com\/#organization","name":"industriemaroc.com","url":"https:\/\/industriemaroc.com\/","logo":{"@type":"ImageObject","inLanguage":"en-US","@id":"https:\/\/industriemaroc.com\/#\/schema\/logo\/image\/","url":"https:\/\/industriemaroc.com\/wp-content\/uploads\/2024\/04\/IM.jpg","contentUrl":"https:\/\/industriemaroc.com\/wp-content\/uploads\/2024\/04\/IM.jpg","width":2500,"height":2500,"caption":"industriemaroc.com"},"image":{"@id":"https:\/\/industriemaroc.com\/#\/schema\/logo\/image\/"}}]}},"_links":{"self":[{"href":"https:\/\/industriemaroc.com\/en\/wp-json\/wp\/v2\/product\/24005","targetHints":{"allow":["GET"]}}],"collection":[{"href":"https:\/\/industriemaroc.com\/en\/wp-json\/wp\/v2\/product"}],"about":[{"href":"https:\/\/industriemaroc.com\/en\/wp-json\/wp\/v2\/types\/product"}],"replies":[{"embeddable":true,"href":"https:\/\/industriemaroc.com\/en\/wp-json\/wp\/v2\/comments?post=24005"}],"version-history":[{"count":1,"href":"https:\/\/industriemaroc.com\/en\/wp-json\/wp\/v2\/product\/24005\/revisions"}],"predecessor-version":[{"id":24007,"href":"https:\/\/industriemaroc.com\/en\/wp-json\/wp\/v2\/product\/24005\/revisions\/24007"}],"wp:featuredmedia":[{"embeddable":true,"href":"https:\/\/industriemaroc.com\/en\/wp-json\/wp\/v2\/media\/24006"}],"wp:attachment":[{"href":"https:\/\/industriemaroc.com\/en\/wp-json\/wp\/v2\/media?parent=24005"}],"wp:term":[{"taxonomy":"product_brand","embeddable":true,"href":"https:\/\/industriemaroc.com\/en\/wp-json\/wp\/v2\/product_brand?post=24005"},{"taxonomy":"product_cat","embeddable":true,"href":"https:\/\/industriemaroc.com\/en\/wp-json\/wp\/v2\/product_cat?post=24005"},{"taxonomy":"product_tag","embeddable":true,"href":"https:\/\/industriemaroc.com\/en\/wp-json\/wp\/v2\/product_tag?post=24005"}],"curies":[{"name":"wp","href":"https:\/\/api.w.org\/{rel}","templated":true}]}}