{"id":24019,"date":"2025-08-15T21:06:26","date_gmt":"2025-08-15T19:06:26","guid":{"rendered":"https:\/\/industriemaroc.com\/?post_type=product&#038;p=24019"},"modified":"2025-09-11T19:56:07","modified_gmt":"2025-09-11T17:56:07","slug":"corniere-carton-50x50x3mm","status":"publish","type":"product","link":"https:\/\/industriemaroc.com\/en\/product\/corniere-carton-50x50x3mm\/","title":{"rendered":"Corni\u00e8re Carton 50x50x3mm"},"content":{"rendered":"<h1 data-start=\"266\" data-end=\"364\"><strong data-start=\"268\" data-end=\"364\">Corni\u00e8re carton 50x50x3mm Maroc \u2013 Protection d\u2019angle professionnelle avec Industriemaroc.com<\/strong><\/h1>\n<h2 data-start=\"366\" data-end=\"393\"><strong data-start=\"369\" data-end=\"393\">Description g\u00e9n\u00e9rale<\/strong><\/h2>\n<p data-start=\"394\" data-end=\"794\">La <strong data-start=\"397\" data-end=\"432\">corni\u00e8re carton 50x50x3mm Maroc<\/strong> est un accessoire indispensable pour s\u00e9curiser vos colis, palettes et produits industriels pendant le transport et le stockage.<\/p>\n<p data-start=\"394\" data-end=\"794\">Con\u00e7ue pour prot\u00e9ger efficacement les angles et ar\u00eates, elle r\u00e9siste aux chocs, compressions et manipulations fr\u00e9quentes. Fabriqu\u00e9e en carton recycl\u00e9 de haute densit\u00e9, elle assure \u00e0 la fois robustesse et respect de l\u2019environnement.<\/p>\n<p data-start=\"796\" data-end=\"1104\">Sur <strong data-start=\"800\" data-end=\"822\">Industriemaroc.com<\/strong>, nous proposons cette corni\u00e8re adapt\u00e9e aux besoins des professionnels au Maroc, que ce soit dans la logistique, l\u2019industrie, l\u2019agroalimentaire ou le commerce de gros.<\/p>\n<p data-start=\"796\" data-end=\"1104\">Disponible en diff\u00e9rentes longueurs, elle permet une protection optimale pour tous types de charges et emballages.<\/p>\n<h2 data-start=\"1106\" data-end=\"1178\"><strong data-start=\"1109\" data-end=\"1178\">Caract\u00e9ristiques techniques de la corni\u00e8re carton 50x50x3mm Maroc<\/strong><\/h2>\n<ul data-start=\"1179\" data-end=\"1517\">\n<li data-start=\"1179\" data-end=\"1208\">\n<p data-start=\"1181\" data-end=\"1208\"><strong data-start=\"1181\" data-end=\"1197\">Dimensions :<\/strong> 50\u00d750 mm<\/p>\n<\/li>\n<li data-start=\"1209\" data-end=\"1233\">\n<p data-start=\"1211\" data-end=\"1233\"><strong data-start=\"1211\" data-end=\"1226\">\u00c9paisseurs :<\/strong> 3mm \/ 3.5mm \/ 4mm\/ 4.5mm \/ 5mm<\/p>\n<\/li>\n<li data-start=\"1276\" data-end=\"1306\">\n<p data-start=\"1278\" data-end=\"1306\"><strong data-start=\"1278\" data-end=\"1291\">Couleur :<\/strong> Marron naturel ou bien blanc<\/p>\n<\/li>\n<li data-start=\"1307\" data-end=\"1356\">\n<p data-start=\"1309\" data-end=\"1356\"><strong data-start=\"1309\" data-end=\"1336\">Longueurs disponibles :<\/strong> Selon vos besoins<\/p>\n<\/li>\n<li data-start=\"1357\" data-end=\"1427\">\n<p data-start=\"1359\" data-end=\"1427\"><strong data-start=\"1359\" data-end=\"1375\">R\u00e9sistance :<\/strong> Haute protection contre les chocs et compressions<\/p>\n<\/li>\n<li data-start=\"1428\" data-end=\"1517\">\n<p data-start=\"1430\" data-end=\"1517\"><strong data-start=\"1430\" data-end=\"1447\">Utilisation :<\/strong> Renfort de palettes, protection d\u2019angles, stabilisation des charges<\/p>\n<\/li>\n<\/ul>\n<p data-start=\"1519\" data-end=\"1715\">Cette corni\u00e8re est compatible avec tous types de feuillards et films \u00e9tirables.<\/p>\n<p data-start=\"1519\" data-end=\"1715\">Elle renforce vos emballages tout en r\u00e9duisant les risques de d\u00e9t\u00e9rioration pendant le transport ou la manipulation.<\/p>\n<h2 data-start=\"1717\" data-end=\"1787\"><strong data-start=\"1720\" data-end=\"1787\">Applications et avantages de la corni\u00e8re carton 50x50x3mm Maroc<\/strong><\/h2>\n<h3 data-start=\"1789\" data-end=\"1828\"><strong data-start=\"1793\" data-end=\"1828\">Domaines d\u2019utilisation au Maroc<\/strong><\/h3>\n<ul data-start=\"1829\" data-end=\"2043\">\n<li data-start=\"1829\" data-end=\"1881\">\n<p data-start=\"1831\" data-end=\"1881\">Protection des palettes industrielles et cartons<\/p>\n<\/li>\n<li data-start=\"1882\" data-end=\"1930\">\n<p data-start=\"1884\" data-end=\"1930\">Transport de meubles et \u00e9quipements fragiles<\/p>\n<\/li>\n<li data-start=\"1931\" data-end=\"1968\">\n<p data-start=\"1933\" data-end=\"1968\">Stabilisation des charges lourdes<\/p>\n<\/li>\n<li data-start=\"1969\" data-end=\"2016\">\n<p data-start=\"1971\" data-end=\"2016\">Renforcement des emballages pour exp\u00e9dition<\/p>\n<\/li>\n<li data-start=\"2017\" data-end=\"2043\">\n<p data-start=\"2019\" data-end=\"2043\">Utilisation B2B et B2C<\/p>\n<\/li>\n<\/ul>\n<h3 data-start=\"2045\" data-end=\"2062\"><strong data-start=\"2049\" data-end=\"2062\">Avantages<\/strong><\/h3>\n<ul data-start=\"2063\" data-end=\"2329\">\n<li data-start=\"2063\" data-end=\"2106\">\n<p data-start=\"2065\" data-end=\"2106\">Protection optimale des coins et ar\u00eates<\/p>\n<\/li>\n<li data-start=\"2107\" data-end=\"2162\">\n<p data-start=\"2109\" data-end=\"2162\">R\u00e9duction des dommages et pertes li\u00e9es au transport<\/p>\n<\/li>\n<li data-start=\"2163\" data-end=\"2208\">\n<p data-start=\"2165\" data-end=\"2208\">L\u00e9g\u00e8re, facile \u00e0 manipuler et \u00e0 installer<\/p>\n<\/li>\n<li data-start=\"2265\" data-end=\"2329\">\n<p data-start=\"2267\" data-end=\"2329\">Livraison rapide partout au Maroc via <strong data-start=\"2305\" data-end=\"2327\">Industriemaroc.com<\/strong><\/p>\n<\/li>\n<\/ul>\n<p data-start=\"2331\" data-end=\"2531\">En choisissant la <strong data-start=\"2349\" data-end=\"2384\">corni\u00e8re carton 50x50x3mm Maroc<\/strong> sur <strong data-start=\"2389\" data-end=\"2411\">Industriemaroc.com<\/strong>, vous optez pour un produit fiable, \u00e9conomique et parfaitement adapt\u00e9 aux exigences d\u2019emballage professionnel au Maroc.<\/p>\n<p data-start=\"2331\" data-end=\"2531\">D\u00e9couvrez notre large gamme de corni\u00e8re en carton sur <a href=\"https:\/\/industriemaroc.com\/en\/product-category\/emballage-maroc\/corniere-carton-palette-maroc\/\">https:\/\/industriemaroc.com\/product-category\/emballage-maroc\/corniere-carton-palette-maroc\/<\/a><\/p>","protected":false},"excerpt":{"rendered":"<ul data-start=\"1179\" data-end=\"1517\">\n<li data-start=\"1179\" data-end=\"1208\">\n<p data-start=\"1181\" data-end=\"1208\"><strong data-start=\"1181\" data-end=\"1197\">Dimensions :<\/strong> 50\u00d750 mm<\/p>\n<\/li>\n<li data-start=\"1209\" data-end=\"1233\">\n<p data-start=\"1211\" data-end=\"1233\"><strong data-start=\"1211\" data-end=\"1226\">\u00c9paisseurs :<\/strong> 3mm \/ 3.5mm \/ 4mm\/ 4.5mm \/ 5mm<\/p>\n<\/li>\n<li data-start=\"1276\" data-end=\"1306\">\n<p data-start=\"1278\" data-end=\"1306\"><strong data-start=\"1278\" data-end=\"1291\">Couleur :<\/strong> Marron naturel ou bien blanc<\/p>\n<\/li>\n<li data-start=\"1307\" data-end=\"1356\">\n<p data-start=\"1309\" data-end=\"1356\"><strong data-start=\"1309\" data-end=\"1336\">Longueurs disponibles :<\/strong> Selon vos besoins<\/p>\n<\/li>\n<\/ul>","protected":false},"featured_media":18306,"comment_status":"open","ping_status":"closed","template":"","meta":{"om_disable_all_campaigns":false,"_monsterinsights_skip_tracking":false,"_monsterinsights_sitenote_active":false,"_monsterinsights_sitenote_note":"","_monsterinsights_sitenote_category":0,"_uf_show_specific_survey":0,"_uf_disable_surveys":false,"_joinchat":[]},"product_brand":[],"product_cat":[772,673],"product_tag":[],"class_list":{"0":"post-24019","1":"product","2":"type-product","3":"status-publish","4":"has-post-thumbnail","6":"product_cat-corniere-carton-palette-maroc","7":"product_cat-emballage-maroc","9":"first","10":"instock","11":"taxable","12":"shipping-taxable","13":"product-type-simple"},"yoast_head":"<!-- This site is optimized with the Yoast SEO plugin v27.4 - https:\/\/yoast.com\/product\/yoast-seo-wordpress\/ -->\n<title>Corni\u00e8re carton 50x50x3mm au Maroc | industriemaroc.com<\/title>\n<meta name=\"description\" content=\"Achetez la corni\u00e8re carton 50x50x3mm Maroc sur Industriemaroc.com. Protection optimale pour colis et palettes. Livraison rapide au Maroc.\" \/>\n<meta name=\"robots\" content=\"index, follow, max-snippet:-1, max-image-preview:large, max-video-preview:-1\" \/>\n<link rel=\"canonical\" href=\"https:\/\/industriemaroc.com\/en\/product\/corniere-carton-50x50x3mm\/\" \/>\n<meta property=\"og:locale\" content=\"en_US\" \/>\n<meta property=\"og:type\" content=\"article\" \/>\n<meta property=\"og:title\" content=\"Corni\u00e8re carton 50x50x3mm au Maroc | industriemaroc.com\" \/>\n<meta property=\"og:description\" content=\"Achetez la corni\u00e8re carton 50x50x3mm Maroc sur Industriemaroc.com. Protection optimale pour colis et palettes. Livraison rapide au Maroc.\" \/>\n<meta property=\"og:url\" content=\"https:\/\/industriemaroc.com\/en\/product\/corniere-carton-50x50x3mm\/\" \/>\n<meta property=\"og:site_name\" content=\"Industrie Maroc Online\" \/>\n<meta property=\"article:modified_time\" content=\"2025-09-11T17:56:07+00:00\" \/>\n<meta property=\"og:image\" content=\"https:\/\/industriemaroc.com\/wp-content\/uploads\/2023\/09\/1-2.jpg\" \/>\n\t<meta property=\"og:image:width\" content=\"700\" \/>\n\t<meta property=\"og:image:height\" content=\"700\" \/>\n\t<meta property=\"og:image:type\" content=\"image\/jpeg\" \/>\n<meta name=\"twitter:card\" content=\"summary_large_image\" \/>\n<meta name=\"twitter:label1\" content=\"Est. reading time\" \/>\n\t<meta name=\"twitter:data1\" content=\"2 minutes\" \/>\n<script type=\"application\/ld+json\" class=\"yoast-schema-graph\">{\"@context\":\"https:\\\/\\\/schema.org\",\"@graph\":[{\"@type\":\"WebPage\",\"@id\":\"https:\\\/\\\/industriemaroc.com\\\/produit\\\/corniere-carton-50x50x3mm\\\/\",\"url\":\"https:\\\/\\\/industriemaroc.com\\\/produit\\\/corniere-carton-50x50x3mm\\\/\",\"name\":\"Corni\u00e8re carton 50x50x3mm au Maroc | industriemaroc.com\",\"isPartOf\":{\"@id\":\"https:\\\/\\\/industriemaroc.com\\\/#website\"},\"primaryImageOfPage\":{\"@id\":\"https:\\\/\\\/industriemaroc.com\\\/produit\\\/corniere-carton-50x50x3mm\\\/#primaryimage\"},\"image\":{\"@id\":\"https:\\\/\\\/industriemaroc.com\\\/produit\\\/corniere-carton-50x50x3mm\\\/#primaryimage\"},\"thumbnailUrl\":\"https:\\\/\\\/industriemaroc.com\\\/wp-content\\\/uploads\\\/2023\\\/09\\\/1-2.jpg\",\"datePublished\":\"2025-08-15T19:06:26+00:00\",\"dateModified\":\"2025-09-11T17:56:07+00:00\",\"description\":\"Achetez la corni\u00e8re carton 50x50x3mm Maroc sur Industriemaroc.com. Protection optimale pour colis et palettes. Livraison rapide au Maroc.\",\"breadcrumb\":{\"@id\":\"https:\\\/\\\/industriemaroc.com\\\/produit\\\/corniere-carton-50x50x3mm\\\/#breadcrumb\"},\"inLanguage\":\"en-US\",\"potentialAction\":[{\"@type\":\"ReadAction\",\"target\":[\"https:\\\/\\\/industriemaroc.com\\\/produit\\\/corniere-carton-50x50x3mm\\\/\"]}]},{\"@type\":\"ImageObject\",\"inLanguage\":\"en-US\",\"@id\":\"https:\\\/\\\/industriemaroc.com\\\/produit\\\/corniere-carton-50x50x3mm\\\/#primaryimage\",\"url\":\"https:\\\/\\\/industriemaroc.com\\\/wp-content\\\/uploads\\\/2023\\\/09\\\/1-2.jpg\",\"contentUrl\":\"https:\\\/\\\/industriemaroc.com\\\/wp-content\\\/uploads\\\/2023\\\/09\\\/1-2.jpg\",\"width\":700,\"height\":700,\"caption\":\"Corni\u00e8re carton 45x45x3mm, id\u00e9ale pour prot\u00e9ger les angles des colis et palettes au Maroc\"},{\"@type\":\"BreadcrumbList\",\"@id\":\"https:\\\/\\\/industriemaroc.com\\\/produit\\\/corniere-carton-50x50x3mm\\\/#breadcrumb\",\"itemListElement\":[{\"@type\":\"ListItem\",\"position\":1,\"name\":\"Home\",\"item\":\"https:\\\/\\\/industriemaroc.com\\\/\"},{\"@type\":\"ListItem\",\"position\":2,\"name\":\"Shop\",\"item\":\"https:\\\/\\\/industriemaroc.com\\\/shop\\\/\"},{\"@type\":\"ListItem\",\"position\":3,\"name\":\"Corni\u00e8re Carton 50x50x3mm\"}]},{\"@type\":\"WebSite\",\"@id\":\"https:\\\/\\\/industriemaroc.com\\\/#website\",\"url\":\"https:\\\/\\\/industriemaroc.com\\\/\",\"name\":\"Industrie Maroc Online\",\"description\":\"Plateforme B2B de mat\u00e9riel professionnel au Maroc\",\"publisher\":{\"@id\":\"https:\\\/\\\/industriemaroc.com\\\/#organization\"},\"potentialAction\":[{\"@type\":\"SearchAction\",\"target\":{\"@type\":\"EntryPoint\",\"urlTemplate\":\"https:\\\/\\\/industriemaroc.com\\\/?s={search_term_string}\"},\"query-input\":{\"@type\":\"PropertyValueSpecification\",\"valueRequired\":true,\"valueName\":\"search_term_string\"}}],\"inLanguage\":\"en-US\"},{\"@type\":\"Organization\",\"@id\":\"https:\\\/\\\/industriemaroc.com\\\/#organization\",\"name\":\"industriemaroc.com\",\"url\":\"https:\\\/\\\/industriemaroc.com\\\/\",\"logo\":{\"@type\":\"ImageObject\",\"inLanguage\":\"en-US\",\"@id\":\"https:\\\/\\\/industriemaroc.com\\\/#\\\/schema\\\/logo\\\/image\\\/\",\"url\":\"https:\\\/\\\/industriemaroc.com\\\/wp-content\\\/uploads\\\/2024\\\/04\\\/IM.jpg\",\"contentUrl\":\"https:\\\/\\\/industriemaroc.com\\\/wp-content\\\/uploads\\\/2024\\\/04\\\/IM.jpg\",\"width\":2500,\"height\":2500,\"caption\":\"industriemaroc.com\"},\"image\":{\"@id\":\"https:\\\/\\\/industriemaroc.com\\\/#\\\/schema\\\/logo\\\/image\\\/\"}}]}<\/script>\n<!-- \/ Yoast SEO plugin. -->","yoast_head_json":{"title":"Corni\u00e8re carton 50x50x3mm au Maroc | industriemaroc.com","description":"Achetez la corni\u00e8re carton 50x50x3mm Maroc sur Industriemaroc.com. Protection optimale pour colis et palettes. Livraison rapide au Maroc.","robots":{"index":"index","follow":"follow","max-snippet":"max-snippet:-1","max-image-preview":"max-image-preview:large","max-video-preview":"max-video-preview:-1"},"canonical":"https:\/\/industriemaroc.com\/en\/product\/corniere-carton-50x50x3mm\/","og_locale":"en_US","og_type":"article","og_title":"Corni\u00e8re carton 50x50x3mm au Maroc | industriemaroc.com","og_description":"Achetez la corni\u00e8re carton 50x50x3mm Maroc sur Industriemaroc.com. Protection optimale pour colis et palettes. Livraison rapide au Maroc.","og_url":"https:\/\/industriemaroc.com\/en\/product\/corniere-carton-50x50x3mm\/","og_site_name":"Industrie Maroc Online","article_modified_time":"2025-09-11T17:56:07+00:00","og_image":[{"width":700,"height":700,"url":"https:\/\/industriemaroc.com\/wp-content\/uploads\/2023\/09\/1-2.jpg","type":"image\/jpeg"}],"twitter_card":"summary_large_image","twitter_misc":{"Est. reading time":"2 minutes"},"schema":{"@context":"https:\/\/schema.org","@graph":[{"@type":"WebPage","@id":"https:\/\/industriemaroc.com\/produit\/corniere-carton-50x50x3mm\/","url":"https:\/\/industriemaroc.com\/produit\/corniere-carton-50x50x3mm\/","name":"Corni\u00e8re carton 50x50x3mm au Maroc | industriemaroc.com","isPartOf":{"@id":"https:\/\/industriemaroc.com\/#website"},"primaryImageOfPage":{"@id":"https:\/\/industriemaroc.com\/produit\/corniere-carton-50x50x3mm\/#primaryimage"},"image":{"@id":"https:\/\/industriemaroc.com\/produit\/corniere-carton-50x50x3mm\/#primaryimage"},"thumbnailUrl":"https:\/\/industriemaroc.com\/wp-content\/uploads\/2023\/09\/1-2.jpg","datePublished":"2025-08-15T19:06:26+00:00","dateModified":"2025-09-11T17:56:07+00:00","description":"Achetez la corni\u00e8re carton 50x50x3mm Maroc sur Industriemaroc.com. Protection optimale pour colis et palettes. Livraison rapide au Maroc.","breadcrumb":{"@id":"https:\/\/industriemaroc.com\/produit\/corniere-carton-50x50x3mm\/#breadcrumb"},"inLanguage":"en-US","potentialAction":[{"@type":"ReadAction","target":["https:\/\/industriemaroc.com\/produit\/corniere-carton-50x50x3mm\/"]}]},{"@type":"ImageObject","inLanguage":"en-US","@id":"https:\/\/industriemaroc.com\/produit\/corniere-carton-50x50x3mm\/#primaryimage","url":"https:\/\/industriemaroc.com\/wp-content\/uploads\/2023\/09\/1-2.jpg","contentUrl":"https:\/\/industriemaroc.com\/wp-content\/uploads\/2023\/09\/1-2.jpg","width":700,"height":700,"caption":"Corni\u00e8re carton 45x45x3mm, id\u00e9ale pour prot\u00e9ger les angles des colis et palettes au Maroc"},{"@type":"BreadcrumbList","@id":"https:\/\/industriemaroc.com\/produit\/corniere-carton-50x50x3mm\/#breadcrumb","itemListElement":[{"@type":"ListItem","position":1,"name":"Home","item":"https:\/\/industriemaroc.com\/"},{"@type":"ListItem","position":2,"name":"Shop","item":"https:\/\/industriemaroc.com\/shop\/"},{"@type":"ListItem","position":3,"name":"Corni\u00e8re Carton 50x50x3mm"}]},{"@type":"WebSite","@id":"https:\/\/industriemaroc.com\/#website","url":"https:\/\/industriemaroc.com\/","name":"Industrie Maroc Online","description":"Plateforme B2B de mat\u00e9riel professionnel au Maroc","publisher":{"@id":"https:\/\/industriemaroc.com\/#organization"},"potentialAction":[{"@type":"SearchAction","target":{"@type":"EntryPoint","urlTemplate":"https:\/\/industriemaroc.com\/?s={search_term_string}"},"query-input":{"@type":"PropertyValueSpecification","valueRequired":true,"valueName":"search_term_string"}}],"inLanguage":"en-US"},{"@type":"Organization","@id":"https:\/\/industriemaroc.com\/#organization","name":"industriemaroc.com","url":"https:\/\/industriemaroc.com\/","logo":{"@type":"ImageObject","inLanguage":"en-US","@id":"https:\/\/industriemaroc.com\/#\/schema\/logo\/image\/","url":"https:\/\/industriemaroc.com\/wp-content\/uploads\/2024\/04\/IM.jpg","contentUrl":"https:\/\/industriemaroc.com\/wp-content\/uploads\/2024\/04\/IM.jpg","width":2500,"height":2500,"caption":"industriemaroc.com"},"image":{"@id":"https:\/\/industriemaroc.com\/#\/schema\/logo\/image\/"}}]}},"_links":{"self":[{"href":"https:\/\/industriemaroc.com\/en\/wp-json\/wp\/v2\/product\/24019","targetHints":{"allow":["GET"]}}],"collection":[{"href":"https:\/\/industriemaroc.com\/en\/wp-json\/wp\/v2\/product"}],"about":[{"href":"https:\/\/industriemaroc.com\/en\/wp-json\/wp\/v2\/types\/product"}],"replies":[{"embeddable":true,"href":"https:\/\/industriemaroc.com\/en\/wp-json\/wp\/v2\/comments?post=24019"}],"version-history":[{"count":3,"href":"https:\/\/industriemaroc.com\/en\/wp-json\/wp\/v2\/product\/24019\/revisions"}],"predecessor-version":[{"id":24031,"href":"https:\/\/industriemaroc.com\/en\/wp-json\/wp\/v2\/product\/24019\/revisions\/24031"}],"wp:featuredmedia":[{"embeddable":true,"href":"https:\/\/industriemaroc.com\/en\/wp-json\/wp\/v2\/media\/18306"}],"wp:attachment":[{"href":"https:\/\/industriemaroc.com\/en\/wp-json\/wp\/v2\/media?parent=24019"}],"wp:term":[{"taxonomy":"product_brand","embeddable":true,"href":"https:\/\/industriemaroc.com\/en\/wp-json\/wp\/v2\/product_brand?post=24019"},{"taxonomy":"product_cat","embeddable":true,"href":"https:\/\/industriemaroc.com\/en\/wp-json\/wp\/v2\/product_cat?post=24019"},{"taxonomy":"product_tag","embeddable":true,"href":"https:\/\/industriemaroc.com\/en\/wp-json\/wp\/v2\/product_tag?post=24019"}],"curies":[{"name":"wp","href":"https:\/\/api.w.org\/{rel}","templated":true}]}}