{"id":24159,"date":"2025-12-30T12:18:59","date_gmt":"2025-12-30T11:18:59","guid":{"rendered":"https:\/\/industriemaroc.com\/?post_type=product&#038;p=24159"},"modified":"2025-12-30T12:18:59","modified_gmt":"2025-12-30T11:18:59","slug":"surchaussure-jetable-tissu-carton-20-sachets-100-pieces","status":"publish","type":"product","link":"https:\/\/industriemaroc.com\/en\/product\/surchaussure-jetable-tissu-carton-20-sachets-100-pieces\/","title":{"rendered":"Surchaussure Jetable Tissu &#8211; Carton 20 sachets 100 pi\u00e8ces"},"content":{"rendered":"<p>Surchaussure jetable en tissu non tiss\u00e9<\/p>\n<p>lot de surchaussures jetables : 100 pi\u00e8ces.<\/p>\n<p>Ces surchaussures jetables vous assurent hygi\u00e8ne et protection tant pour vos chaussures que pour vos sols.<\/p>","protected":false},"excerpt":{"rendered":"<p>Surchaussure jetable en tissu non tiss\u00e9<\/p>\n<p>lot de surchaussures jetables : 100 pi\u00e8ces.<\/p>\n<p>Assurent hygi\u00e8ne et protection tant pour vos chaussures que pour vos sols.<\/p>","protected":false},"featured_media":24161,"comment_status":"open","ping_status":"closed","template":"","meta":{"om_disable_all_campaigns":false,"_monsterinsights_skip_tracking":false,"_monsterinsights_sitenote_active":false,"_monsterinsights_sitenote_note":"","_monsterinsights_sitenote_category":0,"_uf_show_specific_survey":0,"_uf_disable_surveys":false,"_joinchat":[]},"product_brand":[],"product_cat":[678,670,753,689],"product_tag":[],"class_list":{"0":"post-24159","1":"product","2":"type-product","3":"status-publish","4":"has-post-thumbnail","6":"product_cat-equipements-de-protection-individuelle-epi","7":"product_cat-securite-sante","8":"product_cat-surchaussure","9":"product_cat-jetable-unique-epi-maroc","11":"first","12":"instock","13":"taxable","14":"shipping-taxable","15":"purchasable","16":"product-type-simple"},"yoast_head":"<!-- This site is optimized with the Yoast SEO plugin v27.4 - https:\/\/yoast.com\/product\/yoast-seo-wordpress\/ -->\n<title>Surchaussure Jetable Tissu - Carton 20 sachets 100 pi\u00e8ces - Industrie Maroc Online<\/title>\n<meta name=\"description\" content=\"Surchaussure jetable en tissu non tiss\u00e9  lot de surchaussures jetables : 100 pi\u00e8ces.  Assurent hygi\u00e8ne et protection tant pour vos chaussures que pour vos sols.\" \/>\n<meta name=\"robots\" content=\"index, follow, max-snippet:-1, max-image-preview:large, max-video-preview:-1\" \/>\n<link rel=\"canonical\" href=\"https:\/\/industriemaroc.com\/en\/product\/surchaussure-jetable-tissu-carton-20-sachets-100-pieces\/\" \/>\n<meta property=\"og:locale\" content=\"en_US\" \/>\n<meta property=\"og:type\" content=\"article\" \/>\n<meta property=\"og:title\" content=\"Surchaussure Jetable Tissu - Carton 20 sachets 100 pi\u00e8ces - Industrie Maroc Online\" \/>\n<meta property=\"og:description\" content=\"Surchaussure jetable en tissu non tiss\u00e9  lot de surchaussures jetables : 100 pi\u00e8ces.  Assurent hygi\u00e8ne et protection tant pour vos chaussures que pour vos sols.\" \/>\n<meta property=\"og:url\" content=\"https:\/\/industriemaroc.com\/en\/product\/surchaussure-jetable-tissu-carton-20-sachets-100-pieces\/\" \/>\n<meta property=\"og:site_name\" content=\"Industrie Maroc Online\" \/>\n<meta property=\"og:image\" content=\"https:\/\/industriemaroc.com\/wp-content\/uploads\/2025\/12\/surchaussure-non-tissee-maroc.png\" \/>\n\t<meta property=\"og:image:width\" content=\"700\" \/>\n\t<meta property=\"og:image:height\" content=\"700\" \/>\n\t<meta property=\"og:image:type\" content=\"image\/png\" \/>\n<meta name=\"twitter:card\" content=\"summary_large_image\" \/>\n<meta name=\"twitter:label1\" content=\"Est. reading time\" \/>\n\t<meta name=\"twitter:data1\" content=\"1 minute\" \/>\n<script type=\"application\/ld+json\" class=\"yoast-schema-graph\">{\"@context\":\"https:\\\/\\\/schema.org\",\"@graph\":[{\"@type\":\"WebPage\",\"@id\":\"https:\\\/\\\/industriemaroc.com\\\/produit\\\/surchaussure-jetable-tissu-carton-20-sachets-100-pieces\\\/\",\"url\":\"https:\\\/\\\/industriemaroc.com\\\/produit\\\/surchaussure-jetable-tissu-carton-20-sachets-100-pieces\\\/\",\"name\":\"Surchaussure Jetable Tissu - Carton 20 sachets 100 pi\u00e8ces - Industrie Maroc Online\",\"isPartOf\":{\"@id\":\"https:\\\/\\\/industriemaroc.com\\\/#website\"},\"primaryImageOfPage\":{\"@id\":\"https:\\\/\\\/industriemaroc.com\\\/produit\\\/surchaussure-jetable-tissu-carton-20-sachets-100-pieces\\\/#primaryimage\"},\"image\":{\"@id\":\"https:\\\/\\\/industriemaroc.com\\\/produit\\\/surchaussure-jetable-tissu-carton-20-sachets-100-pieces\\\/#primaryimage\"},\"thumbnailUrl\":\"https:\\\/\\\/industriemaroc.com\\\/wp-content\\\/uploads\\\/2025\\\/12\\\/surchaussure-non-tissee-maroc.png\",\"datePublished\":\"2025-12-30T11:18:59+00:00\",\"description\":\"Surchaussure jetable en tissu non tiss\u00e9 lot de surchaussures jetables : 100 pi\u00e8ces. Assurent hygi\u00e8ne et protection tant pour vos chaussures que pour vos sols.\",\"breadcrumb\":{\"@id\":\"https:\\\/\\\/industriemaroc.com\\\/produit\\\/surchaussure-jetable-tissu-carton-20-sachets-100-pieces\\\/#breadcrumb\"},\"inLanguage\":\"en-US\",\"potentialAction\":[{\"@type\":\"ReadAction\",\"target\":[\"https:\\\/\\\/industriemaroc.com\\\/produit\\\/surchaussure-jetable-tissu-carton-20-sachets-100-pieces\\\/\"]}]},{\"@type\":\"ImageObject\",\"inLanguage\":\"en-US\",\"@id\":\"https:\\\/\\\/industriemaroc.com\\\/produit\\\/surchaussure-jetable-tissu-carton-20-sachets-100-pieces\\\/#primaryimage\",\"url\":\"https:\\\/\\\/industriemaroc.com\\\/wp-content\\\/uploads\\\/2025\\\/12\\\/surchaussure-non-tissee-maroc.png\",\"contentUrl\":\"https:\\\/\\\/industriemaroc.com\\\/wp-content\\\/uploads\\\/2025\\\/12\\\/surchaussure-non-tissee-maroc.png\",\"width\":700,\"height\":700},{\"@type\":\"BreadcrumbList\",\"@id\":\"https:\\\/\\\/industriemaroc.com\\\/produit\\\/surchaussure-jetable-tissu-carton-20-sachets-100-pieces\\\/#breadcrumb\",\"itemListElement\":[{\"@type\":\"ListItem\",\"position\":1,\"name\":\"Home\",\"item\":\"https:\\\/\\\/industriemaroc.com\\\/\"},{\"@type\":\"ListItem\",\"position\":2,\"name\":\"Shop\",\"item\":\"https:\\\/\\\/industriemaroc.com\\\/shop\\\/\"},{\"@type\":\"ListItem\",\"position\":3,\"name\":\"Surchaussure Jetable Tissu &#8211; Carton 20 sachets 100 pi\u00e8ces\"}]},{\"@type\":\"WebSite\",\"@id\":\"https:\\\/\\\/industriemaroc.com\\\/#website\",\"url\":\"https:\\\/\\\/industriemaroc.com\\\/\",\"name\":\"Industrie Maroc Online\",\"description\":\"Plateforme B2B de mat\u00e9riel professionnel au Maroc\",\"publisher\":{\"@id\":\"https:\\\/\\\/industriemaroc.com\\\/#organization\"},\"potentialAction\":[{\"@type\":\"SearchAction\",\"target\":{\"@type\":\"EntryPoint\",\"urlTemplate\":\"https:\\\/\\\/industriemaroc.com\\\/?s={search_term_string}\"},\"query-input\":{\"@type\":\"PropertyValueSpecification\",\"valueRequired\":true,\"valueName\":\"search_term_string\"}}],\"inLanguage\":\"en-US\"},{\"@type\":\"Organization\",\"@id\":\"https:\\\/\\\/industriemaroc.com\\\/#organization\",\"name\":\"industriemaroc.com\",\"url\":\"https:\\\/\\\/industriemaroc.com\\\/\",\"logo\":{\"@type\":\"ImageObject\",\"inLanguage\":\"en-US\",\"@id\":\"https:\\\/\\\/industriemaroc.com\\\/#\\\/schema\\\/logo\\\/image\\\/\",\"url\":\"https:\\\/\\\/industriemaroc.com\\\/wp-content\\\/uploads\\\/2024\\\/04\\\/IM.jpg\",\"contentUrl\":\"https:\\\/\\\/industriemaroc.com\\\/wp-content\\\/uploads\\\/2024\\\/04\\\/IM.jpg\",\"width\":2500,\"height\":2500,\"caption\":\"industriemaroc.com\"},\"image\":{\"@id\":\"https:\\\/\\\/industriemaroc.com\\\/#\\\/schema\\\/logo\\\/image\\\/\"}}]}<\/script>\n<!-- \/ Yoast SEO plugin. -->","yoast_head_json":{"title":"Surchaussure Jetable Tissu - Carton 20 sachets 100 pi\u00e8ces - Industrie Maroc Online","description":"Surchaussure jetable en tissu non tiss\u00e9  lot de surchaussures jetables : 100 pi\u00e8ces.  Assurent hygi\u00e8ne et protection tant pour vos chaussures que pour vos sols.","robots":{"index":"index","follow":"follow","max-snippet":"max-snippet:-1","max-image-preview":"max-image-preview:large","max-video-preview":"max-video-preview:-1"},"canonical":"https:\/\/industriemaroc.com\/en\/product\/surchaussure-jetable-tissu-carton-20-sachets-100-pieces\/","og_locale":"en_US","og_type":"article","og_title":"Surchaussure Jetable Tissu - Carton 20 sachets 100 pi\u00e8ces - Industrie Maroc Online","og_description":"Surchaussure jetable en tissu non tiss\u00e9  lot de surchaussures jetables : 100 pi\u00e8ces.  Assurent hygi\u00e8ne et protection tant pour vos chaussures que pour vos sols.","og_url":"https:\/\/industriemaroc.com\/en\/product\/surchaussure-jetable-tissu-carton-20-sachets-100-pieces\/","og_site_name":"Industrie Maroc Online","og_image":[{"width":700,"height":700,"url":"https:\/\/industriemaroc.com\/wp-content\/uploads\/2025\/12\/surchaussure-non-tissee-maroc.png","type":"image\/png"}],"twitter_card":"summary_large_image","twitter_misc":{"Est. reading time":"1 minute"},"schema":{"@context":"https:\/\/schema.org","@graph":[{"@type":"WebPage","@id":"https:\/\/industriemaroc.com\/produit\/surchaussure-jetable-tissu-carton-20-sachets-100-pieces\/","url":"https:\/\/industriemaroc.com\/produit\/surchaussure-jetable-tissu-carton-20-sachets-100-pieces\/","name":"Surchaussure Jetable Tissu - Carton 20 sachets 100 pi\u00e8ces - Industrie Maroc Online","isPartOf":{"@id":"https:\/\/industriemaroc.com\/#website"},"primaryImageOfPage":{"@id":"https:\/\/industriemaroc.com\/produit\/surchaussure-jetable-tissu-carton-20-sachets-100-pieces\/#primaryimage"},"image":{"@id":"https:\/\/industriemaroc.com\/produit\/surchaussure-jetable-tissu-carton-20-sachets-100-pieces\/#primaryimage"},"thumbnailUrl":"https:\/\/industriemaroc.com\/wp-content\/uploads\/2025\/12\/surchaussure-non-tissee-maroc.png","datePublished":"2025-12-30T11:18:59+00:00","description":"Surchaussure jetable en tissu non tiss\u00e9 lot de surchaussures jetables : 100 pi\u00e8ces. Assurent hygi\u00e8ne et protection tant pour vos chaussures que pour vos sols.","breadcrumb":{"@id":"https:\/\/industriemaroc.com\/produit\/surchaussure-jetable-tissu-carton-20-sachets-100-pieces\/#breadcrumb"},"inLanguage":"en-US","potentialAction":[{"@type":"ReadAction","target":["https:\/\/industriemaroc.com\/produit\/surchaussure-jetable-tissu-carton-20-sachets-100-pieces\/"]}]},{"@type":"ImageObject","inLanguage":"en-US","@id":"https:\/\/industriemaroc.com\/produit\/surchaussure-jetable-tissu-carton-20-sachets-100-pieces\/#primaryimage","url":"https:\/\/industriemaroc.com\/wp-content\/uploads\/2025\/12\/surchaussure-non-tissee-maroc.png","contentUrl":"https:\/\/industriemaroc.com\/wp-content\/uploads\/2025\/12\/surchaussure-non-tissee-maroc.png","width":700,"height":700},{"@type":"BreadcrumbList","@id":"https:\/\/industriemaroc.com\/produit\/surchaussure-jetable-tissu-carton-20-sachets-100-pieces\/#breadcrumb","itemListElement":[{"@type":"ListItem","position":1,"name":"Home","item":"https:\/\/industriemaroc.com\/"},{"@type":"ListItem","position":2,"name":"Shop","item":"https:\/\/industriemaroc.com\/shop\/"},{"@type":"ListItem","position":3,"name":"Surchaussure Jetable Tissu &#8211; Carton 20 sachets 100 pi\u00e8ces"}]},{"@type":"WebSite","@id":"https:\/\/industriemaroc.com\/#website","url":"https:\/\/industriemaroc.com\/","name":"Industrie Maroc Online","description":"Plateforme B2B de mat\u00e9riel professionnel au Maroc","publisher":{"@id":"https:\/\/industriemaroc.com\/#organization"},"potentialAction":[{"@type":"SearchAction","target":{"@type":"EntryPoint","urlTemplate":"https:\/\/industriemaroc.com\/?s={search_term_string}"},"query-input":{"@type":"PropertyValueSpecification","valueRequired":true,"valueName":"search_term_string"}}],"inLanguage":"en-US"},{"@type":"Organization","@id":"https:\/\/industriemaroc.com\/#organization","name":"industriemaroc.com","url":"https:\/\/industriemaroc.com\/","logo":{"@type":"ImageObject","inLanguage":"en-US","@id":"https:\/\/industriemaroc.com\/#\/schema\/logo\/image\/","url":"https:\/\/industriemaroc.com\/wp-content\/uploads\/2024\/04\/IM.jpg","contentUrl":"https:\/\/industriemaroc.com\/wp-content\/uploads\/2024\/04\/IM.jpg","width":2500,"height":2500,"caption":"industriemaroc.com"},"image":{"@id":"https:\/\/industriemaroc.com\/#\/schema\/logo\/image\/"}}]}},"_links":{"self":[{"href":"https:\/\/industriemaroc.com\/en\/wp-json\/wp\/v2\/product\/24159","targetHints":{"allow":["GET"]}}],"collection":[{"href":"https:\/\/industriemaroc.com\/en\/wp-json\/wp\/v2\/product"}],"about":[{"href":"https:\/\/industriemaroc.com\/en\/wp-json\/wp\/v2\/types\/product"}],"replies":[{"embeddable":true,"href":"https:\/\/industriemaroc.com\/en\/wp-json\/wp\/v2\/comments?post=24159"}],"version-history":[{"count":1,"href":"https:\/\/industriemaroc.com\/en\/wp-json\/wp\/v2\/product\/24159\/revisions"}],"predecessor-version":[{"id":24163,"href":"https:\/\/industriemaroc.com\/en\/wp-json\/wp\/v2\/product\/24159\/revisions\/24163"}],"wp:featuredmedia":[{"embeddable":true,"href":"https:\/\/industriemaroc.com\/en\/wp-json\/wp\/v2\/media\/24161"}],"wp:attachment":[{"href":"https:\/\/industriemaroc.com\/en\/wp-json\/wp\/v2\/media?parent=24159"}],"wp:term":[{"taxonomy":"product_brand","embeddable":true,"href":"https:\/\/industriemaroc.com\/en\/wp-json\/wp\/v2\/product_brand?post=24159"},{"taxonomy":"product_cat","embeddable":true,"href":"https:\/\/industriemaroc.com\/en\/wp-json\/wp\/v2\/product_cat?post=24159"},{"taxonomy":"product_tag","embeddable":true,"href":"https:\/\/industriemaroc.com\/en\/wp-json\/wp\/v2\/product_tag?post=24159"}],"curies":[{"name":"wp","href":"https:\/\/api.w.org\/{rel}","templated":true}]}}